{"id":3007,"date":"2024-10-11T00:48:46","date_gmt":"2024-10-10T22:48:46","guid":{"rendered":"https:\/\/pressurezone.shop\/?post_type=product&#038;p=3007"},"modified":"2024-11-03T20:41:51","modified_gmt":"2024-11-03T19:41:51","slug":"high-society-cannabis-strain","status":"publish","type":"product","link":"https:\/\/pressurezone.shop\/sv\/produkt\/high-society-cannabisstam\/","title":{"rendered":"High Society Cannabis-sort"},"content":{"rendered":"<div class=\"flex-shrink-0 flex flex-col relative items-end\">\n<div>\n<div class=\"pt-0\">\n<div class=\"gizmo-bot-avatar flex h-8 w-8 items-center justify-center overflow-hidden rounded-full\">\n<div class=\"relative p-1 rounded-sm flex items-center justify-center bg-token-main-surface-primary text-token-text-primary h-8 w-8\"><\/div>\n<\/div>\n<\/div>\n<\/div>\n<\/div>\n<div class=\"group\/conversation-turn relative flex w-full min-w-0 flex-col agent-turn\">\n<div class=\"flex-col gap-1 md:gap-3\">\n<div class=\"flex max-w-full flex-col flex-grow\">\n<div class=\"min-h-8 text-message flex w-full flex-col items-end gap-2 whitespace-normal break-words [.text-message+&amp;]:mt-5\" dir=\"auto\" data-message-author-role=\"assistant\" data-message-id=\"aeff9e5a-2d38-4173-9964-8c4f5e6fa883\" data-message-model-slug=\"gpt-4o\">\n<div class=\"flex w-full flex-col gap-1 empty:hidden first:pt-[3px]\">\n<div class=\"markdown prose w-full break-words dark:prose-invert light\">\n<h3><strong>K\u00f6p High Society Cannabis Strain online p\u00e5 <a href=\"https:\/\/pressurezone.shop\/sv\/\" target=\"_new\" rel=\"noopener\">Tryckzonsbutik<\/a><\/strong><\/h3>\n<p>Uppt\u00e4ck de <strong>High Society Cannabis-sort<\/strong>en perfekt balanserad hybrid (50% indica \/ 50% sativa) som kommer att vinna \u00f6ver cannabis\u00e4lskare med sin fylliga h\u00f6ga och oemotst\u00e5ndliga smak. <strong>High Society<\/strong> \u00e4r k\u00e4nd f\u00f6r sin euforiska effekt och s\u00f6ta hasseln\u00f6tsarom, perfekt f\u00f6r dem som s\u00f6ker en gl\u00e4djefylld och avslappnande upplevelse.<\/p>\n<h3>Varf\u00f6r v\u00e4lja High Society Cannabis Strain?<\/h3>\n<p><strong>High Society<\/strong> k\u00e4nnetecknas av en uppiggande cerebral rus f\u00f6ljt av en mild avslappning av kroppen. N\u00e5gra minuter efter ditt sista bloss fyller denna sort ditt sinne med eufori, f\u00f6rvisar d\u00e5liga tankar och fr\u00e4mjar en glad st\u00e4mning. Utan att framkalla sedering g\u00f6r det att du kan slappna av helt medan du f\u00f6rblir vaken och mottaglig.<a href=\"https:\/\/fuelpackz.com\/\" target=\"_blank\" rel=\"noopener\">.<\/a><\/p>\n<ul>\n<li><strong>Typ<\/strong> Hybrid (50% Indica \/ 50% Sativa)<\/li>\n<li><strong>THC<\/strong> 21-25% f\u00f6r en intensiv och njutbar upplevelse<\/li>\n<\/ul>\n<h3>Effekter och f\u00f6rdelar med High Society Weed Strain<\/h3>\n<p>La <strong>High Society Weed Strain<\/strong> \u00e4r idealisk f\u00f6r dem som s\u00f6ker en balans mellan mental eufori och fysisk avkoppling. Dess stimulerande effekter, som \u00e5tf\u00f6ljs av skratt och en k\u00e4nsla av v\u00e4lbefinnande, g\u00f6r den till den perfekta sorten f\u00f6r att koppla av med v\u00e4nner eller lindra v\u00e4rk och sm\u00e4rta i sinnet.<\/p>\n<ul>\n<li><strong>Effekter<\/strong> Eufori, skratt, avslappning, st\u00e4mningsh\u00f6jning<\/li>\n<li><strong>Rekommenderas f\u00f6r<\/strong> : Kronisk sm\u00e4rta, s\u00f6mnl\u00f6shet, depression, stress och \u00e5ngest<\/li>\n<\/ul>\n<h3>Tillst\u00e5nd som lindras av High Society Cannabis Strain<\/h3>\n<p>Med sina kraftfulla, balanserade effekter \u00e4r <strong>High Society Cannabis-sort<\/strong> v\u00e4ljs ofta f\u00f6r att lindra en m\u00e4ngd olika \u00e5kommor, inklusive :<\/p>\n<ul>\n<li><strong>Kronisk sm\u00e4rta<\/strong> Lindrar ih\u00e5llande sm\u00e4rta utan att ha en lugnande effekt.<\/li>\n<li><strong>S\u00f6mnl\u00f6shet och stress<\/strong> : Hj\u00e4lper dig att slappna av och varva ner i slutet av dagen.<\/li>\n<li><strong>Depression och \u00e5ngest<\/strong> F\u00f6rb\u00e4ttrar hum\u00f6ret och hj\u00e4lper till att minska negativa tankar.<\/li>\n<\/ul>\n<h3>Smaker och aromer fr\u00e5n High Society Cannabis Strain<\/h3>\n<p>Smakprofilen f\u00f6r <strong>High Society<\/strong> \u00e4r lika anm\u00e4rkningsv\u00e4rd som dess effekter. Den kombinerar smaker av s\u00f6t hasseln\u00f6t och kaffe med en touch av skunk. Aromen av denna stam \u00e4r lika intensiv och blandar toner av kaffe och jordiga kryddor f\u00f6r en rik och distinkt doftupplevelse.<\/p>\n<ul>\n<li><strong>Smaker<\/strong> Hasseln\u00f6t, Kaffe, S\u00f6t, Lite skunkig<\/li>\n<li><strong>Dofter<\/strong> Hasseln\u00f6t, kaffe, jordn\u00e4ra, skunk, kryddig<\/li>\n<\/ul>\n<h3>Utseende av High Society Weed Strain<\/h3>\n<p>Knopparna p\u00e5 <strong>High Society<\/strong> \u00e4r stora och diamantformade, med smaragd- och guldf\u00e4rgade nyanser. De fina orange pistillerna och de kristallina b\u00e4rnstensf\u00e4rgade trikomerna ger ett visuellt tilltal som \u00e5terspeglar den h\u00e4r sortens premiumkvalitet. Dess bl\u00e4ndande utseende lockar finsmakare som uppskattar en vacker blomma som \u00e4r lika kraftfull som den \u00e4r estetiskt tilltalande.<\/p>\n<h3>Best\u00e4ll High Society Cannabis Strain online fr\u00e5n Pressure Zone Shop<\/h3>\n<p>Redo att uppt\u00e4cka den balanserade och uppiggande effekten av <strong>High Society Cannabis-sort<\/strong> ? Best\u00e4ll idag fr\u00e5n <a href=\"https:\/\/pressurezone.shop\/sv\/\" target=\"_new\" rel=\"noopener\">Tryckzonsbutik<\/a> och njut av en exceptionell hybridsort som fr\u00e4mjar b\u00e5de skratt och avkoppling. Oavsett om du vill lindra stress eller f\u00f6rb\u00e4ttra ditt hum\u00f6r, <strong>High Society<\/strong> \u00e4r det perfekta valet f\u00f6r en \u00f6verl\u00e4gsen cannabisupplevelse.<\/p>\n<\/div>\n<\/div>\n<\/div>\n<\/div>\n<\/div>\n<\/div>","protected":false},"excerpt":{"rendered":"<p><strong>Smak:<\/strong>\u00a0Kaffe | \u00d6rt | N\u00f6taktig | Skunkig | Kryddig<br \/>\n<strong>Medicinsk anv\u00e4ndning:<\/strong>\u00a0\u00c5ngest | Kronisk sm\u00e4rta | Depression | S\u00f6mnl\u00f6shet | Stress<br \/>\n<strong>THC-inneh\u00e5ll:<\/strong>\u00a025% H\u00f6gsta<\/p>","protected":false},"featured_media":3057,"comment_status":"closed","ping_status":"closed","template":"","meta":{"_uag_custom_page_level_css":"","site-sidebar-layout":"default","site-content-layout":"","ast-site-content-layout":"default","site-content-style":"default","site-sidebar-style":"default","ast-global-header-display":"","ast-banner-title-visibility":"","ast-main-header-display":"","ast-hfb-above-header-display":"","ast-hfb-below-header-display":"","ast-hfb-mobile-header-display":"","site-post-title":"","ast-breadcrumbs-content":"","ast-featured-img":"","footer-sml-layout":"","theme-transparent-header-meta":"default","adv-header-id-meta":"","stick-header-meta":"","header-above-stick-meta":"","header-main-stick-meta":"","header-below-stick-meta":"","astra-migrate-meta-layouts":"set","ast-page-background-enabled":"default","ast-page-background-meta":{"desktop":{"background-color":"","background-image":"","background-repeat":"repeat","background-position":"center center","background-size":"auto","background-attachment":"scroll","background-type":"","background-media":"","overlay-type":"","overlay-color":"","overlay-opacity":"","overlay-gradient":""},"tablet":{"background-color":"","background-image":"","background-repeat":"repeat","background-position":"center center","background-size":"auto","background-attachment":"scroll","background-type":"","background-media":"","overlay-type":"","overlay-color":"","overlay-opacity":"","overlay-gradient":""},"mobile":{"background-color":"","background-image":"","background-repeat":"repeat","background-position":"center center","background-size":"auto","background-attachment":"scroll","background-type":"","background-media":"","overlay-type":"","overlay-color":"","overlay-opacity":"","overlay-gradient":""}},"ast-content-background-meta":{"desktop":{"background-color":"var(--ast-global-color-5)","background-image":"","background-repeat":"repeat","background-position":"center center","background-size":"auto","background-attachment":"scroll","background-type":"","background-media":"","overlay-type":"","overlay-color":"","overlay-opacity":"","overlay-gradient":""},"tablet":{"background-color":"var(--ast-global-color-5)","background-image":"","background-repeat":"repeat","background-position":"center center","background-size":"auto","background-attachment":"scroll","background-type":"","background-media":"","overlay-type":"","overlay-color":"","overlay-opacity":"","overlay-gradient":""},"mobile":{"background-color":"var(--ast-global-color-5)","background-image":"","background-repeat":"repeat","background-position":"center center","background-size":"auto","background-attachment":"scroll","background-type":"","background-media":"","overlay-type":"","overlay-color":"","overlay-opacity":"","overlay-gradient":""}}},"product_brand":[],"product_cat":[28,277],"product_tag":[287],"class_list":{"0":"post-3007","1":"product","2":"type-product","3":"status-publish","4":"has-post-thumbnail","6":"product_cat-varietes-de-cannabis","7":"product_cat-varietes-de-cannabis-hybrides","8":"product_tag-high-society-cannabis-strain-for-sale","9":"desktop-align-left","10":"tablet-align-left","11":"mobile-align-left","13":"first","14":"instock","15":"shipping-taxable","16":"purchasable","17":"product-type-variable"},"uagb_featured_image_src":{"full":["https:\/\/pressurezone.shop\/wp-content\/uploads\/2024\/10\/High-Society-Cannabis-Strain.jpg",933,960,false],"thumbnail":["https:\/\/pressurezone.shop\/wp-content\/uploads\/2024\/10\/High-Society-Cannabis-Strain-150x150.jpg",150,150,true],"medium":["https:\/\/pressurezone.shop\/wp-content\/uploads\/2024\/10\/High-Society-Cannabis-Strain-292x300.jpg",292,300,true],"medium_large":["https:\/\/pressurezone.shop\/wp-content\/uploads\/2024\/10\/High-Society-Cannabis-Strain-768x790.jpg",768,790,true],"large":["https:\/\/pressurezone.shop\/wp-content\/uploads\/2024\/10\/High-Society-Cannabis-Strain.jpg",933,960,false],"1536x1536":["https:\/\/pressurezone.shop\/wp-content\/uploads\/2024\/10\/High-Society-Cannabis-Strain.jpg",933,960,false],"2048x2048":["https:\/\/pressurezone.shop\/wp-content\/uploads\/2024\/10\/High-Society-Cannabis-Strain.jpg",933,960,false],"trp-custom-language-flag":["https:\/\/pressurezone.shop\/wp-content\/uploads\/2024\/10\/High-Society-Cannabis-Strain-12x12.jpg",12,12,true],"woocommerce_thumbnail":["https:\/\/pressurezone.shop\/wp-content\/uploads\/2024\/10\/High-Society-Cannabis-Strain-300x300.jpg",300,300,true],"woocommerce_single":["https:\/\/pressurezone.shop\/wp-content\/uploads\/2024\/10\/High-Society-Cannabis-Strain-600x617.jpg",600,617,true],"woocommerce_gallery_thumbnail":["https:\/\/pressurezone.shop\/wp-content\/uploads\/2024\/10\/High-Society-Cannabis-Strain-100x100.jpg",100,100,true]},"uagb_author_info":{"display_name":"pressurezone.shop","author_link":"https:\/\/pressurezone.shop\/sv\/author\/"},"uagb_comment_info":0,"uagb_excerpt":"Flavour:\u00a0Coffee | Herbal | Nutty | Skunky | Spicy Medical Usage:\u00a0Anxiety | Chronic Pain | Depression | Insomnia | Stress THC Content:\u00a025% Highest","_links":{"self":[{"href":"https:\/\/pressurezone.shop\/sv\/wp-json\/wp\/v2\/product\/3007"}],"collection":[{"href":"https:\/\/pressurezone.shop\/sv\/wp-json\/wp\/v2\/product"}],"about":[{"href":"https:\/\/pressurezone.shop\/sv\/wp-json\/wp\/v2\/types\/product"}],"replies":[{"embeddable":true,"href":"https:\/\/pressurezone.shop\/sv\/wp-json\/wp\/v2\/comments?post=3007"}],"version-history":[{"count":3,"href":"https:\/\/pressurezone.shop\/sv\/wp-json\/wp\/v2\/product\/3007\/revisions"}],"predecessor-version":[{"id":3879,"href":"https:\/\/pressurezone.shop\/sv\/wp-json\/wp\/v2\/product\/3007\/revisions\/3879"}],"wp:featuredmedia":[{"embeddable":true,"href":"https:\/\/pressurezone.shop\/sv\/wp-json\/wp\/v2\/media\/3057"}],"wp:attachment":[{"href":"https:\/\/pressurezone.shop\/sv\/wp-json\/wp\/v2\/media?parent=3007"}],"wp:term":[{"taxonomy":"product_brand","embeddable":true,"href":"https:\/\/pressurezone.shop\/sv\/wp-json\/wp\/v2\/product_brand?post=3007"},{"taxonomy":"product_cat","embeddable":true,"href":"https:\/\/pressurezone.shop\/sv\/wp-json\/wp\/v2\/product_cat?post=3007"},{"taxonomy":"product_tag","embeddable":true,"href":"https:\/\/pressurezone.shop\/sv\/wp-json\/wp\/v2\/product_tag?post=3007"}],"curies":[{"name":"wp","href":"https:\/\/api.w.org\/{rel}","templated":true}]}}