{"id":3008,"date":"2024-10-11T00:48:46","date_gmt":"2024-10-10T22:48:46","guid":{"rendered":"https:\/\/pressurezone.shop\/?post_type=product&#038;p=3008"},"modified":"2024-11-03T01:06:38","modified_gmt":"2024-11-03T00:06:38","slug":"grape-gasoline-weed-strain","status":"publish","type":"product","link":"https:\/\/pressurezone.shop\/sv\/produkt\/druva-bensin-ogras-stam\/","title":{"rendered":"Druva Bensin Ogr\u00e4s Stam"},"content":{"rendered":"<h3><strong>K\u00f6p Grape Gasoline Weed Strain online p\u00e5 <a href=\"https:\/\/pressurezone.shop\/sv\/\" target=\"_new\" rel=\"noopener\">Tryckzonsbutik<\/a><\/strong><\/h3>\n<p>La <strong>Druva Bensin Ogr\u00e4s Stam<\/strong> \u00e4r en balanserad hybridsort (50% indica \/ 50% sativa) erh\u00e5llen genom att korsa de ber\u00f6mda stammarna <strong>Jet Fuel Gelato<\/strong> och <strong>Druvpaj<\/strong>. Den bjuder p\u00e5 en rik och sp\u00e4nnande blandning av smaker, helt i enlighet med sitt namn, och blandar s\u00f6ta toner av druvor och r\u00f6d frukt med inslag av diesel och bensin.<\/p>\n<h3>Varf\u00f6r v\u00e4lja Grape Gasoline Weed Strain?<\/h3>\n<p><strong>Bensin f\u00f6r druvor<\/strong> \u00e4r k\u00e4nd f\u00f6r sin euforiska och lugnande effekt. Dess cerebrala h\u00f6ga tar dig in i ett tillst\u00e5nd av rent mentalt v\u00e4lbefinnande, medan fysisk lugnande tar \u00f6ver och l\u00e4mnar dig avslappnad och sp\u00e4nningsfri. Denna sort \u00e4r perfekt f\u00f6r att koppla bort samtidigt som den f\u00f6rblir funktionell, perfekt f\u00f6r kv\u00e4llsbruk.<a href=\"https:\/\/fuelpackz.com\/\" target=\"_blank\" rel=\"noopener\">.<\/a><\/p>\n<ul>\n<li><strong>Typ<\/strong> Hybrid (50% Indica \/ 50% Sativa)<\/li>\n<li><strong>THC<\/strong> : 21-28%<\/li>\n<\/ul>\n<h3>Effekter och f\u00f6rdelar med Grape Gasoline Weed Strain<\/h3>\n<p>Med h\u00f6g THC-inneh\u00e5ll <strong>Bensin f\u00f6r druvor<\/strong> \u00e4r kraftfull och idealisk f\u00f6r ett brett spektrum av symtom. Dess balanserade euforiska och avslappnande effekt hj\u00e4lper till att behandla fysisk sm\u00e4rta samtidigt som den ger ett best\u00e5ende psykiskt v\u00e4lbefinnande.<\/p>\n<ul>\n<li><strong>Effekter<\/strong> Eufori, avslappning i kroppen, mental l\u00e4ttnad<\/li>\n<li><strong>Perfekt f\u00f6r<\/strong> Kronisk tr\u00f6tthet, Depression, Aptitl\u00f6shet, Illam\u00e5ende, Hum\u00f6rsv\u00e4ngningar<\/li>\n<\/ul>\n<p>Tillst\u00e5nd som kan lindras med <strong>Bensin f\u00f6r druvor<\/strong> :<\/p>\n<ul>\n<li><strong>Depression<\/strong> Fr\u00e4mjar ett klart och lugnt sinne.<\/li>\n<li><strong>Kronisk tr\u00f6tthet<\/strong> Ger \u00f6kad energi samtidigt som den ger balanserad avkoppling.<\/li>\n<li><strong>Aptitl\u00f6shet och illam\u00e5ende<\/strong> Stimulerar aptiten och lindrar obehagsk\u00e4nslor.<\/li>\n<\/ul>\n<h3>Smaker och aromer av Grape Gasoline Weed Strain<\/h3>\n<p>Cannabis\u00e4lskare kommer att f\u00f6rf\u00f6ras av den komplexa aromatiska profilen hos <strong>Druva Bensin Ogr\u00e4s Stam<\/strong>. Den andas ut en intensiv doft av druvor och r\u00f6d frukt, som mjukas upp av inslag av diesel och bensin. Denna unika kombination ger en sensorisk upplevelse som dr\u00f6jer sig kvar i gommen l\u00e5ngt efter inandningen.<\/p>\n<ul>\n<li><strong>Smaker<\/strong> : Druva, r\u00f6da frukter, diesel<\/li>\n<li><strong>Dofter<\/strong> Fruktig, Essens, \u00d6rtartad<\/li>\n<\/ul>\n<h3>Utseende av druvbensin ogr\u00e4sstam<\/h3>\n<p>Blommorna i <strong>Bensin f\u00f6r druvor<\/strong> \u00e4r t\u00e4ta och t\u00e4ckta av gl\u00e4nsande trikomer i nyanser av lila och m\u00f6rkgr\u00f6nt, varvade med ljusorange pistiller. Dess livfulla utseende och diesel-fruktiga doft g\u00f6r den till en favorit bland finsmakare.<\/p>\n<h3>Best\u00e4ll Grape Gasoline Weed Strain online fr\u00e5n Pressure Zone Shop<\/h3>\n<p>\u00c4r du ute efter att uppleva den balanserade kraften i <strong>Druva Bensin Ogr\u00e4s Stam<\/strong> ? Best\u00e4ll idag fr\u00e5n <a href=\"https:\/\/pressurezone.shop\/sv\/\" target=\"_new\" rel=\"noopener\">Tryckzonsbutik<\/a> och f\u00e5 denna hybridsort levererad direkt till din d\u00f6rr. Oavsett om du vill lindra kronisk sm\u00e4rta, stimulera din aptit eller koppla av i slutet av dagen, <strong>Druva Bensin Ogr\u00e4s Stam<\/strong> \u00e4r det perfekta valet f\u00f6r sofistikerad avkoppling.<\/p>","protected":false},"excerpt":{"rendered":"<p><strong>Smak:<\/strong>\u00a0B\u00e4r | K\u00f6rsb\u00e4r | Fruktig | Druva | S\u00f6t<br \/>\n<strong>Medicinsk anv\u00e4ndning:<\/strong>\u00a0Depression | Utmattning | Illam\u00e5ende | Stress<br \/>\n<strong>THC-inneh\u00e5ll:<\/strong>\u00a023% - 27% H\u00f6gsta<\/p>","protected":false},"featured_media":3059,"comment_status":"closed","ping_status":"closed","template":"","meta":{"_uag_custom_page_level_css":"","site-sidebar-layout":"default","site-content-layout":"","ast-site-content-layout":"default","site-content-style":"default","site-sidebar-style":"default","ast-global-header-display":"","ast-banner-title-visibility":"","ast-main-header-display":"","ast-hfb-above-header-display":"","ast-hfb-below-header-display":"","ast-hfb-mobile-header-display":"","site-post-title":"","ast-breadcrumbs-content":"","ast-featured-img":"","footer-sml-layout":"","theme-transparent-header-meta":"default","adv-header-id-meta":"","stick-header-meta":"","header-above-stick-meta":"","header-main-stick-meta":"","header-below-stick-meta":"","astra-migrate-meta-layouts":"set","ast-page-background-enabled":"default","ast-page-background-meta":{"desktop":{"background-color":"","background-image":"","background-repeat":"repeat","background-position":"center center","background-size":"auto","background-attachment":"scroll","background-type":"","background-media":"","overlay-type":"","overlay-color":"","overlay-opacity":"","overlay-gradient":""},"tablet":{"background-color":"","background-image":"","background-repeat":"repeat","background-position":"center center","background-size":"auto","background-attachment":"scroll","background-type":"","background-media":"","overlay-type":"","overlay-color":"","overlay-opacity":"","overlay-gradient":""},"mobile":{"background-color":"","background-image":"","background-repeat":"repeat","background-position":"center center","background-size":"auto","background-attachment":"scroll","background-type":"","background-media":"","overlay-type":"","overlay-color":"","overlay-opacity":"","overlay-gradient":""}},"ast-content-background-meta":{"desktop":{"background-color":"var(--ast-global-color-5)","background-image":"","background-repeat":"repeat","background-position":"center center","background-size":"auto","background-attachment":"scroll","background-type":"","background-media":"","overlay-type":"","overlay-color":"","overlay-opacity":"","overlay-gradient":""},"tablet":{"background-color":"var(--ast-global-color-5)","background-image":"","background-repeat":"repeat","background-position":"center center","background-size":"auto","background-attachment":"scroll","background-type":"","background-media":"","overlay-type":"","overlay-color":"","overlay-opacity":"","overlay-gradient":""},"mobile":{"background-color":"var(--ast-global-color-5)","background-image":"","background-repeat":"repeat","background-position":"center center","background-size":"auto","background-attachment":"scroll","background-type":"","background-media":"","overlay-type":"","overlay-color":"","overlay-opacity":"","overlay-gradient":""}}},"product_brand":[],"product_cat":[28,277],"product_tag":[497,288],"class_list":{"0":"post-3008","1":"product","2":"type-product","3":"status-publish","4":"has-post-thumbnail","6":"product_cat-varietes-de-cannabis","7":"product_cat-varietes-de-cannabis-hybrides","8":"product_tag-grape-gasoline-weed-strain","9":"product_tag-order-grape-gasoline-weed-strain-eu","10":"desktop-align-left","11":"tablet-align-left","12":"mobile-align-left","14":"first","15":"instock","16":"shipping-taxable","17":"purchasable","18":"product-type-variable"},"uagb_featured_image_src":{"full":["https:\/\/pressurezone.shop\/wp-content\/uploads\/2024\/10\/Grape-Gasoline-Weed-Strain.jpg",958,958,false],"thumbnail":["https:\/\/pressurezone.shop\/wp-content\/uploads\/2024\/10\/Grape-Gasoline-Weed-Strain-150x150.jpg",150,150,true],"medium":["https:\/\/pressurezone.shop\/wp-content\/uploads\/2024\/10\/Grape-Gasoline-Weed-Strain-300x300.jpg",300,300,true],"medium_large":["https:\/\/pressurezone.shop\/wp-content\/uploads\/2024\/10\/Grape-Gasoline-Weed-Strain-768x768.jpg",768,768,true],"large":["https:\/\/pressurezone.shop\/wp-content\/uploads\/2024\/10\/Grape-Gasoline-Weed-Strain.jpg",958,958,false],"1536x1536":["https:\/\/pressurezone.shop\/wp-content\/uploads\/2024\/10\/Grape-Gasoline-Weed-Strain.jpg",958,958,false],"2048x2048":["https:\/\/pressurezone.shop\/wp-content\/uploads\/2024\/10\/Grape-Gasoline-Weed-Strain.jpg",958,958,false],"trp-custom-language-flag":["https:\/\/pressurezone.shop\/wp-content\/uploads\/2024\/10\/Grape-Gasoline-Weed-Strain-12x12.jpg",12,12,true],"woocommerce_thumbnail":["https:\/\/pressurezone.shop\/wp-content\/uploads\/2024\/10\/Grape-Gasoline-Weed-Strain-300x300.jpg",300,300,true],"woocommerce_single":["https:\/\/pressurezone.shop\/wp-content\/uploads\/2024\/10\/Grape-Gasoline-Weed-Strain-600x600.jpg",600,600,true],"woocommerce_gallery_thumbnail":["https:\/\/pressurezone.shop\/wp-content\/uploads\/2024\/10\/Grape-Gasoline-Weed-Strain-100x100.jpg",100,100,true]},"uagb_author_info":{"display_name":"pressurezone.shop","author_link":"https:\/\/pressurezone.shop\/sv\/author\/"},"uagb_comment_info":0,"uagb_excerpt":"Flavour:\u00a0Berry | Cherry | Fruity | Grape | Sweet Medical Usage:\u00a0Depression | Fatigue | Nausea | Stress THC Content:\u00a023% \u2013 27% Highest","_links":{"self":[{"href":"https:\/\/pressurezone.shop\/sv\/wp-json\/wp\/v2\/product\/3008"}],"collection":[{"href":"https:\/\/pressurezone.shop\/sv\/wp-json\/wp\/v2\/product"}],"about":[{"href":"https:\/\/pressurezone.shop\/sv\/wp-json\/wp\/v2\/types\/product"}],"replies":[{"embeddable":true,"href":"https:\/\/pressurezone.shop\/sv\/wp-json\/wp\/v2\/comments?post=3008"}],"version-history":[{"count":3,"href":"https:\/\/pressurezone.shop\/sv\/wp-json\/wp\/v2\/product\/3008\/revisions"}],"predecessor-version":[{"id":3831,"href":"https:\/\/pressurezone.shop\/sv\/wp-json\/wp\/v2\/product\/3008\/revisions\/3831"}],"wp:featuredmedia":[{"embeddable":true,"href":"https:\/\/pressurezone.shop\/sv\/wp-json\/wp\/v2\/media\/3059"}],"wp:attachment":[{"href":"https:\/\/pressurezone.shop\/sv\/wp-json\/wp\/v2\/media?parent=3008"}],"wp:term":[{"taxonomy":"product_brand","embeddable":true,"href":"https:\/\/pressurezone.shop\/sv\/wp-json\/wp\/v2\/product_brand?post=3008"},{"taxonomy":"product_cat","embeddable":true,"href":"https:\/\/pressurezone.shop\/sv\/wp-json\/wp\/v2\/product_cat?post=3008"},{"taxonomy":"product_tag","embeddable":true,"href":"https:\/\/pressurezone.shop\/sv\/wp-json\/wp\/v2\/product_tag?post=3008"}],"curies":[{"name":"wp","href":"https:\/\/api.w.org\/{rel}","templated":true}]}}