{"id":3009,"date":"2024-10-11T00:48:46","date_gmt":"2024-10-10T22:48:46","guid":{"rendered":"https:\/\/pressurezone.shop\/?post_type=product&#038;p=3009"},"modified":"2024-11-03T22:33:39","modified_gmt":"2024-11-03T21:33:39","slug":"treasure-island-cbd-strain-flower","status":"publish","type":"product","link":"https:\/\/pressurezone.shop\/sv\/produkt\/treasure-island-cbd-stam-blomma\/","title":{"rendered":"Treasure Island CBD Stam Blomma - Sativa"},"content":{"rendered":"<div class=\"flex-shrink-0 flex flex-col relative items-end\">\n<div>\n<div class=\"pt-0\">\n<div class=\"gizmo-bot-avatar flex h-8 w-8 items-center justify-center overflow-hidden rounded-full\">\n<div class=\"relative p-1 rounded-sm flex items-center justify-center bg-token-main-surface-primary text-token-text-primary h-8 w-8\"><\/div>\n<\/div>\n<\/div>\n<\/div>\n<\/div>\n<div class=\"group\/conversation-turn relative flex w-full min-w-0 flex-col agent-turn\">\n<div class=\"flex-col gap-1 md:gap-3\">\n<div class=\"flex max-w-full flex-col flex-grow\">\n<div class=\"min-h-8 text-message flex w-full flex-col items-end gap-2 whitespace-normal break-words [.text-message+&amp;]:mt-5\" dir=\"auto\" data-message-author-role=\"assistant\" data-message-id=\"29ed5f87-a4aa-4136-8f96-f0037cef943a\" data-message-model-slug=\"gpt-4o\">\n<div class=\"flex w-full flex-col gap-1 empty:hidden first:pt-[3px]\">\n<div class=\"markdown prose w-full break-words dark:prose-invert light\">\n<h3><strong>K\u00f6p Treasure Island CBD-stamblomma - Sativa online i Europa p\u00e5 <a href=\"https:\/\/pressurezone.shop\/sv\/\" target=\"_new\" rel=\"noopener\">Tryckzonsbutik<\/a><\/strong><\/h3>\n<p>Uppt\u00e4ck de <strong>Treasure Island CBD Stam Blomma - Sativa<\/strong>en sativadominerande hybrid som \u00e4r resultatet av en korsning mellan den kraftfulla <strong>Schweiziskt guld<\/strong> och <strong>Cannatonic<\/strong>. Med ett CBD-f\u00f6rh\u00e5llande<\/p>\n<div><\/div>\n<p>15:1 \u00e4r denna sort perfekt f\u00f6r dem som s\u00f6ker mild sm\u00e4rtlindring utan de berusande effekterna av THC, vilket ger en lugnande och vitaliserande upplevelse.<\/p>\n<h3>Varf\u00f6r v\u00e4lja Treasure Island CBD Strain Flower - Sativa?<\/h3>\n<p><strong>Treasure Island CBD Stam Blomma - Sativa<\/strong> \u00e4r utformad f\u00f6r att erbjuda subtil avslappning med en v\u00e5g av v\u00e4lbefinnande och mental klarhet, perfekt f\u00f6r att lindra sm\u00e4rta utan \u00e5ngest eller paranoia. Med ett CBD-inneh\u00e5ll p\u00e5 14-16% och endast 0-2% THC, <strong>Skattkammar\u00f6n<\/strong> \u00e4r idealisk f\u00f6r konsumenter som s\u00f6ker milda men effektiva terapeutiska effekter.<\/p>\n<ul>\n<li><strong>Typ<\/strong> Sativa-dominerande hybrid<\/li>\n<li><strong>CBD<\/strong> : 14-16%, perfekt f\u00f6r skonsam, l\u00e5ngvarig lindring<\/li>\n<\/ul>\n<h3>Effekter och f\u00f6rdelar med Treasure Island CBD Weed Strain<\/h3>\n<p>La <strong>Treasure Island CBD Weed Strain<\/strong> ger en l\u00e4tt, balanserad effekt, perfekt f\u00f6r att f\u00f6rb\u00e4ttra hum\u00f6ret samtidigt som kroppen slappnar av. Det framkallar en k\u00e4nsla av lugn och v\u00e4lbefinnande, perfekt f\u00f6r att minska sp\u00e4nningar utan sedering. Ett idealiskt val f\u00f6r de tillf\u00e4llen d\u00e5 du beh\u00f6ver koncentration och klarhet.<\/p>\n<ul>\n<li><strong>Effekter<\/strong> Koncentration, Lycka, Lugn, Avslappning, Hum\u00f6rh\u00f6jning<\/li>\n<li><strong>Perfekt f\u00f6r<\/strong> Artrit, Kronisk sm\u00e4rta, Depression, Huvudv\u00e4rk, Inflammation, Stress<\/li>\n<\/ul>\n<h3>Tillst\u00e5nd som lindras av Treasure Island Cannabis Strain<\/h3>\n<p>Tack vare sin h\u00f6ga niv\u00e5 av CBD och dess milda effekter, <strong>Skattkammar\u00f6n<\/strong> anv\u00e4nds ofta f\u00f6r att hantera ett antal olika tillst\u00e5nd:<\/p>\n<ul>\n<li><strong>Kronisk sm\u00e4rta och artrit<\/strong> Ger l\u00e5ngvarig lindring av fysisk sm\u00e4rta utan sv\u00e5ra biverkningar.<\/li>\n<li><strong>Depression och stress<\/strong> : Fr\u00e4mjar l\u00e4tt avslappning och f\u00f6rb\u00e4ttrar hum\u00f6ret<a href=\"https:\/\/fuelpackz.com\/\" target=\"_blank\" rel=\"noopener\">.<\/a><\/li>\n<li><strong>Inflammation och huvudv\u00e4rk<\/strong> Hj\u00e4lper till att lindra inflammation och minska huvudv\u00e4rk och migr\u00e4n.<\/li>\n<\/ul>\n<h3>Smaker och aromer av Treasure Island CBD Weed Strain<\/h3>\n<p>La <strong>Treasure Island CBD Weed Strain<\/strong> erbjuder en lugnande smakprofil med toner av <strong>gr\u00e4s<\/strong> och <strong>s\u00f6t<\/strong>med en antydan av tr\u00e4. Dess mjuka, blommiga doft, med inslag av lavendel och tr\u00e4, skapar en delikat och behaglig doftupplevelse.<\/p>\n<ul>\n<li><strong>Smaker<\/strong> \u00d6rtartad, s\u00f6t, tr\u00e4ig<\/li>\n<li><strong>Dofter<\/strong> Jordig, blommig, lavendel, s\u00f6t, tr\u00e4ig<\/li>\n<\/ul>\n<h3>Utseende av Treasure Island Cannabis Flower<\/h3>\n<p>Knopparna p\u00e5 <strong>Skattkammar\u00f6n<\/strong> har en ljusgr\u00f6n f\u00e4rg med b\u00e4rnstensf\u00e4rgade h\u00e5r och gl\u00e4nsande trikomer. Deras t\u00e4ta, hartsartade utseende vittnar om den \u00f6verl\u00e4gsna kvaliteten p\u00e5 denna sort, perfekt f\u00f6r en lugnande, helande upplevelse.<\/p>\n<h3>Best\u00e4ll Treasure Island CBD stamblomma - Sativa online fr\u00e5n Pressure Zone Shop<\/h3>\n<p>Redo att uppt\u00e4cka den milda l\u00e4ttnaden och det balanserade v\u00e4lbefinnandet hos <strong>Treasure Island CBD Stam Blomma - Sativa<\/strong> ? Best\u00e4ll nu p\u00e5 <a href=\"https:\/\/pressurezone.shop\/sv\/\" target=\"_new\" rel=\"noopener\">Tryckzonsbutik<\/a> f\u00f6r en terapeutisk cannabisupplevelse av h\u00f6g kvalitet, idealisk f\u00f6r att hantera stress, inflammation och kronisk sm\u00e4rta utan de psykoaktiva effekterna av THC.<\/p>\n<\/div>\n<\/div>\n<\/div>\n<\/div>\n<\/div>\n<\/div>","protected":false},"excerpt":{"rendered":"<p>Achetez la Treasure Island CBD Strain Flower \u2013 Sativa en Ligne en Europe sur Pressure Zone Shop D\u00e9couvrez la Treasure Island CBD Strain Flower \u2013 Sativa, une vari\u00e9t\u00e9 hybride \u00e0 dominance sativa, issue du croisement entre les puissantes Swiss Gold et Cannatonic. Avec un ratio CBD de 15:1, cette vari\u00e9t\u00e9 est parfaite pour ceux qui [&hellip;]<\/p>","protected":false},"featured_media":3061,"comment_status":"closed","ping_status":"closed","template":"","meta":{"_uag_custom_page_level_css":"","site-sidebar-layout":"default","site-content-layout":"","ast-site-content-layout":"default","site-content-style":"default","site-sidebar-style":"default","ast-global-header-display":"","ast-banner-title-visibility":"","ast-main-header-display":"","ast-hfb-above-header-display":"","ast-hfb-below-header-display":"","ast-hfb-mobile-header-display":"","site-post-title":"","ast-breadcrumbs-content":"","ast-featured-img":"","footer-sml-layout":"","theme-transparent-header-meta":"default","adv-header-id-meta":"","stick-header-meta":"","header-above-stick-meta":"","header-main-stick-meta":"","header-below-stick-meta":"","astra-migrate-meta-layouts":"set","ast-page-background-enabled":"default","ast-page-background-meta":{"desktop":{"background-color":"","background-image":"","background-repeat":"repeat","background-position":"center center","background-size":"auto","background-attachment":"scroll","background-type":"","background-media":"","overlay-type":"","overlay-color":"","overlay-opacity":"","overlay-gradient":""},"tablet":{"background-color":"","background-image":"","background-repeat":"repeat","background-position":"center center","background-size":"auto","background-attachment":"scroll","background-type":"","background-media":"","overlay-type":"","overlay-color":"","overlay-opacity":"","overlay-gradient":""},"mobile":{"background-color":"","background-image":"","background-repeat":"repeat","background-position":"center center","background-size":"auto","background-attachment":"scroll","background-type":"","background-media":"","overlay-type":"","overlay-color":"","overlay-opacity":"","overlay-gradient":""}},"ast-content-background-meta":{"desktop":{"background-color":"var(--ast-global-color-5)","background-image":"","background-repeat":"repeat","background-position":"center center","background-size":"auto","background-attachment":"scroll","background-type":"","background-media":"","overlay-type":"","overlay-color":"","overlay-opacity":"","overlay-gradient":""},"tablet":{"background-color":"var(--ast-global-color-5)","background-image":"","background-repeat":"repeat","background-position":"center center","background-size":"auto","background-attachment":"scroll","background-type":"","background-media":"","overlay-type":"","overlay-color":"","overlay-opacity":"","overlay-gradient":""},"mobile":{"background-color":"var(--ast-global-color-5)","background-image":"","background-repeat":"repeat","background-position":"center center","background-size":"auto","background-attachment":"scroll","background-type":"","background-media":"","overlay-type":"","overlay-color":"","overlay-opacity":"","overlay-gradient":""}}},"product_brand":[],"product_cat":[28,273],"product_tag":[289],"class_list":{"0":"post-3009","1":"product","2":"type-product","3":"status-publish","4":"has-post-thumbnail","6":"product_cat-varietes-de-cannabis","7":"product_cat-varietes-de-cannabis-sativa","8":"product_tag-order-treasure-island-cbd-strain-flower-sativa-europe","9":"desktop-align-left","10":"tablet-align-left","11":"mobile-align-left","13":"first","14":"instock","15":"shipping-taxable","16":"purchasable","17":"product-type-variable"},"uagb_featured_image_src":{"full":["https:\/\/pressurezone.shop\/wp-content\/uploads\/2024\/10\/Treasure-Island-CBD-Strain-Flower-\u2013-Sativa.webp",2560,1707,false],"thumbnail":["https:\/\/pressurezone.shop\/wp-content\/uploads\/2024\/10\/Treasure-Island-CBD-Strain-Flower-\u2013-Sativa-150x150.webp",150,150,true],"medium":["https:\/\/pressurezone.shop\/wp-content\/uploads\/2024\/10\/Treasure-Island-CBD-Strain-Flower-\u2013-Sativa-300x200.webp",300,200,true],"medium_large":["https:\/\/pressurezone.shop\/wp-content\/uploads\/2024\/10\/Treasure-Island-CBD-Strain-Flower-\u2013-Sativa-768x512.webp",768,512,true],"large":["https:\/\/pressurezone.shop\/wp-content\/uploads\/2024\/10\/Treasure-Island-CBD-Strain-Flower-\u2013-Sativa-1024x683.webp",1024,683,true],"1536x1536":["https:\/\/pressurezone.shop\/wp-content\/uploads\/2024\/10\/Treasure-Island-CBD-Strain-Flower-\u2013-Sativa-1536x1024.webp",1536,1024,true],"2048x2048":["https:\/\/pressurezone.shop\/wp-content\/uploads\/2024\/10\/Treasure-Island-CBD-Strain-Flower-\u2013-Sativa-2048x1366.webp",2048,1366,true],"trp-custom-language-flag":["https:\/\/pressurezone.shop\/wp-content\/uploads\/2024\/10\/Treasure-Island-CBD-Strain-Flower-\u2013-Sativa-18x12.webp",18,12,true],"woocommerce_thumbnail":["https:\/\/pressurezone.shop\/wp-content\/uploads\/2024\/10\/Treasure-Island-CBD-Strain-Flower-\u2013-Sativa-300x300.webp",300,300,true],"woocommerce_single":["https:\/\/pressurezone.shop\/wp-content\/uploads\/2024\/10\/Treasure-Island-CBD-Strain-Flower-\u2013-Sativa-600x400.webp",600,400,true],"woocommerce_gallery_thumbnail":["https:\/\/pressurezone.shop\/wp-content\/uploads\/2024\/10\/Treasure-Island-CBD-Strain-Flower-\u2013-Sativa-100x100.webp",100,100,true]},"uagb_author_info":{"display_name":"pressurezone.shop","author_link":"https:\/\/pressurezone.shop\/sv\/author\/"},"uagb_comment_info":0,"uagb_excerpt":"Achetez la Treasure Island CBD Strain Flower \u2013 Sativa en Ligne en Europe sur Pressure Zone Shop D\u00e9couvrez la Treasure Island CBD Strain Flower \u2013 Sativa, une vari\u00e9t\u00e9 hybride \u00e0 dominance sativa, issue du croisement entre les puissantes Swiss Gold et Cannatonic. Avec un ratio CBD de 15:1, cette vari\u00e9t\u00e9 est parfaite pour ceux qui&hellip;","_links":{"self":[{"href":"https:\/\/pressurezone.shop\/sv\/wp-json\/wp\/v2\/product\/3009"}],"collection":[{"href":"https:\/\/pressurezone.shop\/sv\/wp-json\/wp\/v2\/product"}],"about":[{"href":"https:\/\/pressurezone.shop\/sv\/wp-json\/wp\/v2\/types\/product"}],"replies":[{"embeddable":true,"href":"https:\/\/pressurezone.shop\/sv\/wp-json\/wp\/v2\/comments?post=3009"}],"version-history":[{"count":3,"href":"https:\/\/pressurezone.shop\/sv\/wp-json\/wp\/v2\/product\/3009\/revisions"}],"predecessor-version":[{"id":4077,"href":"https:\/\/pressurezone.shop\/sv\/wp-json\/wp\/v2\/product\/3009\/revisions\/4077"}],"wp:featuredmedia":[{"embeddable":true,"href":"https:\/\/pressurezone.shop\/sv\/wp-json\/wp\/v2\/media\/3061"}],"wp:attachment":[{"href":"https:\/\/pressurezone.shop\/sv\/wp-json\/wp\/v2\/media?parent=3009"}],"wp:term":[{"taxonomy":"product_brand","embeddable":true,"href":"https:\/\/pressurezone.shop\/sv\/wp-json\/wp\/v2\/product_brand?post=3009"},{"taxonomy":"product_cat","embeddable":true,"href":"https:\/\/pressurezone.shop\/sv\/wp-json\/wp\/v2\/product_cat?post=3009"},{"taxonomy":"product_tag","embeddable":true,"href":"https:\/\/pressurezone.shop\/sv\/wp-json\/wp\/v2\/product_tag?post=3009"}],"curies":[{"name":"wp","href":"https:\/\/api.w.org\/{rel}","templated":true}]}}