{"id":3010,"date":"2024-10-11T00:48:46","date_gmt":"2024-10-10T22:48:46","guid":{"rendered":"https:\/\/pressurezone.shop\/?post_type=product&#038;p=3010"},"modified":"2024-11-03T22:17:09","modified_gmt":"2024-11-03T21:17:09","slug":"sour-maui-wowie-strain-aaa-small-buds","status":"publish","type":"product","link":"https:\/\/pressurezone.shop\/sv\/produkt\/sur-maui-wowie-stam-aaa-sma-knoppar\/","title":{"rendered":"Sour Maui Wowie Strain AAA Sm\u00e5 knoppar - Sativa"},"content":{"rendered":"<h3><strong>K\u00f6p Sour Maui Wowie Strain AAA Small Buds - Sativa online i Europa p\u00e5 <a href=\"https:\/\/pressurezone.shop\/sv\/\" target=\"_new\" rel=\"noopener\">Tryckzonsbutik<\/a><\/strong><\/h3>\n<p>Uppt\u00e4ck de <strong>Sour Maui Wowie Strain AAA Sm\u00e5 knoppar - Sativa<\/strong>en s\u00e4llsynt, sativadominant hybrid som \u00e4r resultatet av en korsning mellan den ber\u00f6mda <strong>Sur diesel<\/strong> och <strong>Maui Waui<\/strong>. Den h\u00e4r sorten \u00e4r perfekt f\u00f6r dig som vill ha en energigivande och stimulerande upplevelse, perfekt f\u00f6r aktiva och kreativa dagar.<\/p>\n<h3>Varf\u00f6r v\u00e4lja Sour Maui Wowie Strain AAA Small Buds - Sativa?<\/h3>\n<p><strong>Sour Maui Wowie Strain AAA Sm\u00e5 Buds<\/strong> erbjuder en uppfriskande och gl\u00e4djefylld high, med en THC-niv\u00e5 p\u00e5 15-20% som balanserar sinne och kropp. Med sin tropiska och syrliga smakprofil, <strong>Sur Maui Wowie<\/strong> \u00e4r perfekt f\u00f6r mental upplyftning utan tyngd, vilket ger upphov till stunder av kreativitet och lycka under hela dagen.<a href=\"https:\/\/fuelpackz.com\/\" target=\"_blank\" rel=\"noopener\">.<\/a><\/p>\n<ul>\n<li><strong>Typ<\/strong> Sativa-dominerande<\/li>\n<li><strong>THC<\/strong> Mellan 15% och 20%, erbjuder en l\u00e4tt och gl\u00e4djefylld upplevelse<\/li>\n<\/ul>\n<h3>Effekter och f\u00f6rdelar med Sour Maui Wowie Weed Strain<\/h3>\n<p>La <strong>Sour Maui Wowie Weed Strain<\/strong> \u00e4r k\u00e4nt f\u00f6r sina uppiggande och euforiska effekter, perfekt f\u00f6r dem som vill h\u00e5lla sig aktiva och glada. Det framkallar en k\u00e4nsla av upph\u00f6jdhet och mental klarhet, perfekt f\u00f6r att stimulera kreativiteten samtidigt som det ger en energiboost.<\/p>\n<ul>\n<li><strong>Effekter<\/strong> Koncentration, eufori, skratt, hunger, hum\u00f6rh\u00f6jning<\/li>\n<li><strong>Perfekt f\u00f6r<\/strong> Depression, Utmattning, Aptitl\u00f6shet, Migr\u00e4n, Stress<\/li>\n<\/ul>\n<h3>Tillst\u00e5nd som lindras av Sour Maui Wowie Cannabis Strain<\/h3>\n<p>Tack vare dess energigivande sativa-effekter \u00e4r <strong>Sur Maui Wowie<\/strong> \u00e4r perfekt f\u00f6r att lindra m\u00e5nga psykiska och fysiska \u00e5kommor:<\/p>\n<ul>\n<li><strong>Depression och stress<\/strong> Lugnar oroliga tankar och h\u00f6jer hum\u00f6ret.<\/li>\n<li><strong>Tr\u00f6tthet och migr\u00e4n<\/strong> Ger energi och lindrar huvudv\u00e4rk.<\/li>\n<li><strong>Aptitl\u00f6shet<\/strong> Stimulerar aptiten med en gl\u00e4djefylld, uppfriskande kick.<\/li>\n<\/ul>\n<h3>Smaker och aromer av Sour Maui Wowie Weed Strain<\/h3>\n<p>La <strong>Sour Maui Wowie Weed Strain<\/strong> f\u00f6rf\u00f6r med sina fruktiga och syrliga smaker, med toner av <strong>citron<\/strong>av <strong>tropiska frukter<\/strong> och <strong>diesel<\/strong> som ger en touch av komplexitet till varje bloss. Den tropiska aromen blandad med \u00f6rter och kryddor ger en intensiv och minnesv\u00e4rd doftupplevelse.<\/p>\n<ul>\n<li><strong>Smaker<\/strong> Citrus, fruktig, syrlig, tropisk<\/li>\n<li><strong>Dofter<\/strong> : Diesel, \u00f6rtkryddad, kryddig, syrlig, tropisk<\/li>\n<\/ul>\n<h3>Utseende av Sour Maui Wowie Cannabis Flower<\/h3>\n<p>Knopparna p\u00e5 <strong>Sur Maui Wowie<\/strong> \u00e4r sm\u00e5 och neongr\u00f6na, med gyllene b\u00e4rnstensh\u00e5r och en tjock bel\u00e4ggning av kristallina trikomer. Deras livfulla, hartsartade utseende lockar omedelbart cannabis-k\u00e4nnare.<\/p>\n<h3>Best\u00e4ll Maui Wowie Strain AAA Small Buds - Sativa online fr\u00e5n Pressure Zone Shop<\/h3>\n<p>\u00c4r du redo att uppt\u00e4cka energin och den tropiska smaken i <strong>Sour Maui Wowie Strain AAA Sm\u00e5 knoppar - Sativa<\/strong> ? Best\u00e4ll idag fr\u00e5n <a href=\"https:\/\/pressurezone.shop\/sv\/\" target=\"_new\" rel=\"noopener\">Tryckzonsbutik<\/a> f\u00f6r att njuta av en energigivande och uppfriskande cannabisupplevelse, perfekt f\u00f6r att \u00f6ka produktiviteten och h\u00f6ja hum\u00f6ret. Oavsett om du letar efter en kreativ boost eller ett s\u00e4tt att lindra stress, <strong>Sur Maui Wowie<\/strong> \u00e4r det perfekta valet.<\/p>","protected":false},"excerpt":{"rendered":"<p>Achetez la Sour Maui Wowie Strain AAA Small Buds \u2013 Sativa en Ligne en Europe sur Pressure Zone Shop D\u00e9couvrez la Sour Maui Wowie Strain AAA Small Buds \u2013 Sativa, une vari\u00e9t\u00e9 hybride rare \u00e0 dominance sativa n\u00e9e du croisement entre les c\u00e9l\u00e8bres Sour Diesel et Maui Waui. Cette vari\u00e9t\u00e9 est parfaite pour ceux qui [&hellip;]<\/p>","protected":false},"featured_media":3070,"comment_status":"closed","ping_status":"closed","template":"","meta":{"_uag_custom_page_level_css":"","site-sidebar-layout":"default","site-content-layout":"","ast-site-content-layout":"default","site-content-style":"default","site-sidebar-style":"default","ast-global-header-display":"","ast-banner-title-visibility":"","ast-main-header-display":"","ast-hfb-above-header-display":"","ast-hfb-below-header-display":"","ast-hfb-mobile-header-display":"","site-post-title":"","ast-breadcrumbs-content":"","ast-featured-img":"","footer-sml-layout":"","theme-transparent-header-meta":"default","adv-header-id-meta":"","stick-header-meta":"","header-above-stick-meta":"","header-main-stick-meta":"","header-below-stick-meta":"","astra-migrate-meta-layouts":"set","ast-page-background-enabled":"default","ast-page-background-meta":{"desktop":{"background-color":"","background-image":"","background-repeat":"repeat","background-position":"center center","background-size":"auto","background-attachment":"scroll","background-type":"","background-media":"","overlay-type":"","overlay-color":"","overlay-opacity":"","overlay-gradient":""},"tablet":{"background-color":"","background-image":"","background-repeat":"repeat","background-position":"center center","background-size":"auto","background-attachment":"scroll","background-type":"","background-media":"","overlay-type":"","overlay-color":"","overlay-opacity":"","overlay-gradient":""},"mobile":{"background-color":"","background-image":"","background-repeat":"repeat","background-position":"center center","background-size":"auto","background-attachment":"scroll","background-type":"","background-media":"","overlay-type":"","overlay-color":"","overlay-opacity":"","overlay-gradient":""}},"ast-content-background-meta":{"desktop":{"background-color":"var(--ast-global-color-5)","background-image":"","background-repeat":"repeat","background-position":"center center","background-size":"auto","background-attachment":"scroll","background-type":"","background-media":"","overlay-type":"","overlay-color":"","overlay-opacity":"","overlay-gradient":""},"tablet":{"background-color":"var(--ast-global-color-5)","background-image":"","background-repeat":"repeat","background-position":"center center","background-size":"auto","background-attachment":"scroll","background-type":"","background-media":"","overlay-type":"","overlay-color":"","overlay-opacity":"","overlay-gradient":""},"mobile":{"background-color":"var(--ast-global-color-5)","background-image":"","background-repeat":"repeat","background-position":"center center","background-size":"auto","background-attachment":"scroll","background-type":"","background-media":"","overlay-type":"","overlay-color":"","overlay-opacity":"","overlay-gradient":""}}},"product_brand":[],"product_cat":[28,273],"product_tag":[290],"class_list":{"0":"post-3010","1":"product","2":"type-product","3":"status-publish","4":"has-post-thumbnail","6":"product_cat-varietes-de-cannabis","7":"product_cat-varietes-de-cannabis-sativa","8":"product_tag-order-sour-maui-wowie-strain-aaa-small-buds-sativa-europe","9":"desktop-align-left","10":"tablet-align-left","11":"mobile-align-left","13":"first","14":"instock","15":"shipping-taxable","16":"purchasable","17":"product-type-variable"},"uagb_featured_image_src":{"full":["https:\/\/pressurezone.shop\/wp-content\/uploads\/2024\/10\/Sour-Maui-Wowie-Strain-AAA-Small-Buds-\u2013-Sativa.webp",2560,1707,false],"thumbnail":["https:\/\/pressurezone.shop\/wp-content\/uploads\/2024\/10\/Sour-Maui-Wowie-Strain-AAA-Small-Buds-\u2013-Sativa-150x150.webp",150,150,true],"medium":["https:\/\/pressurezone.shop\/wp-content\/uploads\/2024\/10\/Sour-Maui-Wowie-Strain-AAA-Small-Buds-\u2013-Sativa-300x200.webp",300,200,true],"medium_large":["https:\/\/pressurezone.shop\/wp-content\/uploads\/2024\/10\/Sour-Maui-Wowie-Strain-AAA-Small-Buds-\u2013-Sativa-768x512.webp",768,512,true],"large":["https:\/\/pressurezone.shop\/wp-content\/uploads\/2024\/10\/Sour-Maui-Wowie-Strain-AAA-Small-Buds-\u2013-Sativa-1024x683.webp",1024,683,true],"1536x1536":["https:\/\/pressurezone.shop\/wp-content\/uploads\/2024\/10\/Sour-Maui-Wowie-Strain-AAA-Small-Buds-\u2013-Sativa-1536x1024.webp",1536,1024,true],"2048x2048":["https:\/\/pressurezone.shop\/wp-content\/uploads\/2024\/10\/Sour-Maui-Wowie-Strain-AAA-Small-Buds-\u2013-Sativa-2048x1366.webp",2048,1366,true],"trp-custom-language-flag":["https:\/\/pressurezone.shop\/wp-content\/uploads\/2024\/10\/Sour-Maui-Wowie-Strain-AAA-Small-Buds-\u2013-Sativa-18x12.webp",18,12,true],"woocommerce_thumbnail":["https:\/\/pressurezone.shop\/wp-content\/uploads\/2024\/10\/Sour-Maui-Wowie-Strain-AAA-Small-Buds-\u2013-Sativa-300x300.webp",300,300,true],"woocommerce_single":["https:\/\/pressurezone.shop\/wp-content\/uploads\/2024\/10\/Sour-Maui-Wowie-Strain-AAA-Small-Buds-\u2013-Sativa-600x400.webp",600,400,true],"woocommerce_gallery_thumbnail":["https:\/\/pressurezone.shop\/wp-content\/uploads\/2024\/10\/Sour-Maui-Wowie-Strain-AAA-Small-Buds-\u2013-Sativa-100x100.webp",100,100,true]},"uagb_author_info":{"display_name":"pressurezone.shop","author_link":"https:\/\/pressurezone.shop\/sv\/author\/"},"uagb_comment_info":0,"uagb_excerpt":"Achetez la Sour Maui Wowie Strain AAA Small Buds \u2013 Sativa en Ligne en Europe sur Pressure Zone Shop D\u00e9couvrez la Sour Maui Wowie Strain AAA Small Buds \u2013 Sativa, une vari\u00e9t\u00e9 hybride rare \u00e0 dominance sativa n\u00e9e du croisement entre les c\u00e9l\u00e8bres Sour Diesel et Maui Waui. Cette vari\u00e9t\u00e9 est parfaite pour ceux qui&hellip;","_links":{"self":[{"href":"https:\/\/pressurezone.shop\/sv\/wp-json\/wp\/v2\/product\/3010"}],"collection":[{"href":"https:\/\/pressurezone.shop\/sv\/wp-json\/wp\/v2\/product"}],"about":[{"href":"https:\/\/pressurezone.shop\/sv\/wp-json\/wp\/v2\/types\/product"}],"replies":[{"embeddable":true,"href":"https:\/\/pressurezone.shop\/sv\/wp-json\/wp\/v2\/comments?post=3010"}],"version-history":[{"count":3,"href":"https:\/\/pressurezone.shop\/sv\/wp-json\/wp\/v2\/product\/3010\/revisions"}],"predecessor-version":[{"id":4038,"href":"https:\/\/pressurezone.shop\/sv\/wp-json\/wp\/v2\/product\/3010\/revisions\/4038"}],"wp:featuredmedia":[{"embeddable":true,"href":"https:\/\/pressurezone.shop\/sv\/wp-json\/wp\/v2\/media\/3070"}],"wp:attachment":[{"href":"https:\/\/pressurezone.shop\/sv\/wp-json\/wp\/v2\/media?parent=3010"}],"wp:term":[{"taxonomy":"product_brand","embeddable":true,"href":"https:\/\/pressurezone.shop\/sv\/wp-json\/wp\/v2\/product_brand?post=3010"},{"taxonomy":"product_cat","embeddable":true,"href":"https:\/\/pressurezone.shop\/sv\/wp-json\/wp\/v2\/product_cat?post=3010"},{"taxonomy":"product_tag","embeddable":true,"href":"https:\/\/pressurezone.shop\/sv\/wp-json\/wp\/v2\/product_tag?post=3010"}],"curies":[{"name":"wp","href":"https:\/\/api.w.org\/{rel}","templated":true}]}}