{"id":3011,"date":"2024-10-11T00:48:46","date_gmt":"2024-10-10T22:48:46","guid":{"rendered":"https:\/\/pressurezone.shop\/?post_type=product&#038;p=3011"},"modified":"2024-11-03T22:26:39","modified_gmt":"2024-11-03T21:26:39","slug":"white-castle-weed-strain","status":"publish","type":"product","link":"https:\/\/pressurezone.shop\/sv\/produkt\/vitt-slott-ogras-stam\/","title":{"rendered":"White Castle Weed-sort"},"content":{"rendered":"<h3><strong>K\u00f6p White Castle Weed Strain online i Europa p\u00e5 <a href=\"https:\/\/pressurezone.shop\/sv\/\" target=\"_new\" rel=\"noopener\">Tryckzonsbutik<\/a><\/strong><\/h3>\n<p>Uppt\u00e4ck de <strong>White Castle Weed-sort<\/strong>en hybridsort som \u00e4r n\u00e5got dominerad av indica (60% indica \/ 40% sativa) och som \u00e4r resultatet av en korsning mellan de emblematiska stammarna <strong>Vita \u00e4nkan<\/strong> och <strong>Is<\/strong>. L\u00e5t dig inte luras av namnet, som p\u00e5minner om de ber\u00f6mda hamburgarna, <strong>Vita slottet<\/strong> har en unik smak med inslag av f\u00e4rska b\u00e4r och jordgubbar som ger en mjuk och s\u00f6t upplevelse vid varje bloss.<\/p>\n<h3>Varf\u00f6r v\u00e4lja White Castle Weed Strain?<\/h3>\n<p><strong>White Castle Weed-sort<\/strong> \u00e4r perfekt f\u00f6r dem som s\u00f6ker en balans mellan eufori och avkoppling. Med sin blandning av feel-good och lugna effekter erbjuder denna sort en h\u00f6g som b\u00f6rjar med en k\u00e4nsla av lycka och s\u00e4llskaplighet, perfekt f\u00f6r sociala tillf\u00e4llen. Detta f\u00f6ljs dock av en mild s\u00f6mnighet, perfekt f\u00f6r att varva ner i slutet av dagen.<a href=\"https:\/\/fuelpackz.com\/\" target=\"_blank\" rel=\"noopener\">.<\/a><\/p>\n<ul>\n<li><strong>Typ<\/strong> Indica-dominerande hybrid (60% Indica \/ 40% Sativa)<\/li>\n<li><strong>THC<\/strong> Mellan 13% och 19%, vilket ger en balanserad, lugnande h\u00f6g<\/li>\n<\/ul>\n<h3>Effekter och f\u00f6rdelar med White Castle Weed Strain<\/h3>\n<p>La <strong>White Castle Weed-sort<\/strong> sveper in dig i en gl\u00e4djefylld, kommunikativ eufori som g\u00f6r dig mer s\u00e4llskaplig. N\u00e4r effekten avtar tar ett tillst\u00e5nd av lugn och mild s\u00f6mnighet \u00f6ver, perfekt f\u00f6r de kv\u00e4llar n\u00e4r du vill varva ner utan anstr\u00e4ngning.<\/p>\n<ul>\n<li><strong>Effekter<\/strong> Eufori, skratt, lycka, avslappning, s\u00f6mnighet, s\u00e4llskaplighet<\/li>\n<li><strong>Perfekt f\u00f6r<\/strong> Depression, Inflammation, Aptitl\u00f6shet, Illam\u00e5ende, Stress<\/li>\n<\/ul>\n<h3>Tillst\u00e5nd lindras av White Castle Cannabis Strain<\/h3>\n<p>Tack vare dess lugnande, m\u00e5ttliga effekter, <strong>Vita slottet<\/strong> v\u00e4ljs ofta f\u00f6r att lindra ett antal fysiska och psykiska \u00e5kommor:<\/p>\n<ul>\n<li><strong>Stress och depression<\/strong> F\u00f6rb\u00e4ttrar hum\u00f6ret och ger en k\u00e4nsla av l\u00e4tt lycka.<\/li>\n<li><strong>Inflammation och illam\u00e5ende<\/strong> Hj\u00e4lper till att lugna kroppen och lindra obehag.<\/li>\n<li><strong>Aptitl\u00f6shet<\/strong> Stimulerar aptiten med en behaglig, avslappnande k\u00e4nsla.<\/li>\n<\/ul>\n<h3>Smaker och aromer av White Castle Weed Strain<\/h3>\n<p>La <strong>White Castle Weed-sort<\/strong> \u00e4r k\u00e4nt f\u00f6r sin <strong>b\u00e4r<\/strong>med s\u00f6ta toner av <strong>jordgubbar<\/strong> och en bakgrund <strong>jordn\u00e4ra<\/strong>. Doften \u00e4r lika behaglig och kombinerar doften av mogen frukt och b\u00e4r med en s\u00f6tma som dr\u00f6jer sig kvar i gommen.<\/p>\n<ul>\n<li><strong>Smaker<\/strong> B\u00e4r, Jordgubbe, S\u00f6t<\/li>\n<li><strong>Dofter<\/strong> B\u00e4r, jordig, fruktig, s\u00f6t<\/li>\n<\/ul>\n<h3>Utseende av White Castle Cannabis Flower<\/h3>\n<p>Knopparna p\u00e5 <strong>Vita slottet<\/strong> \u00e4r kompakta och ljusgr\u00f6na i f\u00e4rgen, prickiga med b\u00e4rnstensf\u00e4rgade h\u00e5rstr\u00e5n och ett lager av glittrande trikomer. Deras livfulla, hartsartade utseende \u00e4r ett bevis p\u00e5 kvaliteten p\u00e5 denna hybridsort.<\/p>\n<h3>Best\u00e4ll White Castle Weed Strain online fr\u00e5n Pressure Zone Shop<\/h3>\n<p>Redo att uppt\u00e4cka den skonsamma, avslappnande upplevelsen av <strong>White Castle Weed-sort<\/strong> ? Best\u00e4ll idag fr\u00e5n <a href=\"https:\/\/pressurezone.shop\/sv\/\" target=\"_new\" rel=\"noopener\">Tryckzonsbutik<\/a> f\u00f6r att njuta av en balanserad hybridvariant, perfekt f\u00f6r stunder av avkoppling eller f\u00f6r att lindra vardagens obehag. Oavsett om du letar efter en lyckokick eller vill lindra sp\u00e4nningar, <strong>Vita slottet<\/strong> \u00e4r det perfekta valet f\u00f6r en kvalitetsupplevelse.<\/p>","protected":false},"excerpt":{"rendered":"<p>Achetez la White Castle Weed Strain en Ligne en Europe sur Pressure Zone Shop D\u00e9couvrez la White Castle Weed Strain, une vari\u00e9t\u00e9 hybride l\u00e9g\u00e8rement domin\u00e9e par l\u2019indica (60% indica \/ 40% sativa) issue du croisement entre les souches embl\u00e9matiques White Widow et Ice. Ne vous laissez pas tromper par son nom rappelant les c\u00e9l\u00e8bres burgers, [&hellip;]<\/p>","protected":false},"featured_media":3072,"comment_status":"closed","ping_status":"closed","template":"","meta":{"_uag_custom_page_level_css":"","site-sidebar-layout":"default","site-content-layout":"","ast-site-content-layout":"default","site-content-style":"default","site-sidebar-style":"default","ast-global-header-display":"","ast-banner-title-visibility":"","ast-main-header-display":"","ast-hfb-above-header-display":"","ast-hfb-below-header-display":"","ast-hfb-mobile-header-display":"","site-post-title":"","ast-breadcrumbs-content":"","ast-featured-img":"","footer-sml-layout":"","theme-transparent-header-meta":"default","adv-header-id-meta":"","stick-header-meta":"","header-above-stick-meta":"","header-main-stick-meta":"","header-below-stick-meta":"","astra-migrate-meta-layouts":"set","ast-page-background-enabled":"default","ast-page-background-meta":{"desktop":{"background-color":"","background-image":"","background-repeat":"repeat","background-position":"center center","background-size":"auto","background-attachment":"scroll","background-type":"","background-media":"","overlay-type":"","overlay-color":"","overlay-opacity":"","overlay-gradient":""},"tablet":{"background-color":"","background-image":"","background-repeat":"repeat","background-position":"center center","background-size":"auto","background-attachment":"scroll","background-type":"","background-media":"","overlay-type":"","overlay-color":"","overlay-opacity":"","overlay-gradient":""},"mobile":{"background-color":"","background-image":"","background-repeat":"repeat","background-position":"center center","background-size":"auto","background-attachment":"scroll","background-type":"","background-media":"","overlay-type":"","overlay-color":"","overlay-opacity":"","overlay-gradient":""}},"ast-content-background-meta":{"desktop":{"background-color":"var(--ast-global-color-5)","background-image":"","background-repeat":"repeat","background-position":"center center","background-size":"auto","background-attachment":"scroll","background-type":"","background-media":"","overlay-type":"","overlay-color":"","overlay-opacity":"","overlay-gradient":""},"tablet":{"background-color":"var(--ast-global-color-5)","background-image":"","background-repeat":"repeat","background-position":"center center","background-size":"auto","background-attachment":"scroll","background-type":"","background-media":"","overlay-type":"","overlay-color":"","overlay-opacity":"","overlay-gradient":""},"mobile":{"background-color":"var(--ast-global-color-5)","background-image":"","background-repeat":"repeat","background-position":"center center","background-size":"auto","background-attachment":"scroll","background-type":"","background-media":"","overlay-type":"","overlay-color":"","overlay-opacity":"","overlay-gradient":""}}},"product_brand":[],"product_cat":[28,278],"product_tag":[291],"class_list":{"0":"post-3011","1":"product","2":"type-product","3":"status-publish","4":"has-post-thumbnail","6":"product_cat-varietes-de-cannabis","7":"product_cat-varietes-de-marijuana-indica","8":"product_tag-order-white-castle-weed-strain-europe","9":"desktop-align-left","10":"tablet-align-left","11":"mobile-align-left","13":"first","14":"instock","15":"shipping-taxable","16":"purchasable","17":"product-type-variable"},"uagb_featured_image_src":{"full":["https:\/\/pressurezone.shop\/wp-content\/uploads\/2024\/10\/White-Castle-Weed-Strain.webp",2560,1707,false],"thumbnail":["https:\/\/pressurezone.shop\/wp-content\/uploads\/2024\/10\/White-Castle-Weed-Strain-150x150.webp",150,150,true],"medium":["https:\/\/pressurezone.shop\/wp-content\/uploads\/2024\/10\/White-Castle-Weed-Strain-300x200.webp",300,200,true],"medium_large":["https:\/\/pressurezone.shop\/wp-content\/uploads\/2024\/10\/White-Castle-Weed-Strain-768x512.webp",768,512,true],"large":["https:\/\/pressurezone.shop\/wp-content\/uploads\/2024\/10\/White-Castle-Weed-Strain-1024x683.webp",1024,683,true],"1536x1536":["https:\/\/pressurezone.shop\/wp-content\/uploads\/2024\/10\/White-Castle-Weed-Strain-1536x1024.webp",1536,1024,true],"2048x2048":["https:\/\/pressurezone.shop\/wp-content\/uploads\/2024\/10\/White-Castle-Weed-Strain-2048x1366.webp",2048,1366,true],"trp-custom-language-flag":["https:\/\/pressurezone.shop\/wp-content\/uploads\/2024\/10\/White-Castle-Weed-Strain-18x12.webp",18,12,true],"woocommerce_thumbnail":["https:\/\/pressurezone.shop\/wp-content\/uploads\/2024\/10\/White-Castle-Weed-Strain-300x300.webp",300,300,true],"woocommerce_single":["https:\/\/pressurezone.shop\/wp-content\/uploads\/2024\/10\/White-Castle-Weed-Strain-600x400.webp",600,400,true],"woocommerce_gallery_thumbnail":["https:\/\/pressurezone.shop\/wp-content\/uploads\/2024\/10\/White-Castle-Weed-Strain-100x100.webp",100,100,true]},"uagb_author_info":{"display_name":"pressurezone.shop","author_link":"https:\/\/pressurezone.shop\/sv\/author\/"},"uagb_comment_info":0,"uagb_excerpt":"Achetez la White Castle Weed Strain en Ligne en Europe sur Pressure Zone Shop D\u00e9couvrez la White Castle Weed Strain, une vari\u00e9t\u00e9 hybride l\u00e9g\u00e8rement domin\u00e9e par l\u2019indica (60% indica \/ 40% sativa) issue du croisement entre les souches embl\u00e9matiques White Widow et Ice. Ne vous laissez pas tromper par son nom rappelant les c\u00e9l\u00e8bres burgers,&hellip;","_links":{"self":[{"href":"https:\/\/pressurezone.shop\/sv\/wp-json\/wp\/v2\/product\/3011"}],"collection":[{"href":"https:\/\/pressurezone.shop\/sv\/wp-json\/wp\/v2\/product"}],"about":[{"href":"https:\/\/pressurezone.shop\/sv\/wp-json\/wp\/v2\/types\/product"}],"replies":[{"embeddable":true,"href":"https:\/\/pressurezone.shop\/sv\/wp-json\/wp\/v2\/comments?post=3011"}],"version-history":[{"count":2,"href":"https:\/\/pressurezone.shop\/sv\/wp-json\/wp\/v2\/product\/3011\/revisions"}],"predecessor-version":[{"id":4061,"href":"https:\/\/pressurezone.shop\/sv\/wp-json\/wp\/v2\/product\/3011\/revisions\/4061"}],"wp:featuredmedia":[{"embeddable":true,"href":"https:\/\/pressurezone.shop\/sv\/wp-json\/wp\/v2\/media\/3072"}],"wp:attachment":[{"href":"https:\/\/pressurezone.shop\/sv\/wp-json\/wp\/v2\/media?parent=3011"}],"wp:term":[{"taxonomy":"product_brand","embeddable":true,"href":"https:\/\/pressurezone.shop\/sv\/wp-json\/wp\/v2\/product_brand?post=3011"},{"taxonomy":"product_cat","embeddable":true,"href":"https:\/\/pressurezone.shop\/sv\/wp-json\/wp\/v2\/product_cat?post=3011"},{"taxonomy":"product_tag","embeddable":true,"href":"https:\/\/pressurezone.shop\/sv\/wp-json\/wp\/v2\/product_tag?post=3011"}],"curies":[{"name":"wp","href":"https:\/\/api.w.org\/{rel}","templated":true}]}}