{"id":3012,"date":"2024-10-11T00:48:47","date_gmt":"2024-10-10T22:48:47","guid":{"rendered":"https:\/\/pressurezone.shop\/?post_type=product&#038;p=3012"},"modified":"2024-11-02T21:31:11","modified_gmt":"2024-11-02T20:31:11","slug":"og-cheese-strain-aaa-small-buds","status":"publish","type":"product","link":"https:\/\/pressurezone.shop\/sv\/produkt\/og-oststam-aaa-sma-knoppar\/","title":{"rendered":"OG Cheese Strain AAA Sm\u00e5 knoppar"},"content":{"rendered":"<h3><strong>K\u00f6p OG Cheese Strain AAA Small Buds online i Europa p\u00e5 <a href=\"https:\/\/pressurezone.shop\/sv\/\" target=\"_new\" rel=\"noopener\">Tryckzon<\/a><\/strong><\/h3>\n<p>Uppt\u00e4ck <strong>OG Cheese Strain AAA Sm\u00e5 knoppar<\/strong>\u00e4ven k\u00e4nd som \"Cheese OG\" bland medicinska patienter. Detta <strong>cannabis sort<\/strong> \u00e4r en dominerande indica-hybrid (80% indica \/ 20% sativa) f\u00f6dd av en korsning mellan den legendariska <strong>Skunk #1<\/strong> och <strong>Afghansk<\/strong>. Med sina kr\u00e4miga ostsmaker och skunkiga, tr\u00e4iga aromer \u00e4r OG Cheese en unik upplevelse f\u00f6r cannabis\u00e4lskare som letar efter en avkopplande, euforisk h\u00f6jd.<\/p>\n<h3>Effekter och f\u00f6rdelar med OG Cheese Strain AAA Small Buds<\/h3>\n<p>La <strong>sort OG Oststam AAA Sm\u00e5 knoppar<\/strong> erbjuder en kraftfull, introspektiv h\u00f6g, perfekt f\u00f6r att koppla av och stimulera fantasin:<\/p>\n<ul>\n<li><strong>Eufori och gl\u00e4dje<\/strong> : Ger en glad sinnesst\u00e4mning och skratt, perfekt f\u00f6r stunder av avkoppling.<\/li>\n<li><strong>Djup avslappning och Couch Lock<\/strong> : Ger intensiv avslappning, idealisk f\u00f6r kv\u00e4llar med fullst\u00e4ndig vila.<\/li>\n<li><strong>Psykoaktiv effekt<\/strong> Fr\u00e4mjar ett tillst\u00e5nd av eftert\u00e4nksamhet och mentalt lugn, perfekt f\u00f6r introspektion.<a href=\"https:\/\/fuelpackz.com\/\" target=\"_blank\" rel=\"noopener\">.<\/a><\/li>\n<\/ul>\n<p>Med niv\u00e5er p\u00e5 <strong>THC av 15-18%<\/strong>OG Cheese \u00e4r perfekt f\u00f6r dem som letar efter en lugnande och l\u00e4tt lugnande effekt, vilket bidrar till avkoppling.<\/p>\n<h3>Terapeutiska f\u00f6rdelar med OG Cheese Strain AAA Small Buds<\/h3>\n<p>Tack vare sina lugnande och n\u00e5got euforiska effekter v\u00e4ljs OG Cheese ofta f\u00f6r sina terapeutiska f\u00f6rdelar:<\/p>\n<ul>\n<li><strong>Lindring av kronisk sm\u00e4rta och migr\u00e4n<\/strong> Lindrar sm\u00e4rta och minskar muskelsp\u00e4nningar.<\/li>\n<li><strong>Minskar muskelspasmer och skakningar<\/strong> Effektivt f\u00f6r att minska spasmer och skakningar i samband med tillst\u00e5nd som fibromyalgi.<\/li>\n<li><strong>F\u00f6rb\u00e4ttrat hum\u00f6r<\/strong> Hj\u00e4lper till att motverka depression och hum\u00f6rst\u00f6rningar genom att ge en k\u00e4nsla av v\u00e4lbefinnande och avslappning.<\/li>\n<\/ul>\n<p>Detta <strong>cannabis sort<\/strong> \u00e4r idealisk f\u00f6r dem som s\u00f6ker en naturlig l\u00f6sning f\u00f6r att lindra v\u00e4rk och sm\u00e4rta, f\u00f6rb\u00e4ttra hum\u00f6ret och fr\u00e4mja s\u00f6mnen.<\/p>\n<h3>Smaker och aromer av OG Cheese Strain<\/h3>\n<p>OG Cheese har en intensiv, kr\u00e4mig smakprofil:<\/p>\n<ul>\n<li><strong>Smaker<\/strong> En rik, ostliknande smak med toner av tall, tr\u00e4 och en aning s\u00f6tma.<\/li>\n<li><strong>Dofter<\/strong> En stark, ostliknande, l\u00e4tt blommig och skunkig doft som p\u00e5minner om de klassiska, intensivt doftande sorterna.<\/li>\n<\/ul>\n<p>Dessa <strong>distinkta smaker och aromer<\/strong> g\u00f6r det till en upplevelse som uppskattas av cannabis\u00e4lskare med starka, originella smaker.<\/p>\n<h3>Varf\u00f6r k\u00f6pa OG Cheese Strain AAA Small Buds p\u00e5 <a href=\"https:\/\/pressurezone.shop\/sv\/\" target=\"_new\" rel=\"noopener\">Tryckzon<\/a>?<\/h3>\n<p>Vid <strong>Tryckzon<\/strong>vi erbjuder <strong>cannabis sorter<\/strong> utvalda och testade f\u00f6r att erbjuda b\u00e4sta m\u00f6jliga upplevelse. <strong>OG Cheese Strain AAA Sm\u00e5 knoppar<\/strong> \u00e4r en av v\u00e5ra flaggskeppssorter, perfekt f\u00f6r stunder av djup avkoppling och l\u00e4ttnad. H\u00e4r \u00e4r varf\u00f6r du ska v\u00e4lja Pressure Zone:<\/p>\n<ul>\n<li><strong>Premium Kvalitet<\/strong> V\u00e5ra produkter \u00e4r testade f\u00f6r att garantera renhet och effekt.<\/li>\n<li><strong>Avslappnande och balanserande effekt<\/strong> Idealisk f\u00f6r att lugna kropp och sj\u00e4l utan \u00f6verdriven tyngd.<\/li>\n<li><strong>Engagerad kundservice<\/strong> : V\u00e5rt team finns h\u00e4r f\u00f6r att hj\u00e4lpa dig att hitta r\u00e4tt <strong>cannabis sort<\/strong> som uppfyller dina behov.<\/li>\n<\/ul>\n<h3>Vanliga fr\u00e5gor och svar<\/h3>\n<h4>Vilka \u00e4r de viktigaste effekterna av OG Cheese Strain?<\/h4>\n<p>OG Cheese ger en euforisk, avkopplande h\u00f6g, perfekt f\u00f6r att varva ner och njuta av ett introspektivt \u00f6gonblick. Dess n\u00e5got psykoaktiva effekt \u00e4r idealisk f\u00f6r fullst\u00e4ndig avkoppling.<\/p>\n<h4>\u00c4r OG Cheese effektiv f\u00f6r att lindra sm\u00e4rta?<\/h4>\n<p>Ja, det h\u00e4r <strong>cannabis sort<\/strong> anv\u00e4nds ofta f\u00f6r att lindra kronisk sm\u00e4rta, migr\u00e4n och muskelsp\u00e4nningar och ger en lugnande upplevelse av avslappning.<\/p>\n<h4>Vilka smaker och aromer dominerar OG Cheese?<\/h4>\n<p>OG Cheese erbjuder smaker av kr\u00e4mig ost, tall och tr\u00e4, med starka aromer av ost och skunk som kommer att tilltala fans av intensiva smaker.<\/p>\n<h3>Best\u00e4ll OG Cheese Strain AAA Small Buds online i Europa p\u00e5 <a href=\"https:\/\/pressurezone.shop\/sv\/\" target=\"_new\" rel=\"noopener\">Tryckzon<\/a><\/h3>\n<p>Redo att uppt\u00e4cka de avslappnande effekterna och de intensiva smakerna av <strong>OG Cheese Strain AAA Sm\u00e5 knoppar<\/strong>? <strong>Best\u00e4ll nu<\/strong> p\u00e5 <a href=\"https:\/\/pressurezone.shop\/sv\/\" target=\"_new\" rel=\"noopener\">Tryckzon<\/a> f\u00f6r en upplevelse av <strong>cannabis sort<\/strong> perfekt f\u00f6r sm\u00e4rtlindring och avslappning. Med en snabb leveransservice och exceptionell kundsupport \u00e4r Pressure Zone din p\u00e5litliga partner f\u00f6r en premium cannabisupplevelse.<\/p>","protected":false},"excerpt":{"rendered":"<p>Achetez la Vari\u00e9t\u00e9 OG Cheese Strain AAA Small Buds en Ligne en Europe sur Pressure Zone D\u00e9couvrez OG Cheese Strain AAA Small Buds, \u00e9galement connue sous le nom de \u201cCheese OG\u201d parmi les patients m\u00e9dicaux. Cette vari\u00e9t\u00e9 de cannabis est un hybride indica dominant (80% indica \/ 20% sativa) n\u00e9e d\u2019un croisement entre les l\u00e9gendaires [&hellip;]<\/p>","protected":false},"featured_media":3076,"comment_status":"closed","ping_status":"closed","template":"","meta":{"_uag_custom_page_level_css":"","site-sidebar-layout":"default","site-content-layout":"","ast-site-content-layout":"default","site-content-style":"default","site-sidebar-style":"default","ast-global-header-display":"","ast-banner-title-visibility":"","ast-main-header-display":"","ast-hfb-above-header-display":"","ast-hfb-below-header-display":"","ast-hfb-mobile-header-display":"","site-post-title":"","ast-breadcrumbs-content":"","ast-featured-img":"","footer-sml-layout":"","theme-transparent-header-meta":"default","adv-header-id-meta":"","stick-header-meta":"","header-above-stick-meta":"","header-main-stick-meta":"","header-below-stick-meta":"","astra-migrate-meta-layouts":"set","ast-page-background-enabled":"default","ast-page-background-meta":{"desktop":{"background-color":"","background-image":"","background-repeat":"repeat","background-position":"center center","background-size":"auto","background-attachment":"scroll","background-type":"","background-media":"","overlay-type":"","overlay-color":"","overlay-opacity":"","overlay-gradient":""},"tablet":{"background-color":"","background-image":"","background-repeat":"repeat","background-position":"center center","background-size":"auto","background-attachment":"scroll","background-type":"","background-media":"","overlay-type":"","overlay-color":"","overlay-opacity":"","overlay-gradient":""},"mobile":{"background-color":"","background-image":"","background-repeat":"repeat","background-position":"center center","background-size":"auto","background-attachment":"scroll","background-type":"","background-media":"","overlay-type":"","overlay-color":"","overlay-opacity":"","overlay-gradient":""}},"ast-content-background-meta":{"desktop":{"background-color":"var(--ast-global-color-5)","background-image":"","background-repeat":"repeat","background-position":"center center","background-size":"auto","background-attachment":"scroll","background-type":"","background-media":"","overlay-type":"","overlay-color":"","overlay-opacity":"","overlay-gradient":""},"tablet":{"background-color":"var(--ast-global-color-5)","background-image":"","background-repeat":"repeat","background-position":"center center","background-size":"auto","background-attachment":"scroll","background-type":"","background-media":"","overlay-type":"","overlay-color":"","overlay-opacity":"","overlay-gradient":""},"mobile":{"background-color":"var(--ast-global-color-5)","background-image":"","background-repeat":"repeat","background-position":"center center","background-size":"auto","background-attachment":"scroll","background-type":"","background-media":"","overlay-type":"","overlay-color":"","overlay-opacity":"","overlay-gradient":""}}},"product_brand":[],"product_cat":[28,278],"product_tag":[292],"class_list":{"0":"post-3012","1":"product","2":"type-product","3":"status-publish","4":"has-post-thumbnail","6":"product_cat-varietes-de-cannabis","7":"product_cat-varietes-de-marijuana-indica","8":"product_tag-buy-og-cheese-strain-aaa-small-buds-uae","9":"desktop-align-left","10":"tablet-align-left","11":"mobile-align-left","13":"first","14":"instock","15":"shipping-taxable","16":"purchasable","17":"product-type-variable"},"uagb_featured_image_src":{"full":["https:\/\/pressurezone.shop\/wp-content\/uploads\/2024\/10\/Buy-OG-Cheese-Strain-AAA-Small-Buds.webp",2048,1365,false],"thumbnail":["https:\/\/pressurezone.shop\/wp-content\/uploads\/2024\/10\/Buy-OG-Cheese-Strain-AAA-Small-Buds-150x150.webp",150,150,true],"medium":["https:\/\/pressurezone.shop\/wp-content\/uploads\/2024\/10\/Buy-OG-Cheese-Strain-AAA-Small-Buds-300x200.webp",300,200,true],"medium_large":["https:\/\/pressurezone.shop\/wp-content\/uploads\/2024\/10\/Buy-OG-Cheese-Strain-AAA-Small-Buds-768x512.webp",768,512,true],"large":["https:\/\/pressurezone.shop\/wp-content\/uploads\/2024\/10\/Buy-OG-Cheese-Strain-AAA-Small-Buds-1024x683.webp",1024,683,true],"1536x1536":["https:\/\/pressurezone.shop\/wp-content\/uploads\/2024\/10\/Buy-OG-Cheese-Strain-AAA-Small-Buds-1536x1024.webp",1536,1024,true],"2048x2048":["https:\/\/pressurezone.shop\/wp-content\/uploads\/2024\/10\/Buy-OG-Cheese-Strain-AAA-Small-Buds.webp",2048,1365,false],"trp-custom-language-flag":["https:\/\/pressurezone.shop\/wp-content\/uploads\/2024\/10\/Buy-OG-Cheese-Strain-AAA-Small-Buds-18x12.webp",18,12,true],"woocommerce_thumbnail":["https:\/\/pressurezone.shop\/wp-content\/uploads\/2024\/10\/Buy-OG-Cheese-Strain-AAA-Small-Buds-300x300.webp",300,300,true],"woocommerce_single":["https:\/\/pressurezone.shop\/wp-content\/uploads\/2024\/10\/Buy-OG-Cheese-Strain-AAA-Small-Buds-600x400.webp",600,400,true],"woocommerce_gallery_thumbnail":["https:\/\/pressurezone.shop\/wp-content\/uploads\/2024\/10\/Buy-OG-Cheese-Strain-AAA-Small-Buds-100x100.webp",100,100,true]},"uagb_author_info":{"display_name":"pressurezone.shop","author_link":"https:\/\/pressurezone.shop\/sv\/author\/"},"uagb_comment_info":0,"uagb_excerpt":"Achetez la Vari\u00e9t\u00e9 OG Cheese Strain AAA Small Buds en Ligne en Europe sur Pressure Zone D\u00e9couvrez OG Cheese Strain AAA Small Buds, \u00e9galement connue sous le nom de \u201cCheese OG\u201d parmi les patients m\u00e9dicaux. Cette vari\u00e9t\u00e9 de cannabis est un hybride indica dominant (80% indica \/ 20% sativa) n\u00e9e d\u2019un croisement entre les l\u00e9gendaires&hellip;","_links":{"self":[{"href":"https:\/\/pressurezone.shop\/sv\/wp-json\/wp\/v2\/product\/3012"}],"collection":[{"href":"https:\/\/pressurezone.shop\/sv\/wp-json\/wp\/v2\/product"}],"about":[{"href":"https:\/\/pressurezone.shop\/sv\/wp-json\/wp\/v2\/types\/product"}],"replies":[{"embeddable":true,"href":"https:\/\/pressurezone.shop\/sv\/wp-json\/wp\/v2\/comments?post=3012"}],"version-history":[{"count":3,"href":"https:\/\/pressurezone.shop\/sv\/wp-json\/wp\/v2\/product\/3012\/revisions"}],"predecessor-version":[{"id":3705,"href":"https:\/\/pressurezone.shop\/sv\/wp-json\/wp\/v2\/product\/3012\/revisions\/3705"}],"wp:featuredmedia":[{"embeddable":true,"href":"https:\/\/pressurezone.shop\/sv\/wp-json\/wp\/v2\/media\/3076"}],"wp:attachment":[{"href":"https:\/\/pressurezone.shop\/sv\/wp-json\/wp\/v2\/media?parent=3012"}],"wp:term":[{"taxonomy":"product_brand","embeddable":true,"href":"https:\/\/pressurezone.shop\/sv\/wp-json\/wp\/v2\/product_brand?post=3012"},{"taxonomy":"product_cat","embeddable":true,"href":"https:\/\/pressurezone.shop\/sv\/wp-json\/wp\/v2\/product_cat?post=3012"},{"taxonomy":"product_tag","embeddable":true,"href":"https:\/\/pressurezone.shop\/sv\/wp-json\/wp\/v2\/product_tag?post=3012"}],"curies":[{"name":"wp","href":"https:\/\/api.w.org\/{rel}","templated":true}]}}