{"id":3013,"date":"2024-10-11T00:48:47","date_gmt":"2024-10-10T22:48:47","guid":{"rendered":"https:\/\/pressurezone.shop\/?post_type=product&#038;p=3013"},"modified":"2024-11-03T22:13:13","modified_gmt":"2024-11-03T21:13:13","slug":"sour-cookies-marijuana-strain","status":"publish","type":"product","link":"https:\/\/pressurezone.shop\/sv\/produkt\/sura-kakor-marijuana-stam\/","title":{"rendered":"Sour Cookies Marijuana Strain"},"content":{"rendered":"<div class=\"flex-shrink-0 flex flex-col relative items-end\">\n<div>\n<div class=\"pt-0\">\n<div class=\"gizmo-bot-avatar flex h-8 w-8 items-center justify-center overflow-hidden rounded-full\">\n<div class=\"relative p-1 rounded-sm flex items-center justify-center bg-token-main-surface-primary text-token-text-primary h-8 w-8\"><\/div>\n<\/div>\n<\/div>\n<\/div>\n<\/div>\n<div class=\"group\/conversation-turn relative flex w-full min-w-0 flex-col agent-turn\">\n<div class=\"flex-col gap-1 md:gap-3\">\n<div class=\"flex max-w-full flex-col flex-grow\">\n<div class=\"min-h-8 text-message flex w-full flex-col items-end gap-2 whitespace-normal break-words [.text-message+&amp;]:mt-5\" dir=\"auto\" data-message-author-role=\"assistant\" data-message-id=\"5af859e0-5fc1-4b88-aab0-49b68827796e\" data-message-model-slug=\"gpt-4o\">\n<div class=\"flex w-full flex-col gap-1 empty:hidden first:pt-[3px]\">\n<div class=\"markdown prose w-full break-words dark:prose-invert light\">\n<h3><strong>K\u00f6p Sour Cookies Marijuana Strain online i Europa p\u00e5 <a href=\"https:\/\/pressurezone.shop\/sv\/\" target=\"_new\" rel=\"noopener\">Tryckzonsbutik<\/a><\/strong><\/h3>\n<p>Uppt\u00e4ck de <strong>Sour Cookies Marijuana Strain<\/strong>en sativadominant hybrid som \u00e4r resultatet av en korsning mellan den ber\u00f6mda <strong>Girl Scout Cookies<\/strong> och <strong>Sur diesel<\/strong>. <strong>Sura kakor<\/strong> kombinerar de b\u00e4sta effekterna av de tv\u00e5 sorterna f\u00f6r att skapa en energigivande, cerebral upplevelse med en touch av fysisk avkoppling.<\/p>\n<h3>Varf\u00f6r v\u00e4lja Sour Cookies Marijuana Strain?<\/h3>\n<p><strong>Sour Cookies Marijuana Strain<\/strong> \u00e4r perfekt f\u00f6r dem som s\u00f6ker en stimulerande mental h\u00f6g med en antydan till avkoppling. \u00c4ven om THC-halten \u00e4r m\u00e5ttlig ger denna sort en euforisk kick som uppmuntrar till kreativitet och s\u00e4llskaplighet. Dess unika smakprofil, med toner av <strong>diesel<\/strong>av <strong>n\u00f6tter<\/strong> och <strong>ost<\/strong>Det g\u00f6r den till ett uts\u00f6kt val f\u00f6r den som gillar kraftiga smaker.<\/p>\n<ul>\n<li><strong>Typ<\/strong> Sativa-dominerande hybrid<\/li>\n<li><strong>THC<\/strong> : M\u00e5ttlig, erbjuder en balanserad h\u00f6jdpunkt f\u00f6r dagen<\/li>\n<\/ul>\n<h3>Effekter och f\u00f6rdelar med Sour Cookies Weed Strain<\/h3>\n<p>La <strong>Sura kakor Weed Strain<\/strong> \u00e4r perfekt f\u00f6r dig som vill ha en stimulerande mental kick, perfekt f\u00f6r sociala eller kreativa aktiviteter. Det har en cerebral och energigivande effekt, samtidigt som det ger en mild avkoppling som inte l\u00e4mnar dig fastspikad i soffan.<\/p>\n<ul>\n<li><strong>Effekter<\/strong> Cerebral, Kreativ, Energigivande, Glad, S\u00e4llskaplig, Hum\u00f6rh\u00f6jande<\/li>\n<li><strong>Perfekt f\u00f6r<\/strong> ADD\/ADHD, Artrit, Bipol\u00e4r sjukdom, Kronisk sm\u00e4rta, Depression, Tr\u00f6tthet, Illam\u00e5ende, PTSD, Stress<\/li>\n<\/ul>\n<h3>Tillst\u00e5nd som lindras av Sour Cookies Cannabis Strain<\/h3>\n<p>Tack vare dess sativa-dominerande effekter, <strong>Sura kakor<\/strong> v\u00e4ljs ofta f\u00f6r att lindra olika psykiska och fysiska symtom:<\/p>\n<ul>\n<li><strong>ADD\/ADHD och depression<\/strong> : Hj\u00e4lper dig att koncentrera dig samtidigt som du f\u00f6rb\u00e4ttrar ditt hum\u00f6r.<\/li>\n<li><strong>Utmattning och kronisk sm\u00e4rta<\/strong> Ger f\u00f6rnyad energi och lindrar kroppslig v\u00e4rk och sm\u00e4rta.<\/li>\n<li><strong>Illam\u00e5ende och stress<\/strong> Lugnar magen och lindrar mental ansp\u00e4nning<a href=\"https:\/\/fuelpackz.com\/\" target=\"_blank\" rel=\"noopener\">.<\/a><\/li>\n<\/ul>\n<h3>Smaker och aromer av Sour Cookies Weed Strain<\/h3>\n<p>La <strong>Sura kakor Weed Strain<\/strong> f\u00f6rf\u00f6r med sina smaker av <strong>ost<\/strong>av <strong>diesel<\/strong> och <strong>hasseln\u00f6t<\/strong>med en antydan till s\u00f6tma och tr\u00e4ighet. Dess kraftfulla arom av <strong>br\u00e4nsle<\/strong> och <strong>hash<\/strong> full\u00e4ndar upplevelsen och erbjuder en komplex och minnesv\u00e4rd palett med varje puff.<\/p>\n<ul>\n<li><strong>Smaker<\/strong> Ost, Diesel, Hasseln\u00f6t, Tall, S\u00f6t<\/li>\n<li><strong>Dofter<\/strong> Br\u00e4nsle, Hasch, Kryddig, S\u00f6t<\/li>\n<\/ul>\n<h3>Utseende av sura kakor Cannabisblomma<\/h3>\n<p>Knopparna p\u00e5 <strong>Sura kakor<\/strong> \u00e4r t\u00e4ta, med en intensiv gr\u00f6n f\u00e4rg och b\u00e4rnstensf\u00e4rgade h\u00e5r, t\u00e4ckta med gl\u00e4nsande trikomer som \u00e5terspeglar kvaliteten hos denna unika sort. Deras attraktiva, hartsartade utseende f\u00e5ngar \u00f6gat vid f\u00f6rsta anblicken.<\/p>\n<h3>Best\u00e4ll Sour Cookies Marijuana Strain online p\u00e5 Pressure Zone Shop<\/h3>\n<p>Redo att uppt\u00e4cka den cerebrala rusningen och den energigivande effekten av <strong>Sour Cookies Marijuana Strain<\/strong> ? Best\u00e4ll idag fr\u00e5n <a href=\"https:\/\/pressurezone.shop\/sv\/\" target=\"_new\" rel=\"noopener\">Tryckzonsbutik<\/a> f\u00f6r en stimulerande och balanserad cannabisupplevelse, perfekt f\u00f6r att f\u00f6rb\u00e4ttra din kreativitet och hum\u00f6r samtidigt som du njuter av subtil avkoppling. <strong>Sura kakor<\/strong> \u00e4r det perfekta valet f\u00f6r en produktiv dag full av smak.<\/p>\n<\/div>\n<\/div>\n<\/div>\n<\/div>\n<\/div>\n<\/div>","protected":false},"excerpt":{"rendered":"<p>Achetez la Sour Cookies Marijuana Strain en Ligne en Europe sur Pressure Zone Shop D\u00e9couvrez la Sour Cookies Marijuana Strain, une vari\u00e9t\u00e9 hybride \u00e0 dominance sativa issue du croisement entre les c\u00e9l\u00e8bres Girl Scout Cookies et Sour Diesel. Sour Cookies combine les meilleurs effets des deux souches pour cr\u00e9er une exp\u00e9rience c\u00e9r\u00e9brale et \u00e9nergisante avec [&hellip;]<\/p>","protected":false},"featured_media":3078,"comment_status":"closed","ping_status":"closed","template":"","meta":{"_uag_custom_page_level_css":"","site-sidebar-layout":"default","site-content-layout":"","ast-site-content-layout":"default","site-content-style":"default","site-sidebar-style":"default","ast-global-header-display":"","ast-banner-title-visibility":"","ast-main-header-display":"","ast-hfb-above-header-display":"","ast-hfb-below-header-display":"","ast-hfb-mobile-header-display":"","site-post-title":"","ast-breadcrumbs-content":"","ast-featured-img":"","footer-sml-layout":"","theme-transparent-header-meta":"default","adv-header-id-meta":"","stick-header-meta":"","header-above-stick-meta":"","header-main-stick-meta":"","header-below-stick-meta":"","astra-migrate-meta-layouts":"set","ast-page-background-enabled":"default","ast-page-background-meta":{"desktop":{"background-color":"","background-image":"","background-repeat":"repeat","background-position":"center center","background-size":"auto","background-attachment":"scroll","background-type":"","background-media":"","overlay-type":"","overlay-color":"","overlay-opacity":"","overlay-gradient":""},"tablet":{"background-color":"","background-image":"","background-repeat":"repeat","background-position":"center center","background-size":"auto","background-attachment":"scroll","background-type":"","background-media":"","overlay-type":"","overlay-color":"","overlay-opacity":"","overlay-gradient":""},"mobile":{"background-color":"","background-image":"","background-repeat":"repeat","background-position":"center center","background-size":"auto","background-attachment":"scroll","background-type":"","background-media":"","overlay-type":"","overlay-color":"","overlay-opacity":"","overlay-gradient":""}},"ast-content-background-meta":{"desktop":{"background-color":"var(--ast-global-color-5)","background-image":"","background-repeat":"repeat","background-position":"center center","background-size":"auto","background-attachment":"scroll","background-type":"","background-media":"","overlay-type":"","overlay-color":"","overlay-opacity":"","overlay-gradient":""},"tablet":{"background-color":"var(--ast-global-color-5)","background-image":"","background-repeat":"repeat","background-position":"center center","background-size":"auto","background-attachment":"scroll","background-type":"","background-media":"","overlay-type":"","overlay-color":"","overlay-opacity":"","overlay-gradient":""},"mobile":{"background-color":"var(--ast-global-color-5)","background-image":"","background-repeat":"repeat","background-position":"center center","background-size":"auto","background-attachment":"scroll","background-type":"","background-media":"","overlay-type":"","overlay-color":"","overlay-opacity":"","overlay-gradient":""}}},"product_brand":[],"product_cat":[28,273],"product_tag":[293],"class_list":{"0":"post-3013","1":"product","2":"type-product","3":"status-publish","4":"has-post-thumbnail","6":"product_cat-varietes-de-cannabis","7":"product_cat-varietes-de-cannabis-sativa","8":"product_tag-buy-sour-cookies-marijuana-strain-online-europe","9":"desktop-align-left","10":"tablet-align-left","11":"mobile-align-left","13":"first","14":"instock","15":"shipping-taxable","16":"purchasable","17":"product-type-variable"},"uagb_featured_image_src":{"full":["https:\/\/pressurezone.shop\/wp-content\/uploads\/2024\/10\/Sour-Cookies-Marijuana-Strain.webp",570,464,false],"thumbnail":["https:\/\/pressurezone.shop\/wp-content\/uploads\/2024\/10\/Sour-Cookies-Marijuana-Strain-150x150.webp",150,150,true],"medium":["https:\/\/pressurezone.shop\/wp-content\/uploads\/2024\/10\/Sour-Cookies-Marijuana-Strain-300x244.webp",300,244,true],"medium_large":["https:\/\/pressurezone.shop\/wp-content\/uploads\/2024\/10\/Sour-Cookies-Marijuana-Strain.webp",570,464,false],"large":["https:\/\/pressurezone.shop\/wp-content\/uploads\/2024\/10\/Sour-Cookies-Marijuana-Strain.webp",570,464,false],"1536x1536":["https:\/\/pressurezone.shop\/wp-content\/uploads\/2024\/10\/Sour-Cookies-Marijuana-Strain.webp",570,464,false],"2048x2048":["https:\/\/pressurezone.shop\/wp-content\/uploads\/2024\/10\/Sour-Cookies-Marijuana-Strain.webp",570,464,false],"trp-custom-language-flag":["https:\/\/pressurezone.shop\/wp-content\/uploads\/2024\/10\/Sour-Cookies-Marijuana-Strain-15x12.webp",15,12,true],"woocommerce_thumbnail":["https:\/\/pressurezone.shop\/wp-content\/uploads\/2024\/10\/Sour-Cookies-Marijuana-Strain-300x300.webp",300,300,true],"woocommerce_single":["https:\/\/pressurezone.shop\/wp-content\/uploads\/2024\/10\/Sour-Cookies-Marijuana-Strain.webp",570,464,false],"woocommerce_gallery_thumbnail":["https:\/\/pressurezone.shop\/wp-content\/uploads\/2024\/10\/Sour-Cookies-Marijuana-Strain-100x100.webp",100,100,true]},"uagb_author_info":{"display_name":"pressurezone.shop","author_link":"https:\/\/pressurezone.shop\/sv\/author\/"},"uagb_comment_info":0,"uagb_excerpt":"Achetez la Sour Cookies Marijuana Strain en Ligne en Europe sur Pressure Zone Shop D\u00e9couvrez la Sour Cookies Marijuana Strain, une vari\u00e9t\u00e9 hybride \u00e0 dominance sativa issue du croisement entre les c\u00e9l\u00e8bres Girl Scout Cookies et Sour Diesel. Sour Cookies combine les meilleurs effets des deux souches pour cr\u00e9er une exp\u00e9rience c\u00e9r\u00e9brale et \u00e9nergisante avec&hellip;","_links":{"self":[{"href":"https:\/\/pressurezone.shop\/sv\/wp-json\/wp\/v2\/product\/3013"}],"collection":[{"href":"https:\/\/pressurezone.shop\/sv\/wp-json\/wp\/v2\/product"}],"about":[{"href":"https:\/\/pressurezone.shop\/sv\/wp-json\/wp\/v2\/types\/product"}],"replies":[{"embeddable":true,"href":"https:\/\/pressurezone.shop\/sv\/wp-json\/wp\/v2\/comments?post=3013"}],"version-history":[{"count":3,"href":"https:\/\/pressurezone.shop\/sv\/wp-json\/wp\/v2\/product\/3013\/revisions"}],"predecessor-version":[{"id":4030,"href":"https:\/\/pressurezone.shop\/sv\/wp-json\/wp\/v2\/product\/3013\/revisions\/4030"}],"wp:featuredmedia":[{"embeddable":true,"href":"https:\/\/pressurezone.shop\/sv\/wp-json\/wp\/v2\/media\/3078"}],"wp:attachment":[{"href":"https:\/\/pressurezone.shop\/sv\/wp-json\/wp\/v2\/media?parent=3013"}],"wp:term":[{"taxonomy":"product_brand","embeddable":true,"href":"https:\/\/pressurezone.shop\/sv\/wp-json\/wp\/v2\/product_brand?post=3013"},{"taxonomy":"product_cat","embeddable":true,"href":"https:\/\/pressurezone.shop\/sv\/wp-json\/wp\/v2\/product_cat?post=3013"},{"taxonomy":"product_tag","embeddable":true,"href":"https:\/\/pressurezone.shop\/sv\/wp-json\/wp\/v2\/product_tag?post=3013"}],"curies":[{"name":"wp","href":"https:\/\/api.w.org\/{rel}","templated":true}]}}