{"id":3015,"date":"2024-10-11T00:48:47","date_gmt":"2024-10-10T22:48:47","guid":{"rendered":"https:\/\/pressurezone.shop\/?post_type=product&#038;p=3015"},"modified":"2024-11-03T01:17:54","modified_gmt":"2024-11-03T00:17:54","slug":"green-crack-marijuana-strain","status":"publish","type":"product","link":"https:\/\/pressurezone.shop\/sv\/produkt\/gron-crack-marijuana-stam\/","title":{"rendered":"Green Crack Marijuana Strain"},"content":{"rendered":"<h3><strong>K\u00f6p Green Crack Marijuana Strain online p\u00e5 <a href=\"https:\/\/pressurezone.shop\/sv\/\" target=\"_new\" rel=\"noopener\">Tryckzonsbutik<\/a><\/strong><\/h3>\n<p>&nbsp;<\/p>\n<p>La <strong>Green Crack Marijuana Strain<\/strong>Green Crack, \u00e4ven k\u00e4nd som \"G.C.\", \u00e4r en sativadominant sort som \u00e4r inavlad fr\u00e5n den ber\u00f6mda Skunk #1. Green Crack \u00e4r k\u00e4nd f\u00f6r sina energigivande effekter och sin s\u00f6ta citrussmak och \u00e4r ett popul\u00e4rt val bland cannabisentusiaster som vill ha en snabb och ih\u00e5llande mental kick. Roligt faktum: Snoop Dogg sj\u00e4lv namngav det <strong>Green Crack<\/strong> f\u00f6r dess intensivt stimulerande effekter!<\/p>\n<h3>Varf\u00f6r v\u00e4lja Green Crack Marijuana Strain?<\/h3>\n<p>La <strong>Green Crack-sort<\/strong> \u00e4r ett utm\u00e4rkt val f\u00f6r dig som vill h\u00e5lla dig produktiv och inspirerad. Med ett sativa\/indica-f\u00f6rh\u00e5llande p\u00e5 <strong>65:35<\/strong> och en <strong>THC upp till 24%<\/strong>Denna sort erbjuder en kraftfull, omedelbar cerebral h\u00f6g. Perfekt f\u00f6r de dagar d\u00e5 du beh\u00f6ver \u00f6ka din energi, det uppmuntrar kreativitet och koncentration utan effekten av fysisk tr\u00f6tthet.<a href=\"https:\/\/fuelpackz.com\/\" target=\"_blank\" rel=\"noopener\">.<\/a><\/p>\n<ul>\n<li><strong>Typ<\/strong> Sativa-dominerande (65% Sativa \/ 35% Indica)<\/li>\n<li><strong>THC<\/strong> Upp till 24%<\/li>\n<\/ul>\n<h3>Effekter och f\u00f6rdelar med Green Crack Weed Strain<\/h3>\n<p>La <strong>Green Crack Weed-sort<\/strong> \u00e4r k\u00e4nd f\u00f6r sin energigivande effekt, som h\u00f6jer hum\u00f6ret och stimulerar sinnet. Den \u00e4r idealisk f\u00f6r personer som lider av \u00e5ngest, kronisk tr\u00f6tthet eller uppm\u00e4rksamhetsproblem, eftersom den ger \u00f6kad koncentration och f\u00f6rnyad motivation.<\/p>\n<ul>\n<li><strong>Effekter<\/strong> Cerebral, Kreativ, Energigivande, Koncentrerad, Glad<\/li>\n<li><strong>Rekommenderas f\u00f6r<\/strong> \u00c5ngest, Depression, Kronisk sm\u00e4rta, Tr\u00f6tthet, Aptitl\u00f6shet, PTSD, Migr\u00e4n<\/li>\n<\/ul>\n<p>Tillst\u00e5nd som kan lindras med <strong>Green Crack<\/strong> :<\/p>\n<ul>\n<li><strong>\u00c5ngest och depression<\/strong> : Fr\u00e4mjar ett positivt sinnestillst\u00e5nd och minskar stress.<\/li>\n<li><strong>Tr\u00f6tthet och aptitl\u00f6shet<\/strong> Stimulerar fysisk och mental energi och \u00f6kar aptiten.<\/li>\n<li><strong>Migr\u00e4n och kronisk sm\u00e4rta<\/strong> Lindrar huvudv\u00e4rk och ger avslappning utan \u00f6verdriven sedering.<\/li>\n<\/ul>\n<h3>Smaker och aromer av Green Crack Weed Strain<\/h3>\n<p>De som njuter av <strong>Green Crack Marijuana Strain<\/strong> f\u00f6rf\u00f6rs av dess s\u00f6ta smaker av citrus och tropisk frukt, tillsammans med inslag av tall. Dess uppfriskande, soliga smakprofil \u00e4r lika behaglig som dess effekter.<\/p>\n<ul>\n<li><strong>Smaker<\/strong> : Citrus, fruktig, tall, s\u00f6t<\/li>\n<li><strong>Dofter<\/strong> Tropisk, jordig, citrus<\/li>\n<\/ul>\n<h3>Utseende av Green Crack Weed Strain<\/h3>\n<p>Visuellt \u00e4r <strong>Green Crack<\/strong> k\u00e4nnetecknas av sina t\u00e4ta, hartst\u00e4ckta knoppar, med ljusa ljusgr\u00f6na nyanser och subtila orangef\u00e4rgade h\u00f6jdpunkter. Det \u00e4r lika attraktivt f\u00f6r sitt kristallina utseende som f\u00f6r dess kraftfulla effekter.<\/p>\n<h3>Best\u00e4ll Green Crack Marijuana Strain online p\u00e5 Pressure Zone Shop<\/h3>\n<p>Utforska <strong>Green Crack Marijuana Strain<\/strong> f\u00f6r en stimulerande, dynamisk h\u00f6g som fr\u00e4mjar produktivitet. Perfekt f\u00f6r dagen, det ger en mental boost som h\u00e5ller dig r\u00f6rlig och inspirerad. Best\u00e4ll nu p\u00e5 <a href=\"https:\/\/pressurezone.shop\/sv\/\" target=\"_new\" rel=\"noopener\">Tryckzonsbutik<\/a> och uppt\u00e4ck f\u00f6rdelarna med denna v\u00e4lk\u00e4nda sort. Oavsett om du vill bek\u00e4mpa tr\u00f6tthet eller helt enkelt \u00f6ka din kreativitet, <strong>Green Crack<\/strong> \u00e4r ett f\u00f6rstklassigt val.<\/p>","protected":false},"excerpt":{"rendered":"<p>Achetez la Green Crack Marijuana Strain en Ligne sur Pressure Zone Shop &nbsp; La Green Crack Marijuana Strain, \u00e9galement appel\u00e9e \u00ab\u2009G.C.\u2009\u00bb, est une vari\u00e9t\u00e9 \u00e0 dominance sativa, n\u00e9e de l\u2019inbreeding du c\u00e9l\u00e8bre Skunk #1. Reconnue pour ses effets \u00e9nergisants et son go\u00fbt sucr\u00e9 d&rsquo;agrumes, la Green Crack est un choix populaire parmi les amateurs de [&hellip;]<\/p>","protected":false},"featured_media":3082,"comment_status":"closed","ping_status":"closed","template":"","meta":{"_uag_custom_page_level_css":"","site-sidebar-layout":"default","site-content-layout":"","ast-site-content-layout":"default","site-content-style":"default","site-sidebar-style":"default","ast-global-header-display":"","ast-banner-title-visibility":"","ast-main-header-display":"","ast-hfb-above-header-display":"","ast-hfb-below-header-display":"","ast-hfb-mobile-header-display":"","site-post-title":"","ast-breadcrumbs-content":"","ast-featured-img":"","footer-sml-layout":"","theme-transparent-header-meta":"default","adv-header-id-meta":"","stick-header-meta":"","header-above-stick-meta":"","header-main-stick-meta":"","header-below-stick-meta":"","astra-migrate-meta-layouts":"set","ast-page-background-enabled":"default","ast-page-background-meta":{"desktop":{"background-color":"","background-image":"","background-repeat":"repeat","background-position":"center center","background-size":"auto","background-attachment":"scroll","background-type":"","background-media":"","overlay-type":"","overlay-color":"","overlay-opacity":"","overlay-gradient":""},"tablet":{"background-color":"","background-image":"","background-repeat":"repeat","background-position":"center center","background-size":"auto","background-attachment":"scroll","background-type":"","background-media":"","overlay-type":"","overlay-color":"","overlay-opacity":"","overlay-gradient":""},"mobile":{"background-color":"","background-image":"","background-repeat":"repeat","background-position":"center center","background-size":"auto","background-attachment":"scroll","background-type":"","background-media":"","overlay-type":"","overlay-color":"","overlay-opacity":"","overlay-gradient":""}},"ast-content-background-meta":{"desktop":{"background-color":"var(--ast-global-color-5)","background-image":"","background-repeat":"repeat","background-position":"center center","background-size":"auto","background-attachment":"scroll","background-type":"","background-media":"","overlay-type":"","overlay-color":"","overlay-opacity":"","overlay-gradient":""},"tablet":{"background-color":"var(--ast-global-color-5)","background-image":"","background-repeat":"repeat","background-position":"center center","background-size":"auto","background-attachment":"scroll","background-type":"","background-media":"","overlay-type":"","overlay-color":"","overlay-opacity":"","overlay-gradient":""},"mobile":{"background-color":"var(--ast-global-color-5)","background-image":"","background-repeat":"repeat","background-position":"center center","background-size":"auto","background-attachment":"scroll","background-type":"","background-media":"","overlay-type":"","overlay-color":"","overlay-opacity":"","overlay-gradient":""}}},"product_brand":[],"product_cat":[28,273],"product_tag":[295,498],"class_list":{"0":"post-3015","1":"product","2":"type-product","3":"status-publish","4":"has-post-thumbnail","6":"product_cat-varietes-de-cannabis","7":"product_cat-varietes-de-cannabis-sativa","8":"product_tag-buy-green-crack-marijuana-strain-online-europe","9":"product_tag-green-crack-marijuana-strain","10":"desktop-align-left","11":"tablet-align-left","12":"mobile-align-left","14":"first","15":"instock","16":"shipping-taxable","17":"purchasable","18":"product-type-variable"},"uagb_featured_image_src":{"full":["https:\/\/pressurezone.shop\/wp-content\/uploads\/2024\/10\/Green-Crack-Marijuana-Strain1.jpg",960,960,false],"thumbnail":["https:\/\/pressurezone.shop\/wp-content\/uploads\/2024\/10\/Green-Crack-Marijuana-Strain1-150x150.jpg",150,150,true],"medium":["https:\/\/pressurezone.shop\/wp-content\/uploads\/2024\/10\/Green-Crack-Marijuana-Strain1-300x300.jpg",300,300,true],"medium_large":["https:\/\/pressurezone.shop\/wp-content\/uploads\/2024\/10\/Green-Crack-Marijuana-Strain1-768x768.jpg",768,768,true],"large":["https:\/\/pressurezone.shop\/wp-content\/uploads\/2024\/10\/Green-Crack-Marijuana-Strain1.jpg",960,960,false],"1536x1536":["https:\/\/pressurezone.shop\/wp-content\/uploads\/2024\/10\/Green-Crack-Marijuana-Strain1.jpg",960,960,false],"2048x2048":["https:\/\/pressurezone.shop\/wp-content\/uploads\/2024\/10\/Green-Crack-Marijuana-Strain1.jpg",960,960,false],"trp-custom-language-flag":["https:\/\/pressurezone.shop\/wp-content\/uploads\/2024\/10\/Green-Crack-Marijuana-Strain1-12x12.jpg",12,12,true],"woocommerce_thumbnail":["https:\/\/pressurezone.shop\/wp-content\/uploads\/2024\/10\/Green-Crack-Marijuana-Strain1-300x300.jpg",300,300,true],"woocommerce_single":["https:\/\/pressurezone.shop\/wp-content\/uploads\/2024\/10\/Green-Crack-Marijuana-Strain1-600x600.jpg",600,600,true],"woocommerce_gallery_thumbnail":["https:\/\/pressurezone.shop\/wp-content\/uploads\/2024\/10\/Green-Crack-Marijuana-Strain1-100x100.jpg",100,100,true]},"uagb_author_info":{"display_name":"pressurezone.shop","author_link":"https:\/\/pressurezone.shop\/sv\/author\/"},"uagb_comment_info":0,"uagb_excerpt":"Achetez la Green Crack Marijuana Strain en Ligne sur Pressure Zone Shop &nbsp; La Green Crack Marijuana Strain, \u00e9galement appel\u00e9e \u00ab\u2009G.C.\u2009\u00bb, est une vari\u00e9t\u00e9 \u00e0 dominance sativa, n\u00e9e de l\u2019inbreeding du c\u00e9l\u00e8bre Skunk #1. Reconnue pour ses effets \u00e9nergisants et son go\u00fbt sucr\u00e9 d&rsquo;agrumes, la Green Crack est un choix populaire parmi les amateurs de&hellip;","_links":{"self":[{"href":"https:\/\/pressurezone.shop\/sv\/wp-json\/wp\/v2\/product\/3015"}],"collection":[{"href":"https:\/\/pressurezone.shop\/sv\/wp-json\/wp\/v2\/product"}],"about":[{"href":"https:\/\/pressurezone.shop\/sv\/wp-json\/wp\/v2\/types\/product"}],"replies":[{"embeddable":true,"href":"https:\/\/pressurezone.shop\/sv\/wp-json\/wp\/v2\/comments?post=3015"}],"version-history":[{"count":3,"href":"https:\/\/pressurezone.shop\/sv\/wp-json\/wp\/v2\/product\/3015\/revisions"}],"predecessor-version":[{"id":3847,"href":"https:\/\/pressurezone.shop\/sv\/wp-json\/wp\/v2\/product\/3015\/revisions\/3847"}],"wp:featuredmedia":[{"embeddable":true,"href":"https:\/\/pressurezone.shop\/sv\/wp-json\/wp\/v2\/media\/3082"}],"wp:attachment":[{"href":"https:\/\/pressurezone.shop\/sv\/wp-json\/wp\/v2\/media?parent=3015"}],"wp:term":[{"taxonomy":"product_brand","embeddable":true,"href":"https:\/\/pressurezone.shop\/sv\/wp-json\/wp\/v2\/product_brand?post=3015"},{"taxonomy":"product_cat","embeddable":true,"href":"https:\/\/pressurezone.shop\/sv\/wp-json\/wp\/v2\/product_cat?post=3015"},{"taxonomy":"product_tag","embeddable":true,"href":"https:\/\/pressurezone.shop\/sv\/wp-json\/wp\/v2\/product_tag?post=3015"}],"curies":[{"name":"wp","href":"https:\/\/api.w.org\/{rel}","templated":true}]}}