{"id":3016,"date":"2024-10-11T00:48:47","date_gmt":"2024-10-10T22:48:47","guid":{"rendered":"https:\/\/pressurezone.shop\/?post_type=product&#038;p=3016"},"modified":"2024-11-02T22:08:51","modified_gmt":"2024-11-02T21:08:51","slug":"ewok-strain-small-buds","status":"publish","type":"product","link":"https:\/\/pressurezone.shop\/sv\/produkt\/ewok-stam-sma-knoppar\/","title":{"rendered":"Ewok Strain Sm\u00e5 Buds - Hybrid"},"content":{"rendered":"<div class=\"flex-shrink-0 flex flex-col relative items-end\">\n<div>\n<div class=\"pt-0\">\n<div class=\"gizmo-bot-avatar flex h-8 w-8 items-center justify-center overflow-hidden rounded-full\">\n<div class=\"relative p-1 rounded-sm flex items-center justify-center bg-token-main-surface-primary text-token-text-primary h-8 w-8\"><\/div>\n<\/div>\n<\/div>\n<\/div>\n<\/div>\n<div class=\"group\/conversation-turn relative flex w-full min-w-0 flex-col agent-turn\">\n<div class=\"flex-col gap-1 md:gap-3\">\n<div class=\"flex max-w-full flex-col flex-grow\">\n<div class=\"min-h-8 text-message flex w-full flex-col items-end gap-2 whitespace-normal break-words [.text-message+&amp;]:mt-5\" dir=\"auto\" data-message-author-role=\"assistant\" data-message-id=\"31af42ca-c24e-41d6-9fe5-c859d28070bf\" data-message-model-slug=\"gpt-4o\">\n<div class=\"flex w-full flex-col gap-1 empty:hidden first:pt-[3px]\">\n<div class=\"markdown prose w-full break-words dark:prose-invert light\">\n<h3><strong>K\u00f6p Ewok Strain Small Buds - Hybrid online i Europa p\u00e5 <a href=\"https:\/\/pressurezone.shop\/sv\/\" target=\"_new\" rel=\"noopener\">Tryckzon<\/a><\/strong><\/h3>\n<p>Uppt\u00e4ck <strong>Ewok Strain Sm\u00e5 Buds - Hybrid<\/strong>a <strong>cannabis sort<\/strong> En unik hybrid som kombinerar smakerna av Kush, citrus, n\u00f6tter och mynta f\u00f6r en rik, komplex upplevelse. Ewok k\u00e4nnetecknas av sina sm\u00e5 huvuden t\u00e4ckta av r\u00f6da h\u00e5r och sin arom av Kush blandad med mandarin, och erbjuder en energigivande och avkopplande h\u00f6g perfekt f\u00f6r att stimulera kreativitet och v\u00e4lbefinnande. Denna kraftfulla blandning inducerar intensiva cerebrala effekter som v\u00e4cker sinnena samtidigt som kroppen lugnas.<a href=\"https:\/\/fuelpackz.com\/\" target=\"_blank\" rel=\"noopener\">.<\/a><\/p>\n<h3>Effekter och f\u00f6rdelar med Ewok Strain Small Buds - Hybrid<\/h3>\n<p>La <strong>Variety Ewok Strain Sm\u00e5 knoppar - Hybrid<\/strong> \u00e4r k\u00e4nt f\u00f6r sina balanserade effekter, som ger b\u00e5de en energigivande och lugnande kick:<\/p>\n<ul>\n<li><strong>Kreativitet och koncentration<\/strong> Stimulerar hj\u00e4rnan, perfekt f\u00f6r kreativa aktiviteter och koncentration.<\/li>\n<li><strong>Eufori och avslappning<\/strong> : Ger en k\u00e4nsla av lycka samtidigt som kroppen slappnar av, perfekt f\u00f6r fullst\u00e4ndig avslappning.<\/li>\n<li><strong>Energi och lugnande<\/strong> En unik balans som fr\u00e4mjar mild energi och inre lugn.<\/li>\n<\/ul>\n<p>Med sina kraftfulla cerebrala effekter \u00e4r Ewok ett idealiskt alternativ f\u00f6r stunder av kreativitet eller avkoppling.<\/p>\n<h3>Terapeutiska f\u00f6rdelar med Ewok Strain Small Buds - Hybrid<\/h3>\n<p>P\u00e5 grund av dess balanserade effekter, <strong>Ewok<\/strong> v\u00e4ljs ofta f\u00f6r att lindra en rad olika symtom och tillst\u00e5nd:<\/p>\n<ul>\n<li><strong>Lindring av sm\u00e4rta och inflammation<\/strong> Lindrar kronisk sm\u00e4rta och muskelspasmer samt minskar inflammation.<\/li>\n<li><strong>F\u00f6rb\u00e4ttrad sinnesst\u00e4mning och minskad stress<\/strong> Effektivt mot depression, stress och tr\u00f6tthet.<\/li>\n<li><strong>Behandling av s\u00f6mnl\u00f6shet och aptitl\u00f6shet<\/strong> : Fr\u00e4mjar vilsam s\u00f6mn och stimulerar aptiten, perfekt f\u00f6r anv\u00e4ndare med s\u00f6mnst\u00f6rningar eller aptitl\u00f6shet.<\/li>\n<\/ul>\n<p>Detta <strong>cannabis sort<\/strong> \u00e4r perfekt f\u00f6r anv\u00e4ndare som vill ha en energigivande och avslappnande effekt utan kraftig sedering, perfekt f\u00f6r anv\u00e4ndning p\u00e5 kv\u00e4llen eller efter en l\u00e5ng dag.<\/p>\n<h3>Smak och doft av Ewok<\/h3>\n<p>Ewok har ocks\u00e5 en rik, intensiv smak- och aromaprofil:<\/p>\n<ul>\n<li><strong>Smaker<\/strong> En utpr\u00e4glad citrussmak av citron och frukt, f\u00f6rst\u00e4rkt av toner av tall som ger friskhet.<\/li>\n<li><strong>Dofter<\/strong> En jordig, fruktig doft med en syrlig hint av citron som full\u00e4ndar upplevelsen.<\/li>\n<\/ul>\n<p>Dessa <strong>naturliga smaker och aromer<\/strong> g\u00f6r varje bloss av Ewok till en trevlig sensorisk upplevelse, perfekt f\u00f6r fans av citrus- och Kush-smaker.<\/p>\n<h3>Varf\u00f6r k\u00f6pa Ewok Strain Small Buds - Hybrid p\u00e5 <a href=\"https:\/\/pressurezone.shop\/sv\/\" target=\"_new\" rel=\"noopener\">Tryckzon<\/a>?<\/h3>\n<p>Vid <strong>Tryckzon<\/strong>vi erbjuder <strong>cannabis sorter<\/strong> premium, noggrant utvalda och testade f\u00f6r att s\u00e4kerst\u00e4lla oklanderlig kvalitet. <strong>Ewok Strain Sm\u00e5 Buds - Hybrid<\/strong> \u00e4r en av v\u00e5ra favoritsorter f\u00f6r sina balanserade effekter och intensiva smaker. H\u00e4r \u00e4r varf\u00f6r du ska v\u00e4lja Pressure Zone:<\/p>\n<ul>\n<li><strong>\u00d6verl\u00e4gsen kvalitet<\/strong> V\u00e5ra produkter testas noggrant f\u00f6r att garantera renhet och effekt.<\/li>\n<li><strong>Energigivande och avslappnande effekt<\/strong> Perfekt f\u00f6r att hantera stress och sm\u00e4rta samtidigt som du h\u00e5ller dig aktiv.<\/li>\n<li><strong>Engagerad kundservice<\/strong> : Vi finns till hands f\u00f6r att hj\u00e4lpa dig att hitta r\u00e4tt <strong>cannabis sort<\/strong> som uppfyller dina behov.<\/li>\n<\/ul>\n<h3>Vanliga fr\u00e5gor och svar<\/h3>\n<h4>Vilka \u00e4r de viktigaste effekterna av Ewok Strain Small Buds - Hybrid?<\/h4>\n<p>Ewok erbjuder en perfekt balans mellan energi och avslappning, stimulerar kreativiteten samtidigt som den lugnar sinnet. Den \u00e4r idealisk f\u00f6r stunder av avkoppling eller kreativa aktiviteter.<\/p>\n<h4>\u00c4r Ewok effektivt f\u00f6r att lindra sm\u00e4rta och s\u00f6mnl\u00f6shet?<\/h4>\n<p>Ja, det h\u00e4r <strong>cannabis sort<\/strong> \u00e4r effektivt f\u00f6r att lindra kronisk sm\u00e4rta, minska inflammation och fr\u00e4mja djup, vilsam s\u00f6mn.<\/p>\n<h4>Vilka smaker och dofter dominerar Ewok?<\/h4>\n<p>Ewok erbjuder citrus- och citronsmaker med jordiga, skarpa toner, perfekt f\u00f6r fans av fr\u00e4scha, naturliga smaker.<\/p>\n<h3>Best\u00e4ll Ewok Strain Small Buds - Hybrid online i Europa p\u00e5 <a href=\"https:\/\/pressurezone.shop\/sv\/\" target=\"_new\" rel=\"noopener\">Tryckzon<\/a><\/h3>\n<p>\u00c4r du redo att uppt\u00e4cka den unika balansen mellan energi och avslappning i <strong>Ewok Strain Sm\u00e5 Buds - Hybrid<\/strong>? <strong>Best\u00e4ll nu<\/strong> p\u00e5 <a href=\"https:\/\/pressurezone.shop\/sv\/\" target=\"_new\" rel=\"noopener\">Tryckzon<\/a> f\u00f6r en upplevelse av <strong>cannabis sort<\/strong> perfekt f\u00f6r att hantera stress, sm\u00e4rta och hum\u00f6rst\u00f6rningar. Med snabb och diskret leverans garanterar Pressure Zone en bekymmersfri shoppingupplevelse.<\/p>\n<\/div>\n<\/div>\n<\/div>\n<\/div>\n<\/div>\n<\/div>","protected":false},"excerpt":{"rendered":"<div class=\"product-short-description\">\n<p>Hybrid\u00a0<span class=\"strain-percentages\">50% Sativa \/ 50% Indica<\/span><\/p>\n<\/div>","protected":false},"featured_media":3084,"comment_status":"closed","ping_status":"closed","template":"","meta":{"_uag_custom_page_level_css":"","site-sidebar-layout":"default","site-content-layout":"","ast-site-content-layout":"default","site-content-style":"default","site-sidebar-style":"default","ast-global-header-display":"","ast-banner-title-visibility":"","ast-main-header-display":"","ast-hfb-above-header-display":"","ast-hfb-below-header-display":"","ast-hfb-mobile-header-display":"","site-post-title":"","ast-breadcrumbs-content":"","ast-featured-img":"","footer-sml-layout":"","theme-transparent-header-meta":"default","adv-header-id-meta":"","stick-header-meta":"","header-above-stick-meta":"","header-main-stick-meta":"","header-below-stick-meta":"","astra-migrate-meta-layouts":"set","ast-page-background-enabled":"default","ast-page-background-meta":{"desktop":{"background-color":"","background-image":"","background-repeat":"repeat","background-position":"center center","background-size":"auto","background-attachment":"scroll","background-type":"","background-media":"","overlay-type":"","overlay-color":"","overlay-opacity":"","overlay-gradient":""},"tablet":{"background-color":"","background-image":"","background-repeat":"repeat","background-position":"center center","background-size":"auto","background-attachment":"scroll","background-type":"","background-media":"","overlay-type":"","overlay-color":"","overlay-opacity":"","overlay-gradient":""},"mobile":{"background-color":"","background-image":"","background-repeat":"repeat","background-position":"center center","background-size":"auto","background-attachment":"scroll","background-type":"","background-media":"","overlay-type":"","overlay-color":"","overlay-opacity":"","overlay-gradient":""}},"ast-content-background-meta":{"desktop":{"background-color":"var(--ast-global-color-5)","background-image":"","background-repeat":"repeat","background-position":"center center","background-size":"auto","background-attachment":"scroll","background-type":"","background-media":"","overlay-type":"","overlay-color":"","overlay-opacity":"","overlay-gradient":""},"tablet":{"background-color":"var(--ast-global-color-5)","background-image":"","background-repeat":"repeat","background-position":"center center","background-size":"auto","background-attachment":"scroll","background-type":"","background-media":"","overlay-type":"","overlay-color":"","overlay-opacity":"","overlay-gradient":""},"mobile":{"background-color":"var(--ast-global-color-5)","background-image":"","background-repeat":"repeat","background-position":"center center","background-size":"auto","background-attachment":"scroll","background-type":"","background-media":"","overlay-type":"","overlay-color":"","overlay-opacity":"","overlay-gradient":""}}},"product_brand":[],"product_cat":[28,277],"product_tag":[296],"class_list":{"0":"post-3016","1":"product","2":"type-product","3":"status-publish","4":"has-post-thumbnail","6":"product_cat-varietes-de-cannabis","7":"product_cat-varietes-de-cannabis-hybrides","8":"product_tag-order-ewok-strain-small-buds-hybrid-europe","9":"desktop-align-left","10":"tablet-align-left","11":"mobile-align-left","13":"first","14":"instock","15":"shipping-taxable","16":"purchasable","17":"product-type-variable"},"uagb_featured_image_src":{"full":["https:\/\/pressurezone.shop\/wp-content\/uploads\/2024\/10\/Ewok-Strain-Small-Buds-\u2013-Hybrid.webp",2048,1365,false],"thumbnail":["https:\/\/pressurezone.shop\/wp-content\/uploads\/2024\/10\/Ewok-Strain-Small-Buds-\u2013-Hybrid-150x150.webp",150,150,true],"medium":["https:\/\/pressurezone.shop\/wp-content\/uploads\/2024\/10\/Ewok-Strain-Small-Buds-\u2013-Hybrid-300x200.webp",300,200,true],"medium_large":["https:\/\/pressurezone.shop\/wp-content\/uploads\/2024\/10\/Ewok-Strain-Small-Buds-\u2013-Hybrid-768x512.webp",768,512,true],"large":["https:\/\/pressurezone.shop\/wp-content\/uploads\/2024\/10\/Ewok-Strain-Small-Buds-\u2013-Hybrid-1024x683.webp",1024,683,true],"1536x1536":["https:\/\/pressurezone.shop\/wp-content\/uploads\/2024\/10\/Ewok-Strain-Small-Buds-\u2013-Hybrid-1536x1024.webp",1536,1024,true],"2048x2048":["https:\/\/pressurezone.shop\/wp-content\/uploads\/2024\/10\/Ewok-Strain-Small-Buds-\u2013-Hybrid.webp",2048,1365,false],"trp-custom-language-flag":["https:\/\/pressurezone.shop\/wp-content\/uploads\/2024\/10\/Ewok-Strain-Small-Buds-\u2013-Hybrid-18x12.webp",18,12,true],"woocommerce_thumbnail":["https:\/\/pressurezone.shop\/wp-content\/uploads\/2024\/10\/Ewok-Strain-Small-Buds-\u2013-Hybrid-300x300.webp",300,300,true],"woocommerce_single":["https:\/\/pressurezone.shop\/wp-content\/uploads\/2024\/10\/Ewok-Strain-Small-Buds-\u2013-Hybrid-600x400.webp",600,400,true],"woocommerce_gallery_thumbnail":["https:\/\/pressurezone.shop\/wp-content\/uploads\/2024\/10\/Ewok-Strain-Small-Buds-\u2013-Hybrid-100x100.webp",100,100,true]},"uagb_author_info":{"display_name":"pressurezone.shop","author_link":"https:\/\/pressurezone.shop\/sv\/author\/"},"uagb_comment_info":0,"uagb_excerpt":"Hybrid \u2013\u00a050% Sativa \/ 50% Indica","_links":{"self":[{"href":"https:\/\/pressurezone.shop\/sv\/wp-json\/wp\/v2\/product\/3016"}],"collection":[{"href":"https:\/\/pressurezone.shop\/sv\/wp-json\/wp\/v2\/product"}],"about":[{"href":"https:\/\/pressurezone.shop\/sv\/wp-json\/wp\/v2\/types\/product"}],"replies":[{"embeddable":true,"href":"https:\/\/pressurezone.shop\/sv\/wp-json\/wp\/v2\/comments?post=3016"}],"version-history":[{"count":3,"href":"https:\/\/pressurezone.shop\/sv\/wp-json\/wp\/v2\/product\/3016\/revisions"}],"predecessor-version":[{"id":3761,"href":"https:\/\/pressurezone.shop\/sv\/wp-json\/wp\/v2\/product\/3016\/revisions\/3761"}],"wp:featuredmedia":[{"embeddable":true,"href":"https:\/\/pressurezone.shop\/sv\/wp-json\/wp\/v2\/media\/3084"}],"wp:attachment":[{"href":"https:\/\/pressurezone.shop\/sv\/wp-json\/wp\/v2\/media?parent=3016"}],"wp:term":[{"taxonomy":"product_brand","embeddable":true,"href":"https:\/\/pressurezone.shop\/sv\/wp-json\/wp\/v2\/product_brand?post=3016"},{"taxonomy":"product_cat","embeddable":true,"href":"https:\/\/pressurezone.shop\/sv\/wp-json\/wp\/v2\/product_cat?post=3016"},{"taxonomy":"product_tag","embeddable":true,"href":"https:\/\/pressurezone.shop\/sv\/wp-json\/wp\/v2\/product_tag?post=3016"}],"curies":[{"name":"wp","href":"https:\/\/api.w.org\/{rel}","templated":true}]}}