{"id":3017,"date":"2024-10-11T00:48:47","date_gmt":"2024-10-10T22:48:47","guid":{"rendered":"https:\/\/pressurezone.shop\/?post_type=product&#038;p=3017"},"modified":"2024-11-02T21:05:06","modified_gmt":"2024-11-02T20:05:06","slug":"variete-blue-dream-sativa-weed","status":"publish","type":"product","link":"https:\/\/pressurezone.shop\/sv\/produkt\/sort-bla-drom-sativa-ogras\/","title":{"rendered":"Variety Blue Dream Sativa Weed"},"content":{"rendered":"<div class=\"flex-shrink-0 flex flex-col relative items-end\">\n<div>\n<div class=\"pt-0\">\n<div class=\"gizmo-bot-avatar flex h-8 w-8 items-center justify-center overflow-hidden rounded-full\">\n<div class=\"relative p-1 rounded-sm flex items-center justify-center bg-token-main-surface-primary text-token-text-primary h-8 w-8\"><\/div>\n<\/div>\n<\/div>\n<\/div>\n<\/div>\n<div class=\"group\/conversation-turn relative flex w-full min-w-0 flex-col agent-turn\">\n<div class=\"flex-col gap-1 md:gap-3\">\n<div class=\"flex max-w-full flex-col flex-grow\">\n<div class=\"min-h-8 text-message flex w-full flex-col items-end gap-2 whitespace-normal break-words [.text-message+&amp;]:mt-5\" dir=\"auto\" data-message-author-role=\"assistant\" data-message-id=\"80b1f5b6-568d-46db-a3c2-595360001213\" data-message-model-slug=\"gpt-4o\">\n<div class=\"flex w-full flex-col gap-1 empty:hidden first:pt-[3px]\">\n<div class=\"markdown prose w-full break-words dark:prose-invert light\">\n<h3><strong>K\u00f6p Blue Dream Sativa Weed online i Europa p\u00e5 <a href=\"https:\/\/pressurezone.shop\/sv\/\" target=\"_new\" rel=\"noopener\">Tryckzon<\/a><\/strong><\/h3>\n<p>Uppt\u00e4ck <strong>Blue Dream Sativa Weed<\/strong>a <strong>cannabis sort<\/strong> en n\u00e5got sativadominerande hybrid som \u00e4r resultatet av en korsning mellan de ber\u00f6mda sorterna <strong>Bl\u00e5b\u00e4r<\/strong> och <strong>Haze<\/strong>. Blue Dream \u00e4r k\u00e4nd f\u00f6r sina balanserade effekter och sin s\u00f6ta bl\u00e5b\u00e4rssmak och \u00e4r en idealisk sort f\u00f6r dem som vill stimulera sin kreativitet samtidigt som de njuter av en mild och trevlig upplevelse.<a href=\"https:\/\/fuelpackz.com\/\" target=\"_blank\" rel=\"noopener\">.<\/a><\/p>\n<h3>Effekter och f\u00f6rdelar med Blue Dream Sativa Weed<\/h3>\n<p>La <strong>sort Blue Dream Sativa Weed<\/strong> \u00e4r mycket uppskattad f\u00f6r sina uppfriskande och euforiska effekter, perfekt f\u00f6r att lyfta hum\u00f6ret och stimulera andan:<\/p>\n<ul>\n<li><strong>Kreativitet och energi<\/strong> Hj\u00e4lper till med koncentrationen och inspirerar till kreativitet, perfekt f\u00f6r konstn\u00e4rliga aktiviteter.<\/li>\n<li><strong>Eufori och lycka<\/strong> : Ger en k\u00e4nsla av gl\u00e4dje och v\u00e4lbefinnande, vilket minskar stressiga tankar.<\/li>\n<li><strong>Balanserad effekt<\/strong> Ger ett stimulerande cerebralt rus och l\u00e4tt kroppslig avslappning, vilket ger en behaglig k\u00e4nsla utan tyngd.<\/li>\n<\/ul>\n<p>Med en hastighet p\u00e5 <strong>Potent THC<\/strong>Blue Dream \u00e4r perfekt f\u00f6r dig som vill ha en uppfriskande upplevelse utan \u00f6verdriven intensitet, l\u00e4mplig f\u00f6r kreativa eller sociala stunder.<\/p>\n<h3>Terapeutiska f\u00f6rdelar med Blue Dream Sativa Weed<\/h3>\n<p>Blue Dream \u00e4r ocks\u00e5 k\u00e4nt f\u00f6r sina terapeutiska f\u00f6rdelar, vilket g\u00f6r det till ett popul\u00e4rt val bland medicinska anv\u00e4ndare. Dess lugnande och energigivande effekter anv\u00e4nds ofta f\u00f6r att :<\/p>\n<ul>\n<li><strong>Lindring av stress och \u00e5ngest<\/strong> Lugnar stressade sinnen och minskar symtom p\u00e5 \u00e5ngest.<\/li>\n<li><strong>Minskad sm\u00e4rta och inflammation<\/strong> Effektivt mot kronisk sm\u00e4rta och inflammation orsakad av skada eller sjukdom.<\/li>\n<li><strong>F\u00f6rb\u00e4ttrat hum\u00f6r<\/strong> Effektivt vid lindring av mild till m\u00e5ttlig depression, ger en lugnande och positiv effekt.<\/li>\n<li><strong>Lindring av illam\u00e5ende<\/strong> Anv\u00e4ndbar f\u00f6r personer som lider av illam\u00e5ende, posttraumatiskt stressyndrom (PTSD) och liknande st\u00f6rningar.<\/li>\n<\/ul>\n<p>Detta <strong>cannabis sort<\/strong> \u00e4r ocks\u00e5 perfekt f\u00f6r dem som lider av s\u00f6mnst\u00f6rningar, eftersom det hj\u00e4lper till att framkalla avslappning utan att orsaka kraftig sedering.<\/p>\n<h3>Smak och doft av Blue Dream Sativa Weed<\/h3>\n<p>Blue Dream utm\u00e4rker sig inte bara f\u00f6r sina effekter utan ocks\u00e5 f\u00f6r sina uts\u00f6kta smaker och aromer:<\/p>\n<ul>\n<li><strong>Smaker<\/strong> En fruktig s\u00f6tma av bl\u00e5b\u00e4r, tillsammans med s\u00f6ta och \u00f6rtiga toner med en antydan till vanilj.<\/li>\n<li><strong>Dofter<\/strong> En jordig, fruktig doft med inslag av bl\u00e5b\u00e4r och vanilj, som p\u00e5minner om en nybakad bl\u00e5b\u00e4rst\u00e5rta.<\/li>\n<\/ul>\n<p>Varje puff av detta <strong>cannabis sort<\/strong> l\u00e4mnar en s\u00f6t, minnesv\u00e4rd smak, perfekt f\u00f6r \u00e4lskare av fruktiga, s\u00f6ta smaker.<\/p>\n<h3>Varf\u00f6r k\u00f6pa Blue Dream Sativa Weed p\u00e5 <a href=\"https:\/\/pressurezone.shop\/sv\/\" target=\"_new\" rel=\"noopener\">Tryckzon<\/a>?<\/h3>\n<p>Vid <strong>Tryckzon<\/strong>vi v\u00e4ljer <strong>cannabis sorter<\/strong> f\u00f6r att garantera en unik upplevelse f\u00f6r v\u00e5ra kunder i Europa. <strong>Blue Dream Sativa Weed<\/strong> \u00e4r en av v\u00e5ra flaggskeppssorter och erbjuder den perfekta balansen mellan mental stimulans och fysisk avkoppling. H\u00e4r \u00e4r varf\u00f6r du ska k\u00f6pa fr\u00e5n oss:<\/p>\n<ul>\n<li><strong>Garanterad kvalitet<\/strong> V\u00e5ra produkter testas noggrant f\u00f6r att s\u00e4kerst\u00e4lla renhet och effekt.<\/li>\n<li><strong>Premium-urval<\/strong> Blue Dream \u00e4r perfekt f\u00f6r kreativa och sociala stunder.<\/li>\n<li><strong>Engagerad kundservice<\/strong> : V\u00e5rt team finns till hands f\u00f6r att hj\u00e4lpa dig att hitta r\u00e4tt <strong>cannabis sort<\/strong> f\u00f6r att passa dina behov.<\/li>\n<\/ul>\n<h3>Vanliga fr\u00e5gor och svar<\/h3>\n<h4>Vilka \u00e4r de viktigaste effekterna av Blue Dream Sativa Weed?<\/h4>\n<p>La <strong>sort Blue Dream Sativa Weed<\/strong> \u00e4r k\u00e4nt f\u00f6r sina uppiggande och euforiska cerebrala effekter, liksom f\u00f6r sin f\u00f6rm\u00e5ga att lugna kroppen utan tyngd. Det \u00e4r perfekt f\u00f6r att koppla av och samtidigt vara produktiv och kreativ.<\/p>\n<h4>\u00c4r Blue Dream l\u00e4mplig f\u00f6r kronisk sm\u00e4rta?<\/h4>\n<p>Ja, Blue Dream \u00e4r perfekt f\u00f6r att lindra kronisk sm\u00e4rta, minska inflammation och lindra v\u00e4rk i samband med stress och \u00e5ngest.<\/p>\n<h4>Vilka smaker och dofter dominerar Blue Dream?<\/h4>\n<p>Blue Dream har en s\u00f6t smak av bl\u00e5b\u00e4r och vanilj, tillsammans med fruktiga, jordiga aromer som p\u00e5minner om nybakad bl\u00e5b\u00e4rspaj.<\/p>\n<h3>Best\u00e4ll Blue Dream Sativa Weed Variety online i Europa p\u00e5 <a href=\"https:\/\/pressurezone.shop\/sv\/\" target=\"_new\" rel=\"noopener\">Tryckzon<\/a><\/h3>\n<p>Redo att uppt\u00e4cka den perfekta balansen mellan stimulans och avkoppling med <strong>Blue Dream Sativa Weed<\/strong>? <strong>Best\u00e4ll nu<\/strong> p\u00e5 <a href=\"https:\/\/pressurezone.shop\/sv\/\" target=\"_new\" rel=\"noopener\">Tryckzon<\/a> f\u00f6r en upplevelse av <strong>cannabis sort<\/strong> perfekt f\u00f6r att lindra stress och stimulera kreativiteten. V\u00e5ra premiumprodukter och p\u00e5litliga leveransservice garanterar en bekymmersfri shoppingupplevelse.<\/p>\n<\/div>\n<\/div>\n<\/div>\n<\/div>\n<\/div>\n<\/div>","protected":false},"excerpt":{"rendered":"<p>Achetez la Vari\u00e9t\u00e9 Blue Dream Sativa Weed en Ligne en Europe sur Pressure Zone D\u00e9couvrez Blue Dream Sativa Weed, une vari\u00e9t\u00e9 de cannabis hybride l\u00e9g\u00e8rement dominante en sativa, issue d\u2019un croisement entre les c\u00e9l\u00e8bres souches Blueberry et Haze. R\u00e9put\u00e9e pour ses effets \u00e9quilibr\u00e9s et son ar\u00f4me doux de myrtilles, Blue Dream est une vari\u00e9t\u00e9 id\u00e9ale [&hellip;]<\/p>","protected":false},"featured_media":3091,"comment_status":"closed","ping_status":"closed","template":"","meta":{"_uag_custom_page_level_css":"","site-sidebar-layout":"default","site-content-layout":"","ast-site-content-layout":"default","site-content-style":"default","site-sidebar-style":"default","ast-global-header-display":"","ast-banner-title-visibility":"","ast-main-header-display":"","ast-hfb-above-header-display":"","ast-hfb-below-header-display":"","ast-hfb-mobile-header-display":"","site-post-title":"","ast-breadcrumbs-content":"","ast-featured-img":"","footer-sml-layout":"","theme-transparent-header-meta":"default","adv-header-id-meta":"","stick-header-meta":"","header-above-stick-meta":"","header-main-stick-meta":"","header-below-stick-meta":"","astra-migrate-meta-layouts":"set","ast-page-background-enabled":"default","ast-page-background-meta":{"desktop":{"background-color":"","background-image":"","background-repeat":"repeat","background-position":"center center","background-size":"auto","background-attachment":"scroll","background-type":"","background-media":"","overlay-type":"","overlay-color":"","overlay-opacity":"","overlay-gradient":""},"tablet":{"background-color":"","background-image":"","background-repeat":"repeat","background-position":"center center","background-size":"auto","background-attachment":"scroll","background-type":"","background-media":"","overlay-type":"","overlay-color":"","overlay-opacity":"","overlay-gradient":""},"mobile":{"background-color":"","background-image":"","background-repeat":"repeat","background-position":"center center","background-size":"auto","background-attachment":"scroll","background-type":"","background-media":"","overlay-type":"","overlay-color":"","overlay-opacity":"","overlay-gradient":""}},"ast-content-background-meta":{"desktop":{"background-color":"var(--ast-global-color-5)","background-image":"","background-repeat":"repeat","background-position":"center center","background-size":"auto","background-attachment":"scroll","background-type":"","background-media":"","overlay-type":"","overlay-color":"","overlay-opacity":"","overlay-gradient":""},"tablet":{"background-color":"var(--ast-global-color-5)","background-image":"","background-repeat":"repeat","background-position":"center center","background-size":"auto","background-attachment":"scroll","background-type":"","background-media":"","overlay-type":"","overlay-color":"","overlay-opacity":"","overlay-gradient":""},"mobile":{"background-color":"var(--ast-global-color-5)","background-image":"","background-repeat":"repeat","background-position":"center center","background-size":"auto","background-attachment":"scroll","background-type":"","background-media":"","overlay-type":"","overlay-color":"","overlay-opacity":"","overlay-gradient":""}}},"product_brand":[],"product_cat":[28,273],"product_tag":[297],"class_list":{"0":"post-3017","1":"product","2":"type-product","3":"status-publish","4":"has-post-thumbnail","6":"product_cat-varietes-de-cannabis","7":"product_cat-varietes-de-cannabis-sativa","8":"product_tag-blue-dream-sativa-weed-strain-for-sale-europe","9":"desktop-align-left","10":"tablet-align-left","11":"mobile-align-left","13":"first","14":"instock","15":"shipping-taxable","16":"purchasable","17":"product-type-variable"},"uagb_featured_image_src":{"full":["https:\/\/pressurezone.shop\/wp-content\/uploads\/2024\/10\/Blue-Dream-Sativa-Weed-Strain.webp",570,464,false],"thumbnail":["https:\/\/pressurezone.shop\/wp-content\/uploads\/2024\/10\/Blue-Dream-Sativa-Weed-Strain-150x150.webp",150,150,true],"medium":["https:\/\/pressurezone.shop\/wp-content\/uploads\/2024\/10\/Blue-Dream-Sativa-Weed-Strain-300x244.webp",300,244,true],"medium_large":["https:\/\/pressurezone.shop\/wp-content\/uploads\/2024\/10\/Blue-Dream-Sativa-Weed-Strain.webp",570,464,false],"large":["https:\/\/pressurezone.shop\/wp-content\/uploads\/2024\/10\/Blue-Dream-Sativa-Weed-Strain.webp",570,464,false],"1536x1536":["https:\/\/pressurezone.shop\/wp-content\/uploads\/2024\/10\/Blue-Dream-Sativa-Weed-Strain.webp",570,464,false],"2048x2048":["https:\/\/pressurezone.shop\/wp-content\/uploads\/2024\/10\/Blue-Dream-Sativa-Weed-Strain.webp",570,464,false],"trp-custom-language-flag":["https:\/\/pressurezone.shop\/wp-content\/uploads\/2024\/10\/Blue-Dream-Sativa-Weed-Strain-15x12.webp",15,12,true],"woocommerce_thumbnail":["https:\/\/pressurezone.shop\/wp-content\/uploads\/2024\/10\/Blue-Dream-Sativa-Weed-Strain-300x300.webp",300,300,true],"woocommerce_single":["https:\/\/pressurezone.shop\/wp-content\/uploads\/2024\/10\/Blue-Dream-Sativa-Weed-Strain.webp",570,464,false],"woocommerce_gallery_thumbnail":["https:\/\/pressurezone.shop\/wp-content\/uploads\/2024\/10\/Blue-Dream-Sativa-Weed-Strain-100x100.webp",100,100,true]},"uagb_author_info":{"display_name":"pressurezone.shop","author_link":"https:\/\/pressurezone.shop\/sv\/author\/"},"uagb_comment_info":0,"uagb_excerpt":"Achetez la Vari\u00e9t\u00e9 Blue Dream Sativa Weed en Ligne en Europe sur Pressure Zone D\u00e9couvrez Blue Dream Sativa Weed, une vari\u00e9t\u00e9 de cannabis hybride l\u00e9g\u00e8rement dominante en sativa, issue d\u2019un croisement entre les c\u00e9l\u00e8bres souches Blueberry et Haze. R\u00e9put\u00e9e pour ses effets \u00e9quilibr\u00e9s et son ar\u00f4me doux de myrtilles, Blue Dream est une vari\u00e9t\u00e9 id\u00e9ale&hellip;","_links":{"self":[{"href":"https:\/\/pressurezone.shop\/sv\/wp-json\/wp\/v2\/product\/3017"}],"collection":[{"href":"https:\/\/pressurezone.shop\/sv\/wp-json\/wp\/v2\/product"}],"about":[{"href":"https:\/\/pressurezone.shop\/sv\/wp-json\/wp\/v2\/types\/product"}],"replies":[{"embeddable":true,"href":"https:\/\/pressurezone.shop\/sv\/wp-json\/wp\/v2\/comments?post=3017"}],"version-history":[{"count":3,"href":"https:\/\/pressurezone.shop\/sv\/wp-json\/wp\/v2\/product\/3017\/revisions"}],"predecessor-version":[{"id":3665,"href":"https:\/\/pressurezone.shop\/sv\/wp-json\/wp\/v2\/product\/3017\/revisions\/3665"}],"wp:featuredmedia":[{"embeddable":true,"href":"https:\/\/pressurezone.shop\/sv\/wp-json\/wp\/v2\/media\/3091"}],"wp:attachment":[{"href":"https:\/\/pressurezone.shop\/sv\/wp-json\/wp\/v2\/media?parent=3017"}],"wp:term":[{"taxonomy":"product_brand","embeddable":true,"href":"https:\/\/pressurezone.shop\/sv\/wp-json\/wp\/v2\/product_brand?post=3017"},{"taxonomy":"product_cat","embeddable":true,"href":"https:\/\/pressurezone.shop\/sv\/wp-json\/wp\/v2\/product_cat?post=3017"},{"taxonomy":"product_tag","embeddable":true,"href":"https:\/\/pressurezone.shop\/sv\/wp-json\/wp\/v2\/product_tag?post=3017"}],"curies":[{"name":"wp","href":"https:\/\/api.w.org\/{rel}","templated":true}]}}