{"id":3018,"date":"2024-10-11T00:48:47","date_gmt":"2024-10-10T22:48:47","guid":{"rendered":"https:\/\/pressurezone.shop\/?post_type=product&#038;p=3018"},"modified":"2024-11-02T22:00:35","modified_gmt":"2024-11-02T21:00:35","slug":"chemnesia-marijuana-sativa-flower","status":"publish","type":"product","link":"https:\/\/pressurezone.shop\/sv\/produkt\/chemnesia-marijuana-sativa-blomma\/","title":{"rendered":"Chemnesia Marijuana Sativa blomma"},"content":{"rendered":"<div class=\"flex-shrink-0 flex flex-col relative items-end\">\n<div>\n<div class=\"pt-0\">\n<div class=\"gizmo-bot-avatar flex h-8 w-8 items-center justify-center overflow-hidden rounded-full\">\n<div class=\"relative p-1 rounded-sm flex items-center justify-center bg-token-main-surface-primary text-token-text-primary h-8 w-8\"><\/div>\n<\/div>\n<\/div>\n<\/div>\n<\/div>\n<div class=\"group\/conversation-turn relative flex w-full min-w-0 flex-col agent-turn\">\n<div class=\"flex-col gap-1 md:gap-3\">\n<div class=\"flex max-w-full flex-col flex-grow\">\n<div class=\"min-h-8 text-message flex w-full flex-col items-end gap-2 whitespace-normal break-words [.text-message+&amp;]:mt-5\" dir=\"auto\" data-message-author-role=\"assistant\" data-message-id=\"3080cb38-8d56-4b58-a889-8442814920d4\" data-message-model-slug=\"gpt-4o\">\n<div class=\"flex w-full flex-col gap-1 empty:hidden first:pt-[3px]\">\n<div class=\"markdown prose w-full break-words dark:prose-invert light\">\n<h3><strong>K\u00f6p Chemnesia Marijuana Sativa Flower Variety online i Europa p\u00e5 <a href=\"https:\/\/pressurezone.shop\/sv\/\" target=\"_new\" rel=\"noopener\">Tryckzon<\/a><\/strong><\/h3>\n<p>Uppt\u00e4ck <strong>Chemnesia Marijuana Sativa blomma<\/strong>a <strong>cannabis sort<\/strong> kraftfull sativa, f\u00f6dd ur en korsning mellan den ber\u00f6mda <strong>Amnesia Sour Diesel<\/strong> och <strong>I-95<\/strong>. Chemnesia \u00e4r k\u00e4nt f\u00f6r sina intensiva, l\u00e5ngvariga effekter och erbjuder en unik cerebral upplevelse som stimulerar sinnet och h\u00f6jer st\u00e4mningen. Chemnesia \u00e4r perfekt f\u00f6r sp\u00e4nningss\u00f6kare och \u00e4r perfekt f\u00f6r dem som letar efter en stimulerande och energigivande h\u00f6g.<\/p>\n<h3>Effekter och f\u00f6rdelar med Chemnesia Marijuana Sativa Flower<\/h3>\n<p>La <strong>sort Chemnesia Marijuana Sativa Blomma<\/strong> uppskattas f\u00f6r sina euforiska och stimulerande effekter, som v\u00e4cker sinnet och \u00f6kar kreativiteten:<\/p>\n<ul>\n<li><strong>Kreativitet och mental klarhet<\/strong> Ett cerebralt rus som inspirerar och uppmuntrar till koncentration.<\/li>\n<li><strong>Eufori och gott hum\u00f6r<\/strong> : Ger en best\u00e5ende k\u00e4nsla av lycka, perfekt f\u00f6r socialt umg\u00e4nge.<\/li>\n<li><strong>Energi och fokus<\/strong> Stimulerar den mentala energin, perfekt f\u00f6r att h\u00e5lla sig produktiv och alert<a href=\"https:\/\/fuelpackz.com\/\" target=\"_blank\" rel=\"noopener\">.<\/a><\/li>\n<\/ul>\n<p>Med intensiva effekter och en <strong>h\u00f6g l\u00e5ng varaktighet<\/strong>Chemnesia \u00e4r det perfekta valet f\u00f6r dig som vill h\u00e5lla dig aktiv och kreativ under hela dagen.<\/p>\n<h3>Terapeutiska f\u00f6rdelar med Chemnesia Marijuana Sativa Flower<\/h3>\n<p>Tack vare sin kraftfulla och balanserade profil, <strong>Chemnesia<\/strong> v\u00e4ljs ofta f\u00f6r att lindra en rad olika symtom och tillst\u00e5nd:<\/p>\n<ul>\n<li><strong>Minskning av kronisk sm\u00e4rta<\/strong> Effektivt f\u00f6r att lindra ih\u00e5llande sm\u00e4rta utan lugnande effekter.<\/li>\n<li><strong>Utmattning och stresshantering<\/strong> Ger en boost av mental energi som hj\u00e4lper till att bek\u00e4mpa tr\u00f6tthet och stress.<\/li>\n<li><strong>Behandling av depression och ADHD<\/strong> Fr\u00e4mjar mental klarhet och ett positivt hum\u00f6r, perfekt f\u00f6r anv\u00e4ndare som s\u00f6ker mental l\u00e4ttnad.<\/li>\n<\/ul>\n<p>Detta <strong>cannabis sort<\/strong> \u00e4r perfekt f\u00f6r dem som vill ha en mental boost utan sedering, perfekt f\u00f6r anv\u00e4ndning dagtid och f\u00f6r att stimulera kreativiteten.<\/p>\n<h3>Smak och doft av Chemnesia<\/h3>\n<p>Chemnesia f\u00f6rf\u00f6r ocks\u00e5 med sin intensiva och unika smakprofil, vilket g\u00f6r den till en sensorisk upplevelse:<\/p>\n<ul>\n<li><strong>Smaker<\/strong> En blandning av citron och diesel med en touch av \u00f6rter, vilket ger en uppfriskande syrlig smak.<\/li>\n<li><strong>Dofter<\/strong> En doft av kemikalier och diesel, f\u00f6rst\u00e4rkt av noter av syrlig citron och en l\u00e4tt touch av surt.<\/li>\n<\/ul>\n<p>Dessa <strong>dj\u00e4rva smaker och aromer<\/strong> g\u00f6r varje bloss av Chemnesia till en minnesv\u00e4rd upplevelse, perfekt f\u00f6r \u00e4lskare av starka, robusta smaker.<\/p>\n<h3>Varf\u00f6r k\u00f6pa Chemnesia Marijuana Sativa Flower p\u00e5 <a href=\"https:\/\/pressurezone.shop\/sv\/\" target=\"_new\" rel=\"noopener\">Tryckzon<\/a>?<\/h3>\n<p>Vid <strong>Tryckzon<\/strong>vi erbjuder <strong>cannabis sorter<\/strong> premium, noggrant utvalda och testade f\u00f6r att s\u00e4kerst\u00e4lla oklanderlig kvalitet. <strong>Chemnesia Marijuana Sativa blomma<\/strong> \u00e4r en av v\u00e5ra b\u00e4sta sorter f\u00f6r sina kraftfulla effekter och intensiva smaker. H\u00e4r \u00e4r varf\u00f6r du ska k\u00f6pa fr\u00e5n oss:<\/p>\n<ul>\n<li><strong>Premium Kvalitet<\/strong> V\u00e5ra produkter testas noggrant f\u00f6r att garantera renhet och effekt.<\/li>\n<li><strong>Energigivande och stimulerande effekt<\/strong> Perfekt f\u00f6r att h\u00e5lla sig produktiv och kreativ under hela dagen.<\/li>\n<li><strong>Engagerad kundservice<\/strong> : V\u00e5rt team finns h\u00e4r f\u00f6r att v\u00e4gleda dig och svara p\u00e5 alla dina fr\u00e5gor om <strong>cannabis sort<\/strong> som uppfyller dina behov.<\/li>\n<\/ul>\n<h3>Vanliga fr\u00e5gor och svar<\/h3>\n<h4>Vilka \u00e4r de viktigaste effekterna av Chemnesia Marijuana Sativa Flower?<\/h4>\n<p>Chemnesia ger en intensiv, energigivande cerebral high, perfekt f\u00f6r kreativitet och eufori. Det \u00e4r en idealisk sort f\u00f6r att h\u00e5lla sig produktiv och p\u00e5 gott hum\u00f6r.<\/p>\n<h4>\u00c4r Chemnesia effektivt mot sm\u00e4rta och tr\u00f6tthet?<\/h4>\n<p>Ja, det h\u00e4r <strong>cannabis sort<\/strong> \u00e4r utm\u00e4rkt f\u00f6r att lindra kronisk sm\u00e4rta, minska tr\u00f6tthet och f\u00f6rb\u00e4ttra hum\u00f6ret genom att ge l\u00e5ngvarig mental energi.<\/p>\n<h4>Vilka smaker och dofter dominerar Chemnesia?<\/h4>\n<p>Chemnesia erbjuder smaker av citron och diesel, med aromer av kemi, citron och syrliga toner, vilket skapar en intensiv sensorisk upplevelse.<\/p>\n<h3>Best\u00e4ll Chemnesia Marijuana Sativa Flower Variety online i Europa p\u00e5 <a href=\"https:\/\/pressurezone.shop\/sv\/\" target=\"_new\" rel=\"noopener\">Tryckzon<\/a><\/h3>\n<p>Redo att uppt\u00e4cka de kraftfulla och stimulerande effekterna av <strong>Chemnesia Marijuana Sativa blomma<\/strong>? <strong>Best\u00e4ll nu<\/strong> p\u00e5 <a href=\"https:\/\/pressurezone.shop\/sv\/\" target=\"_new\" rel=\"noopener\">Tryckzon<\/a> f\u00f6r en upplevelse av <strong>cannabis sort<\/strong> perfekt f\u00f6r att lyfta hum\u00f6ret och stimulera andan. Med v\u00e5r snabba och diskreta leveransservice kan du njuta av en enkel och s\u00e4ker shoppingupplevelse online.<\/p>\n<\/div>\n<\/div>\n<\/div>\n<\/div>\n<\/div>\n<\/div>","protected":false},"excerpt":{"rendered":"<p>Achetez la Vari\u00e9t\u00e9 Chemnesia Marijuana Sativa Flower en Ligne en Europe sur Pressure Zone D\u00e9couvrez Chemnesia Marijuana Sativa Flower, une vari\u00e9t\u00e9 de cannabis sativa puissante, n\u00e9e du croisement entre les c\u00e9l\u00e8bres Amnesia Sour Diesel et I-95. Chemnesia est r\u00e9put\u00e9e pour ses effets intenses et durables, offrant une exp\u00e9rience c\u00e9r\u00e9brale unique qui stimule l\u2019esprit et \u00e9l\u00e8ve [&hellip;]<\/p>","protected":false},"featured_media":3093,"comment_status":"closed","ping_status":"closed","template":"","meta":{"_uag_custom_page_level_css":"","site-sidebar-layout":"default","site-content-layout":"","ast-site-content-layout":"default","site-content-style":"default","site-sidebar-style":"default","ast-global-header-display":"","ast-banner-title-visibility":"","ast-main-header-display":"","ast-hfb-above-header-display":"","ast-hfb-below-header-display":"","ast-hfb-mobile-header-display":"","site-post-title":"","ast-breadcrumbs-content":"","ast-featured-img":"","footer-sml-layout":"","theme-transparent-header-meta":"default","adv-header-id-meta":"","stick-header-meta":"","header-above-stick-meta":"","header-main-stick-meta":"","header-below-stick-meta":"","astra-migrate-meta-layouts":"set","ast-page-background-enabled":"default","ast-page-background-meta":{"desktop":{"background-color":"","background-image":"","background-repeat":"repeat","background-position":"center center","background-size":"auto","background-attachment":"scroll","background-type":"","background-media":"","overlay-type":"","overlay-color":"","overlay-opacity":"","overlay-gradient":""},"tablet":{"background-color":"","background-image":"","background-repeat":"repeat","background-position":"center center","background-size":"auto","background-attachment":"scroll","background-type":"","background-media":"","overlay-type":"","overlay-color":"","overlay-opacity":"","overlay-gradient":""},"mobile":{"background-color":"","background-image":"","background-repeat":"repeat","background-position":"center center","background-size":"auto","background-attachment":"scroll","background-type":"","background-media":"","overlay-type":"","overlay-color":"","overlay-opacity":"","overlay-gradient":""}},"ast-content-background-meta":{"desktop":{"background-color":"var(--ast-global-color-5)","background-image":"","background-repeat":"repeat","background-position":"center center","background-size":"auto","background-attachment":"scroll","background-type":"","background-media":"","overlay-type":"","overlay-color":"","overlay-opacity":"","overlay-gradient":""},"tablet":{"background-color":"var(--ast-global-color-5)","background-image":"","background-repeat":"repeat","background-position":"center center","background-size":"auto","background-attachment":"scroll","background-type":"","background-media":"","overlay-type":"","overlay-color":"","overlay-opacity":"","overlay-gradient":""},"mobile":{"background-color":"var(--ast-global-color-5)","background-image":"","background-repeat":"repeat","background-position":"center center","background-size":"auto","background-attachment":"scroll","background-type":"","background-media":"","overlay-type":"","overlay-color":"","overlay-opacity":"","overlay-gradient":""}}},"product_brand":[],"product_cat":[28,273],"product_tag":[298],"class_list":{"0":"post-3018","1":"product","2":"type-product","3":"status-publish","4":"has-post-thumbnail","6":"product_cat-varietes-de-cannabis","7":"product_cat-varietes-de-cannabis-sativa","8":"product_tag-order-chemnesia-marijuana-sativa-flower-france","9":"desktop-align-left","10":"tablet-align-left","11":"mobile-align-left","13":"first","14":"instock","15":"shipping-taxable","16":"purchasable","17":"product-type-variable"},"uagb_featured_image_src":{"full":["https:\/\/pressurezone.shop\/wp-content\/uploads\/2024\/10\/Chemnesia-Marijuana-Sativa-Flower.webp",570,464,false],"thumbnail":["https:\/\/pressurezone.shop\/wp-content\/uploads\/2024\/10\/Chemnesia-Marijuana-Sativa-Flower-150x150.webp",150,150,true],"medium":["https:\/\/pressurezone.shop\/wp-content\/uploads\/2024\/10\/Chemnesia-Marijuana-Sativa-Flower-300x244.webp",300,244,true],"medium_large":["https:\/\/pressurezone.shop\/wp-content\/uploads\/2024\/10\/Chemnesia-Marijuana-Sativa-Flower.webp",570,464,false],"large":["https:\/\/pressurezone.shop\/wp-content\/uploads\/2024\/10\/Chemnesia-Marijuana-Sativa-Flower.webp",570,464,false],"1536x1536":["https:\/\/pressurezone.shop\/wp-content\/uploads\/2024\/10\/Chemnesia-Marijuana-Sativa-Flower.webp",570,464,false],"2048x2048":["https:\/\/pressurezone.shop\/wp-content\/uploads\/2024\/10\/Chemnesia-Marijuana-Sativa-Flower.webp",570,464,false],"trp-custom-language-flag":["https:\/\/pressurezone.shop\/wp-content\/uploads\/2024\/10\/Chemnesia-Marijuana-Sativa-Flower-15x12.webp",15,12,true],"woocommerce_thumbnail":["https:\/\/pressurezone.shop\/wp-content\/uploads\/2024\/10\/Chemnesia-Marijuana-Sativa-Flower-300x300.webp",300,300,true],"woocommerce_single":["https:\/\/pressurezone.shop\/wp-content\/uploads\/2024\/10\/Chemnesia-Marijuana-Sativa-Flower.webp",570,464,false],"woocommerce_gallery_thumbnail":["https:\/\/pressurezone.shop\/wp-content\/uploads\/2024\/10\/Chemnesia-Marijuana-Sativa-Flower-100x100.webp",100,100,true]},"uagb_author_info":{"display_name":"pressurezone.shop","author_link":"https:\/\/pressurezone.shop\/sv\/author\/"},"uagb_comment_info":0,"uagb_excerpt":"Achetez la Vari\u00e9t\u00e9 Chemnesia Marijuana Sativa Flower en Ligne en Europe sur Pressure Zone D\u00e9couvrez Chemnesia Marijuana Sativa Flower, une vari\u00e9t\u00e9 de cannabis sativa puissante, n\u00e9e du croisement entre les c\u00e9l\u00e8bres Amnesia Sour Diesel et I-95. Chemnesia est r\u00e9put\u00e9e pour ses effets intenses et durables, offrant une exp\u00e9rience c\u00e9r\u00e9brale unique qui stimule l\u2019esprit et \u00e9l\u00e8ve&hellip;","_links":{"self":[{"href":"https:\/\/pressurezone.shop\/sv\/wp-json\/wp\/v2\/product\/3018"}],"collection":[{"href":"https:\/\/pressurezone.shop\/sv\/wp-json\/wp\/v2\/product"}],"about":[{"href":"https:\/\/pressurezone.shop\/sv\/wp-json\/wp\/v2\/types\/product"}],"replies":[{"embeddable":true,"href":"https:\/\/pressurezone.shop\/sv\/wp-json\/wp\/v2\/comments?post=3018"}],"version-history":[{"count":3,"href":"https:\/\/pressurezone.shop\/sv\/wp-json\/wp\/v2\/product\/3018\/revisions"}],"predecessor-version":[{"id":3746,"href":"https:\/\/pressurezone.shop\/sv\/wp-json\/wp\/v2\/product\/3018\/revisions\/3746"}],"wp:featuredmedia":[{"embeddable":true,"href":"https:\/\/pressurezone.shop\/sv\/wp-json\/wp\/v2\/media\/3093"}],"wp:attachment":[{"href":"https:\/\/pressurezone.shop\/sv\/wp-json\/wp\/v2\/media?parent=3018"}],"wp:term":[{"taxonomy":"product_brand","embeddable":true,"href":"https:\/\/pressurezone.shop\/sv\/wp-json\/wp\/v2\/product_brand?post=3018"},{"taxonomy":"product_cat","embeddable":true,"href":"https:\/\/pressurezone.shop\/sv\/wp-json\/wp\/v2\/product_cat?post=3018"},{"taxonomy":"product_tag","embeddable":true,"href":"https:\/\/pressurezone.shop\/sv\/wp-json\/wp\/v2\/product_tag?post=3018"}],"curies":[{"name":"wp","href":"https:\/\/api.w.org\/{rel}","templated":true}]}}