{"id":3020,"date":"2024-10-11T00:48:47","date_gmt":"2024-10-10T22:48:47","guid":{"rendered":"https:\/\/pressurezone.shop\/?post_type=product&#038;p=3020"},"modified":"2024-11-03T00:53:23","modified_gmt":"2024-11-02T23:53:23","slug":"gorilla-butter-hybrid-weed-strain","status":"publish","type":"product","link":"https:\/\/pressurezone.shop\/sv\/produkt\/gorilla-butter-hybrid-grasstam\/","title":{"rendered":"Gorilla Butter Hybrid Weed Strain"},"content":{"rendered":"<h3><strong>K\u00f6p Gorilla Butter Hybrid Weed Strain online p\u00e5 <a href=\"https:\/\/pressurezone.shop\/sv\/\" target=\"_new\" rel=\"noopener\">Tryckzonsbutik<\/a> - \u00d6verl\u00e4gsen hybridupplevelse<\/strong><\/h3>\n<p>Uppt\u00e4ck den kraftfulla balansen mellan <strong>Gorilla Butter Hybrid Weed Strain<\/strong>\u00e4ven k\u00e4nd som Gorilla Butter F2 eller Gorilla Butter F2 #12. Denna kraftfulla hybrid (50% sativa\/50% indica) \u00e4r resultatet av en korsning mellan de k\u00e4nda sorterna <strong>Andedr\u00e4kt med jordn\u00f6tssm\u00f6r<\/strong> och <strong>Gorilla lim #4<\/strong>kombinerar de b\u00e4sta effekterna av varje typ av cannabis f\u00f6r en upplevelse rik p\u00e5 energi och smak.<\/p>\n<h3>Vad g\u00f6r Gorilla Butter unikt?<\/h3>\n<p><strong>Gorillasm\u00f6r<\/strong> erbjuder ett perfekt balanserat rus, med THC-niv\u00e5er som str\u00e4cker sig fr\u00e5n 15% till 23%, vilket g\u00f6r det tillg\u00e4ngligt f\u00f6r b\u00e5de cannabisnyb\u00f6rjare och finsmakare. Dess effekt b\u00f6rjar n\u00e5gra \u00f6gonblick efter utandning och ger en euforisk h\u00f6jd som f\u00f6rb\u00e4ttrar hum\u00f6r, kreativitet och k\u00e4nslor av v\u00e4lbefinnande. Denna h\u00f6ga f\u00f6rvandlas sedan till en lugnande fysisk avkoppling som lindrar muskelsp\u00e4nningar utan att orsaka \u00f6verdriven sedering, perfekt f\u00f6r anv\u00e4ndning dag och natt.<a href=\"https:\/\/fuelpackz.com\/\" target=\"_blank\" rel=\"noopener\">.<\/a><\/p>\n<ul>\n<li><strong>Typ<\/strong> Hybrid - 50% Sativa \/ 50% Indica<\/li>\n<li><strong>THC<\/strong> 15% - 23%<\/li>\n<li><strong>CBD<\/strong> L\u00e5g, perfekt f\u00f6r THC-\u00e4lskare<\/li>\n<\/ul>\n<h3>Effekter och f\u00f6rdelar med Gorilla Butter Hybrid Weed Strain<\/h3>\n<p>Tack vare sin balans h\u00e5ller Gorilla Butter dig vaken medan du kopplar av. Dess varierande effekter g\u00f6r det till ett utm\u00e4rkt val f\u00f6r dem som vill f\u00f6rb\u00e4ttra sitt hum\u00f6r och sin kreativitet, eller f\u00f6r att lindra fysiska besv\u00e4r utan att k\u00e4nna sig \"soffbundna\".<\/p>\n<ul>\n<li><strong>Effekter<\/strong> Eufori, f\u00f6rb\u00e4ttrat hum\u00f6r, avslappning, pirrande k\u00e4nsla, s\u00e4llskaplighet, \u00f6kad kreativitet<\/li>\n<li><strong>Perfekt f\u00f6r<\/strong> : Lindra kronisk sm\u00e4rta, hantera hum\u00f6rsv\u00e4ngningar, minska stress och lindra huvudv\u00e4rk<\/li>\n<\/ul>\n<p>Rekommenderas f\u00f6r tillst\u00e5nd som :<\/p>\n<ul>\n<li><strong>Kronisk sm\u00e4rta<\/strong> - Lindrar sm\u00e4rta och sp\u00e4nningar i kroppen.<\/li>\n<li><strong>Hum\u00f6rsv\u00e4ngningar och depression<\/strong> - Balanserar hum\u00f6ret och g\u00f6r att du k\u00e4nner dig glad och lugn.<\/li>\n<li><strong>Huvudv\u00e4rk &amp; Migr\u00e4n<\/strong> - Lindrar tryck och sm\u00e4rta, perfekt f\u00f6r migr\u00e4n.<\/li>\n<li><strong>Kronisk stress<\/strong> - Lugnar sinnet och f\u00e5r kroppen att slappna av.<\/li>\n<\/ul>\n<h3>Smak och arom av Gorilla Butter Strain<\/h3>\n<p>Smaken och doften av <strong>Gorillasm\u00f6r<\/strong> \u00e4r lika minnesv\u00e4rda som dess effekter. Denna sort erbjuder en rik, kr\u00e4mig smak med inslag av hasseln\u00f6t och peppar och en l\u00e4tt fruktig smak. Aromen \u00e4r jordig och kryddig med inslag av diesel, vilket g\u00f6r varje bloss unikt.<\/p>\n<ul>\n<li><strong>Smaker<\/strong> Kr\u00e4mig, Hasseln\u00f6t, Fruktig, Syrlig, Kryddig<\/li>\n<li><strong>Dofter<\/strong> : Jordig, Diesel, \u00d6rtliknande, Hasseln\u00f6t, Kryddig<\/li>\n<\/ul>\n<h3>Utseende av Gorilla Butter Strain<\/h3>\n<p>Gorilla Butter-huvudena \u00e4r t\u00e4ta och t\u00e4ckta med ett kristallint lager. De k\u00e4nnetecknas av ljusa nyanser av gr\u00f6na och ljusorange h\u00e5rstr\u00e5n, vilket ger denna sort en visuell sk\u00f6nhet.<\/p>\n<h3>Varf\u00f6r v\u00e4lja Gorilla Butter Hybrid Weed Strain?<\/h3>\n<p>F\u00f6r dem som letar efter en <strong>balanserad hybridsort<\/strong> erbjuda mental och fysisk l\u00e4ttnad, och <strong>Gorillasm\u00f6r<\/strong> \u00e4r ett utm\u00e4rkt val. Med sina balanserade effekter, m\u00e5ttliga till h\u00f6ga THC-niv\u00e5er och l\u00e4ckra smakprofil \u00e4r den idealisk f\u00f6r anv\u00e4ndare som vill ha det b\u00e4sta av indica och sativa i en stam. Oavsett om du vill hantera sm\u00e4rta, f\u00f6rb\u00e4ttra ditt hum\u00f6r eller helt enkelt koppla av utan \u00f6verdriven s\u00f6mnighet, \u00e4r Gorilla Butter den perfekta stammen.<\/p>\n<h3>K\u00f6p Gorilla Butter Hybrid Weed Strain online p\u00e5 Pressure Zone Shop<\/h3>\n<p>\u00c4r du redo att uppt\u00e4cka Gorilla Butters balanserade h\u00f6ga niv\u00e5? <strong>Best\u00e4ll online<\/strong> fr\u00e5n och med idag <a href=\"https:\/\/pressurezone.shop\/sv\/\" target=\"_new\" rel=\"noopener\">Tryckzonsbutik<\/a> och njut av p\u00e5litlig leverans direkt till din d\u00f6rr. Gorilla Butter \u00e4r perfekt f\u00f6r avkoppling, sociala stunder eller kreativa projekt och \u00e4r en sort du m\u00e5ste ha.<\/p>","protected":false},"excerpt":{"rendered":"<p>Acheter Gorilla Butter Hybrid Weed Strain en Ligne sur Pressure Zone Shop \u2013 Exp\u00e9rience Hybride de Qualit\u00e9 Sup\u00e9rieure D\u00e9couvrez le puissant \u00e9quilibre de la Gorilla Butter Hybrid Weed Strain, \u00e9galement connue sous le nom de \u00ab\u00a0Gorilla Butter F2\u00a0\u00bb ou \u00ab\u00a0Gorilla Butter F2 #12\u00a0\u00bb. Ce puissant hybride (50% sativa\/50% indica) est issu d&rsquo;un croisement entre les [&hellip;]<\/p>","protected":false},"featured_media":3097,"comment_status":"closed","ping_status":"closed","template":"","meta":{"_uag_custom_page_level_css":"","site-sidebar-layout":"default","site-content-layout":"","ast-site-content-layout":"default","site-content-style":"default","site-sidebar-style":"default","ast-global-header-display":"","ast-banner-title-visibility":"","ast-main-header-display":"","ast-hfb-above-header-display":"","ast-hfb-below-header-display":"","ast-hfb-mobile-header-display":"","site-post-title":"","ast-breadcrumbs-content":"","ast-featured-img":"","footer-sml-layout":"","theme-transparent-header-meta":"default","adv-header-id-meta":"","stick-header-meta":"","header-above-stick-meta":"","header-main-stick-meta":"","header-below-stick-meta":"","astra-migrate-meta-layouts":"set","ast-page-background-enabled":"default","ast-page-background-meta":{"desktop":{"background-color":"","background-image":"","background-repeat":"repeat","background-position":"center center","background-size":"auto","background-attachment":"scroll","background-type":"","background-media":"","overlay-type":"","overlay-color":"","overlay-opacity":"","overlay-gradient":""},"tablet":{"background-color":"","background-image":"","background-repeat":"repeat","background-position":"center center","background-size":"auto","background-attachment":"scroll","background-type":"","background-media":"","overlay-type":"","overlay-color":"","overlay-opacity":"","overlay-gradient":""},"mobile":{"background-color":"","background-image":"","background-repeat":"repeat","background-position":"center center","background-size":"auto","background-attachment":"scroll","background-type":"","background-media":"","overlay-type":"","overlay-color":"","overlay-opacity":"","overlay-gradient":""}},"ast-content-background-meta":{"desktop":{"background-color":"var(--ast-global-color-5)","background-image":"","background-repeat":"repeat","background-position":"center center","background-size":"auto","background-attachment":"scroll","background-type":"","background-media":"","overlay-type":"","overlay-color":"","overlay-opacity":"","overlay-gradient":""},"tablet":{"background-color":"var(--ast-global-color-5)","background-image":"","background-repeat":"repeat","background-position":"center center","background-size":"auto","background-attachment":"scroll","background-type":"","background-media":"","overlay-type":"","overlay-color":"","overlay-opacity":"","overlay-gradient":""},"mobile":{"background-color":"var(--ast-global-color-5)","background-image":"","background-repeat":"repeat","background-position":"center center","background-size":"auto","background-attachment":"scroll","background-type":"","background-media":"","overlay-type":"","overlay-color":"","overlay-opacity":"","overlay-gradient":""}}},"product_brand":[],"product_cat":[28,277],"product_tag":[300],"class_list":{"0":"post-3020","1":"product","2":"type-product","3":"status-publish","4":"has-post-thumbnail","6":"product_cat-varietes-de-cannabis","7":"product_cat-varietes-de-cannabis-hybrides","8":"product_tag-gorilla-butter-hybrid-weed-strain-for-sale-europe","9":"desktop-align-left","10":"tablet-align-left","11":"mobile-align-left","13":"first","14":"instock","15":"shipping-taxable","16":"purchasable","17":"product-type-variable"},"uagb_featured_image_src":{"full":["https:\/\/pressurezone.shop\/wp-content\/uploads\/2024\/10\/Gorilla-Butter-Hybrid-Weed-Strain.webp",2048,1365,false],"thumbnail":["https:\/\/pressurezone.shop\/wp-content\/uploads\/2024\/10\/Gorilla-Butter-Hybrid-Weed-Strain-150x150.webp",150,150,true],"medium":["https:\/\/pressurezone.shop\/wp-content\/uploads\/2024\/10\/Gorilla-Butter-Hybrid-Weed-Strain-300x200.webp",300,200,true],"medium_large":["https:\/\/pressurezone.shop\/wp-content\/uploads\/2024\/10\/Gorilla-Butter-Hybrid-Weed-Strain-768x512.webp",768,512,true],"large":["https:\/\/pressurezone.shop\/wp-content\/uploads\/2024\/10\/Gorilla-Butter-Hybrid-Weed-Strain-1024x683.webp",1024,683,true],"1536x1536":["https:\/\/pressurezone.shop\/wp-content\/uploads\/2024\/10\/Gorilla-Butter-Hybrid-Weed-Strain-1536x1024.webp",1536,1024,true],"2048x2048":["https:\/\/pressurezone.shop\/wp-content\/uploads\/2024\/10\/Gorilla-Butter-Hybrid-Weed-Strain.webp",2048,1365,false],"trp-custom-language-flag":["https:\/\/pressurezone.shop\/wp-content\/uploads\/2024\/10\/Gorilla-Butter-Hybrid-Weed-Strain-18x12.webp",18,12,true],"woocommerce_thumbnail":["https:\/\/pressurezone.shop\/wp-content\/uploads\/2024\/10\/Gorilla-Butter-Hybrid-Weed-Strain-300x300.webp",300,300,true],"woocommerce_single":["https:\/\/pressurezone.shop\/wp-content\/uploads\/2024\/10\/Gorilla-Butter-Hybrid-Weed-Strain-600x400.webp",600,400,true],"woocommerce_gallery_thumbnail":["https:\/\/pressurezone.shop\/wp-content\/uploads\/2024\/10\/Gorilla-Butter-Hybrid-Weed-Strain-100x100.webp",100,100,true]},"uagb_author_info":{"display_name":"pressurezone.shop","author_link":"https:\/\/pressurezone.shop\/sv\/author\/"},"uagb_comment_info":0,"uagb_excerpt":"Acheter Gorilla Butter Hybrid Weed Strain en Ligne sur Pressure Zone Shop \u2013 Exp\u00e9rience Hybride de Qualit\u00e9 Sup\u00e9rieure D\u00e9couvrez le puissant \u00e9quilibre de la Gorilla Butter Hybrid Weed Strain, \u00e9galement connue sous le nom de \u00ab\u00a0Gorilla Butter F2\u00a0\u00bb ou \u00ab\u00a0Gorilla Butter F2 #12\u00a0\u00bb. Ce puissant hybride (50% sativa\/50% indica) est issu d&rsquo;un croisement entre les&hellip;","_links":{"self":[{"href":"https:\/\/pressurezone.shop\/sv\/wp-json\/wp\/v2\/product\/3020"}],"collection":[{"href":"https:\/\/pressurezone.shop\/sv\/wp-json\/wp\/v2\/product"}],"about":[{"href":"https:\/\/pressurezone.shop\/sv\/wp-json\/wp\/v2\/types\/product"}],"replies":[{"embeddable":true,"href":"https:\/\/pressurezone.shop\/sv\/wp-json\/wp\/v2\/comments?post=3020"}],"version-history":[{"count":3,"href":"https:\/\/pressurezone.shop\/sv\/wp-json\/wp\/v2\/product\/3020\/revisions"}],"predecessor-version":[{"id":3808,"href":"https:\/\/pressurezone.shop\/sv\/wp-json\/wp\/v2\/product\/3020\/revisions\/3808"}],"wp:featuredmedia":[{"embeddable":true,"href":"https:\/\/pressurezone.shop\/sv\/wp-json\/wp\/v2\/media\/3097"}],"wp:attachment":[{"href":"https:\/\/pressurezone.shop\/sv\/wp-json\/wp\/v2\/media?parent=3020"}],"wp:term":[{"taxonomy":"product_brand","embeddable":true,"href":"https:\/\/pressurezone.shop\/sv\/wp-json\/wp\/v2\/product_brand?post=3020"},{"taxonomy":"product_cat","embeddable":true,"href":"https:\/\/pressurezone.shop\/sv\/wp-json\/wp\/v2\/product_cat?post=3020"},{"taxonomy":"product_tag","embeddable":true,"href":"https:\/\/pressurezone.shop\/sv\/wp-json\/wp\/v2\/product_tag?post=3020"}],"curies":[{"name":"wp","href":"https:\/\/api.w.org\/{rel}","templated":true}]}}