{"id":3021,"date":"2024-10-11T00:48:47","date_gmt":"2024-10-10T22:48:47","guid":{"rendered":"https:\/\/pressurezone.shop\/?post_type=product&#038;p=3021"},"modified":"2024-11-02T21:00:01","modified_gmt":"2024-11-02T20:00:01","slug":"black-cherry-soda-hybrid-flower","status":"publish","type":"product","link":"https:\/\/pressurezone.shop\/sv\/produkt\/black-cherry-soda-hybridblomma\/","title":{"rendered":"Black Cherry Soda Hybridblomma"},"content":{"rendered":"<h3><strong>K\u00f6p Black Cherry Soda Hybrid Flower online i Europa p\u00e5 <a href=\"https:\/\/pressurezone.shop\/sv\/\" target=\"_new\" rel=\"noopener\">Tryckzon<\/a><\/strong><\/h3>\n<p>Uppt\u00e4ck de <strong>Black Cherry Soda Hybridblomma cannabisstam<\/strong>En dominerande sativa (80% sativa \/ 20% indica) som erbjuder en unik och visuellt f\u00e4ngslande upplevelse. Med t\u00e4ta knoppar t\u00e4ckta av gnistrande kristaller, orange h\u00e5rstr\u00e5n och nyanser av lila och ljusgr\u00f6nt, <strong>Svart k\u00f6rsb\u00e4rsl\u00e4sk<\/strong> \u00e4r lika vacker som den \u00e4r kraftfull. Perfekt f\u00f6r dem som letar efter en stimulerande h\u00f6g, denna <strong>cannabis sort<\/strong> kombinerar fruktig smak och cerebral kraft<a href=\"https:\/\/fuelpackz.com\/\" target=\"_blank\" rel=\"noopener\">.<\/a><\/p>\n<h3>Effekter och f\u00f6rdelar med Black Cherry Soda Hybrid Flower<\/h3>\n<p>La <strong>sort Black Cherry Soda Hybridblomma<\/strong> utm\u00e4rker sig genom sina uppfriskande effekter och erbjuder den perfekta blandningen av avkoppling och energi. H\u00e4r \u00e4r de viktigaste effekterna av denna exceptionella sort:<\/p>\n<ul>\n<li><strong>Avslappning och energi<\/strong> Den perfekta balansen mellan ett lugnare sinne och f\u00f6rnyad energi.<\/li>\n<li><strong>Cerebral f\u00f6rnimmelse<\/strong> : Ger en stimulerande cerebral upplevelse och en behaglig stickande k\u00e4nsla i \u00f6verkroppen.<\/li>\n<li><strong>Uppvaknande och v\u00e4lbefinnande<\/strong> F\u00f6rb\u00e4ttrar hum\u00f6ret och ger en k\u00e4nsla av l\u00e4tthet, perfekt f\u00f6r att lindra stress.<\/li>\n<\/ul>\n<p>\u00c4ven om det h\u00f6ga \u00e4r kraftfullt uppskattas Black Cherry Soda f\u00f6r sin feelgood-effekt utan \u00f6verdriven intensitet, vilket g\u00f6r det till ett utm\u00e4rkt val f\u00f6r en trevlig upplevelse n\u00e4r som helst p\u00e5 dagen.<\/p>\n<h3>Terapeutiska f\u00f6rdelar med Black Cherry Soda<\/h3>\n<p>Samt dess stimulerande effekter, <strong>Svart k\u00f6rsb\u00e4rsl\u00e4sk<\/strong> \u00e4r k\u00e4nt f\u00f6r sina terapeutiska f\u00f6rdelar. Tack vare sin dominerande sativa-profil kan den hj\u00e4lpa till att lindra :<\/p>\n<ul>\n<li><strong>Depression och \u00e5ngest<\/strong> Lugnar sinnet och uppmuntrar till en positiv sinnesst\u00e4mning.<\/li>\n<li><strong>Minskning av stress<\/strong> Ett naturligt botemedel f\u00f6r att minska k\u00e4nslor av stress och sp\u00e4nning.<\/li>\n<li><strong>Sm\u00e4rtlindring<\/strong> Effektivt f\u00f6r att lindra mindre v\u00e4rk och sm\u00e4rta samtidigt som det ger en k\u00e4nsla av l\u00e4tthet.<\/li>\n<\/ul>\n<p>Med sin h\u00f6ga cerebrala effekt och sina lugnande egenskaper \u00e4r denna <strong>cannabis sort<\/strong> \u00e4r perfekt f\u00f6r dem som s\u00f6ker en kombination av mentalt v\u00e4lbefinnande och fysisk avkoppling.<\/p>\n<h3>Smak och doft av Black Cherry Soda<\/h3>\n<p>Smak- och doftprofilen f\u00f6r <strong>Black Cherry Soda Hybridblomma<\/strong> \u00e4r lika exceptionell som dess effekter:<\/p>\n<ul>\n<li><strong>Smaker<\/strong> En s\u00f6t b\u00e4rsmak med fruktiga toner som p\u00e5minner om en blandning av k\u00f6rsb\u00e4r och s\u00f6t frukt.<\/li>\n<li><strong>Dofter<\/strong> En intensiv doft av bl\u00e5b\u00e4r och jord, med en antydan till s\u00f6tma och en l\u00e4tt kryddighet.<\/li>\n<\/ul>\n<p>Dessa <strong>unika smaker och aromer<\/strong> g\u00f6r varje bloss till en uts\u00f6kt upplevelse, perfekt f\u00f6r fans av fruktiga, s\u00f6ta sorter.<\/p>\n<h3>Varf\u00f6r k\u00f6pa Black Cherry Soda Hybrid Flower p\u00e5 <a href=\"https:\/\/pressurezone.shop\/sv\/\" target=\"_new\" rel=\"noopener\">Tryckzon<\/a>?<\/h3>\n<p>Vid <strong>Tryckzon<\/strong>Vi \u00e4r fast beslutna att erbjuda dig <strong>cannabis sorter<\/strong> f\u00f6r v\u00e5ra kunder i Europa. <strong>Black Cherry Soda Hybridblomma<\/strong> \u00e4r en av v\u00e5ra favoritsorter, utvald f\u00f6r sin balanserade styrka och unika smakprofil. H\u00e4r \u00e4r varf\u00f6r du ska k\u00f6pa fr\u00e5n oss:<\/p>\n<ul>\n<li><strong>Kvalitet och renhet<\/strong> Vi v\u00e4ljer ut och testar v\u00e5ra produkter f\u00f6r att garantera en upplevelse av h\u00f6g kvalitet.<\/li>\n<li><strong>Sensorisk Erfarenhet<\/strong> : Njut av en variation som erbjuder den perfekta balansen mellan avkoppling och stimulans.<\/li>\n<li><strong>Expert p\u00e5 kundservice<\/strong> : V\u00e5rt team finns h\u00e4r f\u00f6r att hj\u00e4lpa dig att hitta r\u00e4tt <strong>cannabis sort<\/strong> som uppfyller dina behov.<\/li>\n<\/ul>\n<h3>Vanliga fr\u00e5gor och svar<\/h3>\n<h4>Vilka \u00e4r de viktigaste effekterna av Black Cherry Soda Hybrid Flower?<\/h4>\n<p>La <strong>sort Black Cherry Soda Hybridblomma<\/strong> ger en energigivande och avslappnande effekt, perfekt f\u00f6r att v\u00e4cka sinnet och samtidigt lugna kroppen. Dess cerebrala effekt \u00e4r stimulerande och fr\u00e4mjar en k\u00e4nsla av v\u00e4lbefinnande.<\/p>\n<h4>Kan Black Cherry Soda anv\u00e4ndas f\u00f6r att lindra stress och depression?<\/h4>\n<p>Ja, det h\u00e4r <strong>cannabis sort<\/strong> \u00e4r utm\u00e4rkt f\u00f6r att minska stress och depression och fr\u00e4mjar ett positivt och lugnare sinnestillst\u00e5nd.<\/p>\n<h4>Vilka \u00e4r de dominerande smakerna och aromerna i Black Cherry Soda?<\/h4>\n<p>Denna sort har en s\u00f6t b\u00e4rsmak med fruktiga toner. Doften \u00e4r en blandning av bl\u00e5b\u00e4r, jordighet och en n\u00e5got kryddig s\u00f6tma.<\/p>\n<h3>Best\u00e4ll Black Cherry Soda Hybrid Flower Variety online i Europa p\u00e5 <a href=\"https:\/\/pressurezone.shop\/sv\/\" target=\"_new\" rel=\"noopener\">Tryckzon<\/a><\/h3>\n<p>Redo att uppt\u00e4cka den fruktiga, energigivande effekten av <strong>Black Cherry Soda Hybridblomma<\/strong>? <strong>Best\u00e4ll nu<\/strong> p\u00e5 <a href=\"https:\/\/pressurezone.shop\/sv\/\" target=\"_new\" rel=\"noopener\">Tryckzon<\/a> f\u00f6r en upplevelse av <strong>cannabis sort<\/strong> perfekt f\u00f6r att minska stress och h\u00f6ja hum\u00f6ret. Med snabb leverans och uppm\u00e4rksam kundservice \u00e4r Pressure Zone din p\u00e5litliga butik f\u00f6r en premium cannabisupplevelse i Europa.<\/p>","protected":false},"excerpt":{"rendered":"<p>Achetez la Vari\u00e9t\u00e9 Black Cherry Soda Hybrid Flower en Ligne en Europe sur Pressure Zone D\u00e9couvrez la vari\u00e9t\u00e9 de cannabis Black Cherry Soda Hybrid Flower, une sativa dominante (80% sativa \/ 20% indica) qui offre une exp\u00e9rience unique et visuellement saisissante. Avec ses bourgeons denses couverts de cristaux scintillants, de poils orange et de nuances [&hellip;]<\/p>","protected":false},"featured_media":3099,"comment_status":"closed","ping_status":"closed","template":"","meta":{"_uag_custom_page_level_css":"","site-sidebar-layout":"default","site-content-layout":"","ast-site-content-layout":"default","site-content-style":"default","site-sidebar-style":"default","ast-global-header-display":"","ast-banner-title-visibility":"","ast-main-header-display":"","ast-hfb-above-header-display":"","ast-hfb-below-header-display":"","ast-hfb-mobile-header-display":"","site-post-title":"","ast-breadcrumbs-content":"","ast-featured-img":"","footer-sml-layout":"","theme-transparent-header-meta":"default","adv-header-id-meta":"","stick-header-meta":"","header-above-stick-meta":"","header-main-stick-meta":"","header-below-stick-meta":"","astra-migrate-meta-layouts":"set","ast-page-background-enabled":"default","ast-page-background-meta":{"desktop":{"background-color":"","background-image":"","background-repeat":"repeat","background-position":"center center","background-size":"auto","background-attachment":"scroll","background-type":"","background-media":"","overlay-type":"","overlay-color":"","overlay-opacity":"","overlay-gradient":""},"tablet":{"background-color":"","background-image":"","background-repeat":"repeat","background-position":"center center","background-size":"auto","background-attachment":"scroll","background-type":"","background-media":"","overlay-type":"","overlay-color":"","overlay-opacity":"","overlay-gradient":""},"mobile":{"background-color":"","background-image":"","background-repeat":"repeat","background-position":"center center","background-size":"auto","background-attachment":"scroll","background-type":"","background-media":"","overlay-type":"","overlay-color":"","overlay-opacity":"","overlay-gradient":""}},"ast-content-background-meta":{"desktop":{"background-color":"var(--ast-global-color-5)","background-image":"","background-repeat":"repeat","background-position":"center center","background-size":"auto","background-attachment":"scroll","background-type":"","background-media":"","overlay-type":"","overlay-color":"","overlay-opacity":"","overlay-gradient":""},"tablet":{"background-color":"var(--ast-global-color-5)","background-image":"","background-repeat":"repeat","background-position":"center center","background-size":"auto","background-attachment":"scroll","background-type":"","background-media":"","overlay-type":"","overlay-color":"","overlay-opacity":"","overlay-gradient":""},"mobile":{"background-color":"var(--ast-global-color-5)","background-image":"","background-repeat":"repeat","background-position":"center center","background-size":"auto","background-attachment":"scroll","background-type":"","background-media":"","overlay-type":"","overlay-color":"","overlay-opacity":"","overlay-gradient":""}}},"product_brand":[],"product_cat":[28,277],"product_tag":[301],"class_list":{"0":"post-3021","1":"product","2":"type-product","3":"status-publish","4":"has-post-thumbnail","6":"product_cat-varietes-de-cannabis","7":"product_cat-varietes-de-cannabis-hybrides","8":"product_tag-black-cherry-soda-hybrid-flower-europe","9":"desktop-align-left","10":"tablet-align-left","11":"mobile-align-left","13":"first","14":"instock","15":"shipping-taxable","16":"purchasable","17":"product-type-variable"},"uagb_featured_image_src":{"full":["https:\/\/pressurezone.shop\/wp-content\/uploads\/2024\/10\/Black-Cherry-Soda-Hybrid-Flower.webp",2048,1365,false],"thumbnail":["https:\/\/pressurezone.shop\/wp-content\/uploads\/2024\/10\/Black-Cherry-Soda-Hybrid-Flower-150x150.webp",150,150,true],"medium":["https:\/\/pressurezone.shop\/wp-content\/uploads\/2024\/10\/Black-Cherry-Soda-Hybrid-Flower-300x200.webp",300,200,true],"medium_large":["https:\/\/pressurezone.shop\/wp-content\/uploads\/2024\/10\/Black-Cherry-Soda-Hybrid-Flower-768x512.webp",768,512,true],"large":["https:\/\/pressurezone.shop\/wp-content\/uploads\/2024\/10\/Black-Cherry-Soda-Hybrid-Flower-1024x683.webp",1024,683,true],"1536x1536":["https:\/\/pressurezone.shop\/wp-content\/uploads\/2024\/10\/Black-Cherry-Soda-Hybrid-Flower-1536x1024.webp",1536,1024,true],"2048x2048":["https:\/\/pressurezone.shop\/wp-content\/uploads\/2024\/10\/Black-Cherry-Soda-Hybrid-Flower.webp",2048,1365,false],"trp-custom-language-flag":["https:\/\/pressurezone.shop\/wp-content\/uploads\/2024\/10\/Black-Cherry-Soda-Hybrid-Flower-18x12.webp",18,12,true],"woocommerce_thumbnail":["https:\/\/pressurezone.shop\/wp-content\/uploads\/2024\/10\/Black-Cherry-Soda-Hybrid-Flower-300x300.webp",300,300,true],"woocommerce_single":["https:\/\/pressurezone.shop\/wp-content\/uploads\/2024\/10\/Black-Cherry-Soda-Hybrid-Flower-600x400.webp",600,400,true],"woocommerce_gallery_thumbnail":["https:\/\/pressurezone.shop\/wp-content\/uploads\/2024\/10\/Black-Cherry-Soda-Hybrid-Flower-100x100.webp",100,100,true]},"uagb_author_info":{"display_name":"pressurezone.shop","author_link":"https:\/\/pressurezone.shop\/sv\/author\/"},"uagb_comment_info":0,"uagb_excerpt":"Achetez la Vari\u00e9t\u00e9 Black Cherry Soda Hybrid Flower en Ligne en Europe sur Pressure Zone D\u00e9couvrez la vari\u00e9t\u00e9 de cannabis Black Cherry Soda Hybrid Flower, une sativa dominante (80% sativa \/ 20% indica) qui offre une exp\u00e9rience unique et visuellement saisissante. Avec ses bourgeons denses couverts de cristaux scintillants, de poils orange et de nuances&hellip;","_links":{"self":[{"href":"https:\/\/pressurezone.shop\/sv\/wp-json\/wp\/v2\/product\/3021"}],"collection":[{"href":"https:\/\/pressurezone.shop\/sv\/wp-json\/wp\/v2\/product"}],"about":[{"href":"https:\/\/pressurezone.shop\/sv\/wp-json\/wp\/v2\/types\/product"}],"replies":[{"embeddable":true,"href":"https:\/\/pressurezone.shop\/sv\/wp-json\/wp\/v2\/comments?post=3021"}],"version-history":[{"count":3,"href":"https:\/\/pressurezone.shop\/sv\/wp-json\/wp\/v2\/product\/3021\/revisions"}],"predecessor-version":[{"id":3657,"href":"https:\/\/pressurezone.shop\/sv\/wp-json\/wp\/v2\/product\/3021\/revisions\/3657"}],"wp:featuredmedia":[{"embeddable":true,"href":"https:\/\/pressurezone.shop\/sv\/wp-json\/wp\/v2\/media\/3099"}],"wp:attachment":[{"href":"https:\/\/pressurezone.shop\/sv\/wp-json\/wp\/v2\/media?parent=3021"}],"wp:term":[{"taxonomy":"product_brand","embeddable":true,"href":"https:\/\/pressurezone.shop\/sv\/wp-json\/wp\/v2\/product_brand?post=3021"},{"taxonomy":"product_cat","embeddable":true,"href":"https:\/\/pressurezone.shop\/sv\/wp-json\/wp\/v2\/product_cat?post=3021"},{"taxonomy":"product_tag","embeddable":true,"href":"https:\/\/pressurezone.shop\/sv\/wp-json\/wp\/v2\/product_tag?post=3021"}],"curies":[{"name":"wp","href":"https:\/\/api.w.org\/{rel}","templated":true}]}}