{"id":3023,"date":"2024-10-11T00:48:47","date_gmt":"2024-10-10T22:48:47","guid":{"rendered":"https:\/\/pressurezone.shop\/?post_type=product&#038;p=3023"},"modified":"2024-11-02T21:27:10","modified_gmt":"2024-11-02T20:27:10","slug":"mandarin-og-cannabis-strain","status":"publish","type":"product","link":"https:\/\/pressurezone.shop\/sv\/produkt\/mandarin-og-cannabisstam\/","title":{"rendered":"Mandarin OG Cannabis-sort"},"content":{"rendered":"<h3><strong>K\u00f6p Mandarin OG Cannabis Strain online i Europa p\u00e5 <a href=\"https:\/\/pressurezone.shop\/sv\/\" target=\"_new\" rel=\"noopener\">Tryckzon<\/a><\/strong><\/h3>\n<p>Uppt\u00e4ck <strong>Mandarin OG Cannabis-sort<\/strong>\u00e4ven k\u00e4nd som \"Mandarin Kush\" - \u00e4r en <strong>cannabis sort<\/strong> En n\u00e5got indica-dominerande hybrid (60% indica \/ 40% sativa) som kombinerar kraft och citrussmaker. Resultatet av en korsning mellan <strong>Tangerine Haze<\/strong> och <strong>OG Kush<\/strong>Denna sort erbjuder en perfekt balans mellan avslappning och energi, perfekt f\u00f6r stunder av samvaro och v\u00e4lbefinnande.<a href=\"https:\/\/fuelpackz.com\/\" target=\"_blank\" rel=\"noopener\">.<\/a><\/p>\n<h3>Effekter och f\u00f6rdelar med Mandarin OG Cannabis Strain<\/h3>\n<p>La <strong>Mandarin OG Cannabis-sort<\/strong> \u00e4r uppskattad f\u00f6r sina stimulerande och glada effekter, perfekt f\u00f6r att lyfta hum\u00f6ret och l\u00e4tta p\u00e5 sp\u00e4nningar:<\/p>\n<ul>\n<li><strong>Lycka och s\u00e4llskaplighet<\/strong> : Ger en k\u00e4nsla av v\u00e4lbefinnande, perfekt f\u00f6r umg\u00e4nge eller avkoppling.<\/li>\n<li><strong>Upplyftande energi<\/strong> : Fr\u00e4mjar ett positivt hum\u00f6r samtidigt som det f\u00e5r kroppen att slappna av.<\/li>\n<li><strong>Lugnande lugn<\/strong> G\u00f6r det m\u00f6jligt att sl\u00e4ppa p\u00e5 sp\u00e4nningar utan \u00f6verdriven sedering.<\/li>\n<\/ul>\n<p>Med en <strong>THC av 20-21%<\/strong> och en <strong>CBD fr\u00e5n 4-5%<\/strong>Denna sort \u00e4r idealisk f\u00f6r dem som s\u00f6ker en balanserad effekt, som stimulerar sinnet samtidigt som den f\u00e5r kroppen att slappna av.<\/p>\n<h3>Terapeutiska f\u00f6rdelar med Mandarin OG Cannabis Strain<\/h3>\n<p>Tack vare dess lugnande och gl\u00e4djefyllda effekter, <strong>Mandarin OG<\/strong> anv\u00e4nds ofta f\u00f6r att lindra en rad olika symtom och tillst\u00e5nd:<\/p>\n<ul>\n<li><strong>Lindring av kronisk sm\u00e4rta och inflammation<\/strong> Lindrar v\u00e4rk i kroppen och minskar inflammation, perfekt f\u00f6r anv\u00e4ndare som s\u00f6ker naturlig lindring.<\/li>\n<li><strong>Minskad tr\u00f6tthet och depression<\/strong> \u00c5terupplivar sinnet och hj\u00e4lper till att bek\u00e4mpa tr\u00f6tthet eller mild depression.<\/li>\n<li><strong>Effektivt mot migr\u00e4n och illam\u00e5ende<\/strong> Perfekt f\u00f6r dem som lider av migr\u00e4n eller matsm\u00e4ltningsproblem.<\/li>\n<\/ul>\n<p>Detta <strong>cannabis sort<\/strong> \u00e4r ett utm\u00e4rkt alternativ f\u00f6r dem som s\u00f6ker terapeutiska f\u00f6rdelar utan \u00f6verdrivna effekter, tack vare sin balanserade blandning av THC och CBD.<\/p>\n<h3>Smak och doft av Mandarin OG<\/h3>\n<p>Mandarin OG \u00e4r en veritabel explosion av citrus och kryddiga smaker:<\/p>\n<ul>\n<li><strong>Smaker<\/strong> En utpr\u00e4glad apelsin- och citrussmak med inslag av kryddor och syra som ger djup.<\/li>\n<li><strong>Dofter<\/strong> En jordig, \u00f6rtartad doft, f\u00f6rst\u00e4rkt av en frisk apelsinnote, perfekt f\u00f6r dem som uppskattar sorter med naturliga, uppfriskande dofter.<\/li>\n<\/ul>\n<p>Dessa <strong>smak och doft av citrusfrukter<\/strong> g\u00f6r varje doft av Mandarin OG till en uppfriskande och njutbar upplevelse.<\/p>\n<h3>Varf\u00f6r k\u00f6pa Mandarin OG Cannabis Strain p\u00e5 <a href=\"https:\/\/pressurezone.shop\/sv\/\" target=\"_new\" rel=\"noopener\">Tryckzon<\/a>?<\/h3>\n<p>Vid <strong>Tryckzon<\/strong>vi v\u00e4ljer <strong>cannabis sorter<\/strong> noggrant testad f\u00f6r att s\u00e4kerst\u00e4lla b\u00e4sta m\u00f6jliga upplevelse. <strong>Mandarin OG Cannabis-sort<\/strong> \u00e4r en av v\u00e5ra b\u00e4sta sorter f\u00f6r sina balanserade effekter och unika smaker. H\u00e4r \u00e4r varf\u00f6r du ska k\u00f6pa fr\u00e5n oss:<\/p>\n<ul>\n<li><strong>Premium Kvalitet<\/strong> Alla v\u00e5ra produkter testas f\u00f6r att s\u00e4kerst\u00e4lla en h\u00f6gkvalitativ upplevelse.<\/li>\n<li><strong>Energigivande och avslappnande effekt<\/strong> Perfekt f\u00f6r en balanserad upplevelse som lyfter hum\u00f6ret samtidigt som den f\u00e5r kroppen att slappna av.<\/li>\n<li><strong>Engagerad kundservice<\/strong> : V\u00e5rt team finns h\u00e4r f\u00f6r att hj\u00e4lpa dig att hitta r\u00e4tt <strong>cannabis sort<\/strong> som uppfyller dina behov.<\/li>\n<\/ul>\n<h3>Vanliga fr\u00e5gor och svar<\/h3>\n<h4>Vilka \u00e4r de viktigaste effekterna av Mandarin OG Cannabis Strain?<\/h4>\n<p>Mandarin OG ger en lycklig, s\u00e4llskaplig high, perfekt f\u00f6r sociala tillf\u00e4llen. Dess energigivande effekter balanseras av en mild avslappning som hj\u00e4lper till att minska stress och \u00e5ngest.<\/p>\n<h4>\u00c4r Mandarin OG l\u00e4mplig f\u00f6r sm\u00e4rtlindring?<\/h4>\n<p>Ja, det h\u00e4r <strong>cannabis sort<\/strong> \u00e4r effektivt f\u00f6r att lindra kronisk sm\u00e4rta, minska inflammation och hj\u00e4lpa till att lindra migr\u00e4n.<\/p>\n<h4>Vilka smaker och aromer dominerar Mandarin OG?<\/h4>\n<p>Mandarin OG erbjuder en intensiv citrussmak med kryddiga och v\u00e4xtbaserade toner. Dess jordiga, f\u00e4rska apelsinarom g\u00f6r den till en unik sensorisk upplevelse.<\/p>\n<h3>Best\u00e4ll Mandarin OG Cannabis Strain online i Europa p\u00e5 <a href=\"https:\/\/pressurezone.shop\/sv\/\" target=\"_new\" rel=\"noopener\">Tryckzon<\/a><\/h3>\n<p>Redo att uppt\u00e4cka den perfekta balansen mellan <strong>Mandarin OG Cannabis-sort<\/strong>? <strong>Best\u00e4ll nu<\/strong> p\u00e5 <a href=\"https:\/\/pressurezone.shop\/sv\/\" target=\"_new\" rel=\"noopener\">Tryckzon<\/a> f\u00f6r en upplevelse av <strong>cannabis sort<\/strong> en unik blandning, perfekt f\u00f6r att h\u00f6ja hum\u00f6ret och lindra sp\u00e4nningar. Njut av diskret och p\u00e5litlig leverans f\u00f6r en bekymmersfri shoppingupplevelse.<\/p>","protected":false},"excerpt":{"rendered":"<p>Achetez la Vari\u00e9t\u00e9 Mandarin OG Cannabis Strain en Ligne en Europe sur Pressure Zone D\u00e9couvrez Mandarin OG Cannabis Strain, \u00e9galement connue sous le nom de \u00ab\u00a0Mandarin Kush\u00a0\u00bb \u2013 une vari\u00e9t\u00e9 de cannabis hybride l\u00e9g\u00e8rement dominante en indica (60% indica \/ 40% sativa) qui combine puissance et saveurs d\u2019agrumes. Issue d\u2019un croisement entre Tangerine Haze et [&hellip;]<\/p>","protected":false},"featured_media":3108,"comment_status":"closed","ping_status":"closed","template":"","meta":{"_uag_custom_page_level_css":"","site-sidebar-layout":"default","site-content-layout":"","ast-site-content-layout":"default","site-content-style":"default","site-sidebar-style":"default","ast-global-header-display":"","ast-banner-title-visibility":"","ast-main-header-display":"","ast-hfb-above-header-display":"","ast-hfb-below-header-display":"","ast-hfb-mobile-header-display":"","site-post-title":"","ast-breadcrumbs-content":"","ast-featured-img":"","footer-sml-layout":"","theme-transparent-header-meta":"default","adv-header-id-meta":"","stick-header-meta":"","header-above-stick-meta":"","header-main-stick-meta":"","header-below-stick-meta":"","astra-migrate-meta-layouts":"set","ast-page-background-enabled":"default","ast-page-background-meta":{"desktop":{"background-color":"","background-image":"","background-repeat":"repeat","background-position":"center center","background-size":"auto","background-attachment":"scroll","background-type":"","background-media":"","overlay-type":"","overlay-color":"","overlay-opacity":"","overlay-gradient":""},"tablet":{"background-color":"","background-image":"","background-repeat":"repeat","background-position":"center center","background-size":"auto","background-attachment":"scroll","background-type":"","background-media":"","overlay-type":"","overlay-color":"","overlay-opacity":"","overlay-gradient":""},"mobile":{"background-color":"","background-image":"","background-repeat":"repeat","background-position":"center center","background-size":"auto","background-attachment":"scroll","background-type":"","background-media":"","overlay-type":"","overlay-color":"","overlay-opacity":"","overlay-gradient":""}},"ast-content-background-meta":{"desktop":{"background-color":"var(--ast-global-color-5)","background-image":"","background-repeat":"repeat","background-position":"center center","background-size":"auto","background-attachment":"scroll","background-type":"","background-media":"","overlay-type":"","overlay-color":"","overlay-opacity":"","overlay-gradient":""},"tablet":{"background-color":"var(--ast-global-color-5)","background-image":"","background-repeat":"repeat","background-position":"center center","background-size":"auto","background-attachment":"scroll","background-type":"","background-media":"","overlay-type":"","overlay-color":"","overlay-opacity":"","overlay-gradient":""},"mobile":{"background-color":"var(--ast-global-color-5)","background-image":"","background-repeat":"repeat","background-position":"center center","background-size":"auto","background-attachment":"scroll","background-type":"","background-media":"","overlay-type":"","overlay-color":"","overlay-opacity":"","overlay-gradient":""}}},"product_brand":[],"product_cat":[28,278],"product_tag":[303,495],"class_list":{"0":"post-3023","1":"product","2":"type-product","3":"status-publish","4":"has-post-thumbnail","6":"product_cat-varietes-de-cannabis","7":"product_cat-varietes-de-marijuana-indica","8":"product_tag-buy-mandarin-og-cannabis-strain-europe","9":"product_tag-variete-mandarin-og-cannabis","10":"desktop-align-left","11":"tablet-align-left","12":"mobile-align-left","14":"first","15":"instock","16":"shipping-taxable","17":"purchasable","18":"product-type-variable"},"uagb_featured_image_src":{"full":["https:\/\/pressurezone.shop\/wp-content\/uploads\/2024\/10\/Buy-Mandarin-OG-Cannabis-Strain.webp",2048,1365,false],"thumbnail":["https:\/\/pressurezone.shop\/wp-content\/uploads\/2024\/10\/Buy-Mandarin-OG-Cannabis-Strain-150x150.webp",150,150,true],"medium":["https:\/\/pressurezone.shop\/wp-content\/uploads\/2024\/10\/Buy-Mandarin-OG-Cannabis-Strain-300x200.webp",300,200,true],"medium_large":["https:\/\/pressurezone.shop\/wp-content\/uploads\/2024\/10\/Buy-Mandarin-OG-Cannabis-Strain-768x512.webp",768,512,true],"large":["https:\/\/pressurezone.shop\/wp-content\/uploads\/2024\/10\/Buy-Mandarin-OG-Cannabis-Strain-1024x683.webp",1024,683,true],"1536x1536":["https:\/\/pressurezone.shop\/wp-content\/uploads\/2024\/10\/Buy-Mandarin-OG-Cannabis-Strain-1536x1024.webp",1536,1024,true],"2048x2048":["https:\/\/pressurezone.shop\/wp-content\/uploads\/2024\/10\/Buy-Mandarin-OG-Cannabis-Strain.webp",2048,1365,false],"trp-custom-language-flag":["https:\/\/pressurezone.shop\/wp-content\/uploads\/2024\/10\/Buy-Mandarin-OG-Cannabis-Strain-18x12.webp",18,12,true],"woocommerce_thumbnail":["https:\/\/pressurezone.shop\/wp-content\/uploads\/2024\/10\/Buy-Mandarin-OG-Cannabis-Strain-300x300.webp",300,300,true],"woocommerce_single":["https:\/\/pressurezone.shop\/wp-content\/uploads\/2024\/10\/Buy-Mandarin-OG-Cannabis-Strain-600x400.webp",600,400,true],"woocommerce_gallery_thumbnail":["https:\/\/pressurezone.shop\/wp-content\/uploads\/2024\/10\/Buy-Mandarin-OG-Cannabis-Strain-100x100.webp",100,100,true]},"uagb_author_info":{"display_name":"pressurezone.shop","author_link":"https:\/\/pressurezone.shop\/sv\/author\/"},"uagb_comment_info":0,"uagb_excerpt":"Achetez la Vari\u00e9t\u00e9 Mandarin OG Cannabis Strain en Ligne en Europe sur Pressure Zone D\u00e9couvrez Mandarin OG Cannabis Strain, \u00e9galement connue sous le nom de \u00ab\u00a0Mandarin Kush\u00a0\u00bb \u2013 une vari\u00e9t\u00e9 de cannabis hybride l\u00e9g\u00e8rement dominante en indica (60% indica \/ 40% sativa) qui combine puissance et saveurs d\u2019agrumes. Issue d\u2019un croisement entre Tangerine Haze et&hellip;","_links":{"self":[{"href":"https:\/\/pressurezone.shop\/sv\/wp-json\/wp\/v2\/product\/3023"}],"collection":[{"href":"https:\/\/pressurezone.shop\/sv\/wp-json\/wp\/v2\/product"}],"about":[{"href":"https:\/\/pressurezone.shop\/sv\/wp-json\/wp\/v2\/types\/product"}],"replies":[{"embeddable":true,"href":"https:\/\/pressurezone.shop\/sv\/wp-json\/wp\/v2\/comments?post=3023"}],"version-history":[{"count":3,"href":"https:\/\/pressurezone.shop\/sv\/wp-json\/wp\/v2\/product\/3023\/revisions"}],"predecessor-version":[{"id":3697,"href":"https:\/\/pressurezone.shop\/sv\/wp-json\/wp\/v2\/product\/3023\/revisions\/3697"}],"wp:featuredmedia":[{"embeddable":true,"href":"https:\/\/pressurezone.shop\/sv\/wp-json\/wp\/v2\/media\/3108"}],"wp:attachment":[{"href":"https:\/\/pressurezone.shop\/sv\/wp-json\/wp\/v2\/media?parent=3023"}],"wp:term":[{"taxonomy":"product_brand","embeddable":true,"href":"https:\/\/pressurezone.shop\/sv\/wp-json\/wp\/v2\/product_brand?post=3023"},{"taxonomy":"product_cat","embeddable":true,"href":"https:\/\/pressurezone.shop\/sv\/wp-json\/wp\/v2\/product_cat?post=3023"},{"taxonomy":"product_tag","embeddable":true,"href":"https:\/\/pressurezone.shop\/sv\/wp-json\/wp\/v2\/product_tag?post=3023"}],"curies":[{"name":"wp","href":"https:\/\/api.w.org\/{rel}","templated":true}]}}