{"id":3024,"date":"2024-10-11T00:48:47","date_gmt":"2024-10-10T22:48:47","guid":{"rendered":"https:\/\/pressurezone.shop\/?post_type=product&#038;p=3024"},"modified":"2024-11-03T21:23:25","modified_gmt":"2024-11-03T20:23:25","slug":"mandarin-og-weed-strain","status":"publish","type":"product","link":"https:\/\/pressurezone.shop\/sv\/produkt\/mandarin-og-ogras-stam\/","title":{"rendered":"Mandarin OG Weed-sort"},"content":{"rendered":"<div class=\"flex-shrink-0 flex flex-col relative items-end\">\n<div>\n<div class=\"pt-0\">\n<div class=\"gizmo-bot-avatar flex h-8 w-8 items-center justify-center overflow-hidden rounded-full\">\n<div class=\"relative p-1 rounded-sm flex items-center justify-center bg-token-main-surface-primary text-token-text-primary h-8 w-8\"><\/div>\n<\/div>\n<\/div>\n<\/div>\n<\/div>\n<div class=\"group\/conversation-turn relative flex w-full min-w-0 flex-col agent-turn\">\n<div class=\"flex-col gap-1 md:gap-3\">\n<div class=\"flex max-w-full flex-col flex-grow\">\n<div class=\"min-h-8 text-message flex w-full flex-col items-end gap-2 whitespace-normal break-words [.text-message+&amp;]:mt-5\" dir=\"auto\" data-message-author-role=\"assistant\" data-message-id=\"f3e0752e-7876-4bea-aebc-9de5bdece473\" data-message-model-slug=\"gpt-4o\">\n<div class=\"flex w-full flex-col gap-1 empty:hidden first:pt-[3px]\">\n<div class=\"markdown prose w-full break-words dark:prose-invert light\">\n<h3><strong>K\u00f6p Mandarin OG Weed Strain online i Europa p\u00e5 <a href=\"https:\/\/pressurezone.shop\/sv\/\" target=\"_new\" rel=\"noopener\">Tryckzonsbutik<\/a><\/strong><\/h3>\n<p>Uppt\u00e4ck de <strong>Mandarin OG Weed-sort<\/strong>\u00e4ven k\u00e4nd som \"Mandarin Kush\", en hybridsort med en liten indica-dominans (60% indica \/ 40% sativa), skapad genom att korsa de klassiska stammarna <strong>Tangerine Haze<\/strong> och <strong>OG Kush<\/strong>. Perfekt f\u00f6r dem som letar efter en l\u00e4tt, uppiggande h\u00f6g, <strong>Mandarin OG<\/strong> erbjuder en unik citrussmak som kommer att gl\u00e4dja fans av fruktiga och kryddiga smaker.<\/p>\n<h3>Varf\u00f6r v\u00e4lja Mandarin OG Weed Strain?<\/h3>\n<p><strong>Mandarin OG Weed-sort<\/strong> \u00e4r perfekt f\u00f6r en glad, social upplevelse. Dess effekter b\u00f6rjar med en k\u00e4nsla av lycka och l\u00e4tthet, perfekt f\u00f6r sociala aktiviteter och stunder av avkoppling. Med THC-niv\u00e5er p\u00e5 20-21% och CBD p\u00e5 4-5% \u00e4r denna sort ocks\u00e5 h\u00f6gt v\u00e4rderad f\u00f6r sina terapeutiska f\u00f6rdelar, vilket effektivt lindrar tr\u00f6tthet, migr\u00e4n och inflammatorisk sm\u00e4rta.<a href=\"https:\/\/fuelpackz.com\/\" target=\"_blank\" rel=\"noopener\">.<\/a><\/p>\n<ul>\n<li><strong>Typ<\/strong> Indica-dominerande hybrid (60% Indica \/ 40% Sativa)<\/li>\n<li><strong>THC<\/strong> 20-21%, med 4-5% CBD f\u00f6r lugnande och terapeutiska effekter<\/li>\n<\/ul>\n<h3>Effekter och f\u00f6rdelar med Mandarin OG Weed Strain<\/h3>\n<p>Med euforiska och s\u00e4llskapliga effekter, <strong>Mandarin OG Weed-sort<\/strong> \u00e4r perfekt f\u00f6r att koppla av samtidigt som man h\u00e5ller sig aktiv och p\u00e5 gott hum\u00f6r. Den \u00e4r idealisk f\u00f6r dem som s\u00f6ker variation f\u00f6r sociala aktiviteter, vilket ger en glad mental boost utan alltf\u00f6r mycket kroppstyngd.<\/p>\n<ul>\n<li><strong>Effekter<\/strong> Glad, s\u00e4llskaplig, stimulerande<\/li>\n<li><strong>Perfekt f\u00f6r<\/strong> Kronisk sm\u00e4rta, Depression, Tr\u00f6tthet, Inflammation, Migr\u00e4n, Illam\u00e5ende<\/li>\n<\/ul>\n<h3>Tillst\u00e5nd som lindras av Mandarin OG Cannabis Strain<\/h3>\n<p>Tack vare dess balanserade och lugnande egenskaper, <strong>Mandarin OG<\/strong> anv\u00e4nds ofta f\u00f6r att lindra en rad olika symtom:<\/p>\n<ul>\n<li><strong>Utmattning och kronisk sm\u00e4rta<\/strong> Hj\u00e4lper till att motverka tr\u00f6tthet samtidigt som den ger lindring av ih\u00e5llande v\u00e4rk och sm\u00e4rta.<\/li>\n<li><strong>Depression och migr\u00e4n<\/strong> : Fr\u00e4mjar en positiv sinnesst\u00e4mning och lindrar huvudv\u00e4rk.<\/li>\n<li><strong>Inflammation och illam\u00e5ende<\/strong> Minskar inflammationssymtom och lindrar magbesv\u00e4r.<\/li>\n<\/ul>\n<h3>Smak och doft av Mandarin OG Weed Strain<\/h3>\n<p>La <strong>Mandarin OG Weed-sort<\/strong> har en uppfriskande kryddig doftprofil som domineras av citrus- och apelsinnoter. Smaken \u00e4r en blandning av s\u00f6ta och syrliga citrussmaker, tillsammans med en antydan till krydda som ger en kryddig dimension till varje bloss.<\/p>\n<ul>\n<li><strong>Smaker<\/strong> Citrus, Apelsin, Kryddig, Syrlig<\/li>\n<li><strong>Dofter<\/strong> Citrus, Jordig, \u00d6rtartad, Orange<\/li>\n<\/ul>\n<h3>Utseende av Mandarin OG Cannabisblomma<\/h3>\n<p>Knopparna p\u00e5 <strong>Mandarin OG<\/strong> \u00e4r sm\u00e5, runda och mintgr\u00f6na med l\u00e5nga, fina orange h\u00e5r och en bel\u00e4ggning av vita kristallina trikomer, vilket ger dem en attraktiv frostad glans. Detta snygga, livfulla utseende tilltalar omedelbart finsmakare p\u00e5 jakt efter kvalitet.<\/p>\n<h3>Best\u00e4ll Mandarin OG Weed Strain online fr\u00e5n Pressure Zone Shop<\/h3>\n<p>Redo att uppt\u00e4cka den gl\u00e4djande och uppfriskande effekten av <strong>Mandarin OG Weed-sort<\/strong> ? Best\u00e4ll idag fr\u00e5n <a href=\"https:\/\/pressurezone.shop\/sv\/\" target=\"_new\" rel=\"noopener\">Tryckzonsbutik<\/a> f\u00f6r att njuta av denna unika hybridsort, perfekt f\u00f6r att lugna kroppen och lysa upp sj\u00e4len. Oavsett om det \u00e4r f\u00f6r sociala tillf\u00e4llen eller f\u00f6r att lindra fysiska symtom, <strong>Mandarin OG<\/strong> \u00e4r det perfekta valet f\u00f6r en \u00f6verl\u00e4gsen upplevelse.<\/p>\n<\/div>\n<\/div>\n<\/div>\n<\/div>\n<\/div>\n<\/div>","protected":false},"excerpt":{"rendered":"<div class=\"product-short-description\">\n<p>THC: 20% - 21%, CBD: 5%<\/p>\n<\/div>","protected":false},"featured_media":3110,"comment_status":"closed","ping_status":"closed","template":"","meta":{"_uag_custom_page_level_css":"","site-sidebar-layout":"default","site-content-layout":"","ast-site-content-layout":"default","site-content-style":"default","site-sidebar-style":"default","ast-global-header-display":"","ast-banner-title-visibility":"","ast-main-header-display":"","ast-hfb-above-header-display":"","ast-hfb-below-header-display":"","ast-hfb-mobile-header-display":"","site-post-title":"","ast-breadcrumbs-content":"","ast-featured-img":"","footer-sml-layout":"","theme-transparent-header-meta":"default","adv-header-id-meta":"","stick-header-meta":"","header-above-stick-meta":"","header-main-stick-meta":"","header-below-stick-meta":"","astra-migrate-meta-layouts":"set","ast-page-background-enabled":"default","ast-page-background-meta":{"desktop":{"background-color":"","background-image":"","background-repeat":"repeat","background-position":"center center","background-size":"auto","background-attachment":"scroll","background-type":"","background-media":"","overlay-type":"","overlay-color":"","overlay-opacity":"","overlay-gradient":""},"tablet":{"background-color":"","background-image":"","background-repeat":"repeat","background-position":"center center","background-size":"auto","background-attachment":"scroll","background-type":"","background-media":"","overlay-type":"","overlay-color":"","overlay-opacity":"","overlay-gradient":""},"mobile":{"background-color":"","background-image":"","background-repeat":"repeat","background-position":"center center","background-size":"auto","background-attachment":"scroll","background-type":"","background-media":"","overlay-type":"","overlay-color":"","overlay-opacity":"","overlay-gradient":""}},"ast-content-background-meta":{"desktop":{"background-color":"var(--ast-global-color-5)","background-image":"","background-repeat":"repeat","background-position":"center center","background-size":"auto","background-attachment":"scroll","background-type":"","background-media":"","overlay-type":"","overlay-color":"","overlay-opacity":"","overlay-gradient":""},"tablet":{"background-color":"var(--ast-global-color-5)","background-image":"","background-repeat":"repeat","background-position":"center center","background-size":"auto","background-attachment":"scroll","background-type":"","background-media":"","overlay-type":"","overlay-color":"","overlay-opacity":"","overlay-gradient":""},"mobile":{"background-color":"var(--ast-global-color-5)","background-image":"","background-repeat":"repeat","background-position":"center center","background-size":"auto","background-attachment":"scroll","background-type":"","background-media":"","overlay-type":"","overlay-color":"","overlay-opacity":"","overlay-gradient":""}}},"product_brand":[],"product_cat":[28,278],"product_tag":[304],"class_list":{"0":"post-3024","1":"product","2":"type-product","3":"status-publish","4":"has-post-thumbnail","6":"product_cat-varietes-de-cannabis","7":"product_cat-varietes-de-marijuana-indica","8":"product_tag-buy-mandarin-og-weed-strain-europe","9":"desktop-align-left","10":"tablet-align-left","11":"mobile-align-left","13":"first","14":"instock","15":"shipping-taxable","16":"purchasable","17":"product-type-variable"},"uagb_featured_image_src":{"full":["https:\/\/pressurezone.shop\/wp-content\/uploads\/2024\/10\/Mandarin-OG-Weed-Strain.webp",2048,1365,false],"thumbnail":["https:\/\/pressurezone.shop\/wp-content\/uploads\/2024\/10\/Mandarin-OG-Weed-Strain-150x150.webp",150,150,true],"medium":["https:\/\/pressurezone.shop\/wp-content\/uploads\/2024\/10\/Mandarin-OG-Weed-Strain-300x200.webp",300,200,true],"medium_large":["https:\/\/pressurezone.shop\/wp-content\/uploads\/2024\/10\/Mandarin-OG-Weed-Strain-768x512.webp",768,512,true],"large":["https:\/\/pressurezone.shop\/wp-content\/uploads\/2024\/10\/Mandarin-OG-Weed-Strain-1024x683.webp",1024,683,true],"1536x1536":["https:\/\/pressurezone.shop\/wp-content\/uploads\/2024\/10\/Mandarin-OG-Weed-Strain-1536x1024.webp",1536,1024,true],"2048x2048":["https:\/\/pressurezone.shop\/wp-content\/uploads\/2024\/10\/Mandarin-OG-Weed-Strain.webp",2048,1365,false],"trp-custom-language-flag":["https:\/\/pressurezone.shop\/wp-content\/uploads\/2024\/10\/Mandarin-OG-Weed-Strain-18x12.webp",18,12,true],"woocommerce_thumbnail":["https:\/\/pressurezone.shop\/wp-content\/uploads\/2024\/10\/Mandarin-OG-Weed-Strain-300x300.webp",300,300,true],"woocommerce_single":["https:\/\/pressurezone.shop\/wp-content\/uploads\/2024\/10\/Mandarin-OG-Weed-Strain-600x400.webp",600,400,true],"woocommerce_gallery_thumbnail":["https:\/\/pressurezone.shop\/wp-content\/uploads\/2024\/10\/Mandarin-OG-Weed-Strain-100x100.webp",100,100,true]},"uagb_author_info":{"display_name":"pressurezone.shop","author_link":"https:\/\/pressurezone.shop\/sv\/author\/"},"uagb_comment_info":0,"uagb_excerpt":"THC: 20% \u2013 21%, CBD: 5%","_links":{"self":[{"href":"https:\/\/pressurezone.shop\/sv\/wp-json\/wp\/v2\/product\/3024"}],"collection":[{"href":"https:\/\/pressurezone.shop\/sv\/wp-json\/wp\/v2\/product"}],"about":[{"href":"https:\/\/pressurezone.shop\/sv\/wp-json\/wp\/v2\/types\/product"}],"replies":[{"embeddable":true,"href":"https:\/\/pressurezone.shop\/sv\/wp-json\/wp\/v2\/comments?post=3024"}],"version-history":[{"count":3,"href":"https:\/\/pressurezone.shop\/sv\/wp-json\/wp\/v2\/product\/3024\/revisions"}],"predecessor-version":[{"id":3943,"href":"https:\/\/pressurezone.shop\/sv\/wp-json\/wp\/v2\/product\/3024\/revisions\/3943"}],"wp:featuredmedia":[{"embeddable":true,"href":"https:\/\/pressurezone.shop\/sv\/wp-json\/wp\/v2\/media\/3110"}],"wp:attachment":[{"href":"https:\/\/pressurezone.shop\/sv\/wp-json\/wp\/v2\/media?parent=3024"}],"wp:term":[{"taxonomy":"product_brand","embeddable":true,"href":"https:\/\/pressurezone.shop\/sv\/wp-json\/wp\/v2\/product_brand?post=3024"},{"taxonomy":"product_cat","embeddable":true,"href":"https:\/\/pressurezone.shop\/sv\/wp-json\/wp\/v2\/product_cat?post=3024"},{"taxonomy":"product_tag","embeddable":true,"href":"https:\/\/pressurezone.shop\/sv\/wp-json\/wp\/v2\/product_tag?post=3024"}],"curies":[{"name":"wp","href":"https:\/\/api.w.org\/{rel}","templated":true}]}}