{"id":3041,"date":"2024-10-11T00:49:11","date_gmt":"2024-10-10T22:49:11","guid":{"rendered":"https:\/\/pressurezone.shop\/?post_type=product&#038;p=3041"},"modified":"2024-11-03T20:33:34","modified_gmt":"2024-11-03T19:33:34","slug":"high-country-diesel-weed-strain","status":"publish","type":"product","link":"https:\/\/pressurezone.shop\/sv\/produkt\/high-country-diesel-ograssort\/","title":{"rendered":"High Country Diesel Weed Strain"},"content":{"rendered":"<div class=\"flex-shrink-0 flex flex-col relative items-end\">\n<div>\n<div class=\"pt-0\">\n<div class=\"gizmo-bot-avatar flex h-8 w-8 items-center justify-center overflow-hidden rounded-full\">\n<div class=\"relative p-1 rounded-sm flex items-center justify-center bg-token-main-surface-primary text-token-text-primary h-8 w-8\"><\/div>\n<\/div>\n<\/div>\n<\/div>\n<\/div>\n<div class=\"group\/conversation-turn relative flex w-full min-w-0 flex-col agent-turn\">\n<div class=\"flex-col gap-1 md:gap-3\">\n<div class=\"flex max-w-full flex-col flex-grow\">\n<div class=\"min-h-8 text-message flex w-full flex-col items-end gap-2 whitespace-normal break-words [.text-message+&amp;]:mt-5\" dir=\"auto\" data-message-author-role=\"assistant\" data-message-id=\"f9d9d021-e8d9-4e84-b622-8094fe1a5410\" data-message-model-slug=\"gpt-4o\">\n<div class=\"flex w-full flex-col gap-1 empty:hidden first:pt-[3px]\">\n<div class=\"markdown prose w-full break-words dark:prose-invert light\">\n<h3><strong>K\u00f6p High Country Diesel Weed Strain online i Europa p\u00e5 <a href=\"https:\/\/pressurezone.shop\/sv\/\" target=\"_new\" rel=\"noopener\">Tryckzonsbutik<\/a><\/strong><\/h3>\n<p>Uppt\u00e4ck de <strong>High Country Diesel Weed Strain<\/strong>en s\u00e4llsynt indica-dominant sort, f\u00f6dd ur en korsning mellan den legendariska <strong>Diesel<\/strong> och <strong>OG Kush<\/strong>. Uppskattad f\u00f6r sina avslappnande effekter och sin intensiva dieselsmak, \u00e4r <strong>High Country Diesel Weed Strain<\/strong> \u00e4r det perfekta valet f\u00f6r fans av robusta, l\u00e5ngvariga sorter. Dess l\u00e5ngvariga, m\u00e5ttliga h\u00f6ga \u00e4r l\u00e4mplig f\u00f6r alla niv\u00e5er av erfarenhet och erbjuder djup avkoppling utan att rusa.<\/p>\n<h3>Varf\u00f6r v\u00e4lja High Country Diesel Weed Strain?<\/h3>\n<p><strong>High Country Diesel<\/strong> \u00e4r perfekt f\u00f6r dig som s\u00f6ker en mild euforisk kick f\u00f6ljt av en lugnande effekt p\u00e5 kroppen. Det b\u00f6rjar med en v\u00e5g av lycka och mental klarhet, innan det gradvis tar dig in i ett tillst\u00e5nd av intensiv avslappning, vilket ofta leder till en <strong>soffl\u00e5s<\/strong> och en behagligt tung k\u00e4nsla. Denna h\u00f6ga avslutar f\u00f6rsiktigt med en lugnande, s\u00f6mnig effekt, perfekt f\u00f6r anv\u00e4ndning p\u00e5 kv\u00e4llen eller f\u00f6re s\u00e4ngg\u00e5endet.<a href=\"https:\/\/fuelpackz.com\/\" target=\"_blank\" rel=\"noopener\">.<\/a><\/p>\n<ul>\n<li><strong>Typ<\/strong> Hybrid Indica Dominant<\/li>\n<li><strong>THC<\/strong> M\u00e5ttlig (13-17%) med 1% CBD f\u00f6r l\u00e5ngvarig, balanserad avslappning<\/li>\n<\/ul>\n<h3>Effekter och f\u00f6rdelar med High Country Diesel Weed Strain<\/h3>\n<p>Med sina lugnande och l\u00e4tt euforiska effekter \u00e4r <strong>High Country Diesel Weed Strain<\/strong> \u00e4r perfekt f\u00f6r dig som vill lindra v\u00e4rk och stress och samtidigt njuta av djup fysisk avkoppling.<\/p>\n<ul>\n<li><strong>Effekter<\/strong> Avslappning i kroppen, s\u00f6mnighet, stickningar, k\u00e4nsla av v\u00e4lbefinnande, lugnande<\/li>\n<li><strong>Perfekt f\u00f6r<\/strong> \u00c5ngest, Artrit, Kronisk sm\u00e4rta, Insomnia, Muskelspasmer, PMS<\/li>\n<\/ul>\n<h3>Tillst\u00e5nd som lindras av High Country Diesel Cannabis Strain<\/h3>\n<p>Tack vare sina m\u00e5ttliga effekter och sin unika profil \u00e4r <strong>High Country Diesel<\/strong> v\u00e4ljs ofta f\u00f6r att behandla ett antal kroniska tillst\u00e5nd:<\/p>\n<ul>\n<li><strong>Kronisk sm\u00e4rta och artrit<\/strong> Lindrar v\u00e4rk i kroppen och minskar muskelsp\u00e4nningar.<\/li>\n<li><strong>\u00c5ngest och stress<\/strong> Lugnar sinnet och hj\u00e4lper till att sl\u00e4ppa mentala sp\u00e4nningar.<\/li>\n<li><strong>S\u00f6mnl\u00f6shet och muskelspasmer<\/strong> Fr\u00e4mjar vilsam s\u00f6mn och lindrar muskelspasmer.<\/li>\n<\/ul>\n<h3>Smak och doft av High Country Diesel Weed Strain<\/h3>\n<p>Fans av dieselsmaker kommer att bli glada \u00f6ver <strong>High Country Diesel-stam<\/strong>. Smaken \u00e4r en intensiv blandning av s\u00f6t diesel och kryddiga \u00f6rttoner som l\u00e4mnar ett best\u00e5ende intryck i gommen. Doften \u00e4r lika kraftfull och blandar jordiga och kryddiga toner f\u00f6r en komplett sensorisk upplevelse.<\/p>\n<ul>\n<li><strong>Smaker<\/strong> : Diesel, \u00f6rtartad, kryddig, s\u00f6t<\/li>\n<li><strong>Dofter<\/strong> : Diesel, Jordig, Kryddig, S\u00f6t<\/li>\n<\/ul>\n<h3>Utseende av High Country Diesel Cannabis Strain<\/h3>\n<p>Cheferna f\u00f6r <strong>High Country Diesel<\/strong> \u00e4r ljust neongr\u00f6na med spadformade nuggar prickade med oranger\u00f6da h\u00e5r och t\u00e4ckta med kristallina trikomer med en orange nyans. Dess ljusa, hartsartade utseende \u00e4r en indikator p\u00e5 dess styrka och kvalitet.<\/p>\n<h3>Best\u00e4ll High Country Diesel Weed Strain online fr\u00e5n Pressure Zone Shop<\/h3>\n<p>Om du vill f\u00f6rdjupa dig i djup avslappning med en <strong>High Country Diesel Weed Strain<\/strong> ? Best\u00e4ll idag fr\u00e5n <a href=\"https:\/\/pressurezone.shop\/sv\/\" target=\"_new\" rel=\"noopener\">Tryckzonsbutik<\/a> och njut av en cannabisupplevelse av h\u00f6g kvalitet, perfekt f\u00f6r att lindra v\u00e4rk och sm\u00e4rta och fr\u00e4mja s\u00f6mn. Perfekt f\u00f6r stunder av avkoppling, <strong>High Country Diesel<\/strong> \u00e4r din allierade f\u00f6r stressfria kv\u00e4llar och f\u00f6r att lindra sp\u00e4nningar i kroppen.<\/p>\n<\/div>\n<\/div>\n<\/div>\n<\/div>\n<\/div>\n<\/div>","protected":false},"excerpt":{"rendered":"<p>Achetez la High Country Diesel Weed Strain en Ligne en Europe sur Pressure Zone Shop D\u00e9couvrez la High Country Diesel Weed Strain, une vari\u00e9t\u00e9 rare \u00e0 dominance indica, n\u00e9e du croisement entre les l\u00e9gendaires Diesel et OG Kush. Appr\u00e9ci\u00e9e pour ses effets relaxants et son go\u00fbt intense de diesel, la High Country Diesel Weed Strain [&hellip;]<\/p>","protected":false},"featured_media":3115,"comment_status":"closed","ping_status":"closed","template":"","meta":{"_uag_custom_page_level_css":"","site-sidebar-layout":"default","site-content-layout":"","ast-site-content-layout":"default","site-content-style":"default","site-sidebar-style":"default","ast-global-header-display":"","ast-banner-title-visibility":"","ast-main-header-display":"","ast-hfb-above-header-display":"","ast-hfb-below-header-display":"","ast-hfb-mobile-header-display":"","site-post-title":"","ast-breadcrumbs-content":"","ast-featured-img":"","footer-sml-layout":"","theme-transparent-header-meta":"default","adv-header-id-meta":"","stick-header-meta":"","header-above-stick-meta":"","header-main-stick-meta":"","header-below-stick-meta":"","astra-migrate-meta-layouts":"set","ast-page-background-enabled":"default","ast-page-background-meta":{"desktop":{"background-color":"","background-image":"","background-repeat":"repeat","background-position":"center center","background-size":"auto","background-attachment":"scroll","background-type":"","background-media":"","overlay-type":"","overlay-color":"","overlay-opacity":"","overlay-gradient":""},"tablet":{"background-color":"","background-image":"","background-repeat":"repeat","background-position":"center center","background-size":"auto","background-attachment":"scroll","background-type":"","background-media":"","overlay-type":"","overlay-color":"","overlay-opacity":"","overlay-gradient":""},"mobile":{"background-color":"","background-image":"","background-repeat":"repeat","background-position":"center center","background-size":"auto","background-attachment":"scroll","background-type":"","background-media":"","overlay-type":"","overlay-color":"","overlay-opacity":"","overlay-gradient":""}},"ast-content-background-meta":{"desktop":{"background-color":"var(--ast-global-color-5)","background-image":"","background-repeat":"repeat","background-position":"center center","background-size":"auto","background-attachment":"scroll","background-type":"","background-media":"","overlay-type":"","overlay-color":"","overlay-opacity":"","overlay-gradient":""},"tablet":{"background-color":"var(--ast-global-color-5)","background-image":"","background-repeat":"repeat","background-position":"center center","background-size":"auto","background-attachment":"scroll","background-type":"","background-media":"","overlay-type":"","overlay-color":"","overlay-opacity":"","overlay-gradient":""},"mobile":{"background-color":"var(--ast-global-color-5)","background-image":"","background-repeat":"repeat","background-position":"center center","background-size":"auto","background-attachment":"scroll","background-type":"","background-media":"","overlay-type":"","overlay-color":"","overlay-opacity":"","overlay-gradient":""}}},"product_brand":[],"product_cat":[28,278],"product_tag":[305],"class_list":{"0":"post-3041","1":"product","2":"type-product","3":"status-publish","4":"has-post-thumbnail","6":"product_cat-varietes-de-cannabis","7":"product_cat-varietes-de-marijuana-indica","8":"product_tag-order-high-country-diesel-weed-strain-europe","9":"desktop-align-left","10":"tablet-align-left","11":"mobile-align-left","13":"first","14":"instock","15":"shipping-taxable","16":"purchasable","17":"product-type-variable"},"uagb_featured_image_src":{"full":["https:\/\/pressurezone.shop\/wp-content\/uploads\/2024\/10\/High-Country-Diesel-Weed-Strain.webp",2048,1365,false],"thumbnail":["https:\/\/pressurezone.shop\/wp-content\/uploads\/2024\/10\/High-Country-Diesel-Weed-Strain-150x150.webp",150,150,true],"medium":["https:\/\/pressurezone.shop\/wp-content\/uploads\/2024\/10\/High-Country-Diesel-Weed-Strain-300x200.webp",300,200,true],"medium_large":["https:\/\/pressurezone.shop\/wp-content\/uploads\/2024\/10\/High-Country-Diesel-Weed-Strain-768x512.webp",768,512,true],"large":["https:\/\/pressurezone.shop\/wp-content\/uploads\/2024\/10\/High-Country-Diesel-Weed-Strain-1024x683.webp",1024,683,true],"1536x1536":["https:\/\/pressurezone.shop\/wp-content\/uploads\/2024\/10\/High-Country-Diesel-Weed-Strain-1536x1024.webp",1536,1024,true],"2048x2048":["https:\/\/pressurezone.shop\/wp-content\/uploads\/2024\/10\/High-Country-Diesel-Weed-Strain.webp",2048,1365,false],"trp-custom-language-flag":["https:\/\/pressurezone.shop\/wp-content\/uploads\/2024\/10\/High-Country-Diesel-Weed-Strain-18x12.webp",18,12,true],"woocommerce_thumbnail":["https:\/\/pressurezone.shop\/wp-content\/uploads\/2024\/10\/High-Country-Diesel-Weed-Strain-300x300.webp",300,300,true],"woocommerce_single":["https:\/\/pressurezone.shop\/wp-content\/uploads\/2024\/10\/High-Country-Diesel-Weed-Strain-600x400.webp",600,400,true],"woocommerce_gallery_thumbnail":["https:\/\/pressurezone.shop\/wp-content\/uploads\/2024\/10\/High-Country-Diesel-Weed-Strain-100x100.webp",100,100,true]},"uagb_author_info":{"display_name":"pressurezone.shop","author_link":"https:\/\/pressurezone.shop\/sv\/author\/"},"uagb_comment_info":0,"uagb_excerpt":"Achetez la High Country Diesel Weed Strain en Ligne en Europe sur Pressure Zone Shop D\u00e9couvrez la High Country Diesel Weed Strain, une vari\u00e9t\u00e9 rare \u00e0 dominance indica, n\u00e9e du croisement entre les l\u00e9gendaires Diesel et OG Kush. Appr\u00e9ci\u00e9e pour ses effets relaxants et son go\u00fbt intense de diesel, la High Country Diesel Weed Strain&hellip;","_links":{"self":[{"href":"https:\/\/pressurezone.shop\/sv\/wp-json\/wp\/v2\/product\/3041"}],"collection":[{"href":"https:\/\/pressurezone.shop\/sv\/wp-json\/wp\/v2\/product"}],"about":[{"href":"https:\/\/pressurezone.shop\/sv\/wp-json\/wp\/v2\/types\/product"}],"replies":[{"embeddable":true,"href":"https:\/\/pressurezone.shop\/sv\/wp-json\/wp\/v2\/comments?post=3041"}],"version-history":[{"count":3,"href":"https:\/\/pressurezone.shop\/sv\/wp-json\/wp\/v2\/product\/3041\/revisions"}],"predecessor-version":[{"id":3871,"href":"https:\/\/pressurezone.shop\/sv\/wp-json\/wp\/v2\/product\/3041\/revisions\/3871"}],"wp:featuredmedia":[{"embeddable":true,"href":"https:\/\/pressurezone.shop\/sv\/wp-json\/wp\/v2\/media\/3115"}],"wp:attachment":[{"href":"https:\/\/pressurezone.shop\/sv\/wp-json\/wp\/v2\/media?parent=3041"}],"wp:term":[{"taxonomy":"product_brand","embeddable":true,"href":"https:\/\/pressurezone.shop\/sv\/wp-json\/wp\/v2\/product_brand?post=3041"},{"taxonomy":"product_cat","embeddable":true,"href":"https:\/\/pressurezone.shop\/sv\/wp-json\/wp\/v2\/product_cat?post=3041"},{"taxonomy":"product_tag","embeddable":true,"href":"https:\/\/pressurezone.shop\/sv\/wp-json\/wp\/v2\/product_tag?post=3041"}],"curies":[{"name":"wp","href":"https:\/\/api.w.org\/{rel}","templated":true}]}}