{"id":3043,"date":"2024-10-11T00:49:11","date_gmt":"2024-10-10T22:49:11","guid":{"rendered":"https:\/\/pressurezone.shop\/?post_type=product&#038;p=3043"},"modified":"2024-11-03T00:48:00","modified_gmt":"2024-11-02T23:48:00","slug":"glueberry-og-strain","status":"publish","type":"product","link":"https:\/\/pressurezone.shop\/sv\/produkt\/limbar-och-stam\/","title":{"rendered":"Glueberry OG stam - hybrid"},"content":{"rendered":"<div class=\"flex-shrink-0 flex flex-col relative items-end\">\n<div>\n<div class=\"pt-0\">\n<div class=\"gizmo-bot-avatar flex h-8 w-8 items-center justify-center overflow-hidden rounded-full\">\n<div class=\"relative p-1 rounded-sm flex items-center justify-center bg-token-main-surface-primary text-token-text-primary h-8 w-8\"><\/div>\n<\/div>\n<\/div>\n<\/div>\n<\/div>\n<div class=\"group\/conversation-turn relative flex w-full min-w-0 flex-col agent-turn\">\n<div class=\"flex-col gap-1 md:gap-3\">\n<div class=\"flex max-w-full flex-col flex-grow\">\n<div class=\"min-h-8 text-message flex w-full flex-col items-end gap-2 whitespace-normal break-words [.text-message+&amp;]:mt-5\" dir=\"auto\" data-message-author-role=\"assistant\" data-message-id=\"ed6d1eda-97b8-4aec-9dbd-487bf2395c6e\" data-message-model-slug=\"gpt-4o\">\n<div class=\"flex w-full flex-col gap-1 empty:hidden first:pt-[3px]\">\n<div class=\"markdown prose w-full break-words dark:prose-invert light\">\n<h3><strong>K\u00f6p Glueberry OG Strain - Hybrid online i Europa<\/strong><\/h3>\n<p>Uppt\u00e4ck <strong>Glueberry OG-sort<\/strong>a <strong>cannabis sort<\/strong> En s\u00e4llsynt och perfekt balanserad hybrid (50% indica\/50% sativa). Denna kraftfulla hybrid \u00e4r resultatet av en kombination av den ber\u00f6mda <strong>Gorilla-lim<\/strong>, <strong>OG Kush<\/strong>och <strong>Bl\u00e5b\u00e4r<\/strong>kombinerar det b\u00e4sta av sina effekter f\u00f6r en unik upplevelse.<\/p>\n<h3>Effekter av Glueberry OG Strain<\/h3>\n<p><strong>Glueberry OG<\/strong> b\u00f6rjar med en euforisk k\u00e4nsla, lyfter ditt sinne med en liten mental klarhet innan du kastar dig in i ett suddigt, fr\u00e5nkopplat tillst\u00e5nd. Denna cerebrala effekt ger gradvis plats f\u00f6r en intensiv fysisk h\u00f6g som slappnar av dig djupt utan att f\u00e5 dig att sova, perfekt f\u00f6r l\u00e5ngvarig avkoppling. De v\u00e4lbalanserade effekterna g\u00f6r det till ett idealiskt alternativ f\u00f6r b\u00e5de sativa- och indica-fans som letar efter mental och fysisk balans.<a href=\"https:\/\/fuelpackz.com\/\" target=\"_blank\" rel=\"noopener\">.<\/a><\/p>\n<ul>\n<li><strong>Effekter<\/strong> Eufori, avslappning, st\u00e4mningsh\u00f6jning<\/li>\n<li><strong>Effekt<\/strong> Genomsnittligt THC-inneh\u00e5ll p\u00e5 15 till 20%, perfekt f\u00f6r konsumenter som letar efter en m\u00e5ttlig men tillfredsst\u00e4llande intensitet.<\/li>\n<\/ul>\n<h3>Terapeutiska f\u00f6rdelar med Glueberry OG Strain<\/h3>\n<p>Glueberry OG \u00e4r ocks\u00e5 uppskattad f\u00f6r sina terapeutiska egenskaper. Dess lugnande och avslappnande effekter \u00e4r idealiska f\u00f6r att lindra en m\u00e4ngd olika sjukdomar:<\/p>\n<ul>\n<li><strong>Stress och PTSD<\/strong> Lindrar symtom som \u00e4r kopplade till kronisk stress och posttraumatiskt stressyndrom.<\/li>\n<li><strong>Depression<\/strong> Fr\u00e4mjar en positiv sinnesst\u00e4mning och hj\u00e4lper till att lindra sorg och depressiva tankar.<\/li>\n<li><strong>Migr\u00e4n och huvudv\u00e4rk<\/strong> Lindrar huvudv\u00e4rk och minskar sp\u00e4nningar i huvudet.<\/li>\n<\/ul>\n<p>Tack vare sin unika balans mellan mental och fysisk avkoppling, <strong>Glueberry OG<\/strong> \u00e4r idealisk f\u00f6r patienter som vill behandla st\u00f6rningar utan alltf\u00f6r lugnande effekter.<\/p>\n<h3>Smak och doft av Glueberry OG<\/h3>\n<p>Glueberry OG erbjuder en rik smak- och aromaprofil som p\u00e5minner om dess prestigefyllda ursprung:<\/p>\n<ul>\n<li><strong>Smaker<\/strong> S\u00f6ta, tr\u00e4iga toner med inslag av b\u00e4r och tall, vilket ger en komplex och behaglig smak.<\/li>\n<li><strong>Dofter<\/strong> En blandning av diesel, citrus och frukt med en kryddig ton, vilket ger en intensiv sensorisk upplevelse fr\u00e5n f\u00f6rsta blosset.<\/li>\n<\/ul>\n<p>Konsumenterna uppskattar kontrasten mellan de s\u00f6ta, tr\u00e4iga smakerna och de fruktiga dieselaromerna, som ger en unik aromatisk upplevelse.<\/p>\n<h3>Utseende av Glueberry OG<\/h3>\n<p>Knopparna p\u00e5 <strong>Glueberry OG<\/strong> utm\u00e4rker sig genom sin visuella sk\u00f6nhet. De \u00e4r ljusa nyanser av neongr\u00f6nt, prickade med ljusorange pistiller och t\u00e4ckta med ett lager kristallina trikomer som glittrar i ljuset. Dessa visuella egenskaper \u00e4r inte bara tilltalande f\u00f6r \u00f6gat, utan indikerar ocks\u00e5 kvaliteten och kraften i denna <strong>cannabis sort<\/strong>.<\/p>\n<h3>Varf\u00f6r k\u00f6pa Glueberry OG Strain fr\u00e5n <a href=\"https:\/\/pressurezone.shop\/sv\/\" target=\"_new\" rel=\"noopener\">Tryckzon<\/a>?<\/h3>\n<p>Vi v\u00e4ljer noggrant ut v\u00e5ra produkter f\u00f6r att erbjuda h\u00f6gkvalitativa sorter, och Glueberry OG Strain \u00e4r inget undantag. N\u00e4r du k\u00f6per fr\u00e5n <strong>Tryckzon<\/strong>\u00e4r du garanterad en f\u00f6rstklassig upplevelse:<\/p>\n<ul>\n<li><strong>\u00d6verl\u00e4gsen kvalitet<\/strong> V\u00e5ra produkter testas f\u00f6r att garantera renhet och effekt, vilket ger en upplevelse av h\u00f6g kvalitet.<\/li>\n<li><strong>P\u00e5litlig service<\/strong> Snabb, diskret leverans i hela Europa, s\u00e5 att du kan njuta av din Glueberry OG utan problem.<\/li>\n<\/ul>\n<h3>Vanliga fr\u00e5gor och svar<\/h3>\n<h4>Vad skiljer Glueberry OG Strain fr\u00e5n andra hybridsorter?<\/h4>\n<p>Glueberry OG \u00e4r en perfekt balanserad sort som kombinerar cerebrala och fysiska effekter utan att orsaka intensiv s\u00f6mnighet, vilket g\u00f6r den idealisk f\u00f6r avkoppling utan sedering.<\/p>\n<h4>\u00c4r Glueberry OG l\u00e4mplig f\u00f6r sm\u00e4rtlindring?<\/h4>\n<p>Ja, det h\u00e4r <strong>cannabis sort<\/strong> \u00e4r popul\u00e4r f\u00f6r att lindra kronisk sm\u00e4rta, s\u00e4rskilt migr\u00e4n och huvudv\u00e4rk.<\/p>\n<h4>Vilka \u00e4r de vanligaste effekterna av Glueberry OG?<\/h4>\n<p>Anv\u00e4ndarna rapporterar k\u00e4nslor av eufori, intensiv fysisk avslappning och stresslindring.<\/p>\n<h3>Best\u00e4ll Glueberry OG-stam - Hybrid online<\/h3>\n<p>Redo att uppt\u00e4cka den perfekta balansen mellan Glueberry OG Strain? <strong>K\u00f6p online nu<\/strong> p\u00e5 <a href=\"https:\/\/pressurezone.shop\/sv\/\" target=\"_new\" rel=\"noopener\">Tryckzon<\/a> och dra nytta av v\u00e5r p\u00e5litliga leveransservice och v\u00e5ra h\u00f6gkvalitativa produkter i Europa.<\/p>\n<\/div>\n<\/div>\n<\/div>\n<\/div>\n<\/div>\n<\/div>","protected":false},"excerpt":{"rendered":"<p>Achetez la Vari\u00e9t\u00e9 Glueberry OG Strain \u2013 Hybrid en Ligne en Europe D\u00e9couvrez Glueberry OG Strain, une vari\u00e9t\u00e9 de cannabis hybride rare et parfaitement \u00e9quilibr\u00e9e (50% indica\/50% sativa). Ce puissant hybride est le r\u00e9sultat de l\u2019alliance entre les c\u00e9l\u00e8bres souches Gorilla Glue, OG Kush, et Blueberry, combinant le meilleur de leurs effets pour une exp\u00e9rience [&hellip;]<\/p>","protected":false},"featured_media":3119,"comment_status":"closed","ping_status":"closed","template":"","meta":{"_uag_custom_page_level_css":"","site-sidebar-layout":"default","site-content-layout":"","ast-site-content-layout":"default","site-content-style":"default","site-sidebar-style":"default","ast-global-header-display":"","ast-banner-title-visibility":"","ast-main-header-display":"","ast-hfb-above-header-display":"","ast-hfb-below-header-display":"","ast-hfb-mobile-header-display":"","site-post-title":"","ast-breadcrumbs-content":"","ast-featured-img":"","footer-sml-layout":"","theme-transparent-header-meta":"default","adv-header-id-meta":"","stick-header-meta":"","header-above-stick-meta":"","header-main-stick-meta":"","header-below-stick-meta":"","astra-migrate-meta-layouts":"set","ast-page-background-enabled":"default","ast-page-background-meta":{"desktop":{"background-color":"","background-image":"","background-repeat":"repeat","background-position":"center center","background-size":"auto","background-attachment":"scroll","background-type":"","background-media":"","overlay-type":"","overlay-color":"","overlay-opacity":"","overlay-gradient":""},"tablet":{"background-color":"","background-image":"","background-repeat":"repeat","background-position":"center center","background-size":"auto","background-attachment":"scroll","background-type":"","background-media":"","overlay-type":"","overlay-color":"","overlay-opacity":"","overlay-gradient":""},"mobile":{"background-color":"","background-image":"","background-repeat":"repeat","background-position":"center center","background-size":"auto","background-attachment":"scroll","background-type":"","background-media":"","overlay-type":"","overlay-color":"","overlay-opacity":"","overlay-gradient":""}},"ast-content-background-meta":{"desktop":{"background-color":"var(--ast-global-color-5)","background-image":"","background-repeat":"repeat","background-position":"center center","background-size":"auto","background-attachment":"scroll","background-type":"","background-media":"","overlay-type":"","overlay-color":"","overlay-opacity":"","overlay-gradient":""},"tablet":{"background-color":"var(--ast-global-color-5)","background-image":"","background-repeat":"repeat","background-position":"center center","background-size":"auto","background-attachment":"scroll","background-type":"","background-media":"","overlay-type":"","overlay-color":"","overlay-opacity":"","overlay-gradient":""},"mobile":{"background-color":"var(--ast-global-color-5)","background-image":"","background-repeat":"repeat","background-position":"center center","background-size":"auto","background-attachment":"scroll","background-type":"","background-media":"","overlay-type":"","overlay-color":"","overlay-opacity":"","overlay-gradient":""}}},"product_brand":[],"product_cat":[28,277],"product_tag":[307],"class_list":{"0":"post-3043","1":"product","2":"type-product","3":"status-publish","4":"has-post-thumbnail","6":"product_cat-varietes-de-cannabis","7":"product_cat-varietes-de-cannabis-hybrides","8":"product_tag-buy-glueberry-og-strain-hybrid-europe","9":"desktop-align-left","10":"tablet-align-left","11":"mobile-align-left","13":"first","14":"instock","15":"shipping-taxable","16":"purchasable","17":"product-type-variable"},"uagb_featured_image_src":{"full":["https:\/\/pressurezone.shop\/wp-content\/uploads\/2024\/10\/Glueberry-OG-Strain-\u2013-Hybrid.jpg",2560,1707,false],"thumbnail":["https:\/\/pressurezone.shop\/wp-content\/uploads\/2024\/10\/Glueberry-OG-Strain-\u2013-Hybrid-150x150.jpg",150,150,true],"medium":["https:\/\/pressurezone.shop\/wp-content\/uploads\/2024\/10\/Glueberry-OG-Strain-\u2013-Hybrid-300x200.jpg",300,200,true],"medium_large":["https:\/\/pressurezone.shop\/wp-content\/uploads\/2024\/10\/Glueberry-OG-Strain-\u2013-Hybrid-768x512.jpg",768,512,true],"large":["https:\/\/pressurezone.shop\/wp-content\/uploads\/2024\/10\/Glueberry-OG-Strain-\u2013-Hybrid-1024x683.jpg",1024,683,true],"1536x1536":["https:\/\/pressurezone.shop\/wp-content\/uploads\/2024\/10\/Glueberry-OG-Strain-\u2013-Hybrid-1536x1024.jpg",1536,1024,true],"2048x2048":["https:\/\/pressurezone.shop\/wp-content\/uploads\/2024\/10\/Glueberry-OG-Strain-\u2013-Hybrid-2048x1366.jpg",2048,1366,true],"trp-custom-language-flag":["https:\/\/pressurezone.shop\/wp-content\/uploads\/2024\/10\/Glueberry-OG-Strain-\u2013-Hybrid-18x12.jpg",18,12,true],"woocommerce_thumbnail":["https:\/\/pressurezone.shop\/wp-content\/uploads\/2024\/10\/Glueberry-OG-Strain-\u2013-Hybrid-300x300.jpg",300,300,true],"woocommerce_single":["https:\/\/pressurezone.shop\/wp-content\/uploads\/2024\/10\/Glueberry-OG-Strain-\u2013-Hybrid-600x400.jpg",600,400,true],"woocommerce_gallery_thumbnail":["https:\/\/pressurezone.shop\/wp-content\/uploads\/2024\/10\/Glueberry-OG-Strain-\u2013-Hybrid-100x100.jpg",100,100,true]},"uagb_author_info":{"display_name":"pressurezone.shop","author_link":"https:\/\/pressurezone.shop\/sv\/author\/"},"uagb_comment_info":0,"uagb_excerpt":"Achetez la Vari\u00e9t\u00e9 Glueberry OG Strain \u2013 Hybrid en Ligne en Europe D\u00e9couvrez Glueberry OG Strain, une vari\u00e9t\u00e9 de cannabis hybride rare et parfaitement \u00e9quilibr\u00e9e (50% indica\/50% sativa). Ce puissant hybride est le r\u00e9sultat de l\u2019alliance entre les c\u00e9l\u00e8bres souches Gorilla Glue, OG Kush, et Blueberry, combinant le meilleur de leurs effets pour une exp\u00e9rience&hellip;","_links":{"self":[{"href":"https:\/\/pressurezone.shop\/sv\/wp-json\/wp\/v2\/product\/3043"}],"collection":[{"href":"https:\/\/pressurezone.shop\/sv\/wp-json\/wp\/v2\/product"}],"about":[{"href":"https:\/\/pressurezone.shop\/sv\/wp-json\/wp\/v2\/types\/product"}],"replies":[{"embeddable":true,"href":"https:\/\/pressurezone.shop\/sv\/wp-json\/wp\/v2\/comments?post=3043"}],"version-history":[{"count":3,"href":"https:\/\/pressurezone.shop\/sv\/wp-json\/wp\/v2\/product\/3043\/revisions"}],"predecessor-version":[{"id":3800,"href":"https:\/\/pressurezone.shop\/sv\/wp-json\/wp\/v2\/product\/3043\/revisions\/3800"}],"wp:featuredmedia":[{"embeddable":true,"href":"https:\/\/pressurezone.shop\/sv\/wp-json\/wp\/v2\/media\/3119"}],"wp:attachment":[{"href":"https:\/\/pressurezone.shop\/sv\/wp-json\/wp\/v2\/media?parent=3043"}],"wp:term":[{"taxonomy":"product_brand","embeddable":true,"href":"https:\/\/pressurezone.shop\/sv\/wp-json\/wp\/v2\/product_brand?post=3043"},{"taxonomy":"product_cat","embeddable":true,"href":"https:\/\/pressurezone.shop\/sv\/wp-json\/wp\/v2\/product_cat?post=3043"},{"taxonomy":"product_tag","embeddable":true,"href":"https:\/\/pressurezone.shop\/sv\/wp-json\/wp\/v2\/product_tag?post=3043"}],"curies":[{"name":"wp","href":"https:\/\/api.w.org\/{rel}","templated":true}]}}