{"id":3044,"date":"2024-10-11T00:49:11","date_gmt":"2024-10-10T22:49:11","guid":{"rendered":"https:\/\/pressurezone.shop\/?post_type=product&#038;p=3044"},"modified":"2024-11-03T21:50:15","modified_gmt":"2024-11-03T20:50:15","slug":"point-break-indica-dominant-hybrid-strain","status":"publish","type":"product","link":"https:\/\/pressurezone.shop\/sv\/produkt\/point-break-indica-dominant-hybridstam\/","title":{"rendered":"Point Break Indica Dominant Hybridstam"},"content":{"rendered":"<h3><strong>K\u00f6p Point Break Indica Dominant Hybrid Strain online i Europa p\u00e5 <a href=\"https:\/\/pressurezone.shop\/sv\/\" target=\"_new\" rel=\"noopener\">Tryckzonsbutik<\/a><\/strong><\/h3>\n<p>Uppt\u00e4ck de <strong>Point Break Indica Dominant Hybridstam<\/strong>en unik hybridsort som skapats genom korsning av den ber\u00f6mda <strong>Tropicana kakor<\/strong> och <strong>Trophy Wife<\/strong>. Med sin indica-dominans och energigivande high \u00e4r denna sort perfekt f\u00f6r dig som vill kombinera avkoppling och kreativitet, allt med en l\u00e5ngvarig effekt.<\/p>\n<h3>Varf\u00f6r v\u00e4lja Point Break Indica Dominant Hybrid Strain?<\/h3>\n<p><strong>Point Break Indica Dominant Hybridstam<\/strong> ger en uppiggande och motiverande upplevelse, perfekt f\u00f6r aktiva dagar eller f\u00f6r att sl\u00e4ppa loss din kreativitet. Med ett THC-inneh\u00e5ll p\u00e5 22-25% ger den en balanserad, stimulerande kick som ger energi till kroppen och lugnar sinnet. Denna sort \u00e4r perfekt f\u00f6r att h\u00e5lla din energi uppe under dagen, samtidigt som den erbjuder en mild avkoppling i slutet av din session.<\/p>\n<ul>\n<li><strong>Typ<\/strong> Indica-dominerande hybrid<\/li>\n<li><strong>THC<\/strong> 22-25%, med l\u00e5ngvarig intensitet<\/li>\n<\/ul>\n<h3>Effekter och f\u00f6rdelar med Point Break Weed Strain<\/h3>\n<p>La <strong>Point Break Weed Strain<\/strong> \u00e4r idealisk f\u00f6r dem som s\u00f6ker mental upplyftning tillsammans med fysisk avkoppling. Det ger en euforisk k\u00e4nsla som leder till en k\u00e4nsla av v\u00e4lbefinnande och l\u00e4tthet, perfekt f\u00f6r att h\u00f6ja hum\u00f6ret och stimulera kreativiteten.<\/p>\n<ul>\n<li><strong>Effekter<\/strong> Kreativ, euforisk, avslappning, s\u00f6mnighet, upprymdhet<\/li>\n<li><strong>Perfekt f\u00f6r<\/strong> \u00c5ngest, Bipol\u00e4r sjukdom, Depression, Huvudv\u00e4rk, Migr\u00e4n, Stress, Utmattning, Tr\u00f6tthet<\/li>\n<\/ul>\n<h3>Tillst\u00e5nd som lindras av Point Break Cannabis Strain<\/h3>\n<p>Med sin energigivande och lugnande effekt, <strong>Point Break<\/strong> \u00e4r perfekt f\u00f6r att lindra en m\u00e4ngd olika psykiska och fysiska \u00e5kommor:<\/p>\n<ul>\n<li><strong>\u00c5ngest och depression<\/strong> : Fr\u00e4mjar ett tillst\u00e5nd av mental avslappning samtidigt som hum\u00f6ret h\u00f6js.<\/li>\n<li><strong>Utmattning och stress<\/strong> Ger energi och lugnar sinnet, perfekt f\u00f6r att \u00e5terf\u00e5 vitaliteten.<\/li>\n<li><strong>Migr\u00e4n och huvudv\u00e4rk<\/strong> Hj\u00e4lper till att lindra sm\u00e4rta under en l\u00e5ng period.<\/li>\n<\/ul>\n<h3>Smak och doft av Point Break Indica Hybrid Strain<\/h3>\n<p><strong>Point Break<\/strong> \u00e4r uppskattad f\u00f6r sin komplexa och uppfriskande aromatiska profil. Den blandar toner av <strong>citron<\/strong>av <strong>vanilj<\/strong>och <strong>tr\u00e4<\/strong>ger en rik och balanserad smakupplevelse. Doften \u00e4r en harmonisk blandning av <strong>jord<\/strong>av <strong>tall<\/strong> och apelsin, vilket skapar en behaglig, stimulerande doft<a href=\"https:\/\/fuelpackz.com\/\" target=\"_blank\" rel=\"noopener\">.<\/a><\/p>\n<ul>\n<li><strong>Smaker<\/strong> Citron, tall, syrlig, vanilj, tr\u00e4ig<\/li>\n<li><strong>Dofter<\/strong> Citrus, jordig, apelsin, tall, syrlig, tr\u00e4ig<\/li>\n<\/ul>\n<h3>Utseende av Point Break Cannabis Flower<\/h3>\n<p>Blommorna i <strong>Point Break<\/strong> \u00e4r ljusgr\u00f6na med orange undertoner och ett lager av frostade trikomer som vittnar om dess styrka. Dessa t\u00e4ta, hartsartade knoppar \u00e4r en f\u00e4ngslande syn f\u00f6r finsmakare av cannabis av h\u00f6gsta kvalitet.<\/p>\n<h3>Best\u00e4ll Point Break Indica Dominant Hybrid Strain online fr\u00e5n Pressure Zone Shop<\/h3>\n<p>Redo att uppleva den uppiggande, balanserade effekten av <strong>Point Break Indica Dominant Hybridstam<\/strong> ? Best\u00e4ll idag fr\u00e5n <a href=\"https:\/\/pressurezone.shop\/sv\/\" target=\"_new\" rel=\"noopener\">Tryckzonsbutik<\/a> och uppt\u00e4ck en m\u00e4ngd olika sorter som \u00e4r perfekta f\u00f6r att lindra stress och ge energi \u00e5t sinnet. <strong>Point Break<\/strong> \u00e4r det perfekta valet f\u00f6r dig som vill vara kreativ och positiv under hela dagen.<\/p>","protected":false},"excerpt":{"rendered":"<p>Achetez la Point Break Indica Dominant Hybrid Strain en Ligne en Europe sur Pressure Zone Shop D\u00e9couvrez la Point Break Indica Dominant Hybrid Strain, une vari\u00e9t\u00e9 hybride unique issue du croisement des c\u00e9l\u00e8bres Tropicana Cookies et Trophy Wife. Avec sa dominance indica et son high \u00e9nergisant, cette vari\u00e9t\u00e9 est parfaite pour ceux qui souhaitent combiner [&hellip;]<\/p>","protected":false},"featured_media":3124,"comment_status":"closed","ping_status":"closed","template":"","meta":{"_uag_custom_page_level_css":"","site-sidebar-layout":"default","site-content-layout":"","ast-site-content-layout":"default","site-content-style":"default","site-sidebar-style":"default","ast-global-header-display":"","ast-banner-title-visibility":"","ast-main-header-display":"","ast-hfb-above-header-display":"","ast-hfb-below-header-display":"","ast-hfb-mobile-header-display":"","site-post-title":"","ast-breadcrumbs-content":"","ast-featured-img":"","footer-sml-layout":"","theme-transparent-header-meta":"default","adv-header-id-meta":"","stick-header-meta":"","header-above-stick-meta":"","header-main-stick-meta":"","header-below-stick-meta":"","astra-migrate-meta-layouts":"set","ast-page-background-enabled":"default","ast-page-background-meta":{"desktop":{"background-color":"","background-image":"","background-repeat":"repeat","background-position":"center center","background-size":"auto","background-attachment":"scroll","background-type":"","background-media":"","overlay-type":"","overlay-color":"","overlay-opacity":"","overlay-gradient":""},"tablet":{"background-color":"","background-image":"","background-repeat":"repeat","background-position":"center center","background-size":"auto","background-attachment":"scroll","background-type":"","background-media":"","overlay-type":"","overlay-color":"","overlay-opacity":"","overlay-gradient":""},"mobile":{"background-color":"","background-image":"","background-repeat":"repeat","background-position":"center center","background-size":"auto","background-attachment":"scroll","background-type":"","background-media":"","overlay-type":"","overlay-color":"","overlay-opacity":"","overlay-gradient":""}},"ast-content-background-meta":{"desktop":{"background-color":"var(--ast-global-color-5)","background-image":"","background-repeat":"repeat","background-position":"center center","background-size":"auto","background-attachment":"scroll","background-type":"","background-media":"","overlay-type":"","overlay-color":"","overlay-opacity":"","overlay-gradient":""},"tablet":{"background-color":"var(--ast-global-color-5)","background-image":"","background-repeat":"repeat","background-position":"center center","background-size":"auto","background-attachment":"scroll","background-type":"","background-media":"","overlay-type":"","overlay-color":"","overlay-opacity":"","overlay-gradient":""},"mobile":{"background-color":"var(--ast-global-color-5)","background-image":"","background-repeat":"repeat","background-position":"center center","background-size":"auto","background-attachment":"scroll","background-type":"","background-media":"","overlay-type":"","overlay-color":"","overlay-opacity":"","overlay-gradient":""}}},"product_brand":[],"product_cat":[28,278],"product_tag":[308],"class_list":{"0":"post-3044","1":"product","2":"type-product","3":"status-publish","4":"has-post-thumbnail","6":"product_cat-varietes-de-cannabis","7":"product_cat-varietes-de-marijuana-indica","8":"product_tag-order-point-break-indica-dominant-hybrid-strain-europe","9":"desktop-align-left","10":"tablet-align-left","11":"mobile-align-left","13":"first","14":"instock","15":"shipping-taxable","16":"purchasable","17":"product-type-variable"},"uagb_featured_image_src":{"full":["https:\/\/pressurezone.shop\/wp-content\/uploads\/2024\/10\/Point-Break-Indica-Dominant-Hybrid-Strain.jpg",2560,1707,false],"thumbnail":["https:\/\/pressurezone.shop\/wp-content\/uploads\/2024\/10\/Point-Break-Indica-Dominant-Hybrid-Strain-150x150.jpg",150,150,true],"medium":["https:\/\/pressurezone.shop\/wp-content\/uploads\/2024\/10\/Point-Break-Indica-Dominant-Hybrid-Strain-300x200.jpg",300,200,true],"medium_large":["https:\/\/pressurezone.shop\/wp-content\/uploads\/2024\/10\/Point-Break-Indica-Dominant-Hybrid-Strain-768x512.jpg",768,512,true],"large":["https:\/\/pressurezone.shop\/wp-content\/uploads\/2024\/10\/Point-Break-Indica-Dominant-Hybrid-Strain-1024x683.jpg",1024,683,true],"1536x1536":["https:\/\/pressurezone.shop\/wp-content\/uploads\/2024\/10\/Point-Break-Indica-Dominant-Hybrid-Strain-1536x1024.jpg",1536,1024,true],"2048x2048":["https:\/\/pressurezone.shop\/wp-content\/uploads\/2024\/10\/Point-Break-Indica-Dominant-Hybrid-Strain-2048x1366.jpg",2048,1366,true],"trp-custom-language-flag":["https:\/\/pressurezone.shop\/wp-content\/uploads\/2024\/10\/Point-Break-Indica-Dominant-Hybrid-Strain-18x12.jpg",18,12,true],"woocommerce_thumbnail":["https:\/\/pressurezone.shop\/wp-content\/uploads\/2024\/10\/Point-Break-Indica-Dominant-Hybrid-Strain-300x300.jpg",300,300,true],"woocommerce_single":["https:\/\/pressurezone.shop\/wp-content\/uploads\/2024\/10\/Point-Break-Indica-Dominant-Hybrid-Strain-600x400.jpg",600,400,true],"woocommerce_gallery_thumbnail":["https:\/\/pressurezone.shop\/wp-content\/uploads\/2024\/10\/Point-Break-Indica-Dominant-Hybrid-Strain-100x100.jpg",100,100,true]},"uagb_author_info":{"display_name":"pressurezone.shop","author_link":"https:\/\/pressurezone.shop\/sv\/author\/"},"uagb_comment_info":0,"uagb_excerpt":"Achetez la Point Break Indica Dominant Hybrid Strain en Ligne en Europe sur Pressure Zone Shop D\u00e9couvrez la Point Break Indica Dominant Hybrid Strain, une vari\u00e9t\u00e9 hybride unique issue du croisement des c\u00e9l\u00e8bres Tropicana Cookies et Trophy Wife. Avec sa dominance indica et son high \u00e9nergisant, cette vari\u00e9t\u00e9 est parfaite pour ceux qui souhaitent combiner&hellip;","_links":{"self":[{"href":"https:\/\/pressurezone.shop\/sv\/wp-json\/wp\/v2\/product\/3044"}],"collection":[{"href":"https:\/\/pressurezone.shop\/sv\/wp-json\/wp\/v2\/product"}],"about":[{"href":"https:\/\/pressurezone.shop\/sv\/wp-json\/wp\/v2\/types\/product"}],"replies":[{"embeddable":true,"href":"https:\/\/pressurezone.shop\/sv\/wp-json\/wp\/v2\/comments?post=3044"}],"version-history":[{"count":3,"href":"https:\/\/pressurezone.shop\/sv\/wp-json\/wp\/v2\/product\/3044\/revisions"}],"predecessor-version":[{"id":3991,"href":"https:\/\/pressurezone.shop\/sv\/wp-json\/wp\/v2\/product\/3044\/revisions\/3991"}],"wp:featuredmedia":[{"embeddable":true,"href":"https:\/\/pressurezone.shop\/sv\/wp-json\/wp\/v2\/media\/3124"}],"wp:attachment":[{"href":"https:\/\/pressurezone.shop\/sv\/wp-json\/wp\/v2\/media?parent=3044"}],"wp:term":[{"taxonomy":"product_brand","embeddable":true,"href":"https:\/\/pressurezone.shop\/sv\/wp-json\/wp\/v2\/product_brand?post=3044"},{"taxonomy":"product_cat","embeddable":true,"href":"https:\/\/pressurezone.shop\/sv\/wp-json\/wp\/v2\/product_cat?post=3044"},{"taxonomy":"product_tag","embeddable":true,"href":"https:\/\/pressurezone.shop\/sv\/wp-json\/wp\/v2\/product_tag?post=3044"}],"curies":[{"name":"wp","href":"https:\/\/api.w.org\/{rel}","templated":true}]}}