{"id":3045,"date":"2024-10-11T00:49:11","date_gmt":"2024-10-10T22:49:11","guid":{"rendered":"https:\/\/pressurezone.shop\/?post_type=product&#038;p=3045"},"modified":"2024-11-03T01:02:09","modified_gmt":"2024-11-03T00:02:09","slug":"grape-ape-weed-strain","status":"publish","type":"product","link":"https:\/\/pressurezone.shop\/sv\/produkt\/druva-ape-ogras-stam\/","title":{"rendered":"Druva Ape Weed Strain"},"content":{"rendered":"<h3><strong>K\u00f6p Grape Ape Weed Strain online p\u00e5 <a href=\"https:\/\/pressurezone.shop\/sv\/\" target=\"_new\" rel=\"noopener\">Tryckzonsbutik<\/a><\/strong><\/h3>\n<p>Uppt\u00e4ck de <strong>Druva Ape Weed Strain<\/strong>en \u00f6verv\u00e4gande indica-sort, k\u00e4nd f\u00f6r sina avslappnande effekter och s\u00f6ta druvliknande smak. Denna kraftfulla korsning kombinerar <strong>Mendocino Purps<\/strong>, <strong>Skunk<\/strong>och den ursprungliga Afghani, vilket ger en rik, njutbar upplevelse perfekt f\u00f6r djup avslappning. Med THC-niv\u00e5er som str\u00e4cker sig fr\u00e5n 18 till 21%, <strong>Druva Ape<\/strong> \u00e4r en robust men balanserad sort, idealisk f\u00f6r att lindra ett brett spektrum av \u00e5kommor<a href=\"https:\/\/fuelpackz.com\/\" target=\"_blank\" rel=\"noopener\">.<\/a><\/p>\n<h3>Varf\u00f6r v\u00e4lja Grape Ape Weed Strain?<\/h3>\n<p>Denna sort \u00e4r uppskattad f\u00f6r sina kraftfulla kroppsavkopplande effekter och terapeutiska potential. Bara n\u00e5gra f\u00e5 inandningar, <strong>Druva Ape<\/strong> f\u00f6rs\u00e4tter anv\u00e4ndaren i ett tillst\u00e5nd av intensivt lugn, ofta \u00e5tf\u00f6ljt av <strong>soffl\u00e5s<\/strong> (\u00f6nskan att sitta eller ligga ner). Idealisk f\u00f6r nattkonsumtion, den fr\u00e4mjar djup s\u00f6mn och total avkoppling.<\/p>\n<ul>\n<li><strong>Typ<\/strong> Indica-dominant<\/li>\n<li><strong>THC<\/strong> : 18-21%<\/li>\n<\/ul>\n<h3>Effekter och f\u00f6rdelar med Grape Ape Weed Strain<\/h3>\n<p>Effekten <strong>Druva Ape<\/strong> \u00e4r k\u00e4nd f\u00f6r att vara en djupt lugnande och euforisk upplevelse. Med en lugnande effekt p\u00e5 kroppen och ett klart sinne \u00e4r det ett utm\u00e4rkt val f\u00f6r en kv\u00e4ll av avkoppling eller f\u00f6r att lugna sinnet f\u00f6re s\u00e4ngg\u00e5endet.<\/p>\n<ul>\n<li><strong>Effekter<\/strong> Eufori, lugnande, lycka, s\u00f6mnighet<\/li>\n<li><strong>Perfekt f\u00f6r<\/strong> ADD\/ADHD, \u00c5ngest, Kronisk sm\u00e4rta, Depression, S\u00f6mnl\u00f6shet, Migr\u00e4n, PTSD, Stress<\/li>\n<\/ul>\n<p>Tillst\u00e5nd som kan lindras med <strong>Druva Ape<\/strong> :<\/p>\n<ul>\n<li><strong>Kronisk sm\u00e4rta<\/strong> Lindrar ih\u00e5llande sm\u00e4rta, inklusive migr\u00e4n och artrit.<\/li>\n<li><strong>\u00c5ngest och stress<\/strong> : Fr\u00e4mjar total avslappning, perfekt f\u00f6r att lugna sinnet.<\/li>\n<li><strong>S\u00f6mnl\u00f6shet<\/strong> Hj\u00e4lper till att framkalla djups\u00f6mn f\u00f6r personer som lider av s\u00f6mnst\u00f6rningar.<\/li>\n<li><strong>Depression och PTSD<\/strong> : Ger en k\u00e4nsla av lycka samtidigt som den lugnar sinnet.<\/li>\n<\/ul>\n<h3>Smaker och aromer av Grape Ape Weed Strain<\/h3>\n<p>La <strong>Druva Ape Weed Strain<\/strong> k\u00e4nnetecknas av sina s\u00f6ta druvsmaker och b\u00e4rnoter, vilket ger en gourmetdimension till varje inandning. F\u00f6rutom de fruktiga smakerna har den en jordig, kryddig arom som kommer att tilltala cannabis\u00e4lskare.<\/p>\n<ul>\n<li><strong>Smaker<\/strong> : Druva, s\u00f6t, b\u00e4r<\/li>\n<li><strong>Dofter<\/strong> Fruktig, jordig, druva, kryddig<\/li>\n<\/ul>\n<h3>Utseende av Grape Ape Weed Strain<\/h3>\n<p>Knopparna p\u00e5 <strong>Druva Ape<\/strong> \u00e4r t\u00e4ta och prickade med kristallina trikomer. Blommorna \u00e4r ocks\u00e5 lila i olika nyanser, en blinkning till den fruktiga smaken. Dess livfulla utseende och intensiva doft g\u00f6r den till en favorit bland finsmakare.<\/p>\n<h3>Best\u00e4ll Grape Ape Weed Strain online fr\u00e5n Pressure Zone Shop<\/h3>\n<p>Vill du uppt\u00e4cka den intensiva avslappningen av <strong>Druva Ape<\/strong> ? Best\u00e4ll online idag fr\u00e5n <a href=\"https:\/\/pressurezone.shop\/sv\/\" target=\"_new\" rel=\"noopener\">Tryckzonsbutik<\/a> och njut av diskret leverans direkt till din d\u00f6rr. Oavsett om du vill koppla av efter en stressig dag eller lindra v\u00e4rk och sm\u00e4rta, <strong>Druva Ape Weed Strain<\/strong> \u00e4r det perfekta valet f\u00f6r cannabis\u00e4lskare som s\u00f6ker en balans mellan avkoppling och smakupplevelser.<\/p>","protected":false},"excerpt":{"rendered":"<p>Achetez la Grape Ape Weed Strain en Ligne sur Pressure Zone Shop D\u00e9couvrez la Grape Ape Weed Strain, une vari\u00e9t\u00e9 principalement indica, c\u00e9l\u00e8bre pour ses effets relaxants et son go\u00fbt de raisin sucr\u00e9. Ce croisement puissant combine les souches Mendocino Purps, Skunk, et l&rsquo;Afghani original, offrant ainsi une exp\u00e9rience riche et agr\u00e9able, parfaite pour une [&hellip;]<\/p>","protected":false},"featured_media":3126,"comment_status":"closed","ping_status":"closed","template":"","meta":{"_uag_custom_page_level_css":"","site-sidebar-layout":"default","site-content-layout":"","ast-site-content-layout":"default","site-content-style":"default","site-sidebar-style":"default","ast-global-header-display":"","ast-banner-title-visibility":"","ast-main-header-display":"","ast-hfb-above-header-display":"","ast-hfb-below-header-display":"","ast-hfb-mobile-header-display":"","site-post-title":"","ast-breadcrumbs-content":"","ast-featured-img":"","footer-sml-layout":"","theme-transparent-header-meta":"default","adv-header-id-meta":"","stick-header-meta":"","header-above-stick-meta":"","header-main-stick-meta":"","header-below-stick-meta":"","astra-migrate-meta-layouts":"set","ast-page-background-enabled":"default","ast-page-background-meta":{"desktop":{"background-color":"","background-image":"","background-repeat":"repeat","background-position":"center center","background-size":"auto","background-attachment":"scroll","background-type":"","background-media":"","overlay-type":"","overlay-color":"","overlay-opacity":"","overlay-gradient":""},"tablet":{"background-color":"","background-image":"","background-repeat":"repeat","background-position":"center center","background-size":"auto","background-attachment":"scroll","background-type":"","background-media":"","overlay-type":"","overlay-color":"","overlay-opacity":"","overlay-gradient":""},"mobile":{"background-color":"","background-image":"","background-repeat":"repeat","background-position":"center center","background-size":"auto","background-attachment":"scroll","background-type":"","background-media":"","overlay-type":"","overlay-color":"","overlay-opacity":"","overlay-gradient":""}},"ast-content-background-meta":{"desktop":{"background-color":"var(--ast-global-color-5)","background-image":"","background-repeat":"repeat","background-position":"center center","background-size":"auto","background-attachment":"scroll","background-type":"","background-media":"","overlay-type":"","overlay-color":"","overlay-opacity":"","overlay-gradient":""},"tablet":{"background-color":"var(--ast-global-color-5)","background-image":"","background-repeat":"repeat","background-position":"center center","background-size":"auto","background-attachment":"scroll","background-type":"","background-media":"","overlay-type":"","overlay-color":"","overlay-opacity":"","overlay-gradient":""},"mobile":{"background-color":"var(--ast-global-color-5)","background-image":"","background-repeat":"repeat","background-position":"center center","background-size":"auto","background-attachment":"scroll","background-type":"","background-media":"","overlay-type":"","overlay-color":"","overlay-opacity":"","overlay-gradient":""}}},"product_brand":[],"product_cat":[28,278],"product_tag":[309],"class_list":{"0":"post-3045","1":"product","2":"type-product","3":"status-publish","4":"has-post-thumbnail","6":"product_cat-varietes-de-cannabis","7":"product_cat-varietes-de-marijuana-indica","8":"product_tag-order-grape-ape-weed-strain-europe","9":"desktop-align-left","10":"tablet-align-left","11":"mobile-align-left","13":"first","14":"instock","15":"shipping-taxable","16":"purchasable","17":"product-type-variable"},"uagb_featured_image_src":{"full":["https:\/\/pressurezone.shop\/wp-content\/uploads\/2024\/10\/Grape-Ape-Weed-Strain.webp",2560,1707,false],"thumbnail":["https:\/\/pressurezone.shop\/wp-content\/uploads\/2024\/10\/Grape-Ape-Weed-Strain-150x150.webp",150,150,true],"medium":["https:\/\/pressurezone.shop\/wp-content\/uploads\/2024\/10\/Grape-Ape-Weed-Strain-300x200.webp",300,200,true],"medium_large":["https:\/\/pressurezone.shop\/wp-content\/uploads\/2024\/10\/Grape-Ape-Weed-Strain-768x512.webp",768,512,true],"large":["https:\/\/pressurezone.shop\/wp-content\/uploads\/2024\/10\/Grape-Ape-Weed-Strain-1024x683.webp",1024,683,true],"1536x1536":["https:\/\/pressurezone.shop\/wp-content\/uploads\/2024\/10\/Grape-Ape-Weed-Strain-1536x1024.webp",1536,1024,true],"2048x2048":["https:\/\/pressurezone.shop\/wp-content\/uploads\/2024\/10\/Grape-Ape-Weed-Strain-2048x1366.webp",2048,1366,true],"trp-custom-language-flag":["https:\/\/pressurezone.shop\/wp-content\/uploads\/2024\/10\/Grape-Ape-Weed-Strain-18x12.webp",18,12,true],"woocommerce_thumbnail":["https:\/\/pressurezone.shop\/wp-content\/uploads\/2024\/10\/Grape-Ape-Weed-Strain-300x300.webp",300,300,true],"woocommerce_single":["https:\/\/pressurezone.shop\/wp-content\/uploads\/2024\/10\/Grape-Ape-Weed-Strain-600x400.webp",600,400,true],"woocommerce_gallery_thumbnail":["https:\/\/pressurezone.shop\/wp-content\/uploads\/2024\/10\/Grape-Ape-Weed-Strain-100x100.webp",100,100,true]},"uagb_author_info":{"display_name":"pressurezone.shop","author_link":"https:\/\/pressurezone.shop\/sv\/author\/"},"uagb_comment_info":0,"uagb_excerpt":"Achetez la Grape Ape Weed Strain en Ligne sur Pressure Zone Shop D\u00e9couvrez la Grape Ape Weed Strain, une vari\u00e9t\u00e9 principalement indica, c\u00e9l\u00e8bre pour ses effets relaxants et son go\u00fbt de raisin sucr\u00e9. Ce croisement puissant combine les souches Mendocino Purps, Skunk, et l&rsquo;Afghani original, offrant ainsi une exp\u00e9rience riche et agr\u00e9able, parfaite pour une&hellip;","_links":{"self":[{"href":"https:\/\/pressurezone.shop\/sv\/wp-json\/wp\/v2\/product\/3045"}],"collection":[{"href":"https:\/\/pressurezone.shop\/sv\/wp-json\/wp\/v2\/product"}],"about":[{"href":"https:\/\/pressurezone.shop\/sv\/wp-json\/wp\/v2\/types\/product"}],"replies":[{"embeddable":true,"href":"https:\/\/pressurezone.shop\/sv\/wp-json\/wp\/v2\/comments?post=3045"}],"version-history":[{"count":2,"href":"https:\/\/pressurezone.shop\/sv\/wp-json\/wp\/v2\/product\/3045\/revisions"}],"predecessor-version":[{"id":3823,"href":"https:\/\/pressurezone.shop\/sv\/wp-json\/wp\/v2\/product\/3045\/revisions\/3823"}],"wp:featuredmedia":[{"embeddable":true,"href":"https:\/\/pressurezone.shop\/sv\/wp-json\/wp\/v2\/media\/3126"}],"wp:attachment":[{"href":"https:\/\/pressurezone.shop\/sv\/wp-json\/wp\/v2\/media?parent=3045"}],"wp:term":[{"taxonomy":"product_brand","embeddable":true,"href":"https:\/\/pressurezone.shop\/sv\/wp-json\/wp\/v2\/product_brand?post=3045"},{"taxonomy":"product_cat","embeddable":true,"href":"https:\/\/pressurezone.shop\/sv\/wp-json\/wp\/v2\/product_cat?post=3045"},{"taxonomy":"product_tag","embeddable":true,"href":"https:\/\/pressurezone.shop\/sv\/wp-json\/wp\/v2\/product_tag?post=3045"}],"curies":[{"name":"wp","href":"https:\/\/api.w.org\/{rel}","templated":true}]}}