{"id":3048,"date":"2024-10-11T00:49:11","date_gmt":"2024-10-10T22:49:11","guid":{"rendered":"https:\/\/pressurezone.shop\/?post_type=product&#038;p=3048"},"modified":"2024-11-03T21:19:20","modified_gmt":"2024-11-03T20:19:20","slug":"lemon-haze-strain-aaa-small-buds","status":"publish","type":"product","link":"https:\/\/pressurezone.shop\/sv\/produkt\/citron-haze-stam-aaa-sma-knoppar\/","title":{"rendered":"Lemon Haze Strain AAA Sm\u00e5 knoppar - Sativa Dominant Hybrid"},"content":{"rendered":"<div class=\"flex-shrink-0 flex flex-col relative items-end\">\n<div>\n<div class=\"pt-0\">\n<div class=\"gizmo-bot-avatar flex h-8 w-8 items-center justify-center overflow-hidden rounded-full\">\n<div class=\"relative p-1 rounded-sm flex items-center justify-center bg-token-main-surface-primary text-token-text-primary h-8 w-8\"><\/div>\n<\/div>\n<\/div>\n<\/div>\n<\/div>\n<div class=\"group\/conversation-turn relative flex w-full min-w-0 flex-col agent-turn\">\n<div class=\"flex-col gap-1 md:gap-3\">\n<div class=\"flex max-w-full flex-col flex-grow\">\n<div class=\"min-h-8 text-message flex w-full flex-col items-end gap-2 whitespace-normal break-words [.text-message+&amp;]:mt-5\" dir=\"auto\" data-message-author-role=\"assistant\" data-message-id=\"156cfc57-297d-419c-9a0e-9fc036d28077\" data-message-model-slug=\"gpt-4o\">\n<div class=\"flex w-full flex-col gap-1 empty:hidden first:pt-[3px]\">\n<div class=\"markdown prose w-full break-words dark:prose-invert light\">\n<h3><strong>K\u00f6p Lemon Haze Strain AAA Small Buds - Sativa Dominant Hybrid online i Europa p\u00e5 <a href=\"https:\/\/pressurezone.shop\/sv\/\" target=\"_new\" rel=\"noopener\">Tryckzonsbutik<\/a><\/strong><\/h3>\n<p>&nbsp;<\/p>\n<p>Uppt\u00e4ck de <strong>Lemon Haze Strain AAA Sm\u00e5 knoppar - Sativa Dominant Hybrid<\/strong>en exceptionell sort som \u00e4r resultatet av en korsning mellan <strong>Silver Haze<\/strong> och <strong>Lemon Skunk<\/strong>. Med sitt f\u00f6rh\u00e5llande 70:30 sativa\/indica, <strong>Lemon Haze<\/strong> \u00e4r perfekt f\u00f6r dem som vill ha en energisk, euforisk kick samtidigt som de njuter av en mild avslappning i slutet av sessionen.<\/p>\n<h3>Varf\u00f6r v\u00e4lja Lemon Haze Strain AAA Small Buds - Sativa Dominant Hybrid?<\/h3>\n<p><strong>Lemon Haze<\/strong> \u00e4r ett m\u00e5ste f\u00f6r alla som gillar livliga smaker och stimulerande effekter. Den erbjuder en uppfriskande upplevelse med sin <strong>THC av 17%<\/strong> och en gnutta <strong>CBD vid 0,38%<\/strong>erbjuder en v\u00e4lbalanserad h\u00f6g. Dess distinkta doft av f\u00e4rsk citron och citrusnoter g\u00f6r den till ett popul\u00e4rt val bland dem som vill f\u00f6rb\u00e4ttra hum\u00f6ret och koppla av utan att vara \u00f6verv\u00e4ldigande.<\/p>\n<ul>\n<li><strong>Typ<\/strong> Sativa-dominerande hybrid (70% Sativa \/ 30% Indica)<\/li>\n<li><strong>THC<\/strong> 17% med 0,38% CBD, perfekt f\u00f6r ett euforiskt rus utan \u00f6verdriven sedering<\/li>\n<\/ul>\n<h3>Effekter och f\u00f6rdelar med Lemon Haze Weed Strain<\/h3>\n<p>La <strong>Lemon Haze Weed Strain<\/strong> \u00e4r k\u00e4nt f\u00f6r sin kraftfulla effekt, som skapar en k\u00e4nsla av eufori och lycka. Den \u00e4r idealisk f\u00f6r dem som beh\u00f6ver en mental boost efter en sv\u00e5r dag. Den euforiska k\u00e4nslan f\u00f6ljs av en mild avslappning som vid st\u00f6rre doser kan leda till total avslappning.<\/p>\n<ul>\n<li><strong>Effekter<\/strong> Eufori, lycka, upph\u00f6jdhet, avslappning<\/li>\n<li><strong>Perfekt f\u00f6r<\/strong> Bipol\u00e4r sjukdom, Kronisk sm\u00e4rta, Depression, Tr\u00f6tthet, Huvudv\u00e4rk, Aptitl\u00f6shet, Migr\u00e4n, Illam\u00e5ende, PTSD, Stress<\/li>\n<\/ul>\n<h3>Tillst\u00e5nd som lindras av Lemon Haze Cannabis Strain<\/h3>\n<p>Med sina energigivande och lugnande effekter \u00e4r <strong>Lemon Haze<\/strong> \u00e4r effektivt f\u00f6r att lindra m\u00e5nga fysiska och psykiska \u00e5kommor:<\/p>\n<ul>\n<li><strong>Kronisk sm\u00e4rta och huvudv\u00e4rk<\/strong> Hj\u00e4lper till att minska ih\u00e5llande sm\u00e4rta och migr\u00e4n.<\/li>\n<li><strong>Depression och stress<\/strong> Ger mental stimulans och avslappning f\u00f6r att lindra oroliga tankar.<\/li>\n<li><strong>Illam\u00e5ende och aptitl\u00f6shet<\/strong> Stimulerar aptiten och d\u00e4mpar illam\u00e5ende<a href=\"https:\/\/fuelpackz.com\/\" target=\"_blank\" rel=\"noopener\">.<\/a><\/li>\n<\/ul>\n<h3>Smaker och aromer av Lemon Haze Strain<\/h3>\n<p>Fans av <strong>Lemon Haze<\/strong> f\u00f6rf\u00f6rs av dess unika smak av f\u00e4rsk citron, tillsammans med toner av lime och syrlig s\u00f6tma. Aromen, som p\u00e5minner om en nyskuren citron, kompletteras av jordiga nyanser och ger en livlig och uppfriskande smakupplevelse.<\/p>\n<ul>\n<li><strong>Smaker<\/strong> : Citrus, Citron, Lime, S\u00f6t, Syrlig<\/li>\n<li><strong>Dofter<\/strong> Citron, Jordig, Citrusfrukt<\/li>\n<\/ul>\n<h3>Utseende av Lemon Haze Cannabisblomma<\/h3>\n<p>Knopparna p\u00e5 <strong>Lemon Haze<\/strong> k\u00e4nnetecknas av sin gulgr\u00f6na nyans, prydda med b\u00e4rnstensf\u00e4rgade h\u00e5rstr\u00e5n och t\u00e4ckta av kristallina trikomer. Detta gl\u00e4nsande, gyllene utseende lockar cannabisk\u00e4nnare, vilket \u00e5terspeglar kvaliteten och styrkan hos denna sort.<\/p>\n<h3>Best\u00e4ll Lemon Haze Strain AAA Small Buds - Sativa Dominant Hybrid online fr\u00e5n Pressure Zone Shop<\/h3>\n<p>Redo att uppt\u00e4cka den uppfriskande, euforiska effekten av <strong>Lemon Haze Strain AAA Sm\u00e5 knoppar - Sativa Dominant Hybrid<\/strong> ? Best\u00e4ll idag fr\u00e5n <a href=\"https:\/\/pressurezone.shop\/sv\/\" target=\"_new\" rel=\"noopener\">Tryckzonsbutik<\/a> och njut av denna dynamiska hybridsort, perfekt f\u00f6r att lysa upp din dag och lindra dina sp\u00e4nningar. <strong>Lemon Haze<\/strong> \u00e4r den perfekta allierade f\u00f6r en uppfriskande cannabisupplevelse av h\u00f6g kvalitet.<\/p>\n<\/div>\n<\/div>\n<\/div>\n<\/div>\n<\/div>\n<\/div>","protected":false},"excerpt":{"rendered":"<div class=\"product-short-description\">\n<p>THC: 17-22%<\/p>\n<\/div>","protected":false},"featured_media":3135,"comment_status":"closed","ping_status":"closed","template":"","meta":{"_uag_custom_page_level_css":"","site-sidebar-layout":"default","site-content-layout":"","ast-site-content-layout":"default","site-content-style":"default","site-sidebar-style":"default","ast-global-header-display":"","ast-banner-title-visibility":"","ast-main-header-display":"","ast-hfb-above-header-display":"","ast-hfb-below-header-display":"","ast-hfb-mobile-header-display":"","site-post-title":"","ast-breadcrumbs-content":"","ast-featured-img":"","footer-sml-layout":"","theme-transparent-header-meta":"default","adv-header-id-meta":"","stick-header-meta":"","header-above-stick-meta":"","header-main-stick-meta":"","header-below-stick-meta":"","astra-migrate-meta-layouts":"set","ast-page-background-enabled":"default","ast-page-background-meta":{"desktop":{"background-color":"","background-image":"","background-repeat":"repeat","background-position":"center center","background-size":"auto","background-attachment":"scroll","background-type":"","background-media":"","overlay-type":"","overlay-color":"","overlay-opacity":"","overlay-gradient":""},"tablet":{"background-color":"","background-image":"","background-repeat":"repeat","background-position":"center center","background-size":"auto","background-attachment":"scroll","background-type":"","background-media":"","overlay-type":"","overlay-color":"","overlay-opacity":"","overlay-gradient":""},"mobile":{"background-color":"","background-image":"","background-repeat":"repeat","background-position":"center center","background-size":"auto","background-attachment":"scroll","background-type":"","background-media":"","overlay-type":"","overlay-color":"","overlay-opacity":"","overlay-gradient":""}},"ast-content-background-meta":{"desktop":{"background-color":"var(--ast-global-color-5)","background-image":"","background-repeat":"repeat","background-position":"center center","background-size":"auto","background-attachment":"scroll","background-type":"","background-media":"","overlay-type":"","overlay-color":"","overlay-opacity":"","overlay-gradient":""},"tablet":{"background-color":"var(--ast-global-color-5)","background-image":"","background-repeat":"repeat","background-position":"center center","background-size":"auto","background-attachment":"scroll","background-type":"","background-media":"","overlay-type":"","overlay-color":"","overlay-opacity":"","overlay-gradient":""},"mobile":{"background-color":"var(--ast-global-color-5)","background-image":"","background-repeat":"repeat","background-position":"center center","background-size":"auto","background-attachment":"scroll","background-type":"","background-media":"","overlay-type":"","overlay-color":"","overlay-opacity":"","overlay-gradient":""}}},"product_brand":[],"product_cat":[28,273],"product_tag":[312],"class_list":{"0":"post-3048","1":"product","2":"type-product","3":"status-publish","4":"has-post-thumbnail","6":"product_cat-varietes-de-cannabis","7":"product_cat-varietes-de-cannabis-sativa","8":"product_tag-order-lemon-haze-strain-aaa-small-buds-sativa-dominant-hybrid-europe","9":"desktop-align-left","10":"tablet-align-left","11":"mobile-align-left","13":"first","14":"instock","15":"shipping-taxable","16":"purchasable","17":"product-type-variable"},"uagb_featured_image_src":{"full":["https:\/\/pressurezone.shop\/wp-content\/uploads\/2024\/10\/Lemon-Haze-Strain-AAA-Small-Buds-\u2013-Sativa-Dominant-Hybrid.webp",2048,1365,false],"thumbnail":["https:\/\/pressurezone.shop\/wp-content\/uploads\/2024\/10\/Lemon-Haze-Strain-AAA-Small-Buds-\u2013-Sativa-Dominant-Hybrid-150x150.webp",150,150,true],"medium":["https:\/\/pressurezone.shop\/wp-content\/uploads\/2024\/10\/Lemon-Haze-Strain-AAA-Small-Buds-\u2013-Sativa-Dominant-Hybrid-300x200.webp",300,200,true],"medium_large":["https:\/\/pressurezone.shop\/wp-content\/uploads\/2024\/10\/Lemon-Haze-Strain-AAA-Small-Buds-\u2013-Sativa-Dominant-Hybrid-768x512.webp",768,512,true],"large":["https:\/\/pressurezone.shop\/wp-content\/uploads\/2024\/10\/Lemon-Haze-Strain-AAA-Small-Buds-\u2013-Sativa-Dominant-Hybrid-1024x683.webp",1024,683,true],"1536x1536":["https:\/\/pressurezone.shop\/wp-content\/uploads\/2024\/10\/Lemon-Haze-Strain-AAA-Small-Buds-\u2013-Sativa-Dominant-Hybrid-1536x1024.webp",1536,1024,true],"2048x2048":["https:\/\/pressurezone.shop\/wp-content\/uploads\/2024\/10\/Lemon-Haze-Strain-AAA-Small-Buds-\u2013-Sativa-Dominant-Hybrid.webp",2048,1365,false],"trp-custom-language-flag":["https:\/\/pressurezone.shop\/wp-content\/uploads\/2024\/10\/Lemon-Haze-Strain-AAA-Small-Buds-\u2013-Sativa-Dominant-Hybrid-18x12.webp",18,12,true],"woocommerce_thumbnail":["https:\/\/pressurezone.shop\/wp-content\/uploads\/2024\/10\/Lemon-Haze-Strain-AAA-Small-Buds-\u2013-Sativa-Dominant-Hybrid-300x300.webp",300,300,true],"woocommerce_single":["https:\/\/pressurezone.shop\/wp-content\/uploads\/2024\/10\/Lemon-Haze-Strain-AAA-Small-Buds-\u2013-Sativa-Dominant-Hybrid-600x400.webp",600,400,true],"woocommerce_gallery_thumbnail":["https:\/\/pressurezone.shop\/wp-content\/uploads\/2024\/10\/Lemon-Haze-Strain-AAA-Small-Buds-\u2013-Sativa-Dominant-Hybrid-100x100.webp",100,100,true]},"uagb_author_info":{"display_name":"pressurezone.shop","author_link":"https:\/\/pressurezone.shop\/sv\/author\/"},"uagb_comment_info":0,"uagb_excerpt":"THC: 17-22%","_links":{"self":[{"href":"https:\/\/pressurezone.shop\/sv\/wp-json\/wp\/v2\/product\/3048"}],"collection":[{"href":"https:\/\/pressurezone.shop\/sv\/wp-json\/wp\/v2\/product"}],"about":[{"href":"https:\/\/pressurezone.shop\/sv\/wp-json\/wp\/v2\/types\/product"}],"replies":[{"embeddable":true,"href":"https:\/\/pressurezone.shop\/sv\/wp-json\/wp\/v2\/comments?post=3048"}],"version-history":[{"count":3,"href":"https:\/\/pressurezone.shop\/sv\/wp-json\/wp\/v2\/product\/3048\/revisions"}],"predecessor-version":[{"id":3935,"href":"https:\/\/pressurezone.shop\/sv\/wp-json\/wp\/v2\/product\/3048\/revisions\/3935"}],"wp:featuredmedia":[{"embeddable":true,"href":"https:\/\/pressurezone.shop\/sv\/wp-json\/wp\/v2\/media\/3135"}],"wp:attachment":[{"href":"https:\/\/pressurezone.shop\/sv\/wp-json\/wp\/v2\/media?parent=3048"}],"wp:term":[{"taxonomy":"product_brand","embeddable":true,"href":"https:\/\/pressurezone.shop\/sv\/wp-json\/wp\/v2\/product_brand?post=3048"},{"taxonomy":"product_cat","embeddable":true,"href":"https:\/\/pressurezone.shop\/sv\/wp-json\/wp\/v2\/product_cat?post=3048"},{"taxonomy":"product_tag","embeddable":true,"href":"https:\/\/pressurezone.shop\/sv\/wp-json\/wp\/v2\/product_tag?post=3048"}],"curies":[{"name":"wp","href":"https:\/\/api.w.org\/{rel}","templated":true}]}}