{"id":3063,"date":"2024-10-11T00:49:43","date_gmt":"2024-10-10T22:49:43","guid":{"rendered":"https:\/\/pressurezone.shop\/?post_type=product&#038;p=3063"},"modified":"2024-11-03T22:29:53","modified_gmt":"2024-11-03T21:29:53","slug":"wedding-cake-weed-strain","status":"publish","type":"product","link":"https:\/\/pressurezone.shop\/sv\/produkt\/brollopstarta-ogras-stam\/","title":{"rendered":"Br\u00f6llopst\u00e5rta Weed Strain"},"content":{"rendered":"<div class=\"flex-shrink-0 flex flex-col relative items-end\">\n<div>\n<div class=\"pt-0\">\n<div class=\"gizmo-bot-avatar flex h-8 w-8 items-center justify-center overflow-hidden rounded-full\">\n<div class=\"relative p-1 rounded-sm flex items-center justify-center bg-token-main-surface-primary text-token-text-primary h-8 w-8\"><\/div>\n<\/div>\n<\/div>\n<\/div>\n<\/div>\n<div class=\"group\/conversation-turn relative flex w-full min-w-0 flex-col agent-turn\">\n<div class=\"flex-col gap-1 md:gap-3\">\n<div class=\"flex max-w-full flex-col flex-grow\">\n<div class=\"min-h-8 text-message flex w-full flex-col items-end gap-2 whitespace-normal break-words [.text-message+&amp;]:mt-5\" dir=\"auto\" data-message-author-role=\"assistant\" data-message-id=\"ab784182-36ce-49e6-af5e-5d2565da7eec\" data-message-model-slug=\"gpt-4o\">\n<div class=\"flex w-full flex-col gap-1 empty:hidden first:pt-[3px]\">\n<div class=\"markdown prose w-full break-words dark:prose-invert light\">\n<h3><strong>K\u00f6p Wedding Cake Weed Strain online i Europa p\u00e5 <a href=\"https:\/\/pressurezone.shop\/sv\/\" target=\"_new\" rel=\"noopener\">Tryckzonsbutik<\/a><\/strong><\/h3>\n<p>Uppt\u00e4ck de <strong>Br\u00f6llopst\u00e5rta Weed Strain<\/strong>ibland smeknamnet <strong>Rosa kakor<\/strong>en indica-dominerande hybridsort som kombinerar de b\u00e4sta effekterna av <strong>Triangel Kush<\/strong> och <strong>Minttabletter f\u00f6r djur<\/strong>. Denna unika blandning av s\u00f6tma fr\u00e5n kakor och vilda b\u00e4r ger en lugnande och tr\u00f6stande upplevelse, perfekt f\u00f6r lugna kv\u00e4llar eller f\u00f6r att lindra en m\u00e4ngd olika fysiska och psykiska \u00e5kommor.<\/p>\n<h3>Varf\u00f6r v\u00e4lja Wedding Cake Weed Strain?<\/h3>\n<p><strong>Br\u00f6llopst\u00e5rta Weed Strain<\/strong> \u00e4r det perfekta valet f\u00f6r dem som s\u00f6ker djup avkoppling utan att helt \u00e4ndra sitt fokus. Med ett h\u00f6gt THC-inneh\u00e5ll p\u00e5 25-27% producerar denna hybridsort en mild eufori f\u00f6ljt av intensiv avkoppling, utan n\u00e5gon omedelbar lugnande effekt. Det \u00e4r perfekt f\u00f6r anv\u00e4ndare som vill ha en kreativ h\u00f6g tillsammans med lugn.<\/p>\n<ul>\n<li><strong>Typ<\/strong> Indica-dominerande hybrid<\/li>\n<li><strong>THC<\/strong> 25-27%, f\u00f6r en kraftfull och lugnande upplevelse<\/li>\n<\/ul>\n<h3>Effekter och f\u00f6rdelar med Wedding Cake Weed Strain<\/h3>\n<p>La <strong>Br\u00f6llopst\u00e5rta Weed Strain<\/strong> ger en euforisk, kreativ kick som gradvis \u00f6verg\u00e5r i kroppslig avslappning, perfekt f\u00f6r att lugna sp\u00e4nningar och stimulera aptiten. Det \u00e4r k\u00e4nt f\u00f6r sina lugnande effekter som fr\u00e4mjar avslappning och v\u00e4lbefinnande, perfekt f\u00f6r slutet av dagen.<a href=\"https:\/\/fuelpackz.com\/\" target=\"_blank\" rel=\"noopener\">.<\/a><\/p>\n<ul>\n<li><strong>Effekter<\/strong> Kreativitet, Eufori, Avslappning, S\u00f6mnighet<\/li>\n<li><strong>Perfekt f\u00f6r<\/strong> Kronisk sm\u00e4rta, Depression, Fibromyalgi, S\u00f6mnl\u00f6shet, Aptitl\u00f6shet, Multipel skleros, Illam\u00e5ende<\/li>\n<\/ul>\n<h3>Tillst\u00e5nd som lindras av cannabisstammen Wedding Cake<\/h3>\n<p>Tack vare dess kraftfulla, balanserade effekter, <strong>Br\u00f6llopst\u00e5rta<\/strong> v\u00e4ljs ofta f\u00f6r att lindra olika symtom:<\/p>\n<ul>\n<li><strong>Depression och \u00e5ngest<\/strong> Lugnar nerverna och f\u00f6rb\u00e4ttrar hum\u00f6ret.<\/li>\n<li><strong>Kronisk sm\u00e4rta och fibromyalgi<\/strong> : Lindrar effektivt sm\u00e4rta och sp\u00e4nningar i kroppen.<\/li>\n<li><strong>S\u00f6mnl\u00f6shet och aptitl\u00f6shet<\/strong> : Fr\u00e4mjar s\u00f6mn och stimulerar aptiten, perfekt f\u00f6r fullst\u00e4ndig avkoppling.<\/li>\n<\/ul>\n<h3>Smaker och aromer av Wedding Cake Weed Strain<\/h3>\n<p>La <strong>Br\u00f6llopst\u00e5rta Weed Strain<\/strong> njuter av sinnena med sina smaker av <strong>b\u00e4r<\/strong> och <strong>s\u00f6t frukt<\/strong>p\u00e5minner om s\u00f6ta och syrliga desserter. Doften \u00e4r lika tilltalande och kombinerar toner av frukt och s\u00f6tma f\u00f6r en behaglig, tr\u00f6stande doftupplevelse.<\/p>\n<ul>\n<li><strong>Smaker<\/strong> B\u00e4r, fruktig, s\u00f6t<\/li>\n<li><strong>Dofter<\/strong> B\u00e4r, fruktig, s\u00f6t<\/li>\n<\/ul>\n<h3>Utseende av br\u00f6llopst\u00e5rta Cannabisblomma<\/h3>\n<p>Knopparna p\u00e5 <strong>Br\u00f6llopst\u00e5rta<\/strong> \u00e4r kompakta och t\u00e4ta, med en tallliknande struktur t\u00e4ckt av frostade trikomer. Deras m\u00f6rkgr\u00f6na blad, besatta med gl\u00e4nsande kristaller, l\u00e4gger till den visuella \u00f6verklagandet av denna sort, en riktig behandling f\u00f6r \u00e4lskare av kvalitets cannabis.<\/p>\n<h3>Best\u00e4ll br\u00f6llopst\u00e5rta Weed Strain online p\u00e5 Pressure Zone Shop<\/h3>\n<p>\u00c4r du redo att uppt\u00e4cka den perfekta balansen mellan avkoppling och kreativitet med <strong>Br\u00f6llopst\u00e5rta Weed Strain<\/strong> ? Best\u00e4ll nu p\u00e5 <a href=\"https:\/\/pressurezone.shop\/sv\/\" target=\"_new\" rel=\"noopener\">Tryckzonsbutik<\/a> f\u00f6r en unik cannabisupplevelse, perfekt f\u00f6r att lindra sp\u00e4nningar och gl\u00e4dja dina smakl\u00f6kar. Oavsett om du letar efter sm\u00e4rtlindring eller en mild eufori, <strong>Br\u00f6llopst\u00e5rta<\/strong> \u00e4r det perfekta valet f\u00f6r \u00f6verl\u00e4gsen avkoppling.<\/p>\n<\/div>\n<\/div>\n<\/div>\n<\/div>\n<\/div>\n<\/div>","protected":false},"excerpt":{"rendered":"<p>THC: 25-27%<\/p>","protected":false},"featured_media":3137,"comment_status":"closed","ping_status":"closed","template":"","meta":{"_uag_custom_page_level_css":"","site-sidebar-layout":"default","site-content-layout":"","ast-site-content-layout":"default","site-content-style":"default","site-sidebar-style":"default","ast-global-header-display":"","ast-banner-title-visibility":"","ast-main-header-display":"","ast-hfb-above-header-display":"","ast-hfb-below-header-display":"","ast-hfb-mobile-header-display":"","site-post-title":"","ast-breadcrumbs-content":"","ast-featured-img":"","footer-sml-layout":"","theme-transparent-header-meta":"default","adv-header-id-meta":"","stick-header-meta":"","header-above-stick-meta":"","header-main-stick-meta":"","header-below-stick-meta":"","astra-migrate-meta-layouts":"set","ast-page-background-enabled":"default","ast-page-background-meta":{"desktop":{"background-color":"","background-image":"","background-repeat":"repeat","background-position":"center center","background-size":"auto","background-attachment":"scroll","background-type":"","background-media":"","overlay-type":"","overlay-color":"","overlay-opacity":"","overlay-gradient":""},"tablet":{"background-color":"","background-image":"","background-repeat":"repeat","background-position":"center center","background-size":"auto","background-attachment":"scroll","background-type":"","background-media":"","overlay-type":"","overlay-color":"","overlay-opacity":"","overlay-gradient":""},"mobile":{"background-color":"","background-image":"","background-repeat":"repeat","background-position":"center center","background-size":"auto","background-attachment":"scroll","background-type":"","background-media":"","overlay-type":"","overlay-color":"","overlay-opacity":"","overlay-gradient":""}},"ast-content-background-meta":{"desktop":{"background-color":"var(--ast-global-color-5)","background-image":"","background-repeat":"repeat","background-position":"center center","background-size":"auto","background-attachment":"scroll","background-type":"","background-media":"","overlay-type":"","overlay-color":"","overlay-opacity":"","overlay-gradient":""},"tablet":{"background-color":"var(--ast-global-color-5)","background-image":"","background-repeat":"repeat","background-position":"center center","background-size":"auto","background-attachment":"scroll","background-type":"","background-media":"","overlay-type":"","overlay-color":"","overlay-opacity":"","overlay-gradient":""},"mobile":{"background-color":"var(--ast-global-color-5)","background-image":"","background-repeat":"repeat","background-position":"center center","background-size":"auto","background-attachment":"scroll","background-type":"","background-media":"","overlay-type":"","overlay-color":"","overlay-opacity":"","overlay-gradient":""}}},"product_brand":[],"product_cat":[28,278],"product_tag":[313],"class_list":{"0":"post-3063","1":"product","2":"type-product","3":"status-publish","4":"has-post-thumbnail","6":"product_cat-varietes-de-cannabis","7":"product_cat-varietes-de-marijuana-indica","8":"product_tag-order-wedding-cake-weed-strain-europe","9":"desktop-align-left","10":"tablet-align-left","11":"mobile-align-left","13":"first","14":"instock","15":"shipping-taxable","16":"purchasable","17":"product-type-variable"},"uagb_featured_image_src":{"full":["https:\/\/pressurezone.shop\/wp-content\/uploads\/2024\/10\/Wedding-Cake-Weed-Strain.webp",2560,1707,false],"thumbnail":["https:\/\/pressurezone.shop\/wp-content\/uploads\/2024\/10\/Wedding-Cake-Weed-Strain-150x150.webp",150,150,true],"medium":["https:\/\/pressurezone.shop\/wp-content\/uploads\/2024\/10\/Wedding-Cake-Weed-Strain-300x200.webp",300,200,true],"medium_large":["https:\/\/pressurezone.shop\/wp-content\/uploads\/2024\/10\/Wedding-Cake-Weed-Strain-768x512.webp",768,512,true],"large":["https:\/\/pressurezone.shop\/wp-content\/uploads\/2024\/10\/Wedding-Cake-Weed-Strain-1024x683.webp",1024,683,true],"1536x1536":["https:\/\/pressurezone.shop\/wp-content\/uploads\/2024\/10\/Wedding-Cake-Weed-Strain-1536x1024.webp",1536,1024,true],"2048x2048":["https:\/\/pressurezone.shop\/wp-content\/uploads\/2024\/10\/Wedding-Cake-Weed-Strain-2048x1366.webp",2048,1366,true],"trp-custom-language-flag":["https:\/\/pressurezone.shop\/wp-content\/uploads\/2024\/10\/Wedding-Cake-Weed-Strain-18x12.webp",18,12,true],"woocommerce_thumbnail":["https:\/\/pressurezone.shop\/wp-content\/uploads\/2024\/10\/Wedding-Cake-Weed-Strain-300x300.webp",300,300,true],"woocommerce_single":["https:\/\/pressurezone.shop\/wp-content\/uploads\/2024\/10\/Wedding-Cake-Weed-Strain-600x400.webp",600,400,true],"woocommerce_gallery_thumbnail":["https:\/\/pressurezone.shop\/wp-content\/uploads\/2024\/10\/Wedding-Cake-Weed-Strain-100x100.webp",100,100,true]},"uagb_author_info":{"display_name":"pressurezone.shop","author_link":"https:\/\/pressurezone.shop\/sv\/author\/"},"uagb_comment_info":0,"uagb_excerpt":"THC: 25-27%","_links":{"self":[{"href":"https:\/\/pressurezone.shop\/sv\/wp-json\/wp\/v2\/product\/3063"}],"collection":[{"href":"https:\/\/pressurezone.shop\/sv\/wp-json\/wp\/v2\/product"}],"about":[{"href":"https:\/\/pressurezone.shop\/sv\/wp-json\/wp\/v2\/types\/product"}],"replies":[{"embeddable":true,"href":"https:\/\/pressurezone.shop\/sv\/wp-json\/wp\/v2\/comments?post=3063"}],"version-history":[{"count":3,"href":"https:\/\/pressurezone.shop\/sv\/wp-json\/wp\/v2\/product\/3063\/revisions"}],"predecessor-version":[{"id":4069,"href":"https:\/\/pressurezone.shop\/sv\/wp-json\/wp\/v2\/product\/3063\/revisions\/4069"}],"wp:featuredmedia":[{"embeddable":true,"href":"https:\/\/pressurezone.shop\/sv\/wp-json\/wp\/v2\/media\/3137"}],"wp:attachment":[{"href":"https:\/\/pressurezone.shop\/sv\/wp-json\/wp\/v2\/media?parent=3063"}],"wp:term":[{"taxonomy":"product_brand","embeddable":true,"href":"https:\/\/pressurezone.shop\/sv\/wp-json\/wp\/v2\/product_brand?post=3063"},{"taxonomy":"product_cat","embeddable":true,"href":"https:\/\/pressurezone.shop\/sv\/wp-json\/wp\/v2\/product_cat?post=3063"},{"taxonomy":"product_tag","embeddable":true,"href":"https:\/\/pressurezone.shop\/sv\/wp-json\/wp\/v2\/product_tag?post=3063"}],"curies":[{"name":"wp","href":"https:\/\/api.w.org\/{rel}","templated":true}]}}