{"id":3065,"date":"2024-10-11T00:49:43","date_gmt":"2024-10-10T22:49:43","guid":{"rendered":"https:\/\/pressurezone.shop\/?post_type=product&#038;p=3065"},"modified":"2024-11-03T20:23:57","modified_gmt":"2024-11-03T19:23:57","slug":"gushers-indica-dominant-hybrid-strain","status":"publish","type":"product","link":"https:\/\/pressurezone.shop\/sv\/produkt\/gushers-indica-dominant-hybridstam\/","title":{"rendered":"Gushers Indica Dominant Hybridstam"},"content":{"rendered":"<h3><strong>K\u00f6p Gushers Indica Dominant Hybrid Strain online i Europa p\u00e5 <a href=\"https:\/\/pressurezone.shop\/sv\/\" target=\"_new\" rel=\"noopener\">Tryckzonsbutik<\/a><\/strong><\/h3>\n<p>Uppt\u00e4ck <strong>Gushers<\/strong>en \u00f6verv\u00e4gande indica-hybridsort som \u00e4r resultatet av en korsning mellan de ber\u00f6mda stammarna <strong>Gelato #41<\/strong> och <strong>Triangel Kush<\/strong>. K\u00e4nd f\u00f6r sin lugnande och euforiska effekt, \u00e4r <strong>Gushers Indica Dominant Hybridstam<\/strong> \u00e4r perfekt f\u00f6r djup avslappning utan att somna, perfekt f\u00f6r att varva ner och njuta av \u00f6gonblicket.<\/p>\n<h3>Varf\u00f6r v\u00e4lja Gushers Indica Dominant Hybrid Strain?<\/h3>\n<p>La <strong>Gushers Indica Dominant Hybridstam<\/strong> \u00e4r uppskattad f\u00f6r sin unika h\u00f6ga, som b\u00f6rjar med en mild eufori \u00e5tf\u00f6ljd av stickningar i bakhuvudet och sprider sig f\u00f6rsiktigt i hela kroppen. Denna sort ger en k\u00e4nsla av totalt v\u00e4lbefinnande och h\u00e5ller dig klar i huvudet och lugn, perfekt f\u00f6r anv\u00e4ndare som vill hantera stress utan att k\u00e4nna sig d\u00e5siga.<a href=\"https:\/\/fuelpackz.com\/\" target=\"_blank\" rel=\"noopener\">.<\/a><\/p>\n<ul>\n<li><strong>Typ<\/strong> Indica-dominerande hybrid<\/li>\n<li><strong>Ursprung<\/strong> Korsning mellan Gelato #41 och Triangle Kush<\/li>\n<\/ul>\n<h3>Effekter och f\u00f6rdelar med Gushers Weed Strain<\/h3>\n<p>Tack vare sin balans mellan fysisk effekt och mental upplyftning, <strong>Gushers<\/strong> \u00e4r idealisk f\u00f6r att lindra stress samtidigt som den fr\u00e4mjar intensiv, behaglig avkoppling. Oavsett om du vill lugna sinnet eller lindra v\u00e4rk och sm\u00e4rta kommer den h\u00e4r sorten att passa dina behov.<\/p>\n<ul>\n<li><strong>Effekter<\/strong> : Body High, eufori, avslappning, stickningar, k\u00e4nsla av v\u00e4lbefinnande<\/li>\n<li><strong>Perfekt f\u00f6r<\/strong> \u00c5ngest, Kronisk sm\u00e4rta, Depression, Stress<\/li>\n<\/ul>\n<p>Tillst\u00e5nd som kan lindras med <strong>Gushers<\/strong> :<\/p>\n<ul>\n<li><strong>\u00c5ngest och stress<\/strong> Lugnar stressiga tankar och lugnar sinnet.<\/li>\n<li><strong>Kronisk sm\u00e4rta<\/strong> Slappnar av i kroppen genom att minska sp\u00e4nningar och sm\u00e4rta.<\/li>\n<li><strong>Depression<\/strong> : Ger en varaktig k\u00e4nsla av lycka och f\u00f6rh\u00f6jd sinnesst\u00e4mning.<\/li>\n<\/ul>\n<h3>Smak och doft av Gushers Indica Dominant Hybrid Strain<\/h3>\n<p>Smakerna av <strong>Gushers Weed-stam<\/strong> \u00e4r lika f\u00e4ngslande som dess effekter. Denna rika aromatiska profil inneh\u00e5ller toner av s\u00f6ta b\u00e4r, druvor och tropiska frukter, med en l\u00e4tt syrlig eftersmak som dr\u00f6jer kvar i gommen. Aromen \u00e4r under tiden jordn\u00e4ra och fruktig, med \u00f6rt- och tropiska inslag f\u00f6r en of\u00f6rgl\u00f6mlig sensorisk upplevelse.<\/p>\n<ul>\n<li><strong>Smaker<\/strong> B\u00e4r, fruktig, druva, sur, s\u00f6t, tropisk<\/li>\n<li><strong>Dofter<\/strong> Jordig, fruktig, druva, \u00f6rtartad, sur, tropisk<\/li>\n<\/ul>\n<h3>Utseende av Gushers Cannabis Strain<\/h3>\n<p>Knopparna p\u00e5 <strong>Gushers<\/strong> k\u00e4nnetecknas av sina l\u00e5ngstr\u00e4ckta, djupt olivgr\u00f6na kn\u00f6lar, omgivna av ljusgr\u00f6na blad, prickiga med fina b\u00e4rnstensh\u00e5r och t\u00e4ckta av ett tjockt lager av skimrande b\u00e4rnstensf\u00e4rgade trikomer. Dess eleganta, hartsartade utseende \u00e4r en verklig dragningskraft f\u00f6r avancerade cannabis\u00e4lskare.<\/p>\n<h3>Best\u00e4ll Gushers Indica Dominant Hybrid Strain online fr\u00e5n Pressure Zone Shop<\/h3>\n<p>Redo att uppt\u00e4cka den lugnande k\u00e4nslan av <strong>Gushers Indica Dominant Hybridstam<\/strong> ? Best\u00e4ll idag fr\u00e5n <a href=\"https:\/\/pressurezone.shop\/sv\/\" target=\"_new\" rel=\"noopener\">Tryckzonsbutik<\/a> f\u00f6r en helt avkopplande upplevelse, perfekt f\u00f6r att hantera \u00e5ngest eller lindra sm\u00e4rta. Oavsett om du letar efter en stunds avkoppling eller terapeutisk lindring, <strong>Gushers<\/strong> \u00e4r den perfekta sorten f\u00f6r en cannabisupplevelse av h\u00f6g kvalitet.<\/p>","protected":false},"excerpt":{"rendered":"<p>Achetez la Gushers Indica Dominant Hybrid Strain en Ligne en Europe sur Pressure Zone Shop D\u00e9couvrez Gushers, une vari\u00e9t\u00e9 hybride \u00e0 dominance indica, issue du croisement entre les c\u00e9l\u00e8bres souches Gelato #41 et Triangle Kush. Reconnue pour son effet apaisant et euphorique, la Gushers Indica Dominant Hybrid Strain est parfaite pour une relaxation profonde sans [&hellip;]<\/p>","protected":false},"featured_media":3144,"comment_status":"closed","ping_status":"closed","template":"","meta":{"_uag_custom_page_level_css":"","site-sidebar-layout":"default","site-content-layout":"","ast-site-content-layout":"default","site-content-style":"default","site-sidebar-style":"default","ast-global-header-display":"","ast-banner-title-visibility":"","ast-main-header-display":"","ast-hfb-above-header-display":"","ast-hfb-below-header-display":"","ast-hfb-mobile-header-display":"","site-post-title":"","ast-breadcrumbs-content":"","ast-featured-img":"","footer-sml-layout":"","theme-transparent-header-meta":"default","adv-header-id-meta":"","stick-header-meta":"","header-above-stick-meta":"","header-main-stick-meta":"","header-below-stick-meta":"","astra-migrate-meta-layouts":"set","ast-page-background-enabled":"default","ast-page-background-meta":{"desktop":{"background-color":"","background-image":"","background-repeat":"repeat","background-position":"center center","background-size":"auto","background-attachment":"scroll","background-type":"","background-media":"","overlay-type":"","overlay-color":"","overlay-opacity":"","overlay-gradient":""},"tablet":{"background-color":"","background-image":"","background-repeat":"repeat","background-position":"center center","background-size":"auto","background-attachment":"scroll","background-type":"","background-media":"","overlay-type":"","overlay-color":"","overlay-opacity":"","overlay-gradient":""},"mobile":{"background-color":"","background-image":"","background-repeat":"repeat","background-position":"center center","background-size":"auto","background-attachment":"scroll","background-type":"","background-media":"","overlay-type":"","overlay-color":"","overlay-opacity":"","overlay-gradient":""}},"ast-content-background-meta":{"desktop":{"background-color":"var(--ast-global-color-5)","background-image":"","background-repeat":"repeat","background-position":"center center","background-size":"auto","background-attachment":"scroll","background-type":"","background-media":"","overlay-type":"","overlay-color":"","overlay-opacity":"","overlay-gradient":""},"tablet":{"background-color":"var(--ast-global-color-5)","background-image":"","background-repeat":"repeat","background-position":"center center","background-size":"auto","background-attachment":"scroll","background-type":"","background-media":"","overlay-type":"","overlay-color":"","overlay-opacity":"","overlay-gradient":""},"mobile":{"background-color":"var(--ast-global-color-5)","background-image":"","background-repeat":"repeat","background-position":"center center","background-size":"auto","background-attachment":"scroll","background-type":"","background-media":"","overlay-type":"","overlay-color":"","overlay-opacity":"","overlay-gradient":""}}},"product_brand":[],"product_cat":[28,278],"product_tag":[315],"class_list":{"0":"post-3065","1":"product","2":"type-product","3":"status-publish","4":"has-post-thumbnail","6":"product_cat-varietes-de-cannabis","7":"product_cat-varietes-de-marijuana-indica","8":"product_tag-order-gushers-indica-dominant-hybrid-strain-europe","9":"desktop-align-left","10":"tablet-align-left","11":"mobile-align-left","13":"first","14":"instock","15":"shipping-taxable","16":"purchasable","17":"product-type-variable"},"uagb_featured_image_src":{"full":["https:\/\/pressurezone.shop\/wp-content\/uploads\/2024\/10\/Gushers-Indica-Dominant-Hybrid-Strain.webp",570,464,false],"thumbnail":["https:\/\/pressurezone.shop\/wp-content\/uploads\/2024\/10\/Gushers-Indica-Dominant-Hybrid-Strain-150x150.webp",150,150,true],"medium":["https:\/\/pressurezone.shop\/wp-content\/uploads\/2024\/10\/Gushers-Indica-Dominant-Hybrid-Strain-300x244.webp",300,244,true],"medium_large":["https:\/\/pressurezone.shop\/wp-content\/uploads\/2024\/10\/Gushers-Indica-Dominant-Hybrid-Strain.webp",570,464,false],"large":["https:\/\/pressurezone.shop\/wp-content\/uploads\/2024\/10\/Gushers-Indica-Dominant-Hybrid-Strain.webp",570,464,false],"1536x1536":["https:\/\/pressurezone.shop\/wp-content\/uploads\/2024\/10\/Gushers-Indica-Dominant-Hybrid-Strain.webp",570,464,false],"2048x2048":["https:\/\/pressurezone.shop\/wp-content\/uploads\/2024\/10\/Gushers-Indica-Dominant-Hybrid-Strain.webp",570,464,false],"trp-custom-language-flag":["https:\/\/pressurezone.shop\/wp-content\/uploads\/2024\/10\/Gushers-Indica-Dominant-Hybrid-Strain-15x12.webp",15,12,true],"woocommerce_thumbnail":["https:\/\/pressurezone.shop\/wp-content\/uploads\/2024\/10\/Gushers-Indica-Dominant-Hybrid-Strain-300x300.webp",300,300,true],"woocommerce_single":["https:\/\/pressurezone.shop\/wp-content\/uploads\/2024\/10\/Gushers-Indica-Dominant-Hybrid-Strain.webp",570,464,false],"woocommerce_gallery_thumbnail":["https:\/\/pressurezone.shop\/wp-content\/uploads\/2024\/10\/Gushers-Indica-Dominant-Hybrid-Strain-100x100.webp",100,100,true]},"uagb_author_info":{"display_name":"pressurezone.shop","author_link":"https:\/\/pressurezone.shop\/sv\/author\/"},"uagb_comment_info":0,"uagb_excerpt":"Achetez la Gushers Indica Dominant Hybrid Strain en Ligne en Europe sur Pressure Zone Shop D\u00e9couvrez Gushers, une vari\u00e9t\u00e9 hybride \u00e0 dominance indica, issue du croisement entre les c\u00e9l\u00e8bres souches Gelato #41 et Triangle Kush. Reconnue pour son effet apaisant et euphorique, la Gushers Indica Dominant Hybrid Strain est parfaite pour une relaxation profonde sans&hellip;","_links":{"self":[{"href":"https:\/\/pressurezone.shop\/sv\/wp-json\/wp\/v2\/product\/3065"}],"collection":[{"href":"https:\/\/pressurezone.shop\/sv\/wp-json\/wp\/v2\/product"}],"about":[{"href":"https:\/\/pressurezone.shop\/sv\/wp-json\/wp\/v2\/types\/product"}],"replies":[{"embeddable":true,"href":"https:\/\/pressurezone.shop\/sv\/wp-json\/wp\/v2\/comments?post=3065"}],"version-history":[{"count":3,"href":"https:\/\/pressurezone.shop\/sv\/wp-json\/wp\/v2\/product\/3065\/revisions"}],"predecessor-version":[{"id":3863,"href":"https:\/\/pressurezone.shop\/sv\/wp-json\/wp\/v2\/product\/3065\/revisions\/3863"}],"wp:featuredmedia":[{"embeddable":true,"href":"https:\/\/pressurezone.shop\/sv\/wp-json\/wp\/v2\/media\/3144"}],"wp:attachment":[{"href":"https:\/\/pressurezone.shop\/sv\/wp-json\/wp\/v2\/media?parent=3065"}],"wp:term":[{"taxonomy":"product_brand","embeddable":true,"href":"https:\/\/pressurezone.shop\/sv\/wp-json\/wp\/v2\/product_brand?post=3065"},{"taxonomy":"product_cat","embeddable":true,"href":"https:\/\/pressurezone.shop\/sv\/wp-json\/wp\/v2\/product_cat?post=3065"},{"taxonomy":"product_tag","embeddable":true,"href":"https:\/\/pressurezone.shop\/sv\/wp-json\/wp\/v2\/product_tag?post=3065"}],"curies":[{"name":"wp","href":"https:\/\/api.w.org\/{rel}","templated":true}]}}