{"id":3066,"date":"2024-10-11T00:49:43","date_gmt":"2024-10-10T22:49:43","guid":{"rendered":"https:\/\/pressurezone.shop\/?post_type=product&#038;p=3066"},"modified":"2024-11-03T21:12:57","modified_gmt":"2024-11-03T20:12:57","slug":"lava-cake-hybrid-flower","status":"publish","type":"product","link":"https:\/\/pressurezone.shop\/sv\/produkt\/lava-tarta-hybridblomma\/","title":{"rendered":"Lava Cake Hybridblomma"},"content":{"rendered":"<h3><strong>K\u00f6p Lava Cake Hybrid Flower online p\u00e5 <a href=\"https:\/\/pressurezone.shop\/sv\/\" target=\"_new\" rel=\"noopener\">Tryckzonsbutik<\/a><\/strong><\/h3>\n<p>La <strong>Lava Cake Hybridblomma<\/strong> \u00e4r en kraftfull, indica-dominerande sort som skapats genom att korsa <strong>Thin Mint GSC<\/strong> och <strong>Druvpaj<\/strong>. Denna sort \u00e4r idealisk f\u00f6r avkoppling efter en l\u00e5ng dag eller n\u00e4r du beh\u00f6ver en paus. Uppskattad f\u00f6r sin s\u00f6ta smak och exceptionella mildhet, <strong>Lava-t\u00e5rta<\/strong> har en smakprofil som p\u00e5minner om nybakade desserter, med toner av s\u00f6ta bakverk och mjukhet.<\/p>\n<h3>Varf\u00f6r v\u00e4lja Lava Cake Hybrid Flower?<\/h3>\n<p><strong>Lava Cake Hybridblomma<\/strong> \u00e4r perfekt f\u00f6r dem som s\u00f6ker djup avslappning och en tr\u00f6stande h\u00f6g. Dess effekt b\u00f6rjar med en k\u00e4nsla av mild eufori som f\u00f6rvandlas till fullst\u00e4ndig avkoppling av kropp och sj\u00e4l, perfekt f\u00f6r avstressning eller varva ner efter jobbet. Det uppskattas ocks\u00e5 av medicinska marijuana-patienter f\u00f6r dess effektivitet n\u00e4r det g\u00e4ller att ge snabb lindring av kronisk sm\u00e4rta, stress och \u00e5ngest.<a href=\"https:\/\/fuelpackz.com\/\" target=\"_blank\" rel=\"noopener\">.<\/a><\/p>\n<ul>\n<li><strong>Typ<\/strong> Indica-dominerande hybrid<\/li>\n<li><strong>Ursprung<\/strong> Korsning mellan Thin Mint GSC och Grape Pie<\/li>\n<\/ul>\n<h3>Effekter och f\u00f6rdelar med Lava Cake Weed Strain<\/h3>\n<p>La <strong>Lava Cake Weed Strain<\/strong> \u00e4r k\u00e4nd f\u00f6r sina glada, avkopplande effekter. Det ger en mild h\u00f6g som ger v\u00e4lbefinnande och mental l\u00e4tthet, ofta \u00e5tf\u00f6ljd av fniss och en behaglig k\u00e4nsla av avkoppling.<\/p>\n<ul>\n<li><strong>Effekter<\/strong> Lycklig, hum\u00f6rh\u00f6jande, avslappning, eufori, energigivande, glad<\/li>\n<li><strong>Perfekt f\u00f6r<\/strong> \u00c5ngest, stress, depression, sm\u00e4rta, tr\u00f6tthet<\/li>\n<\/ul>\n<h3>Tillst\u00e5nd som lindras av Lava Cake Cannabis Strain<\/h3>\n<p>Tack vare sin avslappnande och lugnande effekt \u00e4r <strong>Lava-t\u00e5rta<\/strong> anv\u00e4nds ofta f\u00f6r att lindra olika \u00e5kommor:<\/p>\n<ul>\n<li><strong>Kronisk sm\u00e4rta och utmattning<\/strong> Hj\u00e4lper till att lindra ih\u00e5llande sm\u00e4rta och \u00e5terst\u00e4lla energi.<\/li>\n<li><strong>\u00c5ngest och stress<\/strong> Lugnar sinnet och fr\u00e4mjar ett tillst\u00e5nd av rofylldhet.<\/li>\n<li><strong>Depression<\/strong> Ljusar upp hum\u00f6ret och minskar negativa tankar.<\/li>\n<\/ul>\n<h3>Smaker och aromer av Lava Cake Hybrid Flower<\/h3>\n<p>La <strong>Lava Cake Hybridblomma<\/strong> ger en rik och len smakupplevelse. Dess s\u00f6ta, jordiga smakprofil p\u00e5minner om nybakade bakverk, med en touch av kraftfulla aromer som berikar varje bloss. Den lena smaken och mjuka konsistensen g\u00f6r denna sort till en sann sensorisk njutning.<\/p>\n<ul>\n<li><strong>Smaker<\/strong> S\u00f6t, syrlig, jordig<\/li>\n<li><strong>Dofter<\/strong> : Bakverk, Socker, S\u00f6t, Jordig<\/li>\n<\/ul>\n<h3>Utseende av Lava Cake Cannabis Flower<\/h3>\n<p>Knopparna p\u00e5 <strong>Lava-t\u00e5rta<\/strong> \u00e4r t\u00e4ta och l\u00f6kformade, med rika nyanser av lila och gr\u00f6nt, t\u00e4ckta av gnistrande trikomer. Detta livfulla, glittrande utseende \u00e4r ett bevis p\u00e5 kvaliteten och styrkan hos denna stam och lockar cannabisk\u00e4nnare.<\/p>\n<h3>Best\u00e4ll Lava Cake Hybrid Flower online fr\u00e5n Pressure Zone Shop<\/h3>\n<p>Vill du ha en smak av de s\u00f6ta, avslappnande effekterna av <strong>Lava Cake Hybridblomma<\/strong> ? Best\u00e4ll idag fr\u00e5n <a href=\"https:\/\/pressurezone.shop\/sv\/\" target=\"_new\" rel=\"noopener\">Tryckzonsbutik<\/a> f\u00f6r att njuta av denna h\u00f6gkvalitativa hybridsort, perfekt f\u00f6r stunder av avkoppling och sm\u00e4rtlindring. Oavsett om du vill lindra stress eller helt enkelt njuta av en trevlig, tr\u00f6stande h\u00f6g, <strong>Lava-t\u00e5rta<\/strong> \u00e4r ett f\u00f6rstklassigt val.<\/p>","protected":false},"excerpt":{"rendered":"<p>Achetez la Lava Cake Hybrid Flower en Ligne sur Pressure Zone Shop La Lava Cake Hybrid Flower est une vari\u00e9t\u00e9 puissante \u00e0 dominance indica, cr\u00e9\u00e9e par le croisement de Thin Mint GSC et Grape Pie. Cette souche est id\u00e9ale pour se d\u00e9tendre apr\u00e8s une longue journ\u00e9e ou pour les moments de repos. Appr\u00e9ci\u00e9e pour son [&hellip;]<\/p>","protected":false},"featured_media":3146,"comment_status":"closed","ping_status":"closed","template":"","meta":{"_uag_custom_page_level_css":"","site-sidebar-layout":"default","site-content-layout":"","ast-site-content-layout":"default","site-content-style":"default","site-sidebar-style":"default","ast-global-header-display":"","ast-banner-title-visibility":"","ast-main-header-display":"","ast-hfb-above-header-display":"","ast-hfb-below-header-display":"","ast-hfb-mobile-header-display":"","site-post-title":"","ast-breadcrumbs-content":"","ast-featured-img":"","footer-sml-layout":"","theme-transparent-header-meta":"default","adv-header-id-meta":"","stick-header-meta":"","header-above-stick-meta":"","header-main-stick-meta":"","header-below-stick-meta":"","astra-migrate-meta-layouts":"set","ast-page-background-enabled":"default","ast-page-background-meta":{"desktop":{"background-color":"","background-image":"","background-repeat":"repeat","background-position":"center center","background-size":"auto","background-attachment":"scroll","background-type":"","background-media":"","overlay-type":"","overlay-color":"","overlay-opacity":"","overlay-gradient":""},"tablet":{"background-color":"","background-image":"","background-repeat":"repeat","background-position":"center center","background-size":"auto","background-attachment":"scroll","background-type":"","background-media":"","overlay-type":"","overlay-color":"","overlay-opacity":"","overlay-gradient":""},"mobile":{"background-color":"","background-image":"","background-repeat":"repeat","background-position":"center center","background-size":"auto","background-attachment":"scroll","background-type":"","background-media":"","overlay-type":"","overlay-color":"","overlay-opacity":"","overlay-gradient":""}},"ast-content-background-meta":{"desktop":{"background-color":"var(--ast-global-color-5)","background-image":"","background-repeat":"repeat","background-position":"center center","background-size":"auto","background-attachment":"scroll","background-type":"","background-media":"","overlay-type":"","overlay-color":"","overlay-opacity":"","overlay-gradient":""},"tablet":{"background-color":"var(--ast-global-color-5)","background-image":"","background-repeat":"repeat","background-position":"center center","background-size":"auto","background-attachment":"scroll","background-type":"","background-media":"","overlay-type":"","overlay-color":"","overlay-opacity":"","overlay-gradient":""},"mobile":{"background-color":"var(--ast-global-color-5)","background-image":"","background-repeat":"repeat","background-position":"center center","background-size":"auto","background-attachment":"scroll","background-type":"","background-media":"","overlay-type":"","overlay-color":"","overlay-opacity":"","overlay-gradient":""}}},"product_brand":[],"product_cat":[28,277],"product_tag":[316],"class_list":{"0":"post-3066","1":"product","2":"type-product","3":"status-publish","4":"has-post-thumbnail","6":"product_cat-varietes-de-cannabis","7":"product_cat-varietes-de-cannabis-hybrides","8":"product_tag-order-lava-cake-hybrid-flower-europe","9":"desktop-align-left","10":"tablet-align-left","11":"mobile-align-left","13":"first","14":"instock","15":"shipping-taxable","16":"purchasable","17":"product-type-variable"},"uagb_featured_image_src":{"full":["https:\/\/pressurezone.shop\/wp-content\/uploads\/2024\/10\/Lava-Cake-Hybrid-Flower.webp",570,464,false],"thumbnail":["https:\/\/pressurezone.shop\/wp-content\/uploads\/2024\/10\/Lava-Cake-Hybrid-Flower-150x150.webp",150,150,true],"medium":["https:\/\/pressurezone.shop\/wp-content\/uploads\/2024\/10\/Lava-Cake-Hybrid-Flower-300x244.webp",300,244,true],"medium_large":["https:\/\/pressurezone.shop\/wp-content\/uploads\/2024\/10\/Lava-Cake-Hybrid-Flower.webp",570,464,false],"large":["https:\/\/pressurezone.shop\/wp-content\/uploads\/2024\/10\/Lava-Cake-Hybrid-Flower.webp",570,464,false],"1536x1536":["https:\/\/pressurezone.shop\/wp-content\/uploads\/2024\/10\/Lava-Cake-Hybrid-Flower.webp",570,464,false],"2048x2048":["https:\/\/pressurezone.shop\/wp-content\/uploads\/2024\/10\/Lava-Cake-Hybrid-Flower.webp",570,464,false],"trp-custom-language-flag":["https:\/\/pressurezone.shop\/wp-content\/uploads\/2024\/10\/Lava-Cake-Hybrid-Flower-15x12.webp",15,12,true],"woocommerce_thumbnail":["https:\/\/pressurezone.shop\/wp-content\/uploads\/2024\/10\/Lava-Cake-Hybrid-Flower-300x300.webp",300,300,true],"woocommerce_single":["https:\/\/pressurezone.shop\/wp-content\/uploads\/2024\/10\/Lava-Cake-Hybrid-Flower.webp",570,464,false],"woocommerce_gallery_thumbnail":["https:\/\/pressurezone.shop\/wp-content\/uploads\/2024\/10\/Lava-Cake-Hybrid-Flower-100x100.webp",100,100,true]},"uagb_author_info":{"display_name":"pressurezone.shop","author_link":"https:\/\/pressurezone.shop\/sv\/author\/"},"uagb_comment_info":0,"uagb_excerpt":"Achetez la Lava Cake Hybrid Flower en Ligne sur Pressure Zone Shop La Lava Cake Hybrid Flower est une vari\u00e9t\u00e9 puissante \u00e0 dominance indica, cr\u00e9\u00e9e par le croisement de Thin Mint GSC et Grape Pie. Cette souche est id\u00e9ale pour se d\u00e9tendre apr\u00e8s une longue journ\u00e9e ou pour les moments de repos. Appr\u00e9ci\u00e9e pour son&hellip;","_links":{"self":[{"href":"https:\/\/pressurezone.shop\/sv\/wp-json\/wp\/v2\/product\/3066"}],"collection":[{"href":"https:\/\/pressurezone.shop\/sv\/wp-json\/wp\/v2\/product"}],"about":[{"href":"https:\/\/pressurezone.shop\/sv\/wp-json\/wp\/v2\/types\/product"}],"replies":[{"embeddable":true,"href":"https:\/\/pressurezone.shop\/sv\/wp-json\/wp\/v2\/comments?post=3066"}],"version-history":[{"count":3,"href":"https:\/\/pressurezone.shop\/sv\/wp-json\/wp\/v2\/product\/3066\/revisions"}],"predecessor-version":[{"id":3927,"href":"https:\/\/pressurezone.shop\/sv\/wp-json\/wp\/v2\/product\/3066\/revisions\/3927"}],"wp:featuredmedia":[{"embeddable":true,"href":"https:\/\/pressurezone.shop\/sv\/wp-json\/wp\/v2\/media\/3146"}],"wp:attachment":[{"href":"https:\/\/pressurezone.shop\/sv\/wp-json\/wp\/v2\/media?parent=3066"}],"wp:term":[{"taxonomy":"product_brand","embeddable":true,"href":"https:\/\/pressurezone.shop\/sv\/wp-json\/wp\/v2\/product_brand?post=3066"},{"taxonomy":"product_cat","embeddable":true,"href":"https:\/\/pressurezone.shop\/sv\/wp-json\/wp\/v2\/product_cat?post=3066"},{"taxonomy":"product_tag","embeddable":true,"href":"https:\/\/pressurezone.shop\/sv\/wp-json\/wp\/v2\/product_tag?post=3066"}],"curies":[{"name":"wp","href":"https:\/\/api.w.org\/{rel}","templated":true}]}}