{"id":3067,"date":"2024-10-11T00:49:43","date_gmt":"2024-10-10T22:49:43","guid":{"rendered":"https:\/\/pressurezone.shop\/?post_type=product&#038;p=3067"},"modified":"2024-11-02T21:56:54","modified_gmt":"2024-11-02T20:56:54","slug":"cannatonic-hybris-weed-strain","status":"publish","type":"product","link":"https:\/\/pressurezone.shop\/sv\/produkt\/cannatonic-hybris-ogras-stam\/","title":{"rendered":"Cannatonic Hybris Weed Strain"},"content":{"rendered":"<div class=\"flex-shrink-0 flex flex-col relative items-end\">\n<div>\n<div class=\"pt-0\">\n<div class=\"gizmo-bot-avatar flex h-8 w-8 items-center justify-center overflow-hidden rounded-full\">\n<div class=\"relative p-1 rounded-sm flex items-center justify-center bg-token-main-surface-primary text-token-text-primary h-8 w-8\"><\/div>\n<\/div>\n<\/div>\n<\/div>\n<\/div>\n<div class=\"group\/conversation-turn relative flex w-full min-w-0 flex-col agent-turn\">\n<div class=\"flex-col gap-1 md:gap-3\">\n<div class=\"flex max-w-full flex-col flex-grow\">\n<div class=\"min-h-8 text-message flex w-full flex-col items-end gap-2 whitespace-normal break-words [.text-message+&amp;]:mt-5\" dir=\"auto\" data-message-author-role=\"assistant\" data-message-id=\"2c0d1260-0329-48f0-9c39-8b79d93f44c9\" data-message-model-slug=\"gpt-4o\">\n<div class=\"flex w-full flex-col gap-1 empty:hidden first:pt-[3px]\">\n<div class=\"markdown prose w-full break-words dark:prose-invert light\">\n<h3><strong>K\u00f6p Cannatonic Hybris Weed Strain online i Europa p\u00e5 <a href=\"https:\/\/pressurezone.shop\/sv\/\" target=\"_new\" rel=\"noopener\">Tryckzon<\/a><\/strong><\/h3>\n<p>Uppt\u00e4ck <strong>Cannatonic Hybris Weed Strain<\/strong>a <strong>cannabis sort<\/strong> en perfekt balanserad hybrid (50% indica \/ 50% sativa) som kombinerar de kraftfulla stammarna <strong>MK Ultra<\/strong> och <strong>G13 Haze<\/strong>. Cannatonic \u00e4r en unik sort, uppskattad f\u00f6r sina medicinska egenskaper och avslappnande effekt som lugnar kropp och sj\u00e4l utan att orsaka sedering. Med h\u00f6ga halter av CBD och l\u00e5ga halter av THC \u00e4r den idealisk f\u00f6r anv\u00e4ndare som s\u00f6ker terapeutisk lindring och mild avslappning.<a href=\"https:\/\/fuelpackz.com\/\" target=\"_blank\" rel=\"noopener\">.<\/a><\/p>\n<h3>Effekter och f\u00f6rdelar med Cannatonic Hybris Weed Strain<\/h3>\n<p>La <strong>sort Cannatonic Hybris ogr\u00e4sstam<\/strong> \u00e4r k\u00e4nd f\u00f6r sina lugnande och balanserade effekter, som ger lindring utan s\u00f6mnighet:<\/p>\n<ul>\n<li><strong>Lugnande avslappning<\/strong> : Sl\u00e4pper av kropp och sj\u00e4l, perfekt f\u00f6r att varva ner utan sedering.<\/li>\n<li><strong>Gott hum\u00f6r och lugn<\/strong> Fr\u00e4mjar ett positivt hum\u00f6r och en fridfull sinnesst\u00e4mning.<\/li>\n<li><strong>L\u00e4tt euforisk energigivande effekt<\/strong> : Ger en idealisk balans mellan lugn och mild eufori, idealisk f\u00f6r anv\u00e4ndning dagtid.<\/li>\n<\/ul>\n<p>Med niv\u00e5er p\u00e5 <strong>L\u00e5g THC (7-8%)<\/strong> och <strong>H\u00f6g CBD (12-14%)<\/strong>Cannatonic \u00e4r perfekt f\u00f6r dem som letar efter en mild men effektiv medicinsk upplevelse.<\/p>\n<h3>Terapeutiska f\u00f6rdelar med Cannatonic Hybris Weed Strain<\/h3>\n<p>Tack vare dess balanserade effekter och cannabinoidprofil, <strong>Cannatonic<\/strong> v\u00e4ljs ofta f\u00f6r sina m\u00e5nga terapeutiska f\u00f6rdelar:<\/p>\n<ul>\n<li><strong>Lindring av kronisk sm\u00e4rta och kramper<\/strong> Effektivt f\u00f6r att lindra sm\u00e4rta utan den tunga effekten av indica.<\/li>\n<li><strong>\u00c5ngest och stressreducering<\/strong> Perfekt f\u00f6r att minska den dagliga stressen och fr\u00e4mja en k\u00e4nsla av lugn och ro.<\/li>\n<li><strong>Behandling av huvudv\u00e4rk och migr\u00e4n<\/strong> Hj\u00e4lper till att lindra migr\u00e4n och huvudv\u00e4rk, perfekt f\u00f6r dem som letar efter ett naturligt alternativ.<\/li>\n<li><strong>Minskning av muskelspasmer<\/strong> Lindrar muskelspasmer och f\u00e5r kroppen att slappna av.<\/li>\n<\/ul>\n<p>Detta <strong>cannabis sort<\/strong> \u00e4r perfekt f\u00f6r anv\u00e4ndare som vill ha en avslappnande, medicinsk effekt utan intensiva psykoaktiva effekter, perfekt f\u00f6r anv\u00e4ndning p\u00e5 dagtid.<\/p>\n<h3>Cannatoniska smaker och aromer<\/h3>\n<p>Cannatonic uppskattas lika mycket f\u00f6r sina f\u00f6rdelar som f\u00f6r sina unika smaker och aromer:<\/p>\n<ul>\n<li><strong>Smaker<\/strong> En klassisk syrlig citronsmak med kryddiga och tr\u00e4iga toner som ger en mjuk och s\u00f6t touch.<\/li>\n<li><strong>Dofter<\/strong> En jordig doft med inslag av citron, kryddiga \u00f6rter och en antydan till s\u00f6tma.<\/li>\n<\/ul>\n<p>Dessa <strong>naturliga smaker och aromer<\/strong> g\u00f6r varje doft av Cannatonic till en lugnande upplevelse, perfekt f\u00f6r \u00e4lskare av f\u00e4rska, balanserade smaker.<\/p>\n<h3>Varf\u00f6r k\u00f6pa Cannatonic Hybris Weed Strain p\u00e5 <a href=\"https:\/\/pressurezone.shop\/sv\/\" target=\"_new\" rel=\"noopener\">Tryckzon<\/a>?<\/h3>\n<p>Vid <strong>Tryckzon<\/strong>vi v\u00e4ljer <strong>cannabis sorter<\/strong> f\u00f6r att kunna erbjuda b\u00e4sta m\u00f6jliga upplevelse till v\u00e5ra kunder i Europa. <strong>Cannatonic Hybris Weed Strain<\/strong> \u00e4r en av v\u00e5ra b\u00e4sta sorter f\u00f6r sina balanserade effekter och medicinska f\u00f6rdelar. H\u00e4r \u00e4r varf\u00f6r du ska v\u00e4lja Pressure Zone:<\/p>\n<ul>\n<li><strong>Premium Kvalitet<\/strong> V\u00e5ra produkter \u00e4r noggrant testade f\u00f6r att garantera en ren och effektiv upplevelse.<\/li>\n<li><strong>Balanserad och medicinsk effekt<\/strong> Idealisk f\u00f6r anv\u00e4ndare som s\u00f6ker mild avslappning och terapeutisk lindring.<\/li>\n<li><strong>Expert p\u00e5 kundservice<\/strong> : Vi finns tillg\u00e4ngliga f\u00f6r att v\u00e4gleda dig mot <strong>cannabis sort<\/strong> f\u00f6r att passa dina behov.<\/li>\n<\/ul>\n<h3>Vanliga fr\u00e5gor och svar<\/h3>\n<h4>Vilka \u00e4r de viktigaste effekterna av Cannatonic Hybris Weed Strain?<\/h4>\n<p>Cannatonic ger lugnande avslappning utan sedering och erbjuder en perfekt balans mellan avkoppling och mild eufori. Dess effekter \u00e4r idealiska f\u00f6r anv\u00e4ndning p\u00e5 dagtid.<\/p>\n<h4>\u00c4r Cannatonic effektivt f\u00f6r att lindra sm\u00e4rta och \u00e5ngest?<\/h4>\n<p>Ja, det h\u00e4r <strong>cannabis sort<\/strong> \u00e4r utm\u00e4rkt f\u00f6r att lindra kronisk sm\u00e4rta, kramper, \u00e5ngest och stress och ger en naturlig och lugnande lindring.<\/p>\n<h4>Vilka smaker och aromer dominerar Cannatonic?<\/h4>\n<p>Cannatonic erbjuder citroniga, kryddiga smaker med tr\u00e4iga toner och en jordig, s\u00f6t arom, perfekt f\u00f6r en balanserad upplevelse.<\/p>\n<h3>Best\u00e4ll Cannatonic Hybris Weed Strain online i Europa p\u00e5 <a href=\"https:\/\/pressurezone.shop\/sv\/\" target=\"_new\" rel=\"noopener\">Tryckzon<\/a><\/h3>\n<p>\u00c4r du redo att njuta av de terapeutiska och avslappnande f\u00f6rdelarna med <strong>Cannatonic Hybris Weed Strain<\/strong>? <strong>Best\u00e4ll nu<\/strong> p\u00e5 <a href=\"https:\/\/pressurezone.shop\/sv\/\" target=\"_new\" rel=\"noopener\">Tryckzon<\/a> f\u00f6r en upplevelse av <strong>cannabis sort<\/strong> En unik produkt av h\u00f6gsta kvalitet som \u00e4r idealisk f\u00f6r att hantera sm\u00e4rta, stress och muskelsp\u00e4nningar. V\u00e5r snabba och diskreta leveransservice garanterar en bekymmersfri shoppingupplevelse.<\/p>\n<\/div>\n<\/div>\n<\/div>\n<\/div>\n<\/div>\n<\/div>","protected":false},"excerpt":{"rendered":"<p>THC: 7-8%, CBD: 14%, CBN: 1%<\/p>","protected":false},"featured_media":3148,"comment_status":"closed","ping_status":"closed","template":"","meta":{"_uag_custom_page_level_css":"","site-sidebar-layout":"default","site-content-layout":"","ast-site-content-layout":"default","site-content-style":"default","site-sidebar-style":"default","ast-global-header-display":"","ast-banner-title-visibility":"","ast-main-header-display":"","ast-hfb-above-header-display":"","ast-hfb-below-header-display":"","ast-hfb-mobile-header-display":"","site-post-title":"","ast-breadcrumbs-content":"","ast-featured-img":"","footer-sml-layout":"","theme-transparent-header-meta":"default","adv-header-id-meta":"","stick-header-meta":"","header-above-stick-meta":"","header-main-stick-meta":"","header-below-stick-meta":"","astra-migrate-meta-layouts":"set","ast-page-background-enabled":"default","ast-page-background-meta":{"desktop":{"background-color":"","background-image":"","background-repeat":"repeat","background-position":"center center","background-size":"auto","background-attachment":"scroll","background-type":"","background-media":"","overlay-type":"","overlay-color":"","overlay-opacity":"","overlay-gradient":""},"tablet":{"background-color":"","background-image":"","background-repeat":"repeat","background-position":"center center","background-size":"auto","background-attachment":"scroll","background-type":"","background-media":"","overlay-type":"","overlay-color":"","overlay-opacity":"","overlay-gradient":""},"mobile":{"background-color":"","background-image":"","background-repeat":"repeat","background-position":"center center","background-size":"auto","background-attachment":"scroll","background-type":"","background-media":"","overlay-type":"","overlay-color":"","overlay-opacity":"","overlay-gradient":""}},"ast-content-background-meta":{"desktop":{"background-color":"var(--ast-global-color-5)","background-image":"","background-repeat":"repeat","background-position":"center center","background-size":"auto","background-attachment":"scroll","background-type":"","background-media":"","overlay-type":"","overlay-color":"","overlay-opacity":"","overlay-gradient":""},"tablet":{"background-color":"var(--ast-global-color-5)","background-image":"","background-repeat":"repeat","background-position":"center center","background-size":"auto","background-attachment":"scroll","background-type":"","background-media":"","overlay-type":"","overlay-color":"","overlay-opacity":"","overlay-gradient":""},"mobile":{"background-color":"var(--ast-global-color-5)","background-image":"","background-repeat":"repeat","background-position":"center center","background-size":"auto","background-attachment":"scroll","background-type":"","background-media":"","overlay-type":"","overlay-color":"","overlay-opacity":"","overlay-gradient":""}}},"product_brand":[],"product_cat":[28,277],"product_tag":[496,317],"class_list":{"0":"post-3067","1":"product","2":"type-product","3":"status-publish","4":"has-post-thumbnail","6":"product_cat-varietes-de-cannabis","7":"product_cat-varietes-de-cannabis-hybrides","8":"product_tag-cannatonic-hybris-weed-strain","9":"product_tag-cannatonic-hybris-weed-strain-for-sale","10":"desktop-align-left","11":"tablet-align-left","12":"mobile-align-left","14":"first","15":"instock","16":"shipping-taxable","17":"purchasable","18":"product-type-variable"},"uagb_featured_image_src":{"full":["https:\/\/pressurezone.shop\/wp-content\/uploads\/2024\/10\/Cannatonic-Hybris-Weed-Strain.webp",2560,1707,false],"thumbnail":["https:\/\/pressurezone.shop\/wp-content\/uploads\/2024\/10\/Cannatonic-Hybris-Weed-Strain-150x150.webp",150,150,true],"medium":["https:\/\/pressurezone.shop\/wp-content\/uploads\/2024\/10\/Cannatonic-Hybris-Weed-Strain-300x200.webp",300,200,true],"medium_large":["https:\/\/pressurezone.shop\/wp-content\/uploads\/2024\/10\/Cannatonic-Hybris-Weed-Strain-768x512.webp",768,512,true],"large":["https:\/\/pressurezone.shop\/wp-content\/uploads\/2024\/10\/Cannatonic-Hybris-Weed-Strain-1024x683.webp",1024,683,true],"1536x1536":["https:\/\/pressurezone.shop\/wp-content\/uploads\/2024\/10\/Cannatonic-Hybris-Weed-Strain-1536x1024.webp",1536,1024,true],"2048x2048":["https:\/\/pressurezone.shop\/wp-content\/uploads\/2024\/10\/Cannatonic-Hybris-Weed-Strain-2048x1366.webp",2048,1366,true],"trp-custom-language-flag":["https:\/\/pressurezone.shop\/wp-content\/uploads\/2024\/10\/Cannatonic-Hybris-Weed-Strain-18x12.webp",18,12,true],"woocommerce_thumbnail":["https:\/\/pressurezone.shop\/wp-content\/uploads\/2024\/10\/Cannatonic-Hybris-Weed-Strain-300x300.webp",300,300,true],"woocommerce_single":["https:\/\/pressurezone.shop\/wp-content\/uploads\/2024\/10\/Cannatonic-Hybris-Weed-Strain-600x400.webp",600,400,true],"woocommerce_gallery_thumbnail":["https:\/\/pressurezone.shop\/wp-content\/uploads\/2024\/10\/Cannatonic-Hybris-Weed-Strain-100x100.webp",100,100,true]},"uagb_author_info":{"display_name":"pressurezone.shop","author_link":"https:\/\/pressurezone.shop\/sv\/author\/"},"uagb_comment_info":0,"uagb_excerpt":"THC: 7-8%, CBD: 14%, CBN: 1%","_links":{"self":[{"href":"https:\/\/pressurezone.shop\/sv\/wp-json\/wp\/v2\/product\/3067"}],"collection":[{"href":"https:\/\/pressurezone.shop\/sv\/wp-json\/wp\/v2\/product"}],"about":[{"href":"https:\/\/pressurezone.shop\/sv\/wp-json\/wp\/v2\/types\/product"}],"replies":[{"embeddable":true,"href":"https:\/\/pressurezone.shop\/sv\/wp-json\/wp\/v2\/comments?post=3067"}],"version-history":[{"count":3,"href":"https:\/\/pressurezone.shop\/sv\/wp-json\/wp\/v2\/product\/3067\/revisions"}],"predecessor-version":[{"id":3738,"href":"https:\/\/pressurezone.shop\/sv\/wp-json\/wp\/v2\/product\/3067\/revisions\/3738"}],"wp:featuredmedia":[{"embeddable":true,"href":"https:\/\/pressurezone.shop\/sv\/wp-json\/wp\/v2\/media\/3148"}],"wp:attachment":[{"href":"https:\/\/pressurezone.shop\/sv\/wp-json\/wp\/v2\/media?parent=3067"}],"wp:term":[{"taxonomy":"product_brand","embeddable":true,"href":"https:\/\/pressurezone.shop\/sv\/wp-json\/wp\/v2\/product_brand?post=3067"},{"taxonomy":"product_cat","embeddable":true,"href":"https:\/\/pressurezone.shop\/sv\/wp-json\/wp\/v2\/product_cat?post=3067"},{"taxonomy":"product_tag","embeddable":true,"href":"https:\/\/pressurezone.shop\/sv\/wp-json\/wp\/v2\/product_tag?post=3067"}],"curies":[{"name":"wp","href":"https:\/\/api.w.org\/{rel}","templated":true}]}}