{"id":3068,"date":"2024-10-11T00:49:43","date_gmt":"2024-10-10T22:49:43","guid":{"rendered":"https:\/\/pressurezone.shop\/?post_type=product&#038;p=3068"},"modified":"2024-11-03T22:01:35","modified_gmt":"2024-11-03T21:01:35","slug":"purple-nurple-weed-strain","status":"publish","type":"product","link":"https:\/\/pressurezone.shop\/sv\/produkt\/purple-nurple-ograssort\/","title":{"rendered":"Purple Nurple ogr\u00e4sstam"},"content":{"rendered":"<h3><strong>K\u00f6p Purple Nurple Weed Strain online i Europa p\u00e5 <a href=\"https:\/\/pressurezone.shop\/sv\/\" target=\"_new\" rel=\"noopener\">Tryckzonsbutik<\/a><\/strong><\/h3>\n<p>Uppt\u00e4ck de <strong>Purple Nurple ogr\u00e4sstam<\/strong>\u00e4ven k\u00e4nd som <strong>Mendocino Purps<\/strong>, <strong>The Purps<\/strong>eller <strong>Purpurf\u00e4rgad<\/strong>en emblematisk sort fr\u00e5n Mendocino County i Kalifornien. Eftertraktad f\u00f6r sina djupt avslappnande effekter och unika fruktiga smaker, <strong>Lila Nurple<\/strong> \u00e4r ett perfekt val f\u00f6r fullst\u00e4ndig avkoppling av kropp och sj\u00e4l.<\/p>\n<h3>Varf\u00f6r v\u00e4lja Purple Nurple Weed Strain?<\/h3>\n<p><strong>Purple Nurple ogr\u00e4sstam<\/strong> \u00e4r perfekt f\u00f6r dig som s\u00f6ker sm\u00e4rtlindring och vilsam s\u00f6mn. Med smaker av druvor och tropiska frukter ger den intensiv avslappning, perfekt f\u00f6r lugna kv\u00e4llar. Med en snabbt ins\u00e4ttande effekt \u00e4r den s\u00e4rskilt rekommenderad f\u00f6r anv\u00e4ndare som lider av s\u00f6mnl\u00f6shet eller kronisk sm\u00e4rta. <strong>Lila Nurple<\/strong> \u00e4r k\u00e4nd f\u00f6r sina s\u00f6ta, fruktiga smaker och dess tropiska doft ger en of\u00f6rgl\u00f6mlig sensorisk upplevelse.<a href=\"https:\/\/fuelpackz.com\/\" target=\"_blank\" rel=\"noopener\">.<\/a><\/p>\n<ul>\n<li><strong>Typ<\/strong> Dominans Indica<\/li>\n<li><strong>Ursprung<\/strong> Fr\u00e5n Mendocino County, Kalifornien<\/li>\n<\/ul>\n<h3>Effekter och f\u00f6rdelar med Purple Nurple Weed Strain<\/h3>\n<p>La <strong>Purple Nurple ogr\u00e4sstam<\/strong> ger en k\u00e4nsla av lycka och avslappning, \u00e5tf\u00f6ljd av en mild eufori. Perfekt f\u00f6r att varva ner p\u00e5 kv\u00e4llen, den hj\u00e4lper till att lindra v\u00e4rk i kroppen och fr\u00e4mjar djup s\u00f6mn.<\/p>\n<ul>\n<li><strong>Effekter<\/strong> Eufori, Lycka, Avslappning, S\u00f6mnighet<\/li>\n<li><strong>Perfekt f\u00f6r<\/strong> \u00c5ngest, Artrit, Huvudv\u00e4rk, S\u00f6mnl\u00f6shet, Migr\u00e4n<\/li>\n<\/ul>\n<h3>Tillst\u00e5nd som lindras av Purple Nurple Cannabis Strain<\/h3>\n<p>Tack vare sina lugnande och balanserande effekter \u00e4r <strong>Lila Nurple<\/strong> \u00e4r idealisk f\u00f6r behandling av ett antal sjukdomar:<\/p>\n<ul>\n<li><strong>Kronisk sm\u00e4rta och migr\u00e4n<\/strong> Ger effektiv lindring av v\u00e4rk och sm\u00e4rta i kroppen.<\/li>\n<li><strong>S\u00f6mnl\u00f6shet och stress<\/strong> Lugnar sinnet och f\u00f6rbereder kroppen f\u00f6r en vilsam natts s\u00f6mn.<\/li>\n<li><strong>Depression och \u00e5ngest<\/strong> Fr\u00e4mjar ett tillst\u00e5nd av psykiskt och fysiskt v\u00e4lbefinnande.<\/li>\n<\/ul>\n<h3>Smaker och aromer av Purple Nurple Weed Strain<\/h3>\n<p>La <strong>Purple Nurple ogr\u00e4sstam<\/strong> erbjuder en komplex smakprofil rik p\u00e5 tropisk frukt. Med toner av <strong>vindruvor<\/strong>, <strong>b\u00e4r<\/strong>och <strong>exotiska frukter<\/strong>Dess smak \u00e4r en riktig godbit f\u00f6r \u00e4lskare av s\u00f6ta smaker. Dess skunkiga, tropiska arom ger varje bloss en unik dimension.<\/p>\n<ul>\n<li><strong>Smaker<\/strong> : Druva, B\u00e4r, S\u00f6t<\/li>\n<li><strong>Dofter<\/strong> : Skunkig, s\u00f6t, tropisk frukt<\/li>\n<\/ul>\n<h3>Utseende av Purple Nurple Cannabis Flower<\/h3>\n<p>Knopparna p\u00e5 <strong>Lila Nurple<\/strong> \u00e4r t\u00e4ta, m\u00f6rkgr\u00f6na med lila nyanser, t\u00e4ckta med kristallina trikomer som f\u00e4ngslar med sitt lysande utseende. Deras kompakta, hartsartade struktur \u00e5terspeglar kvaliteten och kraften i denna sort.<\/p>\n<h3>Best\u00e4ll Purple Nurple Weed Strain online fr\u00e5n Pressure Zone Shop<\/h3>\n<p>Redo att utforska de avslappnande, fruktiga effekterna av <strong>Purple Nurple ogr\u00e4sstam<\/strong> ? Best\u00e4ll idag fr\u00e5n <a href=\"https:\/\/pressurezone.shop\/sv\/\" target=\"_new\" rel=\"noopener\">Tryckzonsbutik<\/a> f\u00f6r att njuta av ett unikt utbud av cannabis, perfekt f\u00f6r kv\u00e4llen. Oavsett om du vill lindra sm\u00e4rta eller bara koppla av efter en l\u00e5ng dag, <strong>Lila Nurple<\/strong> \u00e4r det perfekta valet f\u00f6r en kvalitetsupplevelse.<\/p>","protected":false},"excerpt":{"rendered":"<table class=\"woocommerce-product-attributes shop_attributes\">\n<tbody>\n<tr class=\"woocommerce-product-attributes-item woocommerce-product-attributes-item--attribute_pa_strain\">\n<th class=\"woocommerce-product-attributes-item__label\">Stam<\/th>\n<td class=\"woocommerce-product-attributes-item__value\">Indica-dominerande hybrid<\/td>\n<\/tr>\n<tr class=\"woocommerce-product-attributes-item woocommerce-product-attributes-item--attribute_pa_effects\">\n<th class=\"woocommerce-product-attributes-item__label\">Effekter<\/th>\n<td class=\"woocommerce-product-attributes-item__value\">Eufori, Lycklig, Avslappnande, S\u00f6mnig<\/td>\n<\/tr>\n<tr class=\"woocommerce-product-attributes-item woocommerce-product-attributes-item--attribute_pa_may-relieve\">\n<th class=\"woocommerce-product-attributes-item__label\">Kan lindra<\/th>\n<td class=\"woocommerce-product-attributes-item__value\">\u00c5ngest, Artrit, Huvudv\u00e4rk, S\u00f6mnl\u00f6shet, Migr\u00e4n<\/td>\n<\/tr>\n<tr class=\"woocommerce-product-attributes-item woocommerce-product-attributes-item--attribute_pa_flavors\">\n<th class=\"woocommerce-product-attributes-item__label\">Smak\u00e4mnen<\/th>\n<td class=\"woocommerce-product-attributes-item__value\">B\u00e4r, Druva, S\u00f6t<\/td>\n<\/tr>\n<tr class=\"woocommerce-product-attributes-item woocommerce-product-attributes-item--attribute_pa_aromas\">\n<th class=\"woocommerce-product-attributes-item__label\">Aromer<\/th>\n<td class=\"woocommerce-product-attributes-item__value\">Fruktig, Skunkig, S\u00f6t, Tropisk<\/td>\n<\/tr>\n<\/tbody>\n<\/table>","protected":false},"featured_media":3154,"comment_status":"closed","ping_status":"closed","template":"","meta":{"_uag_custom_page_level_css":"","site-sidebar-layout":"default","site-content-layout":"","ast-site-content-layout":"default","site-content-style":"default","site-sidebar-style":"default","ast-global-header-display":"","ast-banner-title-visibility":"","ast-main-header-display":"","ast-hfb-above-header-display":"","ast-hfb-below-header-display":"","ast-hfb-mobile-header-display":"","site-post-title":"","ast-breadcrumbs-content":"","ast-featured-img":"","footer-sml-layout":"","theme-transparent-header-meta":"default","adv-header-id-meta":"","stick-header-meta":"","header-above-stick-meta":"","header-main-stick-meta":"","header-below-stick-meta":"","astra-migrate-meta-layouts":"set","ast-page-background-enabled":"default","ast-page-background-meta":{"desktop":{"background-color":"","background-image":"","background-repeat":"repeat","background-position":"center center","background-size":"auto","background-attachment":"scroll","background-type":"","background-media":"","overlay-type":"","overlay-color":"","overlay-opacity":"","overlay-gradient":""},"tablet":{"background-color":"","background-image":"","background-repeat":"repeat","background-position":"center center","background-size":"auto","background-attachment":"scroll","background-type":"","background-media":"","overlay-type":"","overlay-color":"","overlay-opacity":"","overlay-gradient":""},"mobile":{"background-color":"","background-image":"","background-repeat":"repeat","background-position":"center center","background-size":"auto","background-attachment":"scroll","background-type":"","background-media":"","overlay-type":"","overlay-color":"","overlay-opacity":"","overlay-gradient":""}},"ast-content-background-meta":{"desktop":{"background-color":"var(--ast-global-color-5)","background-image":"","background-repeat":"repeat","background-position":"center center","background-size":"auto","background-attachment":"scroll","background-type":"","background-media":"","overlay-type":"","overlay-color":"","overlay-opacity":"","overlay-gradient":""},"tablet":{"background-color":"var(--ast-global-color-5)","background-image":"","background-repeat":"repeat","background-position":"center center","background-size":"auto","background-attachment":"scroll","background-type":"","background-media":"","overlay-type":"","overlay-color":"","overlay-opacity":"","overlay-gradient":""},"mobile":{"background-color":"var(--ast-global-color-5)","background-image":"","background-repeat":"repeat","background-position":"center center","background-size":"auto","background-attachment":"scroll","background-type":"","background-media":"","overlay-type":"","overlay-color":"","overlay-opacity":"","overlay-gradient":""}}},"product_brand":[],"product_cat":[28,278],"product_tag":[318],"class_list":{"0":"post-3068","1":"product","2":"type-product","3":"status-publish","4":"has-post-thumbnail","6":"product_cat-varietes-de-cannabis","7":"product_cat-varietes-de-marijuana-indica","8":"product_tag-order-purple-nurple-weed-strain-europe","9":"desktop-align-left","10":"tablet-align-left","11":"mobile-align-left","13":"first","14":"instock","15":"shipping-taxable","16":"purchasable","17":"product-type-variable"},"uagb_featured_image_src":{"full":["https:\/\/pressurezone.shop\/wp-content\/uploads\/2024\/10\/Purple-Nurple-Weed-Strain.webp",2560,1920,false],"thumbnail":["https:\/\/pressurezone.shop\/wp-content\/uploads\/2024\/10\/Purple-Nurple-Weed-Strain-150x150.webp",150,150,true],"medium":["https:\/\/pressurezone.shop\/wp-content\/uploads\/2024\/10\/Purple-Nurple-Weed-Strain-300x225.webp",300,225,true],"medium_large":["https:\/\/pressurezone.shop\/wp-content\/uploads\/2024\/10\/Purple-Nurple-Weed-Strain-768x576.webp",768,576,true],"large":["https:\/\/pressurezone.shop\/wp-content\/uploads\/2024\/10\/Purple-Nurple-Weed-Strain-1024x768.webp",1024,768,true],"1536x1536":["https:\/\/pressurezone.shop\/wp-content\/uploads\/2024\/10\/Purple-Nurple-Weed-Strain-1536x1152.webp",1536,1152,true],"2048x2048":["https:\/\/pressurezone.shop\/wp-content\/uploads\/2024\/10\/Purple-Nurple-Weed-Strain-2048x1536.webp",2048,1536,true],"trp-custom-language-flag":["https:\/\/pressurezone.shop\/wp-content\/uploads\/2024\/10\/Purple-Nurple-Weed-Strain-16x12.webp",16,12,true],"woocommerce_thumbnail":["https:\/\/pressurezone.shop\/wp-content\/uploads\/2024\/10\/Purple-Nurple-Weed-Strain-300x300.webp",300,300,true],"woocommerce_single":["https:\/\/pressurezone.shop\/wp-content\/uploads\/2024\/10\/Purple-Nurple-Weed-Strain-600x450.webp",600,450,true],"woocommerce_gallery_thumbnail":["https:\/\/pressurezone.shop\/wp-content\/uploads\/2024\/10\/Purple-Nurple-Weed-Strain-100x100.webp",100,100,true]},"uagb_author_info":{"display_name":"pressurezone.shop","author_link":"https:\/\/pressurezone.shop\/sv\/author\/"},"uagb_comment_info":0,"uagb_excerpt":"Strain Indica Dominant Hybrid Effects Euphoria,\u00a0Happy,\u00a0Relaxing,\u00a0Sleepy May Relieve Anxiety,\u00a0Arthritis,\u00a0Headaches,\u00a0Insomnia,\u00a0Migraines Flavors Berry,\u00a0Grape,\u00a0Sweet Aromas Fruity,\u00a0Skunky,\u00a0Sweet,\u00a0Tropical","_links":{"self":[{"href":"https:\/\/pressurezone.shop\/sv\/wp-json\/wp\/v2\/product\/3068"}],"collection":[{"href":"https:\/\/pressurezone.shop\/sv\/wp-json\/wp\/v2\/product"}],"about":[{"href":"https:\/\/pressurezone.shop\/sv\/wp-json\/wp\/v2\/types\/product"}],"replies":[{"embeddable":true,"href":"https:\/\/pressurezone.shop\/sv\/wp-json\/wp\/v2\/comments?post=3068"}],"version-history":[{"count":3,"href":"https:\/\/pressurezone.shop\/sv\/wp-json\/wp\/v2\/product\/3068\/revisions"}],"predecessor-version":[{"id":4007,"href":"https:\/\/pressurezone.shop\/sv\/wp-json\/wp\/v2\/product\/3068\/revisions\/4007"}],"wp:featuredmedia":[{"embeddable":true,"href":"https:\/\/pressurezone.shop\/sv\/wp-json\/wp\/v2\/media\/3154"}],"wp:attachment":[{"href":"https:\/\/pressurezone.shop\/sv\/wp-json\/wp\/v2\/media?parent=3068"}],"wp:term":[{"taxonomy":"product_brand","embeddable":true,"href":"https:\/\/pressurezone.shop\/sv\/wp-json\/wp\/v2\/product_brand?post=3068"},{"taxonomy":"product_cat","embeddable":true,"href":"https:\/\/pressurezone.shop\/sv\/wp-json\/wp\/v2\/product_cat?post=3068"},{"taxonomy":"product_tag","embeddable":true,"href":"https:\/\/pressurezone.shop\/sv\/wp-json\/wp\/v2\/product_tag?post=3068"}],"curies":[{"name":"wp","href":"https:\/\/api.w.org\/{rel}","templated":true}]}}