{"id":3069,"date":"2024-10-11T00:49:43","date_gmt":"2024-10-10T22:49:43","guid":{"rendered":"https:\/\/pressurezone.shop\/?post_type=product&#038;p=3069"},"modified":"2024-11-02T22:14:03","modified_gmt":"2024-11-02T21:14:03","slug":"g13-strain-indica-flower","status":"publish","type":"product","link":"https:\/\/pressurezone.shop\/sv\/produkt\/g13-stam-indica-blomma\/","title":{"rendered":"G13 Strain Indica blomma"},"content":{"rendered":"<h3><strong>K\u00f6p G13 Strain Indica Flower online i Europa p\u00e5 <a href=\"https:\/\/pressurezone.shop\/sv\/\" target=\"_new\" rel=\"noopener\">Tryckzon<\/a><\/strong><\/h3>\n<p>Uppt\u00e4ck <strong>G13 Strain Indica blomma<\/strong>\u00e4ven k\u00e4nd som \"G-13\" eller \"Government Indica Cannabis Strain 1\", en <strong>cannabis sort<\/strong> En mystisk och kraftfull indica-dominant hybrid. G13 \u00e4r utformad f\u00f6r att vara ett effektivt medicinskt alternativ och \u00e4r en stam av ok\u00e4nt ursprung, men k\u00e4nd f\u00f6r sina intensiva effekter och distinkta smakprofil. Med THC-niv\u00e5er p\u00e5 i genomsnitt 24% \u00e4r G13 en av de mest uppskattade sorterna f\u00f6r sina terapeutiska egenskaper.<a href=\"https:\/\/fuelpackz.com\/\" target=\"_blank\" rel=\"noopener\">.<\/a><\/p>\n<h3>Effekter och f\u00f6rdelar med G13 Strain Indica Flower<\/h3>\n<p>La <strong>sort G13 stam Indica blomma<\/strong> \u00e4r k\u00e4nt f\u00f6r sin avslappnande och lugnande effekt och erbjuder den perfekta blandningen av eufori och fysisk avkoppling:<\/p>\n<ul>\n<li><strong>Eufori och gott hum\u00f6r<\/strong> B\u00f6rja med en energigivande kick f\u00f6r att stimulera sinnet.<\/li>\n<li><strong>Djup avslappning<\/strong> Slappnar av i kroppen och lugnar sinnet, perfekt f\u00f6r stunder av avkoppling.<\/li>\n<li><strong>L\u00e4tt s\u00f6mnighet<\/strong> Ger en lugnande effekt, perfekt f\u00f6r att fr\u00e4mja s\u00f6mnen.<\/li>\n<\/ul>\n<p>Med sina balanserade effekter och <strong>h\u00f6g effekt<\/strong>G13 \u00e4r ett perfekt alternativ f\u00f6r kv\u00e4llsbruk eller fullst\u00e4ndig avkoppling.<\/p>\n<h3>Terapeutiska f\u00f6rdelar med G13 Strain Indica Flower<\/h3>\n<p>Tack vare dess kraftfulla terapeutiska effekter, <strong>G13<\/strong> v\u00e4ljs ofta f\u00f6r att lindra en rad olika symtom och tillst\u00e5nd:<\/p>\n<ul>\n<li><strong>Lindring av \u00e5ngest och depression<\/strong> Effektivt f\u00f6r att lugna sinnet och fr\u00e4mja en k\u00e4nsla av v\u00e4lbefinnande.<\/li>\n<li><strong>Minskar sm\u00e4rta och inflammation<\/strong> Lindrar kronisk sm\u00e4rta, artrit och ih\u00e5llande huvudv\u00e4rk.<\/li>\n<li><strong>S\u00f6mnmedel<\/strong> : Fr\u00e4mjar djup, vilsam s\u00f6mn, perfekt f\u00f6r anv\u00e4ndare som lider av s\u00f6mnl\u00f6shet.<\/li>\n<\/ul>\n<p>Detta <strong>cannabis sort<\/strong> \u00e4r perfekt f\u00f6r dig som s\u00f6ker naturlig lindring mot stress, sm\u00e4rta och s\u00f6mnst\u00f6rningar.<\/p>\n<h3>Smak och doft av G13<\/h3>\n<p>G13 erbjuder en smak- och aromaprofil som \u00e4r lika intensiv som dess effekter:<\/p>\n<ul>\n<li><strong>Smaker<\/strong> En mild, tr\u00e4ig tallsmak med s\u00f6ta toner som g\u00f6r det till en smakrik upplevelse.<\/li>\n<li><strong>Dofter<\/strong> En jordig, skunkig doft med en antydan till s\u00f6tma och b\u00e4riga toner.<\/li>\n<\/ul>\n<p>Dessa <strong>smaker och aromer<\/strong> Intensiva smaker g\u00f6r varje bloss av G13 till en trevlig, of\u00f6rgl\u00f6mlig upplevelse, perfekt f\u00f6r \u00e4lskare av jordiga, s\u00f6ta smaker.<\/p>\n<h3>Varf\u00f6r k\u00f6pa G13 Strain Indica Flower p\u00e5 <a href=\"https:\/\/pressurezone.shop\/sv\/\" target=\"_new\" rel=\"noopener\">Tryckzon<\/a>?<\/h3>\n<p>Vid <strong>Tryckzon<\/strong>vi erbjuder <strong>cannabis sorter<\/strong> noggrant utvalda och testade f\u00f6r att garantera renhet och kraft. <strong>G13 Strain Indica blomma<\/strong> \u00e4r en av v\u00e5ra b\u00e4sta sorter f\u00f6r sina avslappnande effekter och terapeutiska f\u00f6rdelar. H\u00e4r \u00e4r varf\u00f6r du ska v\u00e4lja Pressure Zone:<\/p>\n<ul>\n<li><strong>Premium Kvalitet<\/strong> V\u00e5ra produkter \u00e4r testade f\u00f6r att ge en h\u00f6gkvalitativ upplevelse.<\/li>\n<li><strong>Avslappnande och lugnande effekt<\/strong> Idealisk f\u00f6r sm\u00e4rtlindring och djup s\u00f6mn.<\/li>\n<li><strong>Expert p\u00e5 kundservice<\/strong> : Vi finns h\u00e4r f\u00f6r att hj\u00e4lpa dig att hitta r\u00e4tt <strong>cannabis sort<\/strong> som b\u00e4st uppfyller dina behov.<\/li>\n<\/ul>\n<h3>Vanliga fr\u00e5gor och svar<\/h3>\n<h4>Vilka \u00e4r de viktigaste effekterna av G13 Strain Indica Flower?<\/h4>\n<p>G13 ger en energigivande kick som f\u00f6ljs av djup avslappning, perfekt f\u00f6r avkoppling och s\u00f6mn. Den \u00e4r perfekt f\u00f6r att lugna kropp och sinne.<\/p>\n<h4>\u00c4r G13 effektivt f\u00f6r att lindra sm\u00e4rta och stress?<\/h4>\n<p>Ja, det h\u00e4r <strong>cannabis sort<\/strong> \u00e4r utm\u00e4rkt f\u00f6r att minska stress, lindra kronisk sm\u00e4rta och f\u00f6rb\u00e4ttra hum\u00f6ret, samtidigt som det fr\u00e4mjar vilsam s\u00f6mn.<\/p>\n<h4>Vilka smaker och dofter dominerar G13?<\/h4>\n<p>G13 erbjuder tr\u00e4iga tallsmaker med en touch av s\u00f6tma och jordiga, skunkiga aromer, perfekt f\u00f6r en unik sensorisk upplevelse.<\/p>\n<h3>Best\u00e4ll G13 Strain Indica Flower online i Europa p\u00e5 <a href=\"https:\/\/pressurezone.shop\/sv\/\" target=\"_new\" rel=\"noopener\">Tryckzon<\/a><\/h3>\n<p>Redo att uppt\u00e4cka de lugnande och mystiska effekterna av <strong>G13 Strain Indica blomma<\/strong>? <strong>Best\u00e4ll nu<\/strong> p\u00e5 <a href=\"https:\/\/pressurezone.shop\/sv\/\" target=\"_new\" rel=\"noopener\">Tryckzon<\/a> f\u00f6r en upplevelse av <strong>cannabis sort<\/strong> perfekt f\u00f6r sm\u00e4rtlindring och avslappning. Njut av snabb, diskret leverans f\u00f6r en problemfri shoppingupplevelse.<\/p>","protected":false},"excerpt":{"rendered":"<p>Achetez la Vari\u00e9t\u00e9 G13 Strain Indica Flower en Ligne en Europe sur Pressure Zone D\u00e9couvrez G13 Strain Indica Flower, \u00e9galement connue sous le nom de \u201cG-13\u201d ou \u201cGovernment Indica Cannabis Strain 1,\u201d une vari\u00e9t\u00e9 de cannabis hybride \u00e0 dominance indica myst\u00e9rieuse et puissante. Con\u00e7ue pour \u00eatre une option m\u00e9dicale efficace, G13 est une vari\u00e9t\u00e9 \u00e0 [&hellip;]<\/p>","protected":false},"featured_media":3156,"comment_status":"closed","ping_status":"closed","template":"","meta":{"_uag_custom_page_level_css":"","site-sidebar-layout":"default","site-content-layout":"","ast-site-content-layout":"default","site-content-style":"default","site-sidebar-style":"default","ast-global-header-display":"","ast-banner-title-visibility":"","ast-main-header-display":"","ast-hfb-above-header-display":"","ast-hfb-below-header-display":"","ast-hfb-mobile-header-display":"","site-post-title":"","ast-breadcrumbs-content":"","ast-featured-img":"","footer-sml-layout":"","theme-transparent-header-meta":"default","adv-header-id-meta":"","stick-header-meta":"","header-above-stick-meta":"","header-main-stick-meta":"","header-below-stick-meta":"","astra-migrate-meta-layouts":"set","ast-page-background-enabled":"default","ast-page-background-meta":{"desktop":{"background-color":"","background-image":"","background-repeat":"repeat","background-position":"center center","background-size":"auto","background-attachment":"scroll","background-type":"","background-media":"","overlay-type":"","overlay-color":"","overlay-opacity":"","overlay-gradient":""},"tablet":{"background-color":"","background-image":"","background-repeat":"repeat","background-position":"center center","background-size":"auto","background-attachment":"scroll","background-type":"","background-media":"","overlay-type":"","overlay-color":"","overlay-opacity":"","overlay-gradient":""},"mobile":{"background-color":"","background-image":"","background-repeat":"repeat","background-position":"center center","background-size":"auto","background-attachment":"scroll","background-type":"","background-media":"","overlay-type":"","overlay-color":"","overlay-opacity":"","overlay-gradient":""}},"ast-content-background-meta":{"desktop":{"background-color":"var(--ast-global-color-5)","background-image":"","background-repeat":"repeat","background-position":"center center","background-size":"auto","background-attachment":"scroll","background-type":"","background-media":"","overlay-type":"","overlay-color":"","overlay-opacity":"","overlay-gradient":""},"tablet":{"background-color":"var(--ast-global-color-5)","background-image":"","background-repeat":"repeat","background-position":"center center","background-size":"auto","background-attachment":"scroll","background-type":"","background-media":"","overlay-type":"","overlay-color":"","overlay-opacity":"","overlay-gradient":""},"mobile":{"background-color":"var(--ast-global-color-5)","background-image":"","background-repeat":"repeat","background-position":"center center","background-size":"auto","background-attachment":"scroll","background-type":"","background-media":"","overlay-type":"","overlay-color":"","overlay-opacity":"","overlay-gradient":""}}},"product_brand":[],"product_cat":[28,278],"product_tag":[319],"class_list":{"0":"post-3069","1":"product","2":"type-product","3":"status-publish","4":"has-post-thumbnail","6":"product_cat-varietes-de-cannabis","7":"product_cat-varietes-de-marijuana-indica","8":"product_tag-buy-g13-strain-indica-flower-europe","9":"desktop-align-left","10":"tablet-align-left","11":"mobile-align-left","13":"first","14":"instock","15":"shipping-taxable","16":"purchasable","17":"product-type-variable"},"uagb_featured_image_src":{"full":["https:\/\/pressurezone.shop\/wp-content\/uploads\/2024\/10\/G13-Strain-Indica-Flower.webp",2560,1707,false],"thumbnail":["https:\/\/pressurezone.shop\/wp-content\/uploads\/2024\/10\/G13-Strain-Indica-Flower-150x150.webp",150,150,true],"medium":["https:\/\/pressurezone.shop\/wp-content\/uploads\/2024\/10\/G13-Strain-Indica-Flower-300x200.webp",300,200,true],"medium_large":["https:\/\/pressurezone.shop\/wp-content\/uploads\/2024\/10\/G13-Strain-Indica-Flower-768x512.webp",768,512,true],"large":["https:\/\/pressurezone.shop\/wp-content\/uploads\/2024\/10\/G13-Strain-Indica-Flower-1024x683.webp",1024,683,true],"1536x1536":["https:\/\/pressurezone.shop\/wp-content\/uploads\/2024\/10\/G13-Strain-Indica-Flower-1536x1024.webp",1536,1024,true],"2048x2048":["https:\/\/pressurezone.shop\/wp-content\/uploads\/2024\/10\/G13-Strain-Indica-Flower-2048x1366.webp",2048,1366,true],"trp-custom-language-flag":["https:\/\/pressurezone.shop\/wp-content\/uploads\/2024\/10\/G13-Strain-Indica-Flower-18x12.webp",18,12,true],"woocommerce_thumbnail":["https:\/\/pressurezone.shop\/wp-content\/uploads\/2024\/10\/G13-Strain-Indica-Flower-300x300.webp",300,300,true],"woocommerce_single":["https:\/\/pressurezone.shop\/wp-content\/uploads\/2024\/10\/G13-Strain-Indica-Flower-600x400.webp",600,400,true],"woocommerce_gallery_thumbnail":["https:\/\/pressurezone.shop\/wp-content\/uploads\/2024\/10\/G13-Strain-Indica-Flower-100x100.webp",100,100,true]},"uagb_author_info":{"display_name":"pressurezone.shop","author_link":"https:\/\/pressurezone.shop\/sv\/author\/"},"uagb_comment_info":0,"uagb_excerpt":"Achetez la Vari\u00e9t\u00e9 G13 Strain Indica Flower en Ligne en Europe sur Pressure Zone D\u00e9couvrez G13 Strain Indica Flower, \u00e9galement connue sous le nom de \u201cG-13\u201d ou \u201cGovernment Indica Cannabis Strain 1,\u201d une vari\u00e9t\u00e9 de cannabis hybride \u00e0 dominance indica myst\u00e9rieuse et puissante. Con\u00e7ue pour \u00eatre une option m\u00e9dicale efficace, G13 est une vari\u00e9t\u00e9 \u00e0&hellip;","_links":{"self":[{"href":"https:\/\/pressurezone.shop\/sv\/wp-json\/wp\/v2\/product\/3069"}],"collection":[{"href":"https:\/\/pressurezone.shop\/sv\/wp-json\/wp\/v2\/product"}],"about":[{"href":"https:\/\/pressurezone.shop\/sv\/wp-json\/wp\/v2\/types\/product"}],"replies":[{"embeddable":true,"href":"https:\/\/pressurezone.shop\/sv\/wp-json\/wp\/v2\/comments?post=3069"}],"version-history":[{"count":3,"href":"https:\/\/pressurezone.shop\/sv\/wp-json\/wp\/v2\/product\/3069\/revisions"}],"predecessor-version":[{"id":3769,"href":"https:\/\/pressurezone.shop\/sv\/wp-json\/wp\/v2\/product\/3069\/revisions\/3769"}],"wp:featuredmedia":[{"embeddable":true,"href":"https:\/\/pressurezone.shop\/sv\/wp-json\/wp\/v2\/media\/3156"}],"wp:attachment":[{"href":"https:\/\/pressurezone.shop\/sv\/wp-json\/wp\/v2\/media?parent=3069"}],"wp:term":[{"taxonomy":"product_brand","embeddable":true,"href":"https:\/\/pressurezone.shop\/sv\/wp-json\/wp\/v2\/product_brand?post=3069"},{"taxonomy":"product_cat","embeddable":true,"href":"https:\/\/pressurezone.shop\/sv\/wp-json\/wp\/v2\/product_cat?post=3069"},{"taxonomy":"product_tag","embeddable":true,"href":"https:\/\/pressurezone.shop\/sv\/wp-json\/wp\/v2\/product_tag?post=3069"}],"curies":[{"name":"wp","href":"https:\/\/api.w.org\/{rel}","templated":true}]}}