{"id":3074,"date":"2024-10-11T00:50:08","date_gmt":"2024-10-10T22:50:08","guid":{"rendered":"https:\/\/pressurezone.shop\/?post_type=product&#038;p=3074"},"modified":"2024-11-02T21:13:52","modified_gmt":"2024-11-02T20:13:52","slug":"blueberry-indica-dominant-hybrid-strain","status":"publish","type":"product","link":"https:\/\/pressurezone.shop\/sv\/produkt\/blabar-indica-dominerande-hybridstam\/","title":{"rendered":"Bl\u00e5b\u00e4r Indica dominerande hybridstam"},"content":{"rendered":"<div class=\"flex-shrink-0 flex flex-col relative items-end\">\n<div>\n<div class=\"pt-0\">\n<div class=\"gizmo-bot-avatar flex h-8 w-8 items-center justify-center overflow-hidden rounded-full\">\n<div class=\"relative p-1 rounded-sm flex items-center justify-center bg-token-main-surface-primary text-token-text-primary h-8 w-8\"><\/div>\n<\/div>\n<\/div>\n<\/div>\n<\/div>\n<div class=\"group\/conversation-turn relative flex w-full min-w-0 flex-col agent-turn\">\n<div class=\"flex-col gap-1 md:gap-3\">\n<div class=\"flex max-w-full flex-col flex-grow\">\n<div class=\"min-h-8 text-message flex w-full flex-col items-end gap-2 whitespace-normal break-words [.text-message+&amp;]:mt-5\" dir=\"auto\" data-message-author-role=\"assistant\" data-message-id=\"63aaa22f-ef16-464b-8e98-482d71247fb6\" data-message-model-slug=\"gpt-4o\">\n<div class=\"flex w-full flex-col gap-1 empty:hidden first:pt-[3px]\">\n<div class=\"markdown prose w-full break-words dark:prose-invert light\">\n<h3><strong>K\u00f6p Blueberry Indica Dominant Hybrid Strain online p\u00e5 <a href=\"https:\/\/pressurezone.shop\/sv\/\" target=\"_new\" rel=\"noopener\">Tryckzon<\/a><\/strong><\/h3>\n<p>Uppt\u00e4ck de <strong>Bl\u00e5b\u00e4r Indica dominerande hybridstam<\/strong>a <strong>cannabis sort<\/strong> som kombinerar indica-dominans (80% indica\/20% sativa) med en of\u00f6rgl\u00f6mlig bl\u00e5b\u00e4rs- och vaniljsmak. Denna legendariska sort \u00e4r k\u00e4nd f\u00f6r sin kraftfulla, lugnande effekt och har anor fr\u00e5n 1970-talet, d\u00e5 den utvecklades av den ber\u00f6mda amerikanska odlaren DJ Short fr\u00e5n landraser. \u00c4ven om dess exakta h\u00e4rkomst fortfarande \u00e4r ett mysterium, antas det att <strong>Bl\u00e5b\u00e4r<\/strong> kommer ner fr\u00e5n stubbarna <strong>Lila Thai<\/strong> och <strong>Afghan<\/strong>.<\/p>\n<h3>Effekter och f\u00f6rdelar med Blueberry Indica Dominant Hybrid Strain<\/h3>\n<p>La <strong>Bl\u00e5b\u00e4r Indica dominerande hybridstam<\/strong> \u00e4r k\u00e4nt f\u00f6r sina lugnande och euforiska effekter, som ger en djup k\u00e4nsla av v\u00e4lbefinnande:<\/p>\n<ul>\n<li><strong>Eufori och lycka<\/strong> : Ger dig en k\u00e4nsla av gl\u00e4dje och ett positivt hum\u00f6r.<\/li>\n<li><strong>S\u00f6mnighet och avslappning<\/strong> Perfekt f\u00f6r avkopplande kv\u00e4llar eller f\u00f6r att hj\u00e4lpa dig att somna.<\/li>\n<li><strong>Djupt lugn<\/strong> Sinnet f\u00f6rs\u00e4tts i ett tillst\u00e5nd av avslappnad reflektion och stressiga tankar f\u00f6rsvinner.<\/li>\n<\/ul>\n<p>Med en <strong>Genomsnittlig THC av 16-24%<\/strong>Denna variant erbjuder fullst\u00e4ndig avslappning som f\u00f6rsiktigt s\u00e4tter sig och frig\u00f6r sinnet och kroppen fr\u00e5n alla sp\u00e4nningar.<\/p>\n<h3>Terapeutiska f\u00f6rdelar med Blueberry Indica Dominant Hybrid Strain<\/h3>\n<p>Tack vare sina lugnande effekter v\u00e4ljs Blueberry ofta f\u00f6r sina terapeutiska f\u00f6rdelar. Det \u00e4r s\u00e4rskilt effektivt f\u00f6r :<\/p>\n<ul>\n<li><strong>Lindring av depression och \u00e5ngest<\/strong> Dess lugnande effekter hj\u00e4lper till att lugna sinnet och minska negativa tankar.<\/li>\n<li><strong>Minskar sm\u00e4rta och migr\u00e4n<\/strong> : Effektivt f\u00f6r att lindra kronisk sm\u00e4rta och ih\u00e5llande migr\u00e4n.<\/li>\n<li><strong>F\u00f6rb\u00e4ttrad s\u00f6mn<\/strong> : Dess lugnande effekter g\u00f6r den till ett perfekt alternativ f\u00f6r dem som k\u00e4mpar mot s\u00f6mnl\u00f6shet.<\/li>\n<li><strong>Minskat illam\u00e5ende<\/strong> Uppskattas f\u00f6r sina egenskaper mot illam\u00e5ende<a href=\"https:\/\/fuelpackz.com\/\" target=\"_blank\" rel=\"noopener\">.<\/a><\/li>\n<\/ul>\n<p>Detta <strong>cannabis sort<\/strong> \u00e4r perfekt f\u00f6r dem som s\u00f6ker en naturlig l\u00f6sning p\u00e5 stress, kronisk tr\u00f6tthet och huvudv\u00e4rk, och ger fullst\u00e4ndig avslappning och varaktig lindring.<\/p>\n<h3>Smak och doft av Blueberry Indica Dominant Hybrid Strain<\/h3>\n<p>Bl\u00e5b\u00e4r \u00e4r lika k\u00e4nt f\u00f6r sina smaker som f\u00f6r sina effekter:<\/p>\n<ul>\n<li><strong>Smaker<\/strong> En rik, s\u00f6t smak av b\u00e4r och bl\u00e5b\u00e4r, med inslag av tr\u00e4 och vanilj.<\/li>\n<li><strong>Dofter<\/strong> En fruktig, jordig doft blandad med kryddiga, s\u00f6ta blomnoter och en antydan till vanilj.<\/li>\n<\/ul>\n<p>Dessa <strong>unika smaker och aromer<\/strong> g\u00f6r varje bloss av denna oemotst\u00e5ndliga sort idealisk f\u00f6r \u00e4lskare av s\u00f6ta gourmetsmaker.<\/p>\n<h3>Varf\u00f6r k\u00f6pa Blueberry Indica Dominant Hybrid Strain p\u00e5 <a href=\"https:\/\/pressurezone.shop\/sv\/\" target=\"_new\" rel=\"noopener\">Tryckzon<\/a>?<\/h3>\n<p>Vid <strong>Tryckzon<\/strong>vi v\u00e4ljer <strong>cannabis sorter<\/strong> av h\u00f6gsta kvalitet, noggrant testade f\u00f6r att s\u00e4kerst\u00e4lla kraft och renhet. <strong>Bl\u00e5b\u00e4r Indica dominerande hybridstam<\/strong> \u00e4r en av v\u00e5ra flaggskeppssorter, perfekt f\u00f6r avkoppling och stresshantering. H\u00e4r \u00e4r varf\u00f6r du ska k\u00f6pa fr\u00e5n oss:<\/p>\n<ul>\n<li><strong>\u00d6verl\u00e4gsen kvalitet<\/strong> V\u00e5ra produkter \u00e4r testade och garanterar en upplevelse av h\u00f6g kvalitet.<\/li>\n<li><strong>Lugnande effekter<\/strong> Perfekt f\u00f6r att slappna av och f\u00f6rb\u00e4ttra hum\u00f6ret.<\/li>\n<li><strong>Engagerad kundservice<\/strong> : V\u00e5rt team finns h\u00e4r f\u00f6r att v\u00e4gleda dig till den <strong>cannabis sort<\/strong> som uppfyller dina behov.<\/li>\n<\/ul>\n<h3>Vanliga fr\u00e5gor och svar<\/h3>\n<h4>Vilka \u00e4r de viktigaste effekterna av Blueberry Indica Dominant Hybrid Strain?<\/h4>\n<p>La <strong>Bl\u00e5b\u00e4r Indica dominerande hybridstam<\/strong> ger en euforisk och avslappnande effekt, perfekt f\u00f6r att lindra stress, f\u00f6rb\u00e4ttra hum\u00f6ret och fr\u00e4mja s\u00f6mn.<\/p>\n<h4>\u00c4r Blueberry l\u00e4mpligt f\u00f6r migr\u00e4n och kronisk sm\u00e4rta?<\/h4>\n<p>Ja, bl\u00e5b\u00e4r \u00e4r perfekt f\u00f6r att lindra kronisk sm\u00e4rta, lindra migr\u00e4n och lugna kroppsliga sp\u00e4nningar.<\/p>\n<h4>Vilka smaker och aromer dominerar bl\u00e5b\u00e4r?<\/h4>\n<p>Denna sort erbjuder en s\u00f6t smak av bl\u00e5b\u00e4r och vanilj, tillsammans med jordiga och blommiga aromer, med en touch av krydda och s\u00f6tma.<\/p>\n<h3>Best\u00e4ll Blueberry Indica Dominant Hybrid Strain online p\u00e5 <a href=\"https:\/\/pressurezone.shop\/sv\/\" target=\"_new\" rel=\"noopener\">Tryckzon<\/a><\/h3>\n<p>Redo att uppt\u00e4cka de avslappnande effekterna och milda smakerna av <strong>Bl\u00e5b\u00e4r Indica dominerande hybridstam<\/strong>? <strong>Best\u00e4ll nu<\/strong> p\u00e5 <a href=\"https:\/\/pressurezone.shop\/sv\/\" target=\"_new\" rel=\"noopener\">Tryckzon<\/a> f\u00f6r en upplevelse av <strong>cannabis sort<\/strong> premium, perfekt f\u00f6r att lugna sinnet och koppla av kroppen. Med en p\u00e5litlig leveransservice och enast\u00e5ende kundsupport garanterar Pressure Zone en bekymmersfri shoppingupplevelse.<\/p>\n<\/div>\n<\/div>\n<\/div>\n<\/div>\n<\/div>\n<\/div>","protected":false},"excerpt":{"rendered":"<p>Achetez la Vari\u00e9t\u00e9 Blueberry Indica Dominant Hybrid Strain en Ligne sur Pressure Zone D\u00e9couvrez la Blueberry Indica Dominant Hybrid Strain, une vari\u00e9t\u00e9 de cannabis qui allie une dominance indica (80% indica\/20% sativa) \u00e0 une saveur inoubliable de myrtilles et de vanille. Connue pour son effet puissant et apaisant, cette vari\u00e9t\u00e9 l\u00e9gendaire remonte aux ann\u00e9es 70, [&hellip;]<\/p>","protected":false},"featured_media":3160,"comment_status":"closed","ping_status":"closed","template":"","meta":{"_uag_custom_page_level_css":"","site-sidebar-layout":"default","site-content-layout":"","ast-site-content-layout":"default","site-content-style":"default","site-sidebar-style":"default","ast-global-header-display":"","ast-banner-title-visibility":"","ast-main-header-display":"","ast-hfb-above-header-display":"","ast-hfb-below-header-display":"","ast-hfb-mobile-header-display":"","site-post-title":"","ast-breadcrumbs-content":"","ast-featured-img":"","footer-sml-layout":"","theme-transparent-header-meta":"default","adv-header-id-meta":"","stick-header-meta":"","header-above-stick-meta":"","header-main-stick-meta":"","header-below-stick-meta":"","astra-migrate-meta-layouts":"set","ast-page-background-enabled":"default","ast-page-background-meta":{"desktop":{"background-color":"","background-image":"","background-repeat":"repeat","background-position":"center center","background-size":"auto","background-attachment":"scroll","background-type":"","background-media":"","overlay-type":"","overlay-color":"","overlay-opacity":"","overlay-gradient":""},"tablet":{"background-color":"","background-image":"","background-repeat":"repeat","background-position":"center center","background-size":"auto","background-attachment":"scroll","background-type":"","background-media":"","overlay-type":"","overlay-color":"","overlay-opacity":"","overlay-gradient":""},"mobile":{"background-color":"","background-image":"","background-repeat":"repeat","background-position":"center center","background-size":"auto","background-attachment":"scroll","background-type":"","background-media":"","overlay-type":"","overlay-color":"","overlay-opacity":"","overlay-gradient":""}},"ast-content-background-meta":{"desktop":{"background-color":"var(--ast-global-color-5)","background-image":"","background-repeat":"repeat","background-position":"center center","background-size":"auto","background-attachment":"scroll","background-type":"","background-media":"","overlay-type":"","overlay-color":"","overlay-opacity":"","overlay-gradient":""},"tablet":{"background-color":"var(--ast-global-color-5)","background-image":"","background-repeat":"repeat","background-position":"center center","background-size":"auto","background-attachment":"scroll","background-type":"","background-media":"","overlay-type":"","overlay-color":"","overlay-opacity":"","overlay-gradient":""},"mobile":{"background-color":"var(--ast-global-color-5)","background-image":"","background-repeat":"repeat","background-position":"center center","background-size":"auto","background-attachment":"scroll","background-type":"","background-media":"","overlay-type":"","overlay-color":"","overlay-opacity":"","overlay-gradient":""}}},"product_brand":[],"product_cat":[28,278],"product_tag":[320],"class_list":{"0":"post-3074","1":"product","2":"type-product","3":"status-publish","4":"has-post-thumbnail","6":"product_cat-varietes-de-cannabis","7":"product_cat-varietes-de-marijuana-indica","8":"product_tag-order-blueberry-indica-dominant-hybrid-strain-europe","9":"desktop-align-left","10":"tablet-align-left","11":"mobile-align-left","13":"first","14":"instock","15":"shipping-taxable","16":"purchasable","17":"product-type-variable"},"uagb_featured_image_src":{"full":["https:\/\/pressurezone.shop\/wp-content\/uploads\/2024\/10\/Blueberry-Indica-Dominant-Hybrid-Strain.webp",2560,1707,false],"thumbnail":["https:\/\/pressurezone.shop\/wp-content\/uploads\/2024\/10\/Blueberry-Indica-Dominant-Hybrid-Strain-150x150.webp",150,150,true],"medium":["https:\/\/pressurezone.shop\/wp-content\/uploads\/2024\/10\/Blueberry-Indica-Dominant-Hybrid-Strain-300x200.webp",300,200,true],"medium_large":["https:\/\/pressurezone.shop\/wp-content\/uploads\/2024\/10\/Blueberry-Indica-Dominant-Hybrid-Strain-768x512.webp",768,512,true],"large":["https:\/\/pressurezone.shop\/wp-content\/uploads\/2024\/10\/Blueberry-Indica-Dominant-Hybrid-Strain-1024x683.webp",1024,683,true],"1536x1536":["https:\/\/pressurezone.shop\/wp-content\/uploads\/2024\/10\/Blueberry-Indica-Dominant-Hybrid-Strain-1536x1024.webp",1536,1024,true],"2048x2048":["https:\/\/pressurezone.shop\/wp-content\/uploads\/2024\/10\/Blueberry-Indica-Dominant-Hybrid-Strain-2048x1366.webp",2048,1366,true],"trp-custom-language-flag":["https:\/\/pressurezone.shop\/wp-content\/uploads\/2024\/10\/Blueberry-Indica-Dominant-Hybrid-Strain-18x12.webp",18,12,true],"woocommerce_thumbnail":["https:\/\/pressurezone.shop\/wp-content\/uploads\/2024\/10\/Blueberry-Indica-Dominant-Hybrid-Strain-300x300.webp",300,300,true],"woocommerce_single":["https:\/\/pressurezone.shop\/wp-content\/uploads\/2024\/10\/Blueberry-Indica-Dominant-Hybrid-Strain-600x400.webp",600,400,true],"woocommerce_gallery_thumbnail":["https:\/\/pressurezone.shop\/wp-content\/uploads\/2024\/10\/Blueberry-Indica-Dominant-Hybrid-Strain-100x100.webp",100,100,true]},"uagb_author_info":{"display_name":"pressurezone.shop","author_link":"https:\/\/pressurezone.shop\/sv\/author\/"},"uagb_comment_info":0,"uagb_excerpt":"Achetez la Vari\u00e9t\u00e9 Blueberry Indica Dominant Hybrid Strain en Ligne sur Pressure Zone D\u00e9couvrez la Blueberry Indica Dominant Hybrid Strain, une vari\u00e9t\u00e9 de cannabis qui allie une dominance indica (80% indica\/20% sativa) \u00e0 une saveur inoubliable de myrtilles et de vanille. Connue pour son effet puissant et apaisant, cette vari\u00e9t\u00e9 l\u00e9gendaire remonte aux ann\u00e9es 70,&hellip;","_links":{"self":[{"href":"https:\/\/pressurezone.shop\/sv\/wp-json\/wp\/v2\/product\/3074"}],"collection":[{"href":"https:\/\/pressurezone.shop\/sv\/wp-json\/wp\/v2\/product"}],"about":[{"href":"https:\/\/pressurezone.shop\/sv\/wp-json\/wp\/v2\/types\/product"}],"replies":[{"embeddable":true,"href":"https:\/\/pressurezone.shop\/sv\/wp-json\/wp\/v2\/comments?post=3074"}],"version-history":[{"count":3,"href":"https:\/\/pressurezone.shop\/sv\/wp-json\/wp\/v2\/product\/3074\/revisions"}],"predecessor-version":[{"id":3681,"href":"https:\/\/pressurezone.shop\/sv\/wp-json\/wp\/v2\/product\/3074\/revisions\/3681"}],"wp:featuredmedia":[{"embeddable":true,"href":"https:\/\/pressurezone.shop\/sv\/wp-json\/wp\/v2\/media\/3160"}],"wp:attachment":[{"href":"https:\/\/pressurezone.shop\/sv\/wp-json\/wp\/v2\/media?parent=3074"}],"wp:term":[{"taxonomy":"product_brand","embeddable":true,"href":"https:\/\/pressurezone.shop\/sv\/wp-json\/wp\/v2\/product_brand?post=3074"},{"taxonomy":"product_cat","embeddable":true,"href":"https:\/\/pressurezone.shop\/sv\/wp-json\/wp\/v2\/product_cat?post=3074"},{"taxonomy":"product_tag","embeddable":true,"href":"https:\/\/pressurezone.shop\/sv\/wp-json\/wp\/v2\/product_tag?post=3074"}],"curies":[{"name":"wp","href":"https:\/\/api.w.org\/{rel}","templated":true}]}}