{"id":3075,"date":"2024-10-11T00:50:08","date_gmt":"2024-10-10T22:50:08","guid":{"rendered":"https:\/\/pressurezone.shop\/?post_type=product&#038;p=3075"},"modified":"2024-11-02T20:49:58","modified_gmt":"2024-11-02T19:49:58","slug":"variete-berry-white-weed","status":"publish","type":"product","link":"https:\/\/pressurezone.shop\/sv\/produkt\/sort-bar-vit-ogras\/","title":{"rendered":"Berry White Weed-sort"},"content":{"rendered":"<h3><strong>K\u00f6p Berry White Weed online i Europa p\u00e5 <a href=\"https:\/\/pressurezone.shop\/sv\/\" target=\"_new\" rel=\"noopener\">Tryckzon<\/a><\/strong><\/h3>\n<p>Uppt\u00e4ck <strong>B\u00e4r vit ogr\u00e4s<\/strong>\u00e4ven k\u00e4nd som \"White Berry\", en <strong>cannabis sort<\/strong> indica-dominant som kombinerar avslappning och eufori. Fr\u00e5n den ikoniska korsningen mellan <strong>Bl\u00e5b\u00e4r<\/strong> och <strong>Vita \u00e4nkan<\/strong>Denna sort anses ofta vara en klassiker av cannabisk\u00e4nnare. <strong>Berry vit<\/strong> ger en balanserad upplevelse med b\u00e5de lugnande och stimulerande effekter, perfekt f\u00f6r en avkopplande kv\u00e4ll eller f\u00f6r att lindra kronisk sm\u00e4rta.<\/p>\n<h3>Effekter och f\u00f6rdelar med Berry White Weed<\/h3>\n<p>La <strong>Berry White cannabis sort<\/strong> k\u00e4nnetecknas av snabba cerebrala effekter som omedelbart kastar dig in i intensiv avkoppling. H\u00e4r \u00e4r vad du kan f\u00f6rv\u00e4nta dig av denna sort:<\/p>\n<ul>\n<li><strong>Eufori och kreativitet<\/strong> Stimulerar sinnet och fr\u00e4mjar en k\u00e4nsla av v\u00e4lbefinnande.<\/li>\n<li><strong>Avslappning av kroppen<\/strong> En lugnande fysisk effekt som hj\u00e4lper dig att slappna av.<\/li>\n<li><strong>Mild effekt<\/strong> Idealisk f\u00f6r en mild, lugnande upplevelse, ofta \u00e5tf\u00f6ljd av en l\u00e4tt sofflock.<\/li>\n<\/ul>\n<p>Tack vare sin balanserade profil, <strong>Berry vit<\/strong> \u00e4r l\u00e4mplig f\u00f6r anv\u00e4ndare som s\u00f6ker den perfekta blandningen av fysisk avkoppling och mental upplyftning. Ljud <strong>Potent THC<\/strong> g\u00f6r det till ett perfekt alternativ f\u00f6r en trevlig kv\u00e4ll.<\/p>\n<h3>Terapeutiska f\u00f6rdelar med Berry White Weed<\/h3>\n<p>Berry White rekommenderas ofta f\u00f6r att lindra m\u00e5nga symtom tack vare sina balanserade effekter:<\/p>\n<ul>\n<li><strong>\u00c5ngest och stressreducering<\/strong> Lugnar sinnet och hj\u00e4lper till att minska stressiga tankar.<\/li>\n<li><strong>Lindring av kronisk sm\u00e4rta<\/strong> Lindrar ih\u00e5llande v\u00e4rk och sm\u00e4rta i kroppen.<\/li>\n<li><strong>Behandling av s\u00f6mnl\u00f6shet<\/strong> : Fr\u00e4mjar djup och vilsam s\u00f6mn.<\/li>\n<li><strong>F\u00f6rb\u00e4ttrat hum\u00f6r<\/strong> Effektivt mot depression och f\u00f6r att f\u00f6rb\u00e4ttra hum\u00f6ret.<\/li>\n<\/ul>\n<p>Detta <strong>cannabis sort<\/strong> \u00e4r ocks\u00e5 uppskattad f\u00f6r sina positiva effekter mot migr\u00e4n, huvudv\u00e4rk och till och med symtom p\u00e5 ADHD och bipol\u00e4r sjukdom.<\/p>\n<h3>Smak och doft av Berry White Weed<\/h3>\n<p>La <strong>Berry White Ogr\u00e4s sort<\/strong> \u00e4r ocks\u00e5 en fest f\u00f6r sinnena med sin distinkta smakprofil:<\/p>\n<ul>\n<li><strong>Smaker<\/strong> S\u00f6ta b\u00e4r- och bl\u00e5b\u00e4rstoner, f\u00f6rst\u00e4rkta av en antydan till tall och kryddor.<\/li>\n<li><strong>Dofter<\/strong> En intensiv bl\u00e5b\u00e4rsdoft, lite jordig och syrlig, med en antydan till s\u00f6tma.<a href=\"https:\/\/fuelpackz.com\/\" target=\"_blank\" rel=\"noopener\">.<\/a><\/li>\n<\/ul>\n<p>Smaken av <strong>bl\u00e5b\u00e4rst\u00e5rta<\/strong> ger en gourmetk\u00e4nsla till denna sort, perfekt f\u00f6r dem som gillar en rik, smakrik upplevelse.<\/p>\n<h3>Varf\u00f6r k\u00f6pa Berry White Weed p\u00e5 <a href=\"https:\/\/pressurezone.shop\/sv\/\" target=\"_new\" rel=\"noopener\">Tryckzon<\/a>?<\/h3>\n<p>Vid <strong>Tryckzon<\/strong>vi v\u00e4ljer <strong>cannabis sorter<\/strong> f\u00f6r v\u00e5ra kunder i Europa. <strong>B\u00e4r vit ogr\u00e4s<\/strong> \u00e4r en av v\u00e5ra flaggskeppssorter, k\u00e4nd f\u00f6r sina balanserade effekter och unika smakprofil. H\u00e4r \u00e4r varf\u00f6r du ska k\u00f6pa fr\u00e5n oss:<\/p>\n<ul>\n<li><strong>\u00d6verl\u00e4gsen kvalitet<\/strong> V\u00e5ra produkter \u00e4r testade och garanterar kraft och renhet.<\/li>\n<li><strong>Balanserat urval<\/strong> En variation anpassad till terapeutiska behov och avslappning.<\/li>\n<li><strong>Expert p\u00e5 kundservice<\/strong> : Vi finns h\u00e4r f\u00f6r att v\u00e4gleda dig mot <strong>cannabis sort<\/strong> som uppfyller dina f\u00f6rv\u00e4ntningar.<\/li>\n<\/ul>\n<h3>Vanliga fr\u00e5gor och svar<\/h3>\n<h4>Vilka \u00e4r de viktigaste effekterna av Berry White Weed?<\/h4>\n<p>La <strong>Berry White Ogr\u00e4s sort<\/strong> erbjuder djup avslappning och en mild eufori. Den \u00e4r idealisk f\u00f6r att koppla av, stimulera kreativiteten och njuta av en k\u00e4nsla av v\u00e4lbefinnande.<\/p>\n<h4>\u00c4r Berry White l\u00e4mplig f\u00f6r s\u00f6mnl\u00f6shet?<\/h4>\n<p>Ja, Berry White \u00e4r s\u00e4rskilt effektivt f\u00f6r personer som lider av s\u00f6mnl\u00f6shet, tack vare dess lugnande effekter som fr\u00e4mjar vilsam s\u00f6mn.<\/p>\n<h4>Vilka smaker och aromer \u00e4r dominerande i Berry White?<\/h4>\n<p>De s\u00f6ta, fruktiga smakerna av b\u00e4r och bl\u00e5b\u00e4r dominerar, med jordiga, syrliga aromer som g\u00f6r upplevelsen komplett och njutbar.<\/p>\n<h3>Best\u00e4ll Berry White Weed Variety online i Europa p\u00e5 <a href=\"https:\/\/pressurezone.shop\/sv\/\" target=\"_new\" rel=\"noopener\">Tryckzon<\/a><\/h3>\n<p>Redo att uppt\u00e4cka den perfekta balansen mellan <strong>B\u00e4r vit ogr\u00e4s<\/strong>? <strong>Best\u00e4ll nu<\/strong> p\u00e5 <a href=\"https:\/\/pressurezone.shop\/sv\/\" target=\"_new\" rel=\"noopener\">Tryckzon<\/a> f\u00f6r en upplevelse av <strong>cannabis sort<\/strong> perfekt f\u00f6r avkoppling och v\u00e4lbefinnande. V\u00e5ra h\u00f6gkvalitativa produkter och v\u00e5r snabba, diskreta service garanterar dig en smidig och trevlig shoppingupplevelse online.<\/p>","protected":false},"excerpt":{"rendered":"<p>Achetez la Vari\u00e9t\u00e9 Berry White Weed en Ligne en Europe sur Pressure Zone D\u00e9couvrez Berry White Weed, \u00e9galement connue sous le nom de \u201cWhite Berry\u201d, une vari\u00e9t\u00e9 de cannabis indica dominante qui allie relaxation et euphorie. Issue de l\u2019iconique croisement entre Blueberry et White Widow, cette vari\u00e9t\u00e9 est souvent consid\u00e9r\u00e9e comme un classique par les [&hellip;]<\/p>","protected":false},"featured_media":3162,"comment_status":"closed","ping_status":"closed","template":"","meta":{"_uag_custom_page_level_css":"","site-sidebar-layout":"default","site-content-layout":"","ast-site-content-layout":"default","site-content-style":"default","site-sidebar-style":"default","ast-global-header-display":"","ast-banner-title-visibility":"","ast-main-header-display":"","ast-hfb-above-header-display":"","ast-hfb-below-header-display":"","ast-hfb-mobile-header-display":"","site-post-title":"","ast-breadcrumbs-content":"","ast-featured-img":"","footer-sml-layout":"","theme-transparent-header-meta":"default","adv-header-id-meta":"","stick-header-meta":"","header-above-stick-meta":"","header-main-stick-meta":"","header-below-stick-meta":"","astra-migrate-meta-layouts":"set","ast-page-background-enabled":"default","ast-page-background-meta":{"desktop":{"background-color":"","background-image":"","background-repeat":"repeat","background-position":"center center","background-size":"auto","background-attachment":"scroll","background-type":"","background-media":"","overlay-type":"","overlay-color":"","overlay-opacity":"","overlay-gradient":""},"tablet":{"background-color":"","background-image":"","background-repeat":"repeat","background-position":"center center","background-size":"auto","background-attachment":"scroll","background-type":"","background-media":"","overlay-type":"","overlay-color":"","overlay-opacity":"","overlay-gradient":""},"mobile":{"background-color":"","background-image":"","background-repeat":"repeat","background-position":"center center","background-size":"auto","background-attachment":"scroll","background-type":"","background-media":"","overlay-type":"","overlay-color":"","overlay-opacity":"","overlay-gradient":""}},"ast-content-background-meta":{"desktop":{"background-color":"var(--ast-global-color-5)","background-image":"","background-repeat":"repeat","background-position":"center center","background-size":"auto","background-attachment":"scroll","background-type":"","background-media":"","overlay-type":"","overlay-color":"","overlay-opacity":"","overlay-gradient":""},"tablet":{"background-color":"var(--ast-global-color-5)","background-image":"","background-repeat":"repeat","background-position":"center center","background-size":"auto","background-attachment":"scroll","background-type":"","background-media":"","overlay-type":"","overlay-color":"","overlay-opacity":"","overlay-gradient":""},"mobile":{"background-color":"var(--ast-global-color-5)","background-image":"","background-repeat":"repeat","background-position":"center center","background-size":"auto","background-attachment":"scroll","background-type":"","background-media":"","overlay-type":"","overlay-color":"","overlay-opacity":"","overlay-gradient":""}}},"product_brand":[],"product_cat":[28,278],"product_tag":[321],"class_list":{"0":"post-3075","1":"product","2":"type-product","3":"status-publish","4":"has-post-thumbnail","6":"product_cat-varietes-de-cannabis","7":"product_cat-varietes-de-marijuana-indica","8":"product_tag-order-berry-white-weed-strain-europe","9":"desktop-align-left","10":"tablet-align-left","11":"mobile-align-left","13":"first","14":"instock","15":"shipping-taxable","16":"purchasable","17":"product-type-variable"},"uagb_featured_image_src":{"full":["https:\/\/pressurezone.shop\/wp-content\/uploads\/2024\/10\/Berry-White-Weed-Strain.webp",2048,1365,false],"thumbnail":["https:\/\/pressurezone.shop\/wp-content\/uploads\/2024\/10\/Berry-White-Weed-Strain-150x150.webp",150,150,true],"medium":["https:\/\/pressurezone.shop\/wp-content\/uploads\/2024\/10\/Berry-White-Weed-Strain-300x200.webp",300,200,true],"medium_large":["https:\/\/pressurezone.shop\/wp-content\/uploads\/2024\/10\/Berry-White-Weed-Strain-768x512.webp",768,512,true],"large":["https:\/\/pressurezone.shop\/wp-content\/uploads\/2024\/10\/Berry-White-Weed-Strain-1024x683.webp",1024,683,true],"1536x1536":["https:\/\/pressurezone.shop\/wp-content\/uploads\/2024\/10\/Berry-White-Weed-Strain-1536x1024.webp",1536,1024,true],"2048x2048":["https:\/\/pressurezone.shop\/wp-content\/uploads\/2024\/10\/Berry-White-Weed-Strain.webp",2048,1365,false],"trp-custom-language-flag":["https:\/\/pressurezone.shop\/wp-content\/uploads\/2024\/10\/Berry-White-Weed-Strain-18x12.webp",18,12,true],"woocommerce_thumbnail":["https:\/\/pressurezone.shop\/wp-content\/uploads\/2024\/10\/Berry-White-Weed-Strain-300x300.webp",300,300,true],"woocommerce_single":["https:\/\/pressurezone.shop\/wp-content\/uploads\/2024\/10\/Berry-White-Weed-Strain-600x400.webp",600,400,true],"woocommerce_gallery_thumbnail":["https:\/\/pressurezone.shop\/wp-content\/uploads\/2024\/10\/Berry-White-Weed-Strain-100x100.webp",100,100,true]},"uagb_author_info":{"display_name":"pressurezone.shop","author_link":"https:\/\/pressurezone.shop\/sv\/author\/"},"uagb_comment_info":0,"uagb_excerpt":"Achetez la Vari\u00e9t\u00e9 Berry White Weed en Ligne en Europe sur Pressure Zone D\u00e9couvrez Berry White Weed, \u00e9galement connue sous le nom de \u201cWhite Berry\u201d, une vari\u00e9t\u00e9 de cannabis indica dominante qui allie relaxation et euphorie. Issue de l\u2019iconique croisement entre Blueberry et White Widow, cette vari\u00e9t\u00e9 est souvent consid\u00e9r\u00e9e comme un classique par les&hellip;","_links":{"self":[{"href":"https:\/\/pressurezone.shop\/sv\/wp-json\/wp\/v2\/product\/3075"}],"collection":[{"href":"https:\/\/pressurezone.shop\/sv\/wp-json\/wp\/v2\/product"}],"about":[{"href":"https:\/\/pressurezone.shop\/sv\/wp-json\/wp\/v2\/types\/product"}],"replies":[{"embeddable":true,"href":"https:\/\/pressurezone.shop\/sv\/wp-json\/wp\/v2\/comments?post=3075"}],"version-history":[{"count":3,"href":"https:\/\/pressurezone.shop\/sv\/wp-json\/wp\/v2\/product\/3075\/revisions"}],"predecessor-version":[{"id":3641,"href":"https:\/\/pressurezone.shop\/sv\/wp-json\/wp\/v2\/product\/3075\/revisions\/3641"}],"wp:featuredmedia":[{"embeddable":true,"href":"https:\/\/pressurezone.shop\/sv\/wp-json\/wp\/v2\/media\/3162"}],"wp:attachment":[{"href":"https:\/\/pressurezone.shop\/sv\/wp-json\/wp\/v2\/media?parent=3075"}],"wp:term":[{"taxonomy":"product_brand","embeddable":true,"href":"https:\/\/pressurezone.shop\/sv\/wp-json\/wp\/v2\/product_brand?post=3075"},{"taxonomy":"product_cat","embeddable":true,"href":"https:\/\/pressurezone.shop\/sv\/wp-json\/wp\/v2\/product_cat?post=3075"},{"taxonomy":"product_tag","embeddable":true,"href":"https:\/\/pressurezone.shop\/sv\/wp-json\/wp\/v2\/product_tag?post=3075"}],"curies":[{"name":"wp","href":"https:\/\/api.w.org\/{rel}","templated":true}]}}