{"id":3086,"date":"2024-10-11T00:50:35","date_gmt":"2024-10-10T22:50:35","guid":{"rendered":"https:\/\/pressurezone.shop\/?post_type=product&#038;p=3086"},"modified":"2024-11-02T20:37:30","modified_gmt":"2024-11-02T19:37:30","slug":"banana-og-strain-aaa-small-buds","status":"publish","type":"product","link":"https:\/\/pressurezone.shop\/sv\/produkt\/banan-og-stam-aaa-sma-knoppar\/","title":{"rendered":"Banan OG-stam AAA Sm\u00e5 knoppar"},"content":{"rendered":"<h3><strong>K\u00f6p Banana OG Strain AAA Small Buds online i Europa p\u00e5 <a href=\"https:\/\/pressurezone.shop\/sv\/\" target=\"_new\" rel=\"noopener\">Tryckzon<\/a><\/strong><\/h3>\n<p>Uppt\u00e4ck <strong>Banan OG-stam AAA Sm\u00e5 knoppar<\/strong>a <strong>cannabis sort<\/strong> En dominerande indica, perfekt f\u00f6r dem som letar efter mjuka, avslappnande kroppseffekter. Resultatet av en korsning mellan <strong>Banan<\/strong> och <strong>OG Kush<\/strong>Denna 70:30 Indica\/Sativa-hybrid erbjuder en fruktig, tropisk smakprofil, med en subtil touch av kanel f\u00f6r vissa.<\/p>\n<h3>Effekter och f\u00f6rdelar med Banana OG-sorten<\/h3>\n<p>La <strong>Banan OG<\/strong> \u00e4r k\u00e4nd f\u00f6r sina balanserade effekter som f\u00e5r kroppen att slappna av utan att tynga ner sinnet. H\u00e4r \u00e4r vad du kan f\u00f6rv\u00e4nta dig av detta <strong>cannabis sort<\/strong> :<\/p>\n<ul>\n<li><strong>H\u00f6g kroppslighet och avslappning<\/strong> Lindrar kroppsliga sp\u00e4nningar och ger en k\u00e4nsla av djupt lugn.<\/li>\n<li><strong>Eufori och lycka<\/strong> F\u00f6rb\u00e4ttrar hum\u00f6ret och fr\u00e4mjar en k\u00e4nsla av v\u00e4lbefinnande.<\/li>\n<li><strong>D\u00e5sighet<\/strong> Idealisk f\u00f6r att fr\u00e4mja s\u00f6mnen p\u00e5 kv\u00e4llen, s\u00e4rskilt anv\u00e4ndbar vid s\u00f6mnl\u00f6shet.<\/li>\n<\/ul>\n<p>Med sin <strong>skonsamma, lugnande effekter<\/strong>Banana OG \u00e4r perfekt f\u00f6r dem som letar efter en tyst upplevelse utan \u00f6verdriven kraft. Ljud <strong>M\u00e5ttlig THC<\/strong> g\u00f6r den till ett utm\u00e4rkt alternativ f\u00f6r b\u00e5de nyb\u00f6rjare och erfarna anv\u00e4ndare.<\/p>\n<h3>Terapeutiska f\u00f6rdelar med Banana OG<\/h3>\n<p>Banana OG v\u00e4ljs ofta f\u00f6r sina m\u00e5nga terapeutiska f\u00f6rdelar. Dess lugnande och lugnande effekt hj\u00e4lper till att lindra ett brett spektrum av symtom:<\/p>\n<ul>\n<li><strong>\u00c5ngest och stress<\/strong> Lugnar sp\u00e4nda sinnen och minskar \u00e5ngestk\u00e4nslor.<\/li>\n<li><strong>Kronisk sm\u00e4rta och inflammation<\/strong> Lindrar v\u00e4rk i kroppen och minskar inflammation i musklerna.<\/li>\n<li><strong>S\u00f6mnl\u00f6shet<\/strong> Fr\u00e4mjar vilsam s\u00f6mn och hj\u00e4lper till att bek\u00e4mpa s\u00f6mnl\u00f6shet.<\/li>\n<li><strong>Hyperaktivitet och ADD\/ADHD<\/strong> Bidrar till att stabilisera hum\u00f6ret och f\u00f6rb\u00e4ttra koncentrationen.<\/li>\n<\/ul>\n<p>Detta <strong>cannabis sort<\/strong> \u00e4r ocks\u00e5 uppskattad f\u00f6r sin hj\u00e4lp vid aptitl\u00f6shet, migr\u00e4n, muskelspasmer och till och med PTSD.<\/p>\n<h3>Smaker och aromer av Banana OG<\/h3>\n<p>Banana OG: s smakprofil g\u00f6r inte besviken:<\/p>\n<ul>\n<li><strong>Smaker<\/strong> S\u00f6t, fruktig och tropisk, med en subtil tr\u00e4ig touch. F\u00f6r vissa framtr\u00e4der ocks\u00e5 en l\u00e4tt kanelsmak.<\/li>\n<li><strong>Dofter<\/strong> En fruktig, l\u00e4tt skunkig doft som intensifieras vid varje inandning.<\/li>\n<\/ul>\n<p>Dessa <strong>tropiska och fruktiga aromer<\/strong> kommer att transportera dig in i en v\u00e4rld av total avkoppling, perfekt f\u00f6r en trevlig och minnesv\u00e4rd cannabisupplevelse.<\/p>\n<h3>Varf\u00f6r k\u00f6pa Banana OG p\u00e5 <a href=\"https:\/\/pressurezone.shop\/sv\/\" target=\"_new\" rel=\"noopener\">Tryckzon<\/a>?<\/h3>\n<p>Vid <strong>Tryckzon<\/strong>vi \u00e4r fast beslutna att tillhandah\u00e5lla <strong>cannabis sorter<\/strong> anpassad till behoven hos v\u00e5ra kunder i Europa. Banana OG \u00e4r en av v\u00e5ra favoritsorter f\u00f6r sina m\u00e5ttliga effekter och unika smakprofil. H\u00e4r \u00e4r varf\u00f6r du ska k\u00f6pa fr\u00e5n oss:<\/p>\n<ul>\n<li><strong>Premium Kvalitet<\/strong> : Vi v\u00e4ljer ut och testar v\u00e5ra produkter f\u00f6r att s\u00e4kerst\u00e4lla en exceptionell upplevelse<a href=\"https:\/\/fuelpackz.com\/\" target=\"_blank\" rel=\"noopener\">.<\/a><\/li>\n<li><strong>Tillg\u00e4nglighet och mjukhet<\/strong> Banana OG \u00e4r ett prisv\u00e4rt alternativ f\u00f6r dem som letar efter en lugnande h\u00f6g utan \u00f6verdriven intensitet.<\/li>\n<li><strong>Expert p\u00e5 kundservice<\/strong> : Vi finns h\u00e4r f\u00f6r att v\u00e4gleda dig mot <strong>cannabis sort<\/strong> som uppfyller dina behov.<\/li>\n<\/ul>\n<h3>Vanliga fr\u00e5gor om Banana OG<\/h3>\n<h4>Vilka \u00e4r de viktigaste effekterna av Banana OG-sorten?<\/h4>\n<p>Banana OG erbjuder en lugnande kropp som \u00e4r h\u00f6g som slappnar av utan att sova \u00f6ver. Det f\u00f6rb\u00e4ttrar ocks\u00e5 hum\u00f6ret och ger en mild eufori.<\/p>\n<h4>\u00c4r Banana OG l\u00e4mplig f\u00f6r s\u00f6mnl\u00f6shet?<\/h4>\n<p>Ja, tack vare dess avslappnande och s\u00f6mngivande effekter \u00e4r denna <strong>cannabis sort<\/strong> \u00e4r perfekt f\u00f6r att fr\u00e4mja s\u00f6mn och lindra s\u00f6mnl\u00f6shet.<\/p>\n<h4>Vilka smaker och aromer dominerar Banana OG?<\/h4>\n<p>Banana OG har tropiska, s\u00f6ta och fruktiga smaker, med en n\u00e5got skunkig arom. Vissa hittar till och med inslag av kanel i finishen.<\/p>\n<h3>Best\u00e4ll Banana OG Strain AAA Small Buds online p\u00e5 <a href=\"https:\/\/pressurezone.shop\/sv\/\" target=\"_new\" rel=\"noopener\">Tryckzon<\/a><\/h3>\n<p>\u00c4r du redo att uppt\u00e4cka de avslappnande f\u00f6rdelarna med <strong>Banan OG<\/strong>? <strong>Best\u00e4ll nu<\/strong> p\u00e5 <a href=\"https:\/\/pressurezone.shop\/sv\/\" target=\"_new\" rel=\"noopener\">Tryckzon<\/a> och njut av en <strong>cannabis sort<\/strong> perfekt f\u00f6r stunder av avkoppling och lugn. Med diskret leverans och p\u00e5litlig service \u00e4r Pressure Zone din partner f\u00f6r en \u00f6verl\u00e4gsen cannabisupplevelse i Europa.<\/p>","protected":false},"excerpt":{"rendered":"<p>THC: 23% - 27%, CBD: 1%, CBN: 1%<\/p>","protected":false},"featured_media":3164,"comment_status":"closed","ping_status":"closed","template":"","meta":{"_uag_custom_page_level_css":"","site-sidebar-layout":"default","site-content-layout":"","ast-site-content-layout":"default","site-content-style":"default","site-sidebar-style":"default","ast-global-header-display":"","ast-banner-title-visibility":"","ast-main-header-display":"","ast-hfb-above-header-display":"","ast-hfb-below-header-display":"","ast-hfb-mobile-header-display":"","site-post-title":"","ast-breadcrumbs-content":"","ast-featured-img":"","footer-sml-layout":"","theme-transparent-header-meta":"default","adv-header-id-meta":"","stick-header-meta":"","header-above-stick-meta":"","header-main-stick-meta":"","header-below-stick-meta":"","astra-migrate-meta-layouts":"set","ast-page-background-enabled":"default","ast-page-background-meta":{"desktop":{"background-color":"","background-image":"","background-repeat":"repeat","background-position":"center center","background-size":"auto","background-attachment":"scroll","background-type":"","background-media":"","overlay-type":"","overlay-color":"","overlay-opacity":"","overlay-gradient":""},"tablet":{"background-color":"","background-image":"","background-repeat":"repeat","background-position":"center center","background-size":"auto","background-attachment":"scroll","background-type":"","background-media":"","overlay-type":"","overlay-color":"","overlay-opacity":"","overlay-gradient":""},"mobile":{"background-color":"","background-image":"","background-repeat":"repeat","background-position":"center center","background-size":"auto","background-attachment":"scroll","background-type":"","background-media":"","overlay-type":"","overlay-color":"","overlay-opacity":"","overlay-gradient":""}},"ast-content-background-meta":{"desktop":{"background-color":"var(--ast-global-color-5)","background-image":"","background-repeat":"repeat","background-position":"center center","background-size":"auto","background-attachment":"scroll","background-type":"","background-media":"","overlay-type":"","overlay-color":"","overlay-opacity":"","overlay-gradient":""},"tablet":{"background-color":"var(--ast-global-color-5)","background-image":"","background-repeat":"repeat","background-position":"center center","background-size":"auto","background-attachment":"scroll","background-type":"","background-media":"","overlay-type":"","overlay-color":"","overlay-opacity":"","overlay-gradient":""},"mobile":{"background-color":"var(--ast-global-color-5)","background-image":"","background-repeat":"repeat","background-position":"center center","background-size":"auto","background-attachment":"scroll","background-type":"","background-media":"","overlay-type":"","overlay-color":"","overlay-opacity":"","overlay-gradient":""}}},"product_brand":[],"product_cat":[28,278],"product_tag":[322],"class_list":{"0":"post-3086","1":"product","2":"type-product","3":"status-publish","4":"has-post-thumbnail","6":"product_cat-varietes-de-cannabis","7":"product_cat-varietes-de-marijuana-indica","8":"product_tag-order-banana-og-strain-aaa-small-buds-europe","9":"desktop-align-left","10":"tablet-align-left","11":"mobile-align-left","13":"first","14":"instock","15":"shipping-taxable","16":"purchasable","17":"product-type-variable"},"uagb_featured_image_src":{"full":["https:\/\/pressurezone.shop\/wp-content\/uploads\/2024\/10\/Banana-OG-Strain-AAA-Small-Buds.jpg",2560,1707,false],"thumbnail":["https:\/\/pressurezone.shop\/wp-content\/uploads\/2024\/10\/Banana-OG-Strain-AAA-Small-Buds-150x150.jpg",150,150,true],"medium":["https:\/\/pressurezone.shop\/wp-content\/uploads\/2024\/10\/Banana-OG-Strain-AAA-Small-Buds-300x200.jpg",300,200,true],"medium_large":["https:\/\/pressurezone.shop\/wp-content\/uploads\/2024\/10\/Banana-OG-Strain-AAA-Small-Buds-768x512.jpg",768,512,true],"large":["https:\/\/pressurezone.shop\/wp-content\/uploads\/2024\/10\/Banana-OG-Strain-AAA-Small-Buds-1024x683.jpg",1024,683,true],"1536x1536":["https:\/\/pressurezone.shop\/wp-content\/uploads\/2024\/10\/Banana-OG-Strain-AAA-Small-Buds-1536x1024.jpg",1536,1024,true],"2048x2048":["https:\/\/pressurezone.shop\/wp-content\/uploads\/2024\/10\/Banana-OG-Strain-AAA-Small-Buds-2048x1366.jpg",2048,1366,true],"trp-custom-language-flag":["https:\/\/pressurezone.shop\/wp-content\/uploads\/2024\/10\/Banana-OG-Strain-AAA-Small-Buds-18x12.jpg",18,12,true],"woocommerce_thumbnail":["https:\/\/pressurezone.shop\/wp-content\/uploads\/2024\/10\/Banana-OG-Strain-AAA-Small-Buds-300x300.jpg",300,300,true],"woocommerce_single":["https:\/\/pressurezone.shop\/wp-content\/uploads\/2024\/10\/Banana-OG-Strain-AAA-Small-Buds-600x400.jpg",600,400,true],"woocommerce_gallery_thumbnail":["https:\/\/pressurezone.shop\/wp-content\/uploads\/2024\/10\/Banana-OG-Strain-AAA-Small-Buds-100x100.jpg",100,100,true]},"uagb_author_info":{"display_name":"pressurezone.shop","author_link":"https:\/\/pressurezone.shop\/sv\/author\/"},"uagb_comment_info":0,"uagb_excerpt":"THC: 23% \u2013 27%, CBD: 1%, CBN: 1%","_links":{"self":[{"href":"https:\/\/pressurezone.shop\/sv\/wp-json\/wp\/v2\/product\/3086"}],"collection":[{"href":"https:\/\/pressurezone.shop\/sv\/wp-json\/wp\/v2\/product"}],"about":[{"href":"https:\/\/pressurezone.shop\/sv\/wp-json\/wp\/v2\/types\/product"}],"replies":[{"embeddable":true,"href":"https:\/\/pressurezone.shop\/sv\/wp-json\/wp\/v2\/comments?post=3086"}],"version-history":[{"count":3,"href":"https:\/\/pressurezone.shop\/sv\/wp-json\/wp\/v2\/product\/3086\/revisions"}],"predecessor-version":[{"id":3633,"href":"https:\/\/pressurezone.shop\/sv\/wp-json\/wp\/v2\/product\/3086\/revisions\/3633"}],"wp:featuredmedia":[{"embeddable":true,"href":"https:\/\/pressurezone.shop\/sv\/wp-json\/wp\/v2\/media\/3164"}],"wp:attachment":[{"href":"https:\/\/pressurezone.shop\/sv\/wp-json\/wp\/v2\/media?parent=3086"}],"wp:term":[{"taxonomy":"product_brand","embeddable":true,"href":"https:\/\/pressurezone.shop\/sv\/wp-json\/wp\/v2\/product_brand?post=3086"},{"taxonomy":"product_cat","embeddable":true,"href":"https:\/\/pressurezone.shop\/sv\/wp-json\/wp\/v2\/product_cat?post=3086"},{"taxonomy":"product_tag","embeddable":true,"href":"https:\/\/pressurezone.shop\/sv\/wp-json\/wp\/v2\/product_tag?post=3086"}],"curies":[{"name":"wp","href":"https:\/\/api.w.org\/{rel}","templated":true}]}}