{"id":3087,"date":"2024-10-11T00:50:35","date_gmt":"2024-10-10T22:50:35","guid":{"rendered":"https:\/\/pressurezone.shop\/?post_type=product&#038;p=3087"},"modified":"2024-11-02T20:24:09","modified_gmt":"2024-11-02T19:24:09","slug":"variete-allen-wrench-sativa","status":"publish","type":"product","link":"https:\/\/pressurezone.shop\/sv\/produkt\/sort-allen-skiftnyckel-sativa\/","title":{"rendered":"Allen Wrench Sativa Strain"},"content":{"rendered":"<h3><strong>K\u00f6p Allen Wrench Sativa online p\u00e5 <a href=\"https:\/\/pressurezone.shop\/sv\/\" target=\"_new\" rel=\"noopener\">Tryckzon<\/a><\/strong><\/h3>\n<p>Uppt\u00e4ck de otroliga <strong>sort av cannabis Allen Wrench Sativa<\/strong>en hybridkorsning mellan den ber\u00f6mda <strong>NYC Diesel<\/strong> och <strong>Trainwreck<\/strong>. Genom att kombinera de b\u00e4sta egenskaperna hos dessa tv\u00e5 v\u00e4lk\u00e4nda sorter erbjuder Allen Wrench en unik upplevelse som \u00e4r b\u00e5de kraftfull och uppfriskande. Med sin distinkta arom och fr\u00e4scha, uts\u00f6kta smak \u00e4r denna <strong>sativa<\/strong> \u00e4r perfekt f\u00f6r cannabis\u00e4lskare som vill ha intensiv smak och l\u00e5ngvariga effekter.<a href=\"https:\/\/fuelpackz.com\/\" target=\"_blank\" rel=\"noopener\">.<\/a><\/p>\n<h3>Effekter och f\u00f6rdelar med Allen Wrench Sativa<\/h3>\n<p>La <strong>Allen Wrench Sativa-sort<\/strong> \u00e4r uppskattad f\u00f6r sina energigivande och euforiska effekter. H\u00e4r \u00e4r vad du kan f\u00f6rv\u00e4nta dig av denna exceptionella sort:<\/p>\n<ul>\n<li><strong>Energi och kreativitet<\/strong> \u00d6kar energin och f\u00f6rb\u00e4ttrar koncentrationen, perfekt f\u00f6r kreativa aktiviteter.<\/li>\n<li><strong>Eufori och lycka<\/strong> Bidrar till att lyfta hum\u00f6ret och ge en k\u00e4nsla av v\u00e4lbefinnande.<\/li>\n<li><strong>Varaktig effekt<\/strong> Essensen fr\u00e5n denna sort stannar kvar i rummet i timmar och skapar en lugnande atmosf\u00e4r.<\/li>\n<\/ul>\n<p>Med en THC-inneh\u00e5ll p\u00e5 21%, detta <strong>Allen Wrench cannabisstam<\/strong> rekommenderas f\u00f6r dem som vill stimulera sin kreativitet, f\u00f6rb\u00e4ttra sitt hum\u00f6r och h\u00e5lla sig pigga hela dagen.<\/p>\n<h3>Unika smaker och aromer<\/h3>\n<p>La <strong>Allen Wrench cannabisstam<\/strong> erbjuder en of\u00f6rgl\u00f6mlig kombination av smaker och dofter:<\/p>\n<ul>\n<li><strong>Smaker<\/strong> En blandning av <strong>citrus, apelsin, tall, s\u00f6t och tr\u00e4ig<\/strong>med en ren, uppfriskande smak.<\/li>\n<li><strong>Dofter<\/strong> En komplex doft som kombinerar noter av <strong>jordig, blommig, fruktig, syrlig och s\u00f6t<\/strong>som l\u00e4mnar ett best\u00e5ende intryck i rymden.<\/li>\n<\/ul>\n<p>Med anteckningar fr\u00e5n <strong>skunky och grapefrukt<\/strong>Doften av Allen Wrench \u00e4r intensiv och behaglig, perfekt f\u00f6r dem som gillar en stark, uppfriskande doft.<\/p>\n<h3>Potentiella h\u00e4lsof\u00f6rdelar<\/h3>\n<p>Allen Wrench Sativa v\u00e4ljs ofta f\u00f6r sina positiva effekter vid behandling av olika sjukdomar:<\/p>\n<ul>\n<li><strong>F\u00f6rb\u00e4ttrar aptiten och hum\u00f6ret<\/strong> Stimulerar aptiten och hj\u00e4lper till att minska hum\u00f6rsv\u00e4ngningar.<\/li>\n<li><strong>\u00d6kar energi och vakenhet<\/strong> Perfekt f\u00f6r hektiska dagar n\u00e4r energi och mental klarhet \u00e4r avg\u00f6rande.<\/li>\n<li><strong>Minskning av stress och \u00e5ngest<\/strong> Lugnar sp\u00e4nningar och ger en k\u00e4nsla av mentalt lugn.<\/li>\n<\/ul>\n<p>Detta <strong>cannabis sort<\/strong> anv\u00e4nds ocks\u00e5 f\u00f6r att lindra symtom som ADD\/ADHD, tr\u00f6tthet, migr\u00e4n, kronisk sm\u00e4rta och till och med s\u00f6mnl\u00f6shet.<\/p>\n<h3>Varf\u00f6r k\u00f6pa Allen Wrench Sativa p\u00e5 <a href=\"https:\/\/pressurezone.shop\/sv\/\" target=\"_new\" rel=\"noopener\">Tryckzon<\/a>?<\/h3>\n<p>Vid <strong>Tryckzon<\/strong>Vi \u00e4r fast beslutna att f\u00f6rse dig med <strong>cannabis sorter<\/strong> av h\u00f6gsta kvalitet. V\u00e5ra produkter testas f\u00f6r att s\u00e4kerst\u00e4lla maximal renhet och effektivitet, och de <strong>Variant av insexnycklar<\/strong> \u00e4r inget undantag. N\u00e4r du v\u00e4ljer Allen Wrench fr\u00e5n oss, drar du nytta av :<\/p>\n<ul>\n<li><strong>\u00d6verl\u00e4gsen kvalitet<\/strong> En noggrant odlad och kontrollerad sort f\u00f6r en optimal upplevelse.<\/li>\n<li><strong>Noggrant urval<\/strong> Allen Wrench Sativa \u00e4r en unik sort f\u00f6r dem som s\u00f6ker b\u00e5de energi och v\u00e4lbefinnande.<\/li>\n<li><strong>Engagerad kundservice<\/strong> Vi finns h\u00e4r f\u00f6r att hj\u00e4lpa dig att v\u00e4lja den sort som b\u00e4st passar dina behov.<\/li>\n<\/ul>\n<h3>Vanliga fr\u00e5gor och svar<\/h3>\n<h4>Vilka \u00e4r de viktigaste effekterna av Allen Wrench Sativa?<\/h4>\n<p>Denna sort \u00e4r energigivande och euforisk, perfekt f\u00f6r att stimulera kreativiteten och h\u00e5lla fokus. Den ger ocks\u00e5 en varaktig k\u00e4nsla av lycka.<\/p>\n<h4>Kan insexnyckel anv\u00e4ndas f\u00f6r sm\u00e4rtlindring?<\/h4>\n<p>Ja, Allen Wrench anv\u00e4nds f\u00f6r att lindra en rad olika symtom, bl.a. kronisk sm\u00e4rta, depression och migr\u00e4n.<\/p>\n<h4>Vilka aromer \u00e4r dominerande i denna sort?<\/h4>\n<p>Allen Wrench Sativa-sorten sticker ut f\u00f6r sina aromer. <strong>jordig, blommig och fruktig<\/strong>. Den \u00e4r b\u00e5de stark och behaglig och ger en komplett sensorisk upplevelse.<\/p>\n<h3>Best\u00e4ll Allen Wrench Sativa online p\u00e5 <a href=\"https:\/\/pressurezone.shop\/sv\/\" target=\"_new\" rel=\"noopener\">Tryckzon<\/a><\/h3>\n<p>Redo att uppt\u00e4cka kraften och f\u00f6rdelarna med Allen Wrench Sativa? <strong>Best\u00e4ll nu<\/strong> p\u00e5 <a href=\"https:\/\/pressurezone.shop\/sv\/\" target=\"_new\" rel=\"noopener\">Tryckzon<\/a> f\u00f6r att njuta av en <strong>cannabis sort<\/strong> som kommer att lyfta ditt hum\u00f6r och \u00e5teruppliva din energi. V\u00e5ra premiumprodukter och v\u00e5r snabba, diskreta service garanterar dig en bekymmersfri shoppingupplevelse.<\/p>","protected":false},"excerpt":{"rendered":"<p>THC: 19-22%<\/p>","protected":false},"featured_media":3169,"comment_status":"closed","ping_status":"closed","template":"","meta":{"_uag_custom_page_level_css":"","site-sidebar-layout":"default","site-content-layout":"","ast-site-content-layout":"default","site-content-style":"default","site-sidebar-style":"default","ast-global-header-display":"","ast-banner-title-visibility":"","ast-main-header-display":"","ast-hfb-above-header-display":"","ast-hfb-below-header-display":"","ast-hfb-mobile-header-display":"","site-post-title":"","ast-breadcrumbs-content":"","ast-featured-img":"","footer-sml-layout":"","theme-transparent-header-meta":"default","adv-header-id-meta":"","stick-header-meta":"","header-above-stick-meta":"","header-main-stick-meta":"","header-below-stick-meta":"","astra-migrate-meta-layouts":"set","ast-page-background-enabled":"default","ast-page-background-meta":{"desktop":{"background-color":"","background-image":"","background-repeat":"repeat","background-position":"center center","background-size":"auto","background-attachment":"scroll","background-type":"","background-media":"","overlay-type":"","overlay-color":"","overlay-opacity":"","overlay-gradient":""},"tablet":{"background-color":"","background-image":"","background-repeat":"repeat","background-position":"center center","background-size":"auto","background-attachment":"scroll","background-type":"","background-media":"","overlay-type":"","overlay-color":"","overlay-opacity":"","overlay-gradient":""},"mobile":{"background-color":"","background-image":"","background-repeat":"repeat","background-position":"center center","background-size":"auto","background-attachment":"scroll","background-type":"","background-media":"","overlay-type":"","overlay-color":"","overlay-opacity":"","overlay-gradient":""}},"ast-content-background-meta":{"desktop":{"background-color":"var(--ast-global-color-5)","background-image":"","background-repeat":"repeat","background-position":"center center","background-size":"auto","background-attachment":"scroll","background-type":"","background-media":"","overlay-type":"","overlay-color":"","overlay-opacity":"","overlay-gradient":""},"tablet":{"background-color":"var(--ast-global-color-5)","background-image":"","background-repeat":"repeat","background-position":"center center","background-size":"auto","background-attachment":"scroll","background-type":"","background-media":"","overlay-type":"","overlay-color":"","overlay-opacity":"","overlay-gradient":""},"mobile":{"background-color":"var(--ast-global-color-5)","background-image":"","background-repeat":"repeat","background-position":"center center","background-size":"auto","background-attachment":"scroll","background-type":"","background-media":"","overlay-type":"","overlay-color":"","overlay-opacity":"","overlay-gradient":""}}},"product_brand":[],"product_cat":[28,273],"product_tag":[323],"class_list":{"0":"post-3087","1":"product","2":"type-product","3":"status-publish","4":"has-post-thumbnail","6":"product_cat-varietes-de-cannabis","7":"product_cat-varietes-de-cannabis-sativa","8":"product_tag-buy-allen-wrench-sativa-strain-online-europ","9":"desktop-align-left","10":"tablet-align-left","11":"mobile-align-left","13":"first","14":"instock","15":"shipping-taxable","16":"purchasable","17":"product-type-variable"},"uagb_featured_image_src":{"full":["https:\/\/pressurezone.shop\/wp-content\/uploads\/2024\/10\/Allen-Wrench-Sativa-Strain.webp",2560,1707,false],"thumbnail":["https:\/\/pressurezone.shop\/wp-content\/uploads\/2024\/10\/Allen-Wrench-Sativa-Strain-150x150.webp",150,150,true],"medium":["https:\/\/pressurezone.shop\/wp-content\/uploads\/2024\/10\/Allen-Wrench-Sativa-Strain-300x200.webp",300,200,true],"medium_large":["https:\/\/pressurezone.shop\/wp-content\/uploads\/2024\/10\/Allen-Wrench-Sativa-Strain-768x512.webp",768,512,true],"large":["https:\/\/pressurezone.shop\/wp-content\/uploads\/2024\/10\/Allen-Wrench-Sativa-Strain-1024x683.webp",1024,683,true],"1536x1536":["https:\/\/pressurezone.shop\/wp-content\/uploads\/2024\/10\/Allen-Wrench-Sativa-Strain-1536x1024.webp",1536,1024,true],"2048x2048":["https:\/\/pressurezone.shop\/wp-content\/uploads\/2024\/10\/Allen-Wrench-Sativa-Strain-2048x1366.webp",2048,1366,true],"trp-custom-language-flag":["https:\/\/pressurezone.shop\/wp-content\/uploads\/2024\/10\/Allen-Wrench-Sativa-Strain-18x12.webp",18,12,true],"woocommerce_thumbnail":["https:\/\/pressurezone.shop\/wp-content\/uploads\/2024\/10\/Allen-Wrench-Sativa-Strain-300x300.webp",300,300,true],"woocommerce_single":["https:\/\/pressurezone.shop\/wp-content\/uploads\/2024\/10\/Allen-Wrench-Sativa-Strain-600x400.webp",600,400,true],"woocommerce_gallery_thumbnail":["https:\/\/pressurezone.shop\/wp-content\/uploads\/2024\/10\/Allen-Wrench-Sativa-Strain-100x100.webp",100,100,true]},"uagb_author_info":{"display_name":"pressurezone.shop","author_link":"https:\/\/pressurezone.shop\/sv\/author\/"},"uagb_comment_info":0,"uagb_excerpt":"THC: 19-22%","_links":{"self":[{"href":"https:\/\/pressurezone.shop\/sv\/wp-json\/wp\/v2\/product\/3087"}],"collection":[{"href":"https:\/\/pressurezone.shop\/sv\/wp-json\/wp\/v2\/product"}],"about":[{"href":"https:\/\/pressurezone.shop\/sv\/wp-json\/wp\/v2\/types\/product"}],"replies":[{"embeddable":true,"href":"https:\/\/pressurezone.shop\/sv\/wp-json\/wp\/v2\/comments?post=3087"}],"version-history":[{"count":3,"href":"https:\/\/pressurezone.shop\/sv\/wp-json\/wp\/v2\/product\/3087\/revisions"}],"predecessor-version":[{"id":3617,"href":"https:\/\/pressurezone.shop\/sv\/wp-json\/wp\/v2\/product\/3087\/revisions\/3617"}],"wp:featuredmedia":[{"embeddable":true,"href":"https:\/\/pressurezone.shop\/sv\/wp-json\/wp\/v2\/media\/3169"}],"wp:attachment":[{"href":"https:\/\/pressurezone.shop\/sv\/wp-json\/wp\/v2\/media?parent=3087"}],"wp:term":[{"taxonomy":"product_brand","embeddable":true,"href":"https:\/\/pressurezone.shop\/sv\/wp-json\/wp\/v2\/product_brand?post=3087"},{"taxonomy":"product_cat","embeddable":true,"href":"https:\/\/pressurezone.shop\/sv\/wp-json\/wp\/v2\/product_cat?post=3087"},{"taxonomy":"product_tag","embeddable":true,"href":"https:\/\/pressurezone.shop\/sv\/wp-json\/wp\/v2\/product_tag?post=3087"}],"curies":[{"name":"wp","href":"https:\/\/api.w.org\/{rel}","templated":true}]}}