{"id":3088,"date":"2024-10-11T00:50:35","date_gmt":"2024-10-10T22:50:35","guid":{"rendered":"https:\/\/pressurezone.shop\/?post_type=product&#038;p=3088"},"modified":"2024-11-02T22:18:23","modified_gmt":"2024-11-02T21:18:23","slug":"ghost-train-haze-weed-strain","status":"publish","type":"product","link":"https:\/\/pressurezone.shop\/sv\/produkt\/ghost-train-haze-grasstam\/","title":{"rendered":"Ghost Train Haze Weed Strain"},"content":{"rendered":"<h3><strong>K\u00f6p Ghost Train Haze Weed Strain online i Europa p\u00e5 <a href=\"https:\/\/pressurezone.shop\/sv\/\" target=\"_new\" rel=\"noopener\">Tryckzon<\/a><\/strong><\/h3>\n<p>Uppt\u00e4ck <strong>Ghost Train Haze Weed Strain<\/strong>a <strong>cannabis sort<\/strong> det legendariska resultatet av en kraftfull korsning mellan <strong>Ghost OG<\/strong> och <strong>Nevilles vrak<\/strong>. Med en exceptionellt h\u00f6g THC-inneh\u00e5ll \u00e4r denna stam \u00f6verv\u00e4gande sativa (80% sativa \/ 20% indica), vilket ger en intensiv upplevelse som inte rekommenderas f\u00f6r nyb\u00f6rjare eller de som lider av \u00e5ngest. Ghost Train Haze \u00e4r k\u00e4nd f\u00f6r sina stimulerande och euforiska effekter, perfekt f\u00f6r dem som letar efter en \u00f6kning av kreativitet och energi.<a href=\"https:\/\/fuelpackz.com\/\" target=\"_blank\" rel=\"noopener\">.<\/a><\/p>\n<h3>Effekter och f\u00f6rdelar med Ghost Train Haze Weed Strain<\/h3>\n<p>La <strong>Ghost Train Haze Weed Strain variation<\/strong> \u00e4r k\u00e4nd f\u00f6r sina intensiva, l\u00e5ngvariga cerebrala effekter som v\u00e4cker sinnena och stimulerar sinnet:<\/p>\n<ul>\n<li><strong>Mental klarhet och kreativitet<\/strong> : Uppmuntrar till koncentration och inspirerar till kreativitet, perfekt f\u00f6r konstn\u00e4rliga projekt.<\/li>\n<li><strong>Energi och eufori<\/strong> : Ger en energigivande kick som lyfter hum\u00f6ret och f\u00e5r dig att skratta h\u00f6gt.<\/li>\n<li><strong>Psykedelisk effekt<\/strong> I h\u00f6ga doser kan det framkalla en n\u00e4stan hallucinatorisk upplevelse, perfekt f\u00f6r sp\u00e4nningss\u00f6kare.<\/li>\n<\/ul>\n<p>Tack vare sin <strong>kraftfull sativa-profil<\/strong>Ghost Train Haze \u00e4r perfekt f\u00f6r dagtid, med stimulerande effekter som \u00f6kar energi och hum\u00f6r.<\/p>\n<h3>Terapeutiska f\u00f6rdelar med Ghost Train Haze Weed Strain<\/h3>\n<p>Ghost Train Haze v\u00e4ljs ofta f\u00f6r sina terapeutiska f\u00f6rdelar, s\u00e4rskilt f\u00f6r att lindra olika psykiska och fysiska symtom:<\/p>\n<ul>\n<li><strong>Minskar depression och stress<\/strong> Lugnar sinnet och fr\u00e4mjar en k\u00e4nsla av v\u00e4lbefinnande, vilket lindrar depression och stress.<\/li>\n<li><strong>Lindring av kronisk sm\u00e4rta och migr\u00e4n<\/strong> Effektiv mot ih\u00e5llande sm\u00e4rta, idealisk f\u00f6r att lindra artrit och migr\u00e4n.<\/li>\n<li><strong>Energi mot tr\u00f6tthet<\/strong> Ger en boost till den mentala energin, perfekt f\u00f6r att bek\u00e4mpa kronisk tr\u00f6tthet.<\/li>\n<\/ul>\n<p>Detta <strong>cannabis sort<\/strong> \u00e4r perfekt f\u00f6r dem som letar efter en mental och fysisk boost utan lugnande effekter, men b\u00f6r tas med f\u00f6rsiktighet f\u00f6r att undvika paranoia hos k\u00e4nsliga anv\u00e4ndare.<\/p>\n<h3>Smak och doft av Ghost Train Haze<\/h3>\n<p>Ghost Train Haze erbjuder en dj\u00e4rv sensorisk upplevelse med fr\u00e4scha, livfulla smaker och aromer:<\/p>\n<ul>\n<li><strong>Smaker<\/strong> En s\u00f6t smak av citron och citrus, med en subtil s\u00f6tma som fr\u00e4schar upp.<\/li>\n<li><strong>Dofter<\/strong> En blommig, jordig doft, f\u00f6rst\u00e4rkt av noter av syrlig citrus och tall, vilket skapar en kraftfull, kvardr\u00f6jande doft.<\/li>\n<\/ul>\n<p>Dessa <strong>unika smaker och aromer<\/strong> g\u00f6r varje bloss av Ghost Train Haze till en of\u00f6rgl\u00f6mlig upplevelse f\u00f6r fans av intensiva, syrliga smaker.<\/p>\n<h3>Varf\u00f6r k\u00f6pa Ghost Train Haze Weed Strain p\u00e5 <a href=\"https:\/\/pressurezone.shop\/sv\/\" target=\"_new\" rel=\"noopener\">Tryckzon<\/a>?<\/h3>\n<p>Vid <strong>Tryckzon<\/strong>vi erbjuder <strong>cannabis sorter<\/strong> noggrant utvalda och testade f\u00f6r att erbjuda en unik upplevelse. <strong>Ghost Train Haze Weed Strain<\/strong> \u00e4r en av v\u00e5ra flaggskeppssorter f\u00f6r sina kraftfulla effekter och intensiva smaker. H\u00e4r \u00e4r varf\u00f6r du ska v\u00e4lja Pressure Zone:<\/p>\n<ul>\n<li><strong>Premium Kvalitet<\/strong> V\u00e5ra produkter testas noggrant f\u00f6r att garantera renhet och effekt.<\/li>\n<li><strong>Stimulerande och energigivande effekt<\/strong> Perfekt f\u00f6r stunder av kreativitet och koncentration.<\/li>\n<li><strong>Engagerad kundservice<\/strong> : Vi finns till hands f\u00f6r att hj\u00e4lpa dig att hitta r\u00e4tt <strong>cannabis sort<\/strong> som b\u00e4st uppfyller dina behov.<\/li>\n<\/ul>\n<h3>Vanliga fr\u00e5gor och svar<\/h3>\n<h4>Vilka \u00e4r de viktigaste effekterna av Ghost Train Haze Weed Strain?<\/h4>\n<p>Ghost Train Haze ger en energigivande, euforisk high, perfekt f\u00f6r kreativitet och socialt umg\u00e4nge. Den \u00e4r idealisk f\u00f6r erfarna anv\u00e4ndare som s\u00f6ker en intensiv upplevelse.<\/p>\n<h4>\u00c4r Ghost Train Haze effektivt f\u00f6r att lindra sm\u00e4rta och depression?<\/h4>\n<p>Ja, det h\u00e4r <strong>cannabis sort<\/strong> \u00e4r utm\u00e4rkt f\u00f6r att minska depression, lindra kronisk sm\u00e4rta och fr\u00e4mja en positiv sinnesst\u00e4mning.<\/p>\n<h4>Vilka smaker och aromer dominerar Ghost Train Haze?<\/h4>\n<p>Ghost Train Haze erbjuder s\u00f6ta citron- och citrussmaker, tillsammans med blommiga och jordiga aromer med en antydan till tall.<\/p>\n<h3>Best\u00e4ll Ghost Train Haze Weed Strain online i Europa p\u00e5 <a href=\"https:\/\/pressurezone.shop\/sv\/\" target=\"_new\" rel=\"noopener\">Tryckzon<\/a><\/h3>\n<p>Redo att uppt\u00e4cka den intensiva upplevelsen av <strong>Ghost Train Haze Weed Strain<\/strong>? <strong>Best\u00e4ll nu<\/strong> p\u00e5 <a href=\"https:\/\/pressurezone.shop\/sv\/\" target=\"_new\" rel=\"noopener\">Tryckzon<\/a> f\u00f6r en upplevelse av <strong>cannabis sort<\/strong> perfekt f\u00f6r att stimulera sinnet och njuta av en kraftfull h\u00f6g. Med v\u00e5r snabba, diskreta leveransservice \u00e4r din shoppingupplevelse online enkel och s\u00e4ker.<\/p>\n<h4><\/h4>","protected":false},"excerpt":{"rendered":"<p>Achetez la Vari\u00e9t\u00e9 Ghost Train Haze Weed Strain en Ligne en Europe sur Pressure Zone D\u00e9couvrez Ghost Train Haze Weed Strain, une vari\u00e9t\u00e9 de cannabis l\u00e9gendaire issue d\u2019un croisement puissant entre Ghost OG et Neville\u2019s Wreck. Avec un taux de THC exceptionnellement \u00e9lev\u00e9, cette vari\u00e9t\u00e9 est principalement sativa (80% sativa \/ 20% indica), offrant une [&hellip;]<\/p>","protected":false},"featured_media":3171,"comment_status":"closed","ping_status":"closed","template":"","meta":{"_uag_custom_page_level_css":"","site-sidebar-layout":"default","site-content-layout":"","ast-site-content-layout":"default","site-content-style":"default","site-sidebar-style":"default","ast-global-header-display":"","ast-banner-title-visibility":"","ast-main-header-display":"","ast-hfb-above-header-display":"","ast-hfb-below-header-display":"","ast-hfb-mobile-header-display":"","site-post-title":"","ast-breadcrumbs-content":"","ast-featured-img":"","footer-sml-layout":"","theme-transparent-header-meta":"default","adv-header-id-meta":"","stick-header-meta":"","header-above-stick-meta":"","header-main-stick-meta":"","header-below-stick-meta":"","astra-migrate-meta-layouts":"set","ast-page-background-enabled":"default","ast-page-background-meta":{"desktop":{"background-color":"","background-image":"","background-repeat":"repeat","background-position":"center center","background-size":"auto","background-attachment":"scroll","background-type":"","background-media":"","overlay-type":"","overlay-color":"","overlay-opacity":"","overlay-gradient":""},"tablet":{"background-color":"","background-image":"","background-repeat":"repeat","background-position":"center center","background-size":"auto","background-attachment":"scroll","background-type":"","background-media":"","overlay-type":"","overlay-color":"","overlay-opacity":"","overlay-gradient":""},"mobile":{"background-color":"","background-image":"","background-repeat":"repeat","background-position":"center center","background-size":"auto","background-attachment":"scroll","background-type":"","background-media":"","overlay-type":"","overlay-color":"","overlay-opacity":"","overlay-gradient":""}},"ast-content-background-meta":{"desktop":{"background-color":"var(--ast-global-color-5)","background-image":"","background-repeat":"repeat","background-position":"center center","background-size":"auto","background-attachment":"scroll","background-type":"","background-media":"","overlay-type":"","overlay-color":"","overlay-opacity":"","overlay-gradient":""},"tablet":{"background-color":"var(--ast-global-color-5)","background-image":"","background-repeat":"repeat","background-position":"center center","background-size":"auto","background-attachment":"scroll","background-type":"","background-media":"","overlay-type":"","overlay-color":"","overlay-opacity":"","overlay-gradient":""},"mobile":{"background-color":"var(--ast-global-color-5)","background-image":"","background-repeat":"repeat","background-position":"center center","background-size":"auto","background-attachment":"scroll","background-type":"","background-media":"","overlay-type":"","overlay-color":"","overlay-opacity":"","overlay-gradient":""}}},"product_brand":[],"product_cat":[28,273],"product_tag":[324],"class_list":{"0":"post-3088","1":"product","2":"type-product","3":"status-publish","4":"has-post-thumbnail","6":"product_cat-varietes-de-cannabis","7":"product_cat-varietes-de-cannabis-sativa","8":"product_tag-buy-ghost-train-haze-weed-strain-online-europe","9":"desktop-align-left","10":"tablet-align-left","11":"mobile-align-left","13":"first","14":"instock","15":"shipping-taxable","16":"purchasable","17":"product-type-variable"},"uagb_featured_image_src":{"full":["https:\/\/pressurezone.shop\/wp-content\/uploads\/2024\/10\/Ghost-Train-Haze-Weed-Strain.webp",2560,1707,false],"thumbnail":["https:\/\/pressurezone.shop\/wp-content\/uploads\/2024\/10\/Ghost-Train-Haze-Weed-Strain-150x150.webp",150,150,true],"medium":["https:\/\/pressurezone.shop\/wp-content\/uploads\/2024\/10\/Ghost-Train-Haze-Weed-Strain-300x200.webp",300,200,true],"medium_large":["https:\/\/pressurezone.shop\/wp-content\/uploads\/2024\/10\/Ghost-Train-Haze-Weed-Strain-768x512.webp",768,512,true],"large":["https:\/\/pressurezone.shop\/wp-content\/uploads\/2024\/10\/Ghost-Train-Haze-Weed-Strain-1024x683.webp",1024,683,true],"1536x1536":["https:\/\/pressurezone.shop\/wp-content\/uploads\/2024\/10\/Ghost-Train-Haze-Weed-Strain-1536x1024.webp",1536,1024,true],"2048x2048":["https:\/\/pressurezone.shop\/wp-content\/uploads\/2024\/10\/Ghost-Train-Haze-Weed-Strain-2048x1366.webp",2048,1366,true],"trp-custom-language-flag":["https:\/\/pressurezone.shop\/wp-content\/uploads\/2024\/10\/Ghost-Train-Haze-Weed-Strain-18x12.webp",18,12,true],"woocommerce_thumbnail":["https:\/\/pressurezone.shop\/wp-content\/uploads\/2024\/10\/Ghost-Train-Haze-Weed-Strain-300x300.webp",300,300,true],"woocommerce_single":["https:\/\/pressurezone.shop\/wp-content\/uploads\/2024\/10\/Ghost-Train-Haze-Weed-Strain-600x400.webp",600,400,true],"woocommerce_gallery_thumbnail":["https:\/\/pressurezone.shop\/wp-content\/uploads\/2024\/10\/Ghost-Train-Haze-Weed-Strain-100x100.webp",100,100,true]},"uagb_author_info":{"display_name":"pressurezone.shop","author_link":"https:\/\/pressurezone.shop\/sv\/author\/"},"uagb_comment_info":0,"uagb_excerpt":"Achetez la Vari\u00e9t\u00e9 Ghost Train Haze Weed Strain en Ligne en Europe sur Pressure Zone D\u00e9couvrez Ghost Train Haze Weed Strain, une vari\u00e9t\u00e9 de cannabis l\u00e9gendaire issue d\u2019un croisement puissant entre Ghost OG et Neville\u2019s Wreck. Avec un taux de THC exceptionnellement \u00e9lev\u00e9, cette vari\u00e9t\u00e9 est principalement sativa (80% sativa \/ 20% indica), offrant une&hellip;","_links":{"self":[{"href":"https:\/\/pressurezone.shop\/sv\/wp-json\/wp\/v2\/product\/3088"}],"collection":[{"href":"https:\/\/pressurezone.shop\/sv\/wp-json\/wp\/v2\/product"}],"about":[{"href":"https:\/\/pressurezone.shop\/sv\/wp-json\/wp\/v2\/types\/product"}],"replies":[{"embeddable":true,"href":"https:\/\/pressurezone.shop\/sv\/wp-json\/wp\/v2\/comments?post=3088"}],"version-history":[{"count":2,"href":"https:\/\/pressurezone.shop\/sv\/wp-json\/wp\/v2\/product\/3088\/revisions"}],"predecessor-version":[{"id":3776,"href":"https:\/\/pressurezone.shop\/sv\/wp-json\/wp\/v2\/product\/3088\/revisions\/3776"}],"wp:featuredmedia":[{"embeddable":true,"href":"https:\/\/pressurezone.shop\/sv\/wp-json\/wp\/v2\/media\/3171"}],"wp:attachment":[{"href":"https:\/\/pressurezone.shop\/sv\/wp-json\/wp\/v2\/media?parent=3088"}],"wp:term":[{"taxonomy":"product_brand","embeddable":true,"href":"https:\/\/pressurezone.shop\/sv\/wp-json\/wp\/v2\/product_brand?post=3088"},{"taxonomy":"product_cat","embeddable":true,"href":"https:\/\/pressurezone.shop\/sv\/wp-json\/wp\/v2\/product_cat?post=3088"},{"taxonomy":"product_tag","embeddable":true,"href":"https:\/\/pressurezone.shop\/sv\/wp-json\/wp\/v2\/product_tag?post=3088"}],"curies":[{"name":"wp","href":"https:\/\/api.w.org\/{rel}","templated":true}]}}