{"id":3089,"date":"2024-10-11T00:50:35","date_gmt":"2024-10-10T22:50:35","guid":{"rendered":"https:\/\/pressurezone.shop\/?post_type=product&#038;p=3089"},"modified":"2024-11-03T01:12:01","modified_gmt":"2024-11-03T00:12:01","slug":"grape-god-marijuana-strain","status":"publish","type":"product","link":"https:\/\/pressurezone.shop\/sv\/produkt\/druva-gud-marijuana-stam\/","title":{"rendered":"Grape God Marijuana Strain"},"content":{"rendered":"<h3><strong>K\u00f6p Grape God Marijuana Strain online p\u00e5 <a href=\"https:\/\/pressurezone.shop\/sv\/\" target=\"_new\" rel=\"noopener\">Tryckzonsbutik<\/a><\/strong><\/h3>\n<p>Uppt\u00e4ck de <strong>Grape God Marijuana Strain<\/strong>en perfekt korsning mellan den ber\u00f6mda <strong>Gud Bud<\/strong> (indica) och <strong>Grapefrukt<\/strong> (sativa), vilket ger en subtil men \u00e4nd\u00e5 kraftfull sativadominans. Denna sort \u00e4r idealisk f\u00f6r daglig anv\u00e4ndning och ger en uppfriskande cerebral h\u00f6g som kombinerar avkoppling och koncentration, perfekt f\u00f6r att hantera \u00e5ngest och kronisk sm\u00e4rta.<\/p>\n<h3>Varf\u00f6r v\u00e4lja Grape God Marijuana Strain?<\/h3>\n<p>La <strong>Grape God Weed Strain<\/strong> k\u00e4nnetecknas av sin s\u00f6ta, fruktiga smakprofil med en intensiv druvsmak och inslag av grapefrukt och kryddor. Med en <strong>THC m\u00e5ttlig till 14%<\/strong> och en l\u00e5g <strong>CBD (0,6%)<\/strong>Det ger en balanserad, lugnande h\u00f6g. Dess sativa-dominans g\u00f6r det till valet f\u00f6r anv\u00e4ndare som s\u00f6ker mental upplyftning utan tyngden hos vissa indicas.<a href=\"https:\/\/fuelpackz.com\/\" target=\"_blank\" rel=\"noopener\">.<\/a><\/p>\n<ul>\n<li><strong>Typ<\/strong> Hybrid Dominans Sativa<\/li>\n<li><strong>THC<\/strong> : 14%<\/li>\n<li><strong>CBD<\/strong> : 0,6%<\/li>\n<\/ul>\n<h3>Effekter och f\u00f6rdelar med Grape God Weed Strain<\/h3>\n<p><strong>Druvgud<\/strong> \u00e4r k\u00e4nt f\u00f6r sina lugnande, euforiska effekter, som hj\u00e4lper till att bek\u00e4mpa \u00e5ngest och sm\u00e4rta, samtidigt som det ger en k\u00e4nsla av lycka och energi. Den perfekta balansen mellan fysisk avslappning och mental stimulans g\u00f6r den idealisk f\u00f6r anv\u00e4ndare som s\u00f6ker en mild men markant upplyftning.<\/p>\n<ul>\n<li><strong>Effekter<\/strong> Energigivande, eufori, lycka, uppiggande<\/li>\n<li><strong>Rekommenderas f\u00f6r<\/strong> Kronisk sm\u00e4rta, Depression, S\u00f6mnl\u00f6shet, Stress, Migr\u00e4n, Illam\u00e5ende<\/li>\n<\/ul>\n<p>Tillst\u00e5nd som kan lindras med <strong>Druvgud<\/strong> :<\/p>\n<ul>\n<li><strong>Kronisk sm\u00e4rta och artrit<\/strong> Lindrar ih\u00e5llande sm\u00e4rta och fr\u00e4mjar avslappning.<\/li>\n<li><strong>Depression och f\u00f6rst\u00e4mningssyndrom<\/strong> : Ger en k\u00e4nsla av mental l\u00e4tthet och eufori.<\/li>\n<li><strong>S\u00f6mnl\u00f6shet och stress<\/strong> Fr\u00e4mjar djup avslappning och vilsam s\u00f6mn.<\/li>\n<\/ul>\n<h3>Smaker och aromer av Grape God Weed Strain<\/h3>\n<p>Cannabis\u00e4lskare kommer att bli f\u00f6rf\u00f6rda av <strong>Druva Gud stam<\/strong> och dess aromatiska blandning. Den erbjuder en of\u00f6rgl\u00f6mlig smakprofil som pendlar mellan r\u00f6da frukter, kryddor och jordiga aromer. Varje bloss f\u00f6r dig bort i en virvelvind av fruktig s\u00f6tma och kryddiga toner.<\/p>\n<ul>\n<li><strong>Smaker<\/strong> : Druva, Grapefrukt, Kryddig, S\u00f6t<\/li>\n<li><strong>Dofter<\/strong> Jordig, Druva, S\u00f6t, Kryddig<\/li>\n<\/ul>\n<h3>Utseende av Grape God Weed Strain<\/h3>\n<p>La <strong>Druvgud<\/strong> utm\u00e4rker sig ocks\u00e5 genom sitt livfulla utseende. Knopparna \u00e4r ljusgr\u00f6na, prickiga med gyllene filament. Dess utseende \u00e4r en riktig fest f\u00f6r \u00f6gonen, samtidigt som det tillk\u00e4nnager den milda kraften i denna sort.<\/p>\n<h3>Best\u00e4ll Grape God Marijuana Strain Online fr\u00e5n Pressure Zone Shop<\/h3>\n<p>Utforska den kompletta <strong>Grape God Marijuana Strain<\/strong> och l\u00e5t dig f\u00f6ras bort av dess subtila men \u00e4nd\u00e5 kraftfulla h\u00f6ga. Best\u00e4ll idag fr\u00e5n <a href=\"https:\/\/pressurezone.shop\/sv\/\" target=\"_new\" rel=\"noopener\">Tryckzonsbutik<\/a> f\u00f6r att uppt\u00e4cka denna unika sort, perfekt f\u00f6r stunder av avkoppling och mental revitalisering. Oavsett om du vill lindra sm\u00e4rta, f\u00f6rb\u00e4ttra ditt hum\u00f6r eller helt enkelt uppleva en avkopplande h\u00f6g, <strong>Druvgud<\/strong> \u00e4r ditt perfekta val.<\/p>","protected":false},"excerpt":{"rendered":"<p>Achetez la Grape God Marijuana Strain en Ligne sur Pressure Zone Shop D\u00e9couvrez la Grape God Marijuana Strain, un croisement parfait entre le c\u00e9l\u00e8bre God Bud (indica) et Grapefruit (sativa), offrant une dominance sativa subtile mais puissante. Id\u00e9ale pour un usage quotidien, cette vari\u00e9t\u00e9 procure un high c\u00e9r\u00e9bral revigorant qui allie d\u00e9tente et concentration, parfaite [&hellip;]<\/p>","protected":false},"featured_media":3175,"comment_status":"closed","ping_status":"closed","template":"","meta":{"_uag_custom_page_level_css":"","site-sidebar-layout":"default","site-content-layout":"","ast-site-content-layout":"default","site-content-style":"default","site-sidebar-style":"default","ast-global-header-display":"","ast-banner-title-visibility":"","ast-main-header-display":"","ast-hfb-above-header-display":"","ast-hfb-below-header-display":"","ast-hfb-mobile-header-display":"","site-post-title":"","ast-breadcrumbs-content":"","ast-featured-img":"","footer-sml-layout":"","theme-transparent-header-meta":"default","adv-header-id-meta":"","stick-header-meta":"","header-above-stick-meta":"","header-main-stick-meta":"","header-below-stick-meta":"","astra-migrate-meta-layouts":"set","ast-page-background-enabled":"default","ast-page-background-meta":{"desktop":{"background-color":"","background-image":"","background-repeat":"repeat","background-position":"center center","background-size":"auto","background-attachment":"scroll","background-type":"","background-media":"","overlay-type":"","overlay-color":"","overlay-opacity":"","overlay-gradient":""},"tablet":{"background-color":"","background-image":"","background-repeat":"repeat","background-position":"center center","background-size":"auto","background-attachment":"scroll","background-type":"","background-media":"","overlay-type":"","overlay-color":"","overlay-opacity":"","overlay-gradient":""},"mobile":{"background-color":"","background-image":"","background-repeat":"repeat","background-position":"center center","background-size":"auto","background-attachment":"scroll","background-type":"","background-media":"","overlay-type":"","overlay-color":"","overlay-opacity":"","overlay-gradient":""}},"ast-content-background-meta":{"desktop":{"background-color":"var(--ast-global-color-5)","background-image":"","background-repeat":"repeat","background-position":"center center","background-size":"auto","background-attachment":"scroll","background-type":"","background-media":"","overlay-type":"","overlay-color":"","overlay-opacity":"","overlay-gradient":""},"tablet":{"background-color":"var(--ast-global-color-5)","background-image":"","background-repeat":"repeat","background-position":"center center","background-size":"auto","background-attachment":"scroll","background-type":"","background-media":"","overlay-type":"","overlay-color":"","overlay-opacity":"","overlay-gradient":""},"mobile":{"background-color":"var(--ast-global-color-5)","background-image":"","background-repeat":"repeat","background-position":"center center","background-size":"auto","background-attachment":"scroll","background-type":"","background-media":"","overlay-type":"","overlay-color":"","overlay-opacity":"","overlay-gradient":""}}},"product_brand":[],"product_cat":[28,273],"product_tag":[325],"class_list":{"0":"post-3089","1":"product","2":"type-product","3":"status-publish","4":"has-post-thumbnail","6":"product_cat-varietes-de-cannabis","7":"product_cat-varietes-de-cannabis-sativa","8":"product_tag-grape-god-marijuana-strain","9":"desktop-align-left","10":"tablet-align-left","11":"mobile-align-left","13":"first","14":"instock","15":"shipping-taxable","16":"purchasable","17":"product-type-variable"},"uagb_featured_image_src":{"full":["https:\/\/pressurezone.shop\/wp-content\/uploads\/2024\/10\/Grape-God-Marijuana-Strain.webp",570,427,false],"thumbnail":["https:\/\/pressurezone.shop\/wp-content\/uploads\/2024\/10\/Grape-God-Marijuana-Strain-150x150.webp",150,150,true],"medium":["https:\/\/pressurezone.shop\/wp-content\/uploads\/2024\/10\/Grape-God-Marijuana-Strain-300x225.webp",300,225,true],"medium_large":["https:\/\/pressurezone.shop\/wp-content\/uploads\/2024\/10\/Grape-God-Marijuana-Strain.webp",570,427,false],"large":["https:\/\/pressurezone.shop\/wp-content\/uploads\/2024\/10\/Grape-God-Marijuana-Strain.webp",570,427,false],"1536x1536":["https:\/\/pressurezone.shop\/wp-content\/uploads\/2024\/10\/Grape-God-Marijuana-Strain.webp",570,427,false],"2048x2048":["https:\/\/pressurezone.shop\/wp-content\/uploads\/2024\/10\/Grape-God-Marijuana-Strain.webp",570,427,false],"trp-custom-language-flag":["https:\/\/pressurezone.shop\/wp-content\/uploads\/2024\/10\/Grape-God-Marijuana-Strain-16x12.webp",16,12,true],"woocommerce_thumbnail":["https:\/\/pressurezone.shop\/wp-content\/uploads\/2024\/10\/Grape-God-Marijuana-Strain-300x300.webp",300,300,true],"woocommerce_single":["https:\/\/pressurezone.shop\/wp-content\/uploads\/2024\/10\/Grape-God-Marijuana-Strain.webp",570,427,false],"woocommerce_gallery_thumbnail":["https:\/\/pressurezone.shop\/wp-content\/uploads\/2024\/10\/Grape-God-Marijuana-Strain-100x100.webp",100,100,true]},"uagb_author_info":{"display_name":"pressurezone.shop","author_link":"https:\/\/pressurezone.shop\/sv\/author\/"},"uagb_comment_info":0,"uagb_excerpt":"Achetez la Grape God Marijuana Strain en Ligne sur Pressure Zone Shop D\u00e9couvrez la Grape God Marijuana Strain, un croisement parfait entre le c\u00e9l\u00e8bre God Bud (indica) et Grapefruit (sativa), offrant une dominance sativa subtile mais puissante. Id\u00e9ale pour un usage quotidien, cette vari\u00e9t\u00e9 procure un high c\u00e9r\u00e9bral revigorant qui allie d\u00e9tente et concentration, parfaite&hellip;","_links":{"self":[{"href":"https:\/\/pressurezone.shop\/sv\/wp-json\/wp\/v2\/product\/3089"}],"collection":[{"href":"https:\/\/pressurezone.shop\/sv\/wp-json\/wp\/v2\/product"}],"about":[{"href":"https:\/\/pressurezone.shop\/sv\/wp-json\/wp\/v2\/types\/product"}],"replies":[{"embeddable":true,"href":"https:\/\/pressurezone.shop\/sv\/wp-json\/wp\/v2\/comments?post=3089"}],"version-history":[{"count":3,"href":"https:\/\/pressurezone.shop\/sv\/wp-json\/wp\/v2\/product\/3089\/revisions"}],"predecessor-version":[{"id":3839,"href":"https:\/\/pressurezone.shop\/sv\/wp-json\/wp\/v2\/product\/3089\/revisions\/3839"}],"wp:featuredmedia":[{"embeddable":true,"href":"https:\/\/pressurezone.shop\/sv\/wp-json\/wp\/v2\/media\/3175"}],"wp:attachment":[{"href":"https:\/\/pressurezone.shop\/sv\/wp-json\/wp\/v2\/media?parent=3089"}],"wp:term":[{"taxonomy":"product_brand","embeddable":true,"href":"https:\/\/pressurezone.shop\/sv\/wp-json\/wp\/v2\/product_brand?post=3089"},{"taxonomy":"product_cat","embeddable":true,"href":"https:\/\/pressurezone.shop\/sv\/wp-json\/wp\/v2\/product_cat?post=3089"},{"taxonomy":"product_tag","embeddable":true,"href":"https:\/\/pressurezone.shop\/sv\/wp-json\/wp\/v2\/product_tag?post=3089"}],"curies":[{"name":"wp","href":"https:\/\/api.w.org\/{rel}","templated":true}]}}