{"id":3090,"date":"2024-10-11T00:50:35","date_gmt":"2024-10-10T22:50:35","guid":{"rendered":"https:\/\/pressurezone.shop\/?post_type=product&#038;p=3090"},"modified":"2024-11-02T22:04:33","modified_gmt":"2024-11-02T21:04:33","slug":"duke-nukem-sativa-dominant-hybrid-strain","status":"publish","type":"product","link":"https:\/\/pressurezone.shop\/sv\/produkt\/duke-nukem-sativa-dominant-hybridstam\/","title":{"rendered":"Duke Nukem Sativa Dominant Hybridstam"},"content":{"rendered":"<div class=\"flex-shrink-0 flex flex-col relative items-end\">\n<div>\n<div class=\"pt-0\">\n<div class=\"gizmo-bot-avatar flex h-8 w-8 items-center justify-center overflow-hidden rounded-full\">\n<div class=\"relative p-1 rounded-sm flex items-center justify-center bg-token-main-surface-primary text-token-text-primary h-8 w-8\"><\/div>\n<\/div>\n<\/div>\n<\/div>\n<\/div>\n<div class=\"group\/conversation-turn relative flex w-full min-w-0 flex-col agent-turn\">\n<div class=\"flex-col gap-1 md:gap-3\">\n<div class=\"flex max-w-full flex-col flex-grow\">\n<div class=\"min-h-8 text-message flex w-full flex-col items-end gap-2 whitespace-normal break-words [.text-message+&amp;]:mt-5\" dir=\"auto\" data-message-author-role=\"assistant\" data-message-id=\"24535a46-a7d2-41d9-8ab7-6b9bf0f25cfe\" data-message-model-slug=\"gpt-4o\">\n<div class=\"flex w-full flex-col gap-1 empty:hidden first:pt-[3px]\">\n<div class=\"markdown prose w-full break-words dark:prose-invert light\">\n<h3><strong>K\u00f6p Duke Nukem Sativa Dominant Hybrid Strain Online i Europa p\u00e5 <a href=\"https:\/\/pressurezone.shop\/sv\/\" target=\"_new\" rel=\"noopener\">Tryckzon<\/a><\/strong><\/h3>\n<p>Uppt\u00e4ck <strong>Duke Nukem Sativa Dominant Hybridstam<\/strong>a <strong>cannabis sort<\/strong> dominerande sativa (65% sativa \/ 35% indica) som \u00e4r resultatet av en korsning mellan en hona och en hane. <strong>Tjernobyl<\/strong> och en man <strong>Chemmando<\/strong>. Duke Nukem \u00e4r k\u00e4nd f\u00f6r sina stimulerande och kreativa effekter, perfekt f\u00f6r dem som letar efter en energiboost hela dagen. Denna sort \u00e4r ocks\u00e5 idealisk f\u00f6r nyb\u00f6rjare, eftersom den \u00e4r resistent mot skadedjur och svampar och erbjuder medelstora till h\u00f6ga utbyten.<a href=\"https:\/\/fuelpackz.com\/\" target=\"_blank\" rel=\"noopener\">.<\/a><\/p>\n<h3>Effekter och f\u00f6rdelar med Duke Nukem Sativa Dominant Hybrid Strain<\/h3>\n<p>La <strong>sort Duke Nukem Sativa Dominant Hybridstam<\/strong> uppskattas f\u00f6r sina uppfriskande cerebrala effekter, som stimulerar sinnet och v\u00e4cker kreativitet:<\/p>\n<ul>\n<li><strong>Kreativitet och energi<\/strong> Idealisk f\u00f6r konstn\u00e4rliga aktiviteter och uppgifter som kr\u00e4ver st\u00f6rre koncentration.<\/li>\n<li><strong>Eufori och gott hum\u00f6r<\/strong> Fr\u00e4mjar en glad och s\u00e4llskaplig sinnesst\u00e4mning, perfekt f\u00f6r socialt umg\u00e4nge.<\/li>\n<li><strong>Koncentrerad och fokuserad effekt<\/strong> Ger mental klarhet som hj\u00e4lper dig att h\u00e5lla fokus och vara produktiv.<\/li>\n<\/ul>\n<p>Tack vare sin <strong>m\u00e5ttligt kraftfull h\u00f6g<\/strong>Duke Nukem erbjuder en balanserad upplevelse och \u00e4r perfekt f\u00f6r anv\u00e4ndning dagtid.<\/p>\n<h3>Terapeutiska f\u00f6rdelar med Duke Nukem Sativa Dominant Hybrid Strain<\/h3>\n<p>Tack vare dess energigivande och balanserande effekter, <strong>Duke Nukem<\/strong> v\u00e4ljs ofta f\u00f6r att hj\u00e4lpa till att lindra olika symtom:<\/p>\n<ul>\n<li><strong>Minskad \u00e5ngest och tr\u00f6tthet<\/strong> Effektivt f\u00f6r att lugna sinnet och samtidigt ge en energikick.<\/li>\n<li><strong>Lindring av huvudv\u00e4rk och \u00f6gontryck<\/strong> Anv\u00e4ndbar f\u00f6r att lindra huvudv\u00e4rk och anstr\u00e4ngda \u00f6gon.<\/li>\n<li><strong>Aptitstimulering och f\u00f6rb\u00e4ttrad sinnesst\u00e4mning<\/strong> Perfekt f\u00f6r dig som k\u00e4mpar med aptitl\u00f6shet och hum\u00f6rsv\u00e4ngningar.<\/li>\n<\/ul>\n<p>Detta <strong>cannabis sort<\/strong> \u00e4r idealisk f\u00f6r anv\u00e4ndare som s\u00f6ker ett naturligt, energigivande botemedel f\u00f6r att hantera sm\u00e4rta, stress och hum\u00f6rst\u00f6rningar.<\/p>\n<h3>Smaker och dofter av Duke Nukem<\/h3>\n<p>Duke Nukem erbjuder en len, tropisk smakupplevelse, \u00e5tf\u00f6ljd av fr\u00e4scha, fruktiga aromer:<\/p>\n<ul>\n<li><strong>Smaker<\/strong> En s\u00f6t smak av apelsin och citron med uppfriskande tropiska toner.<\/li>\n<li><strong>Dofter<\/strong> En apelsindoft med en skunkig touch som ger djup till den sensoriska upplevelsen.<\/li>\n<\/ul>\n<p>Dessa <strong>livfulla smaker och aromer<\/strong> g\u00f6r Duke Nukem till ett m\u00e5ste f\u00f6r alla som gillar fruktiga och uppfriskande smaker.<\/p>\n<h3>Varf\u00f6r k\u00f6pa Duke Nukem Sativa Dominant Hybrid Strain p\u00e5 <a href=\"https:\/\/pressurezone.shop\/sv\/\" target=\"_new\" rel=\"noopener\">Tryckzon<\/a>?<\/h3>\n<p>Vid <strong>Tryckzon<\/strong>vi \u00e4r fast beslutna att erbjuda <strong>cannabis sorter<\/strong> noggrant testade f\u00f6r att garantera oklanderlig kvalitet. <strong>Duke Nukem Sativa Dominant Hybridstam<\/strong> \u00e4r en av v\u00e5ra flaggskeppssorter f\u00f6r sina balanserade effekter och uppfriskande smaker. H\u00e4r \u00e4r varf\u00f6r du ska v\u00e4lja Pressure Zone:<\/p>\n<ul>\n<li><strong>\u00d6verl\u00e4gsen kvalitet<\/strong> V\u00e5ra produkter genomg\u00e5r noggranna tester f\u00f6r att s\u00e4kerst\u00e4lla optimal renhet och effekt.<\/li>\n<li><strong>Energigivande och balanserande effekt<\/strong> Perfekt f\u00f6r aktiviteter p\u00e5 dagtid och f\u00f6r att lindra stress.<\/li>\n<li><strong>Engagerad kundservice<\/strong> : Vi finns till hands f\u00f6r att hj\u00e4lpa dig att v\u00e4lja r\u00e4tt <strong>cannabis sort<\/strong> som b\u00e4st uppfyller dina behov.<\/li>\n<\/ul>\n<h3>Vanliga fr\u00e5gor och svar<\/h3>\n<h4>Vilka \u00e4r de viktigaste effekterna av Duke Nukem Sativa Dominant Hybrid Strain?<\/h4>\n<p>Duke Nukem \u00e4r k\u00e4nt f\u00f6r sin energigivande och kreativa effekt, perfekt f\u00f6r kreativa uppgifter och f\u00f6r att h\u00e5lla sig produktiv. Den ger ocks\u00e5 en glad, s\u00e4llskaplig eufori, perfekt f\u00f6r sociala aktiviteter.<\/p>\n<h4>\u00c4r Duke Nukem effektivt f\u00f6r att lindra sm\u00e4rta och tr\u00f6tthet?<\/h4>\n<p>Ja, det h\u00e4r <strong>cannabis sort<\/strong> \u00e4r idealisk f\u00f6r att lindra kronisk sm\u00e4rta, minska tr\u00f6tthet och f\u00f6rb\u00e4ttra hum\u00f6ret, vilket ger en mental och fysisk boost.<\/p>\n<h4>Vilka smaker och dofter dominerar Duke Nukem?<\/h4>\n<p>Duke Nukem erbjuder citrus- och apelsinsmaker med tropiska toner och en skunkig apelsinarom, perfekt f\u00f6r dem som \u00e4lskar uppfriskande smaker.<\/p>\n<h3>Best\u00e4ll Duke Nukem Sativa Dominant Hybrid Strain online i Europa p\u00e5 <a href=\"https:\/\/pressurezone.shop\/sv\/\" target=\"_new\" rel=\"noopener\">Tryckzon<\/a><\/h3>\n<p>Redo att uppt\u00e4cka de energigivande och gl\u00e4djefyllda effekterna av <strong>Duke Nukem Sativa Dominant Hybridstam<\/strong>? <strong>Best\u00e4ll nu<\/strong> p\u00e5 <a href=\"https:\/\/pressurezone.shop\/sv\/\" target=\"_new\" rel=\"noopener\">Tryckzon<\/a> f\u00f6r en upplevelse av <strong>cannabis sort<\/strong> Det perfekta s\u00e4ttet att stimulera kreativitet och koncentration. Med v\u00e5r snabba och diskreta leveransservice kan du njuta av en problemfri shoppingupplevelse.<\/p>\n<\/div>\n<\/div>\n<\/div>\n<\/div>\n<\/div>\n<\/div>","protected":false},"excerpt":{"rendered":"<p>Achetez la Vari\u00e9t\u00e9 Duke Nukem Sativa Dominant Hybrid Strain en Ligne en Europe sur Pressure Zone D\u00e9couvrez Duke Nukem Sativa Dominant Hybrid Strain, une vari\u00e9t\u00e9 de cannabis sativa dominante (65% sativa \/ 35% indica) issue du croisement entre une femelle Chernobyl et un m\u00e2le Chemmando. Duke Nukem est r\u00e9put\u00e9e pour ses effets stimulants et cr\u00e9atifs, [&hellip;]<\/p>","protected":false},"featured_media":3177,"comment_status":"closed","ping_status":"closed","template":"","meta":{"_uag_custom_page_level_css":"","site-sidebar-layout":"default","site-content-layout":"","ast-site-content-layout":"default","site-content-style":"default","site-sidebar-style":"default","ast-global-header-display":"","ast-banner-title-visibility":"","ast-main-header-display":"","ast-hfb-above-header-display":"","ast-hfb-below-header-display":"","ast-hfb-mobile-header-display":"","site-post-title":"","ast-breadcrumbs-content":"","ast-featured-img":"","footer-sml-layout":"","theme-transparent-header-meta":"default","adv-header-id-meta":"","stick-header-meta":"","header-above-stick-meta":"","header-main-stick-meta":"","header-below-stick-meta":"","astra-migrate-meta-layouts":"set","ast-page-background-enabled":"default","ast-page-background-meta":{"desktop":{"background-color":"","background-image":"","background-repeat":"repeat","background-position":"center center","background-size":"auto","background-attachment":"scroll","background-type":"","background-media":"","overlay-type":"","overlay-color":"","overlay-opacity":"","overlay-gradient":""},"tablet":{"background-color":"","background-image":"","background-repeat":"repeat","background-position":"center center","background-size":"auto","background-attachment":"scroll","background-type":"","background-media":"","overlay-type":"","overlay-color":"","overlay-opacity":"","overlay-gradient":""},"mobile":{"background-color":"","background-image":"","background-repeat":"repeat","background-position":"center center","background-size":"auto","background-attachment":"scroll","background-type":"","background-media":"","overlay-type":"","overlay-color":"","overlay-opacity":"","overlay-gradient":""}},"ast-content-background-meta":{"desktop":{"background-color":"var(--ast-global-color-5)","background-image":"","background-repeat":"repeat","background-position":"center center","background-size":"auto","background-attachment":"scroll","background-type":"","background-media":"","overlay-type":"","overlay-color":"","overlay-opacity":"","overlay-gradient":""},"tablet":{"background-color":"var(--ast-global-color-5)","background-image":"","background-repeat":"repeat","background-position":"center center","background-size":"auto","background-attachment":"scroll","background-type":"","background-media":"","overlay-type":"","overlay-color":"","overlay-opacity":"","overlay-gradient":""},"mobile":{"background-color":"var(--ast-global-color-5)","background-image":"","background-repeat":"repeat","background-position":"center center","background-size":"auto","background-attachment":"scroll","background-type":"","background-media":"","overlay-type":"","overlay-color":"","overlay-opacity":"","overlay-gradient":""}}},"product_brand":[],"product_cat":[28,273],"product_tag":[326],"class_list":{"0":"post-3090","1":"product","2":"type-product","3":"status-publish","4":"has-post-thumbnail","6":"product_cat-varietes-de-cannabis","7":"product_cat-varietes-de-cannabis-sativa","8":"product_tag-buy-duke-nukem-sativa-dominant-hybrid-strain-eu","9":"desktop-align-left","10":"tablet-align-left","11":"mobile-align-left","13":"first","14":"instock","15":"shipping-taxable","16":"purchasable","17":"product-type-variable"},"uagb_featured_image_src":{"full":["https:\/\/pressurezone.shop\/wp-content\/uploads\/2024\/10\/Duke-Nukem-Sativa-Dominant-Hybrid-Strain.webp",570,427,false],"thumbnail":["https:\/\/pressurezone.shop\/wp-content\/uploads\/2024\/10\/Duke-Nukem-Sativa-Dominant-Hybrid-Strain-150x150.webp",150,150,true],"medium":["https:\/\/pressurezone.shop\/wp-content\/uploads\/2024\/10\/Duke-Nukem-Sativa-Dominant-Hybrid-Strain-300x225.webp",300,225,true],"medium_large":["https:\/\/pressurezone.shop\/wp-content\/uploads\/2024\/10\/Duke-Nukem-Sativa-Dominant-Hybrid-Strain.webp",570,427,false],"large":["https:\/\/pressurezone.shop\/wp-content\/uploads\/2024\/10\/Duke-Nukem-Sativa-Dominant-Hybrid-Strain.webp",570,427,false],"1536x1536":["https:\/\/pressurezone.shop\/wp-content\/uploads\/2024\/10\/Duke-Nukem-Sativa-Dominant-Hybrid-Strain.webp",570,427,false],"2048x2048":["https:\/\/pressurezone.shop\/wp-content\/uploads\/2024\/10\/Duke-Nukem-Sativa-Dominant-Hybrid-Strain.webp",570,427,false],"trp-custom-language-flag":["https:\/\/pressurezone.shop\/wp-content\/uploads\/2024\/10\/Duke-Nukem-Sativa-Dominant-Hybrid-Strain-16x12.webp",16,12,true],"woocommerce_thumbnail":["https:\/\/pressurezone.shop\/wp-content\/uploads\/2024\/10\/Duke-Nukem-Sativa-Dominant-Hybrid-Strain-300x300.webp",300,300,true],"woocommerce_single":["https:\/\/pressurezone.shop\/wp-content\/uploads\/2024\/10\/Duke-Nukem-Sativa-Dominant-Hybrid-Strain.webp",570,427,false],"woocommerce_gallery_thumbnail":["https:\/\/pressurezone.shop\/wp-content\/uploads\/2024\/10\/Duke-Nukem-Sativa-Dominant-Hybrid-Strain-100x100.webp",100,100,true]},"uagb_author_info":{"display_name":"pressurezone.shop","author_link":"https:\/\/pressurezone.shop\/sv\/author\/"},"uagb_comment_info":0,"uagb_excerpt":"Achetez la Vari\u00e9t\u00e9 Duke Nukem Sativa Dominant Hybrid Strain en Ligne en Europe sur Pressure Zone D\u00e9couvrez Duke Nukem Sativa Dominant Hybrid Strain, une vari\u00e9t\u00e9 de cannabis sativa dominante (65% sativa \/ 35% indica) issue du croisement entre une femelle Chernobyl et un m\u00e2le Chemmando. Duke Nukem est r\u00e9put\u00e9e pour ses effets stimulants et cr\u00e9atifs,&hellip;","_links":{"self":[{"href":"https:\/\/pressurezone.shop\/sv\/wp-json\/wp\/v2\/product\/3090"}],"collection":[{"href":"https:\/\/pressurezone.shop\/sv\/wp-json\/wp\/v2\/product"}],"about":[{"href":"https:\/\/pressurezone.shop\/sv\/wp-json\/wp\/v2\/types\/product"}],"replies":[{"embeddable":true,"href":"https:\/\/pressurezone.shop\/sv\/wp-json\/wp\/v2\/comments?post=3090"}],"version-history":[{"count":2,"href":"https:\/\/pressurezone.shop\/sv\/wp-json\/wp\/v2\/product\/3090\/revisions"}],"predecessor-version":[{"id":3753,"href":"https:\/\/pressurezone.shop\/sv\/wp-json\/wp\/v2\/product\/3090\/revisions\/3753"}],"wp:featuredmedia":[{"embeddable":true,"href":"https:\/\/pressurezone.shop\/sv\/wp-json\/wp\/v2\/media\/3177"}],"wp:attachment":[{"href":"https:\/\/pressurezone.shop\/sv\/wp-json\/wp\/v2\/media?parent=3090"}],"wp:term":[{"taxonomy":"product_brand","embeddable":true,"href":"https:\/\/pressurezone.shop\/sv\/wp-json\/wp\/v2\/product_brand?post=3090"},{"taxonomy":"product_cat","embeddable":true,"href":"https:\/\/pressurezone.shop\/sv\/wp-json\/wp\/v2\/product_cat?post=3090"},{"taxonomy":"product_tag","embeddable":true,"href":"https:\/\/pressurezone.shop\/sv\/wp-json\/wp\/v2\/product_tag?post=3090"}],"curies":[{"name":"wp","href":"https:\/\/api.w.org\/{rel}","templated":true}]}}