{"id":3101,"date":"2024-10-11T00:51:01","date_gmt":"2024-10-10T22:51:01","guid":{"rendered":"https:\/\/pressurezone.shop\/?post_type=product&#038;p=3101"},"modified":"2024-11-03T21:39:52","modified_gmt":"2024-11-03T20:39:52","slug":"pineapple-express-weed-strain","status":"publish","type":"product","link":"https:\/\/pressurezone.shop\/sv\/produkt\/ananas-express-ograsstam\/","title":{"rendered":"Pineapple Express Weed-sort"},"content":{"rendered":"<h3><strong>K\u00f6p Pineapple Express Weed Strain online i Europa p\u00e5 <a href=\"https:\/\/pressurezone.shop\/sv\/\" target=\"_new\" rel=\"noopener\">Tryckzonsbutik<\/a><\/strong><\/h3>\n<p>Uppt\u00e4ck de <strong>Pineapple Express Weed-sort<\/strong>en sort med internationellt rykte, perfekt f\u00f6r dem som s\u00f6ker en balans mellan avkoppling och mental stimulans. Uppskattad f\u00f6r sina lugnande effekter och sin distinkta arom av tropisk frukt, <strong>Pineapple Express<\/strong> erbjuder en mjuk, behaglig h\u00f6g, vilket g\u00f6r det till det perfekta valet f\u00f6r kreativa eller sociala aktiviteter<a href=\"https:\/\/fuelpackz.com\/\" target=\"_blank\" rel=\"noopener\">.<\/a><\/p>\n<h3>Varf\u00f6r v\u00e4lja Pineapple Express Weed Strain?<\/h3>\n<p><strong>Pineapple Express Weed-sort<\/strong> \u00e4r ett m\u00e5ste f\u00f6r dem som letar efter en subtil men effektiv energiboost. \u00c4ven om den h\u00e4r sorten saknar den dramatiska intensitet som skildras i den ber\u00f6mda filmen, ger den en lugnande k\u00e4nsla som lugnar kroppen samtidigt som den stimulerar sinnet. Med sina fruktiga smaker och m\u00e5ttliga THC-inneh\u00e5ll \u00e4r den idealisk f\u00f6r dem som s\u00f6ker stressavlastning och hum\u00f6rf\u00f6rb\u00e4ttring utan \u00f6verdriven sedering.<\/p>\n<ul>\n<li><strong>Typ<\/strong> : Hybrid<\/li>\n<li><strong>THC<\/strong> Perfekt f\u00f6r ett balanserat, avslappnande rus<\/li>\n<\/ul>\n<h3>Effekter och f\u00f6rdelar med Pineapple Express Weed Strain<\/h3>\n<p>La <strong>Pineapple Express Weed-sort<\/strong> \u00e4r k\u00e4nt f\u00f6r sina energigivande och euforiska effekter, som g\u00f6r varje session njutbar och produktiv. Det h\u00f6jer hum\u00f6ret och f\u00f6rb\u00e4ttrar koncentrationen, perfekt f\u00f6r uppgifter som kr\u00e4ver kreativitet och mental klarhet.<\/p>\n<ul>\n<li><strong>Effekter<\/strong> Energi, Eufori, Koncentration<\/li>\n<li><strong>Perfekt f\u00f6r<\/strong> Kronisk sm\u00e4rta, Depression, Tr\u00f6tthet, Aptitl\u00f6shet, Migr\u00e4n, Illam\u00e5ende, Mardr\u00f6mmar<\/li>\n<\/ul>\n<h3>Tillst\u00e5nd som lindras av Pineapple Express Cannabis Strain<\/h3>\n<p>Tack vare sin m\u00e5ttliga, balanserade effekt, <strong>Pineapple Express<\/strong> v\u00e4ljs ofta f\u00f6r att lindra olika fysiska och psykiska symtom:<\/p>\n<ul>\n<li><strong>Kronisk sm\u00e4rta och utmattning<\/strong> Lindrar mindre v\u00e4rk och sm\u00e4rtor och ger ny energi.<\/li>\n<li><strong>Depression och \u00e5ngest<\/strong> F\u00f6rb\u00e4ttrar hum\u00f6ret och ger en best\u00e5ende k\u00e4nsla av v\u00e4lbefinnande.<\/li>\n<li><strong>Illam\u00e5ende och aptitl\u00f6shet<\/strong> Stimulerar aptiten och lugnar magen.<\/li>\n<\/ul>\n<h3>Smaker och aromer av Pineapple Express Weed Strain<\/h3>\n<p>La <strong>Pineapple Express Weed-sort<\/strong> erbjuder en tropisk smakupplevelse med toner av citrus, tall och en subtil ananassmak i bakgrunden. Den s\u00f6ta, jordiga aromen \u00e5tf\u00f6ljs av inslag av tropisk frukt, vilket g\u00f6r den till en trevlig och uppfriskande sort.<\/p>\n<ul>\n<li><strong>Smaker<\/strong> : Citrus, Pine, Ananas, S\u00f6t, Tropisk<\/li>\n<li><strong>Dofter<\/strong> Jordig, Tall, Ananas, S\u00f6t<\/li>\n<\/ul>\n<h3>Utseende av Pineapple Express Cannabis Flower<\/h3>\n<p>Knopparna p\u00e5 <strong>Pineapple Express<\/strong> \u00e4r ljusgr\u00f6na med gyllene nyanser, prydda med glittrande trikomer som vittnar om kvaliteten p\u00e5 denna sort. Deras t\u00e4ta, hartsartade struktur \u00e5terspeglar kraften och elegansen i denna blomma.<\/p>\n<h3>Best\u00e4ll Pineapple Express Weed Strain online fr\u00e5n Pressure Zone Shop<\/h3>\n<p>Redo att uppt\u00e4cka de uppfriskande effekterna och den tropiska doften av <strong>Pineapple Express Weed-sort<\/strong> ? Best\u00e4ll idag fr\u00e5n <a href=\"https:\/\/pressurezone.shop\/sv\/\" target=\"_new\" rel=\"noopener\">Tryckzonsbutik<\/a> f\u00f6r att njuta av ett utbud som \u00e4r perfekt f\u00f6r att balansera avkoppling och mental stimulans. Oavsett om du \u00e4r ute efter en kreativ boost eller lite avkoppling i slutet av dagen, <strong>Pineapple Express<\/strong> \u00e4r den perfekta sorten f\u00f6r en h\u00f6gkvalitativ cannabisupplevelse.<\/p>","protected":false},"excerpt":{"rendered":"<p>Achetez la Pineapple Express Weed Strain en Ligne en Europe sur Pressure Zone Shop D\u00e9couvrez la Pineapple Express Weed Strain, une vari\u00e9t\u00e9 \u00e0 la renomm\u00e9e internationale, id\u00e9ale pour ceux qui recherchent un \u00e9quilibre entre relaxation et stimulation mentale. Appr\u00e9ci\u00e9e pour ses effets apaisants et son ar\u00f4me distinctif de fruits tropicaux, Pineapple Express offre un high [&hellip;]<\/p>","protected":false},"featured_media":3179,"comment_status":"closed","ping_status":"closed","template":"","meta":{"_uag_custom_page_level_css":"","site-sidebar-layout":"default","site-content-layout":"","ast-site-content-layout":"default","site-content-style":"default","site-sidebar-style":"default","ast-global-header-display":"","ast-banner-title-visibility":"","ast-main-header-display":"","ast-hfb-above-header-display":"","ast-hfb-below-header-display":"","ast-hfb-mobile-header-display":"","site-post-title":"","ast-breadcrumbs-content":"","ast-featured-img":"","footer-sml-layout":"","theme-transparent-header-meta":"default","adv-header-id-meta":"","stick-header-meta":"","header-above-stick-meta":"","header-main-stick-meta":"","header-below-stick-meta":"","astra-migrate-meta-layouts":"set","ast-page-background-enabled":"default","ast-page-background-meta":{"desktop":{"background-color":"","background-image":"","background-repeat":"repeat","background-position":"center center","background-size":"auto","background-attachment":"scroll","background-type":"","background-media":"","overlay-type":"","overlay-color":"","overlay-opacity":"","overlay-gradient":""},"tablet":{"background-color":"","background-image":"","background-repeat":"repeat","background-position":"center center","background-size":"auto","background-attachment":"scroll","background-type":"","background-media":"","overlay-type":"","overlay-color":"","overlay-opacity":"","overlay-gradient":""},"mobile":{"background-color":"","background-image":"","background-repeat":"repeat","background-position":"center center","background-size":"auto","background-attachment":"scroll","background-type":"","background-media":"","overlay-type":"","overlay-color":"","overlay-opacity":"","overlay-gradient":""}},"ast-content-background-meta":{"desktop":{"background-color":"var(--ast-global-color-5)","background-image":"","background-repeat":"repeat","background-position":"center center","background-size":"auto","background-attachment":"scroll","background-type":"","background-media":"","overlay-type":"","overlay-color":"","overlay-opacity":"","overlay-gradient":""},"tablet":{"background-color":"var(--ast-global-color-5)","background-image":"","background-repeat":"repeat","background-position":"center center","background-size":"auto","background-attachment":"scroll","background-type":"","background-media":"","overlay-type":"","overlay-color":"","overlay-opacity":"","overlay-gradient":""},"mobile":{"background-color":"var(--ast-global-color-5)","background-image":"","background-repeat":"repeat","background-position":"center center","background-size":"auto","background-attachment":"scroll","background-type":"","background-media":"","overlay-type":"","overlay-color":"","overlay-opacity":"","overlay-gradient":""}}},"product_brand":[],"product_cat":[28,273],"product_tag":[327],"class_list":{"0":"post-3101","1":"product","2":"type-product","3":"status-publish","4":"has-post-thumbnail","6":"product_cat-varietes-de-cannabis","7":"product_cat-varietes-de-cannabis-sativa","8":"product_tag-buy-pineapple-express-weed-strain-online-europe","9":"desktop-align-left","10":"tablet-align-left","11":"mobile-align-left","13":"first","14":"instock","15":"shipping-taxable","16":"purchasable","17":"product-type-variable"},"uagb_featured_image_src":{"full":["https:\/\/pressurezone.shop\/wp-content\/uploads\/2024\/10\/Pineapple-Express-Weed-Strain.webp",570,427,false],"thumbnail":["https:\/\/pressurezone.shop\/wp-content\/uploads\/2024\/10\/Pineapple-Express-Weed-Strain-150x150.webp",150,150,true],"medium":["https:\/\/pressurezone.shop\/wp-content\/uploads\/2024\/10\/Pineapple-Express-Weed-Strain-300x225.webp",300,225,true],"medium_large":["https:\/\/pressurezone.shop\/wp-content\/uploads\/2024\/10\/Pineapple-Express-Weed-Strain.webp",570,427,false],"large":["https:\/\/pressurezone.shop\/wp-content\/uploads\/2024\/10\/Pineapple-Express-Weed-Strain.webp",570,427,false],"1536x1536":["https:\/\/pressurezone.shop\/wp-content\/uploads\/2024\/10\/Pineapple-Express-Weed-Strain.webp",570,427,false],"2048x2048":["https:\/\/pressurezone.shop\/wp-content\/uploads\/2024\/10\/Pineapple-Express-Weed-Strain.webp",570,427,false],"trp-custom-language-flag":["https:\/\/pressurezone.shop\/wp-content\/uploads\/2024\/10\/Pineapple-Express-Weed-Strain-16x12.webp",16,12,true],"woocommerce_thumbnail":["https:\/\/pressurezone.shop\/wp-content\/uploads\/2024\/10\/Pineapple-Express-Weed-Strain-300x300.webp",300,300,true],"woocommerce_single":["https:\/\/pressurezone.shop\/wp-content\/uploads\/2024\/10\/Pineapple-Express-Weed-Strain.webp",570,427,false],"woocommerce_gallery_thumbnail":["https:\/\/pressurezone.shop\/wp-content\/uploads\/2024\/10\/Pineapple-Express-Weed-Strain-100x100.webp",100,100,true]},"uagb_author_info":{"display_name":"pressurezone.shop","author_link":"https:\/\/pressurezone.shop\/sv\/author\/"},"uagb_comment_info":0,"uagb_excerpt":"Achetez la Pineapple Express Weed Strain en Ligne en Europe sur Pressure Zone Shop D\u00e9couvrez la Pineapple Express Weed Strain, une vari\u00e9t\u00e9 \u00e0 la renomm\u00e9e internationale, id\u00e9ale pour ceux qui recherchent un \u00e9quilibre entre relaxation et stimulation mentale. Appr\u00e9ci\u00e9e pour ses effets apaisants et son ar\u00f4me distinctif de fruits tropicaux, Pineapple Express offre un high&hellip;","_links":{"self":[{"href":"https:\/\/pressurezone.shop\/sv\/wp-json\/wp\/v2\/product\/3101"}],"collection":[{"href":"https:\/\/pressurezone.shop\/sv\/wp-json\/wp\/v2\/product"}],"about":[{"href":"https:\/\/pressurezone.shop\/sv\/wp-json\/wp\/v2\/types\/product"}],"replies":[{"embeddable":true,"href":"https:\/\/pressurezone.shop\/sv\/wp-json\/wp\/v2\/comments?post=3101"}],"version-history":[{"count":3,"href":"https:\/\/pressurezone.shop\/sv\/wp-json\/wp\/v2\/product\/3101\/revisions"}],"predecessor-version":[{"id":3975,"href":"https:\/\/pressurezone.shop\/sv\/wp-json\/wp\/v2\/product\/3101\/revisions\/3975"}],"wp:featuredmedia":[{"embeddable":true,"href":"https:\/\/pressurezone.shop\/sv\/wp-json\/wp\/v2\/media\/3179"}],"wp:attachment":[{"href":"https:\/\/pressurezone.shop\/sv\/wp-json\/wp\/v2\/media?parent=3101"}],"wp:term":[{"taxonomy":"product_brand","embeddable":true,"href":"https:\/\/pressurezone.shop\/sv\/wp-json\/wp\/v2\/product_brand?post=3101"},{"taxonomy":"product_cat","embeddable":true,"href":"https:\/\/pressurezone.shop\/sv\/wp-json\/wp\/v2\/product_cat?post=3101"},{"taxonomy":"product_tag","embeddable":true,"href":"https:\/\/pressurezone.shop\/sv\/wp-json\/wp\/v2\/product_tag?post=3101"}],"curies":[{"name":"wp","href":"https:\/\/api.w.org\/{rel}","templated":true}]}}