{"id":3103,"date":"2024-10-11T00:51:01","date_gmt":"2024-10-10T22:51:01","guid":{"rendered":"https:\/\/pressurezone.shop\/?post_type=product&#038;p=3103"},"modified":"2024-11-03T20:46:14","modified_gmt":"2024-11-03T19:46:14","slug":"holy-grail-cannabis-strain","status":"publish","type":"product","link":"https:\/\/pressurezone.shop\/sv\/produkt\/helig-graal-cannabis-stam\/","title":{"rendered":"Holy Grail Cannabis-stam"},"content":{"rendered":"<h3><strong>K\u00f6p Holy Grail Cannabis Strain online i Europa p\u00e5 <a href=\"https:\/\/pressurezone.shop\/sv\/\" target=\"_new\" rel=\"noopener\">Tryckzonsbutik<\/a><\/strong><\/h3>\n<p>Uppt\u00e4ck de <strong>Holy Grail Cannabis-stam<\/strong>en prisbel\u00f6nt hybridsort som \u00e4r resultatet av en korsning mellan <strong>OG #18<\/strong> och <strong>Kosher Kush<\/strong>. Denna sort \u00e4r k\u00e4nd f\u00f6r sin lugnande, euforiska effekt och \u00e4r idealisk f\u00f6r cannabis\u00e4lskare som vill kombinera avkoppling och kreativitet. <strong>Den heliga graal<\/strong> \u00e4r en stor, t\u00e4t blomma med en ljusgr\u00f6n f\u00e4rg med enstaka bl\u00e5aktiga och bruna toner, f\u00e4ngslande b\u00e5de till sitt utseende och sin kraft.<a href=\"https:\/\/fuelpackz.com\/\" target=\"_blank\" rel=\"noopener\">.<\/a><\/p>\n<h3>Varf\u00f6r v\u00e4lja Holy Grail Cannabis Strain?<\/h3>\n<p><strong>Den heliga graal<\/strong> erbjuder en avkopplande, balanserad h\u00f6g, perfekt f\u00f6r att koppla av sinnet samtidigt som det stimulerar kreativiteten. Dess lugnande effekt \u00e4r idealisk f\u00f6r stunder av avkoppling eller f\u00f6r att lindra sm\u00e4rta, samtidigt som den bibeh\u00e5ller en mental klarhet som inbjuder till kreativitet. Tack vare sin h\u00f6ga THC-inneh\u00e5ll \u00e4r denna sort uppskattad f\u00f6r sina terapeutiska f\u00f6rdelar, vilket hj\u00e4lper till att hantera sm\u00e4rta, s\u00f6mnl\u00f6shet, stress och illam\u00e5ende.<\/p>\n<ul>\n<li><strong>Typ<\/strong> Hybrid (50% Sativa \/ 50% Indica)<\/li>\n<li><strong>Ursprung<\/strong> Kors mellan OG #18 och Kosher Kush<\/li>\n<li><strong>THC<\/strong> : Kraftfull, idealisk f\u00f6r l\u00e5ngvarig avkoppling<\/li>\n<\/ul>\n<h3>Effekter och f\u00f6rdelar med Holy Grail Weed Strain<\/h3>\n<p>La <strong>Holy Grail Weed Strain<\/strong> v\u00e4rderas f\u00f6r sina balanserade effekter, som ger en k\u00e4nsla av mild eufori och djup avslappning. Det fr\u00e4mjar ett lyckligt tillst\u00e5nd samtidigt som det frig\u00f6r sinnet fr\u00e5n alla sp\u00e4nningar, perfekt f\u00f6r stunder av produktiv avkoppling.<\/p>\n<ul>\n<li><strong>Effekter<\/strong> Kreativitet, eufori, lycka, avslappning, k\u00e4nsla av upph\u00f6jdhet<\/li>\n<li><strong>Rekommenderas f\u00f6r<\/strong> : Kronisk sm\u00e4rta, Depression, S\u00f6mnl\u00f6shet, Illam\u00e5ende, Stress<\/li>\n<\/ul>\n<h3>Tillst\u00e5nd som lindras av Holy Grail Cannabis Strain<\/h3>\n<p>Tack vare sin kraftfulla profil <strong>Den heliga graal<\/strong> anv\u00e4nds ofta f\u00f6r att lindra en rad olika medicinska tillst\u00e5nd:<\/p>\n<ul>\n<li><strong>Kronisk sm\u00e4rta<\/strong> Minskar muskel- och ledsm\u00e4rta, vilket ger l\u00e5ngvarig lindring f\u00f6r kroppen.<\/li>\n<li><strong>S\u00f6mnl\u00f6shet<\/strong> : Hj\u00e4lper dig att slappna av och somna.<\/li>\n<li><strong>Depression och stress<\/strong> Rensar sinnet och lindrar negativa tankar.<\/li>\n<li><strong>Illam\u00e5ende<\/strong> Lindrar magbesv\u00e4r och stimulerar aptiten.<\/li>\n<\/ul>\n<h3>Smaker och aromer av Holy Grail Cannabis Strain<\/h3>\n<p><strong>Den heliga graal<\/strong> har en rik smakprofil med inslag av \u00f6rter och tall som ger varje bloss en behaglig friskhet. Doften \u00e4r lika intensiv och blandar jordiga, kryddiga och tr\u00e4iga nyanser f\u00f6r en komplett och uppslukande upplevelse.<\/p>\n<ul>\n<li><strong>Smaker<\/strong> \u00d6rtartad, Tall<\/li>\n<li><strong>Dofter<\/strong> Jordig, \u00f6rtartad, kryddig, tr\u00e4ig, skarp<\/li>\n<\/ul>\n<h3>Holy Grail Weed Strain utseende<\/h3>\n<p>La <strong>Holy Grail Cannabis-stam<\/strong> utm\u00e4rker sig genom sina t\u00e4ta, stora, kristallkl\u00e4dda knoppar. De ljusbruna och gr\u00f6na nyanserna, ibland med inslag av bl\u00e5tt, g\u00f6r denna sort lika behaglig att se p\u00e5 som att \u00e4ta och lockar finsmakare med sitt sofistikerade och kraftfulla utseende.<\/p>\n<h3>Best\u00e4ll Holy Grail Cannabis Strain online fr\u00e5n Pressure Zone Shop<\/h3>\n<p>Redo att uppt\u00e4cka den avslappnande och euforiska upplevelsen av <strong>Holy Grail Cannabis-stam<\/strong> ? Best\u00e4ll nu p\u00e5 <a href=\"https:\/\/pressurezone.shop\/sv\/\" target=\"_new\" rel=\"noopener\">Tryckzonsbutik<\/a> och njut av denna exceptionella hybridsort, perfekt f\u00f6r att lindra sm\u00e4rta eller f\u00f6rb\u00e4ttra hum\u00f6ret. Oavsett om du vill lugna ditt sinne eller utforska din kreativitet, <strong>Den heliga graal<\/strong> \u00e4r det perfekta valet f\u00f6r en \u00f6verl\u00e4gsen upplevelse.<\/p>","protected":false},"excerpt":{"rendered":"<p>Achetez la Holy Grail Cannabis Strain en Ligne en Europe sur Pressure Zone Shop D\u00e9couvrez la Holy Grail Cannabis Strain, une vari\u00e9t\u00e9 hybride prim\u00e9e issue du croisement entre OG #18 et Kosher Kush. R\u00e9put\u00e9e pour son effet apaisant et euphorique, cette vari\u00e9t\u00e9 est id\u00e9ale pour les amateurs de cannabis cherchant \u00e0 allier relaxation et cr\u00e9ativit\u00e9. [&hellip;]<\/p>","protected":false},"featured_media":3183,"comment_status":"closed","ping_status":"closed","template":"","meta":{"_uag_custom_page_level_css":"","site-sidebar-layout":"default","site-content-layout":"","ast-site-content-layout":"default","site-content-style":"default","site-sidebar-style":"default","ast-global-header-display":"","ast-banner-title-visibility":"","ast-main-header-display":"","ast-hfb-above-header-display":"","ast-hfb-below-header-display":"","ast-hfb-mobile-header-display":"","site-post-title":"","ast-breadcrumbs-content":"","ast-featured-img":"","footer-sml-layout":"","theme-transparent-header-meta":"default","adv-header-id-meta":"","stick-header-meta":"","header-above-stick-meta":"","header-main-stick-meta":"","header-below-stick-meta":"","astra-migrate-meta-layouts":"set","ast-page-background-enabled":"default","ast-page-background-meta":{"desktop":{"background-color":"","background-image":"","background-repeat":"repeat","background-position":"center center","background-size":"auto","background-attachment":"scroll","background-type":"","background-media":"","overlay-type":"","overlay-color":"","overlay-opacity":"","overlay-gradient":""},"tablet":{"background-color":"","background-image":"","background-repeat":"repeat","background-position":"center center","background-size":"auto","background-attachment":"scroll","background-type":"","background-media":"","overlay-type":"","overlay-color":"","overlay-opacity":"","overlay-gradient":""},"mobile":{"background-color":"","background-image":"","background-repeat":"repeat","background-position":"center center","background-size":"auto","background-attachment":"scroll","background-type":"","background-media":"","overlay-type":"","overlay-color":"","overlay-opacity":"","overlay-gradient":""}},"ast-content-background-meta":{"desktop":{"background-color":"var(--ast-global-color-5)","background-image":"","background-repeat":"repeat","background-position":"center center","background-size":"auto","background-attachment":"scroll","background-type":"","background-media":"","overlay-type":"","overlay-color":"","overlay-opacity":"","overlay-gradient":""},"tablet":{"background-color":"var(--ast-global-color-5)","background-image":"","background-repeat":"repeat","background-position":"center center","background-size":"auto","background-attachment":"scroll","background-type":"","background-media":"","overlay-type":"","overlay-color":"","overlay-opacity":"","overlay-gradient":""},"mobile":{"background-color":"var(--ast-global-color-5)","background-image":"","background-repeat":"repeat","background-position":"center center","background-size":"auto","background-attachment":"scroll","background-type":"","background-media":"","overlay-type":"","overlay-color":"","overlay-opacity":"","overlay-gradient":""}}},"product_brand":[],"product_cat":[28,277],"product_tag":[329],"class_list":{"0":"post-3103","1":"product","2":"type-product","3":"status-publish","4":"has-post-thumbnail","6":"product_cat-varietes-de-cannabis","7":"product_cat-varietes-de-cannabis-hybrides","8":"product_tag-buy-holy-grail-cannabis-strain-online-europe","9":"desktop-align-left","10":"tablet-align-left","11":"mobile-align-left","13":"first","14":"instock","15":"shipping-taxable","16":"purchasable","17":"product-type-variable"},"uagb_featured_image_src":{"full":["https:\/\/pressurezone.shop\/wp-content\/uploads\/2024\/10\/Holy-Grail-Cannabis-Strain.jpg",2560,1707,false],"thumbnail":["https:\/\/pressurezone.shop\/wp-content\/uploads\/2024\/10\/Holy-Grail-Cannabis-Strain-150x150.jpg",150,150,true],"medium":["https:\/\/pressurezone.shop\/wp-content\/uploads\/2024\/10\/Holy-Grail-Cannabis-Strain-300x200.jpg",300,200,true],"medium_large":["https:\/\/pressurezone.shop\/wp-content\/uploads\/2024\/10\/Holy-Grail-Cannabis-Strain-768x512.jpg",768,512,true],"large":["https:\/\/pressurezone.shop\/wp-content\/uploads\/2024\/10\/Holy-Grail-Cannabis-Strain-1024x683.jpg",1024,683,true],"1536x1536":["https:\/\/pressurezone.shop\/wp-content\/uploads\/2024\/10\/Holy-Grail-Cannabis-Strain-1536x1024.jpg",1536,1024,true],"2048x2048":["https:\/\/pressurezone.shop\/wp-content\/uploads\/2024\/10\/Holy-Grail-Cannabis-Strain-2048x1366.jpg",2048,1366,true],"trp-custom-language-flag":["https:\/\/pressurezone.shop\/wp-content\/uploads\/2024\/10\/Holy-Grail-Cannabis-Strain-18x12.jpg",18,12,true],"woocommerce_thumbnail":["https:\/\/pressurezone.shop\/wp-content\/uploads\/2024\/10\/Holy-Grail-Cannabis-Strain-300x300.jpg",300,300,true],"woocommerce_single":["https:\/\/pressurezone.shop\/wp-content\/uploads\/2024\/10\/Holy-Grail-Cannabis-Strain-600x400.jpg",600,400,true],"woocommerce_gallery_thumbnail":["https:\/\/pressurezone.shop\/wp-content\/uploads\/2024\/10\/Holy-Grail-Cannabis-Strain-100x100.jpg",100,100,true]},"uagb_author_info":{"display_name":"pressurezone.shop","author_link":"https:\/\/pressurezone.shop\/sv\/author\/"},"uagb_comment_info":0,"uagb_excerpt":"Achetez la Holy Grail Cannabis Strain en Ligne en Europe sur Pressure Zone Shop D\u00e9couvrez la Holy Grail Cannabis Strain, une vari\u00e9t\u00e9 hybride prim\u00e9e issue du croisement entre OG #18 et Kosher Kush. R\u00e9put\u00e9e pour son effet apaisant et euphorique, cette vari\u00e9t\u00e9 est id\u00e9ale pour les amateurs de cannabis cherchant \u00e0 allier relaxation et cr\u00e9ativit\u00e9.&hellip;","_links":{"self":[{"href":"https:\/\/pressurezone.shop\/sv\/wp-json\/wp\/v2\/product\/3103"}],"collection":[{"href":"https:\/\/pressurezone.shop\/sv\/wp-json\/wp\/v2\/product"}],"about":[{"href":"https:\/\/pressurezone.shop\/sv\/wp-json\/wp\/v2\/types\/product"}],"replies":[{"embeddable":true,"href":"https:\/\/pressurezone.shop\/sv\/wp-json\/wp\/v2\/comments?post=3103"}],"version-history":[{"count":3,"href":"https:\/\/pressurezone.shop\/sv\/wp-json\/wp\/v2\/product\/3103\/revisions"}],"predecessor-version":[{"id":3887,"href":"https:\/\/pressurezone.shop\/sv\/wp-json\/wp\/v2\/product\/3103\/revisions\/3887"}],"wp:featuredmedia":[{"embeddable":true,"href":"https:\/\/pressurezone.shop\/sv\/wp-json\/wp\/v2\/media\/3183"}],"wp:attachment":[{"href":"https:\/\/pressurezone.shop\/sv\/wp-json\/wp\/v2\/media?parent=3103"}],"wp:term":[{"taxonomy":"product_brand","embeddable":true,"href":"https:\/\/pressurezone.shop\/sv\/wp-json\/wp\/v2\/product_brand?post=3103"},{"taxonomy":"product_cat","embeddable":true,"href":"https:\/\/pressurezone.shop\/sv\/wp-json\/wp\/v2\/product_cat?post=3103"},{"taxonomy":"product_tag","embeddable":true,"href":"https:\/\/pressurezone.shop\/sv\/wp-json\/wp\/v2\/product_tag?post=3103"}],"curies":[{"name":"wp","href":"https:\/\/api.w.org\/{rel}","templated":true}]}}