{"id":3104,"date":"2024-10-11T00:51:01","date_gmt":"2024-10-10T22:51:01","guid":{"rendered":"https:\/\/pressurezone.shop\/?post_type=product&#038;p=3104"},"modified":"2024-11-03T00:58:05","modified_gmt":"2024-11-02T23:58:05","slug":"gosh-hybrid-weed-strain","status":"publish","type":"product","link":"https:\/\/pressurezone.shop\/sv\/produkt\/gosh-hybrid-ogras-stam\/","title":{"rendered":"Gosh Hybrid Weed-sort"},"content":{"rendered":"<h3><strong>K\u00f6p Gosh Hybrid Weed Strain online p\u00e5 <a href=\"https:\/\/pressurezone.shop\/sv\/\" target=\"_new\" rel=\"noopener\">Tryckzonsbutik<\/a><\/strong><\/h3>\n<p>Uppt\u00e4ck de <strong>Gosh Hybrid Weed-sort<\/strong>en unik hybrid som skapats genom en kraftfull korsning mellan <strong>Green Crack<\/strong> och <strong>Silver Haze<\/strong>. Denna intensiva genetiska kombination ger upphov till en blomma med livfulla, str\u00e5lande nyanser, t\u00e4ckt av lysande trikomer och eldf\u00e4rgade pistiller. Dess sl\u00e5ende utseende lever upp till sitt namn, med ovanliga ockraf\u00e4rgade nyanser och t\u00e4ta, kompakta knoppar.<\/p>\n<h3>Varf\u00f6r v\u00e4lja Gosh Hybrid Weed Strain?<\/h3>\n<p><strong>J\u00f6sses<\/strong> \u00e4r en perfekt balanserad hybridstam (50% sativa \/ 50% indica), perfekt f\u00f6r dem som letar efter en cerebral, energigivande h\u00f6g utan den lugnande effekten som \u00e4r typisk f\u00f6r andra stammar. Med stimulerande effekter och en k\u00e4nsla av mild avkoppling \u00e4r det ett utm\u00e4rkt val f\u00f6r konsumtion p\u00e5 dagtid. Goshs effekt b\u00f6rjar med en euforisk rus som stimulerar kreativiteten och hj\u00e4lper dig att h\u00e5lla fokus, samtidigt som den ger subtil kroppsavslappning. Det \u00e4r en idealisk sort f\u00f6r att h\u00e5lla sig aktiv samtidigt som du njuter av f\u00f6rdelarna med en bra h\u00f6g.<a href=\"https:\/\/fuelpackz.com\/\" target=\"_blank\" rel=\"noopener\">.<\/a><\/p>\n<ul>\n<li><strong>Typ<\/strong> Hybrid - 50% Sativa \/ 50% Indica<\/li>\n<li><strong>THC<\/strong> : 15-20%<\/li>\n<\/ul>\n<h3>Effekter och f\u00f6rdelar med Gosh Hybrid Weed Strain<\/h3>\n<p>Med en smak- och doftprofil som p\u00e5minner om citrusfrukter och kryddor, <strong>J\u00f6sses<\/strong> erbjuder en komplex och behaglig sensorisk upplevelse. Oavsett om det \u00e4r f\u00f6r att lindra stress eller uppmuntra kreativitet, \u00e4r denna sort perfekt f\u00f6r anv\u00e4ndare som letar efter en dynamisk, balanserad h\u00f6g.<\/p>\n<ul>\n<li><strong>Effekter<\/strong> Eufori, Hj\u00e4rnstimulans, Kreativitet, L\u00e4tt avslappning, Hungerk\u00e4nsla<\/li>\n<li><strong>Perfekt f\u00f6r<\/strong> ADD\/ADHD, \u00c5ngest, Aptitl\u00f6shet, Kronisk sm\u00e4rta, Depression, Illam\u00e5ende, Stress<\/li>\n<\/ul>\n<p>Tillst\u00e5nd som kan lindras med <strong>J\u00f6sses<\/strong> :<\/p>\n<ul>\n<li><strong>\u00c5ngest och stress<\/strong> En lugnande mental v\u00e5g, idealisk f\u00f6r att lugna sinnet.<\/li>\n<li><strong>Depression<\/strong> : Ger en euforisk, energigivande boost.<\/li>\n<li><strong>Kronisk sm\u00e4rta<\/strong> Minskar muskelsp\u00e4nningar utan att vara tung eller lugnande.<\/li>\n<li><strong>Illam\u00e5ende och aptitl\u00f6shet<\/strong> Ett perfekt val f\u00f6r att f\u00f6rb\u00e4ttra aptiten och minska illam\u00e5ende.<\/li>\n<\/ul>\n<h3>Smak och doft av Gosh Hybrid Weed Strain<\/h3>\n<p>Smakerna av <strong>Gosh Hybrid Weed-sort<\/strong> \u00e4r lika f\u00e4ngslande som sitt utseende. Du kommer att njuta av noter av f\u00e4rsk citrus, kryddiga \u00f6rter och tr\u00e4, med en l\u00e4tt touch av tall och s\u00f6tma. Vid varje inandning utvecklas den rika aromen till en komplett smakupplevelse.<\/p>\n<ul>\n<li><strong>Smaker<\/strong> Citrus, kryddig, \u00f6rtartad, s\u00f6t, tr\u00e4ig<\/li>\n<li><strong>Dofter<\/strong> Jordig, Citron, \u00d6rtartad, Tallig, Tr\u00e4ig<\/li>\n<\/ul>\n<h3>Gosh Hybrid Weed Strain utseende<\/h3>\n<p>Knopparna p\u00e5 <strong>J\u00f6sses<\/strong> \u00e4r ett sk\u00e5despel i sig sj\u00e4lva. T\u00e4ckta av eldf\u00e4rgade pistiller och en lysande ockraf\u00e4rgad sl\u00f6ja \u00e4r dessa kompakta, t\u00e4ta huvuden en verklig visuell bedrift. De kristallina trikomerna som t\u00e4cker denna sort ger en gnistrande dimension till helheten, vilket ytterligare f\u00f6rb\u00e4ttrar dess \u00f6verklagande till finsmakare.<\/p>\n<h3>Best\u00e4ll Gosh Hybrid Weed Strain online fr\u00e5n Pressure Zone Shop<\/h3>\n<p>\u00c4r du redo att uppt\u00e4cka Goshs energigivande kl\u00e4ttring? <strong>Best\u00e4ll online<\/strong> fr\u00e5n och med idag <a href=\"https:\/\/pressurezone.shop\/sv\/\" target=\"_new\" rel=\"noopener\">Tryckzonsbutik<\/a> och njut av p\u00e5litlig leverans direkt till din d\u00f6rr. Perfekt f\u00f6r produktiva dagar eller kreativa stunder, <strong>Gosh Hybrid Weed-sort<\/strong> \u00e4r ett perfekt val f\u00f6r dem som letar efter en balanserad, stimulerande h\u00f6g.<\/p>","protected":false},"excerpt":{"rendered":"<p>Sativa Dominant Hybrid - 75% Sativa \/ 25% Indica<\/p>","protected":false},"featured_media":3185,"comment_status":"closed","ping_status":"closed","template":"","meta":{"_uag_custom_page_level_css":"","site-sidebar-layout":"default","site-content-layout":"","ast-site-content-layout":"default","site-content-style":"default","site-sidebar-style":"default","ast-global-header-display":"","ast-banner-title-visibility":"","ast-main-header-display":"","ast-hfb-above-header-display":"","ast-hfb-below-header-display":"","ast-hfb-mobile-header-display":"","site-post-title":"","ast-breadcrumbs-content":"","ast-featured-img":"","footer-sml-layout":"","theme-transparent-header-meta":"default","adv-header-id-meta":"","stick-header-meta":"","header-above-stick-meta":"","header-main-stick-meta":"","header-below-stick-meta":"","astra-migrate-meta-layouts":"set","ast-page-background-enabled":"default","ast-page-background-meta":{"desktop":{"background-color":"","background-image":"","background-repeat":"repeat","background-position":"center center","background-size":"auto","background-attachment":"scroll","background-type":"","background-media":"","overlay-type":"","overlay-color":"","overlay-opacity":"","overlay-gradient":""},"tablet":{"background-color":"","background-image":"","background-repeat":"repeat","background-position":"center center","background-size":"auto","background-attachment":"scroll","background-type":"","background-media":"","overlay-type":"","overlay-color":"","overlay-opacity":"","overlay-gradient":""},"mobile":{"background-color":"","background-image":"","background-repeat":"repeat","background-position":"center center","background-size":"auto","background-attachment":"scroll","background-type":"","background-media":"","overlay-type":"","overlay-color":"","overlay-opacity":"","overlay-gradient":""}},"ast-content-background-meta":{"desktop":{"background-color":"var(--ast-global-color-5)","background-image":"","background-repeat":"repeat","background-position":"center center","background-size":"auto","background-attachment":"scroll","background-type":"","background-media":"","overlay-type":"","overlay-color":"","overlay-opacity":"","overlay-gradient":""},"tablet":{"background-color":"var(--ast-global-color-5)","background-image":"","background-repeat":"repeat","background-position":"center center","background-size":"auto","background-attachment":"scroll","background-type":"","background-media":"","overlay-type":"","overlay-color":"","overlay-opacity":"","overlay-gradient":""},"mobile":{"background-color":"var(--ast-global-color-5)","background-image":"","background-repeat":"repeat","background-position":"center center","background-size":"auto","background-attachment":"scroll","background-type":"","background-media":"","overlay-type":"","overlay-color":"","overlay-opacity":"","overlay-gradient":""}}},"product_brand":[],"product_cat":[28,277],"product_tag":[330],"class_list":{"0":"post-3104","1":"product","2":"type-product","3":"status-publish","4":"has-post-thumbnail","6":"product_cat-varietes-de-cannabis","7":"product_cat-varietes-de-cannabis-hybrides","8":"product_tag-buy-gosh-hybrid-weed-strain-online-europe","9":"desktop-align-left","10":"tablet-align-left","11":"mobile-align-left","13":"first","14":"instock","15":"shipping-taxable","16":"purchasable","17":"product-type-variable"},"uagb_featured_image_src":{"full":["https:\/\/pressurezone.shop\/wp-content\/uploads\/2024\/10\/Gosh-Hybrid-Weed-Strain.jpg",2560,1707,false],"thumbnail":["https:\/\/pressurezone.shop\/wp-content\/uploads\/2024\/10\/Gosh-Hybrid-Weed-Strain-150x150.jpg",150,150,true],"medium":["https:\/\/pressurezone.shop\/wp-content\/uploads\/2024\/10\/Gosh-Hybrid-Weed-Strain-300x200.jpg",300,200,true],"medium_large":["https:\/\/pressurezone.shop\/wp-content\/uploads\/2024\/10\/Gosh-Hybrid-Weed-Strain-768x512.jpg",768,512,true],"large":["https:\/\/pressurezone.shop\/wp-content\/uploads\/2024\/10\/Gosh-Hybrid-Weed-Strain-1024x683.jpg",1024,683,true],"1536x1536":["https:\/\/pressurezone.shop\/wp-content\/uploads\/2024\/10\/Gosh-Hybrid-Weed-Strain-1536x1024.jpg",1536,1024,true],"2048x2048":["https:\/\/pressurezone.shop\/wp-content\/uploads\/2024\/10\/Gosh-Hybrid-Weed-Strain-2048x1366.jpg",2048,1366,true],"trp-custom-language-flag":["https:\/\/pressurezone.shop\/wp-content\/uploads\/2024\/10\/Gosh-Hybrid-Weed-Strain-18x12.jpg",18,12,true],"woocommerce_thumbnail":["https:\/\/pressurezone.shop\/wp-content\/uploads\/2024\/10\/Gosh-Hybrid-Weed-Strain-300x300.jpg",300,300,true],"woocommerce_single":["https:\/\/pressurezone.shop\/wp-content\/uploads\/2024\/10\/Gosh-Hybrid-Weed-Strain-600x400.jpg",600,400,true],"woocommerce_gallery_thumbnail":["https:\/\/pressurezone.shop\/wp-content\/uploads\/2024\/10\/Gosh-Hybrid-Weed-Strain-100x100.jpg",100,100,true]},"uagb_author_info":{"display_name":"pressurezone.shop","author_link":"https:\/\/pressurezone.shop\/sv\/author\/"},"uagb_comment_info":0,"uagb_excerpt":"Sativa Dominant Hybrid \u2013 75% Sativa \/ 25% Indica","_links":{"self":[{"href":"https:\/\/pressurezone.shop\/sv\/wp-json\/wp\/v2\/product\/3104"}],"collection":[{"href":"https:\/\/pressurezone.shop\/sv\/wp-json\/wp\/v2\/product"}],"about":[{"href":"https:\/\/pressurezone.shop\/sv\/wp-json\/wp\/v2\/types\/product"}],"replies":[{"embeddable":true,"href":"https:\/\/pressurezone.shop\/sv\/wp-json\/wp\/v2\/comments?post=3104"}],"version-history":[{"count":3,"href":"https:\/\/pressurezone.shop\/sv\/wp-json\/wp\/v2\/product\/3104\/revisions"}],"predecessor-version":[{"id":3816,"href":"https:\/\/pressurezone.shop\/sv\/wp-json\/wp\/v2\/product\/3104\/revisions\/3816"}],"wp:featuredmedia":[{"embeddable":true,"href":"https:\/\/pressurezone.shop\/sv\/wp-json\/wp\/v2\/media\/3185"}],"wp:attachment":[{"href":"https:\/\/pressurezone.shop\/sv\/wp-json\/wp\/v2\/media?parent=3104"}],"wp:term":[{"taxonomy":"product_brand","embeddable":true,"href":"https:\/\/pressurezone.shop\/sv\/wp-json\/wp\/v2\/product_brand?post=3104"},{"taxonomy":"product_cat","embeddable":true,"href":"https:\/\/pressurezone.shop\/sv\/wp-json\/wp\/v2\/product_cat?post=3104"},{"taxonomy":"product_tag","embeddable":true,"href":"https:\/\/pressurezone.shop\/sv\/wp-json\/wp\/v2\/product_tag?post=3104"}],"curies":[{"name":"wp","href":"https:\/\/api.w.org\/{rel}","templated":true}]}}