{"id":3112,"date":"2024-10-11T00:51:25","date_gmt":"2024-10-10T22:51:25","guid":{"rendered":"https:\/\/pressurezone.shop\/?post_type=product&#038;p=3112"},"modified":"2024-11-03T22:35:31","modified_gmt":"2024-11-03T21:35:31","slug":"sour-bubba-cannabis-strain","status":"publish","type":"product","link":"https:\/\/pressurezone.shop\/sv\/produkt\/sur-bubba-cannabisstam\/","title":{"rendered":"Sour Bubba Cannabis-sort"},"content":{"rendered":"<h3><strong>K\u00f6p Sour Bubba Cannabis Strain online i Europa p\u00e5 <a href=\"https:\/\/pressurezone.shop\/sv\/\" target=\"_new\" rel=\"noopener\">Tryckzonsbutik<\/a><\/strong><\/h3>\n<p>Uppt\u00e4ck de <strong>Sour Bubba Cannabis-sort<\/strong>en 100% indica-sort f\u00f6dd av den legendariska korsningen mellan <strong>Sur diesel<\/strong> och <strong>Bubba Kush<\/strong>. Denna rena indica-sort \u00e4r uppskattad f\u00f6r sina djupt avslappnande effekter och distinkta smakprofil, perfekt f\u00f6r dem som s\u00f6ker fullst\u00e4ndig avkoppling i slutet av dagen.<\/p>\n<h3>Varf\u00f6r v\u00e4lja Sour Bubba Cannabis Strain?<\/h3>\n<p>La <strong>Sour Bubba Cannabis-sort<\/strong> \u00e4r k\u00e4nt f\u00f6r sin lugnande effekt, som b\u00f6rjar med en mild eufori, snabbt f\u00f6ljt av intensiv fysisk avslappning. Denna k\u00e4nsla sprider sig i hela kroppen och ger en behaglig avkoppling som utvecklas till en l\u00e4tt sedering. Sour Bubba \u00e4r perfekt f\u00f6r natten och f\u00f6rbereder dig f\u00f6r en djup och vilsam s\u00f6mn.<a href=\"https:\/\/fuelpackz.com\/\" target=\"_blank\" rel=\"noopener\">.<\/a><\/p>\n<ul>\n<li><strong>Typ<\/strong> Indica Ren<\/li>\n<li><strong>THC<\/strong> : H\u00f6g, l\u00e4mplig f\u00f6r anv\u00e4ndare som vill ha l\u00e5ngvariga, intensiva effekter<\/li>\n<\/ul>\n<h3>Effekter och f\u00f6rdelar med Sour Bubba Weed Strain<\/h3>\n<p>Med sin lugnande, euforiska effekt, <strong>Sour Bubba<\/strong> \u00e4r den perfekta sorten f\u00f6r att lugna sinnet och kroppen, lindra en m\u00e4ngd olika \u00e5kommor samtidigt som den ger en k\u00e4nsla av lycka och avkoppling.<\/p>\n<ul>\n<li><strong>Effekter<\/strong> Eufori, avslappning, s\u00f6mnighet, stickningar, hum\u00f6rh\u00f6jning<\/li>\n<li><strong>Rekommenderas f\u00f6r<\/strong> : Kronisk sm\u00e4rta, s\u00f6mnl\u00f6shet, stress, hum\u00f6rsv\u00e4ngningar, depression<\/li>\n<\/ul>\n<p>Tillst\u00e5nd som kan lindras med <strong>Sour Bubba<\/strong> :<\/p>\n<ul>\n<li><strong>Kronisk sm\u00e4rta och s\u00f6mnl\u00f6shet<\/strong> Slappnar av musklerna och lindrar ih\u00e5llande sm\u00e4rta, vilket fr\u00e4mjar djup s\u00f6mn.<\/li>\n<li><strong>Depression och stress<\/strong> Hj\u00e4lper till att lugna sinnet och f\u00f6rb\u00e4ttra hum\u00f6ret.<\/li>\n<li><strong>Hum\u00f6rsv\u00e4ngningar<\/strong> Fr\u00e4mjar ett tillst\u00e5nd av lugn och v\u00e4lbefinnande.<\/li>\n<\/ul>\n<h3>Smak och doft av Sour Bubba Cannabis Strain<\/h3>\n<p>La <strong>Sour Bubba Cannabis-sort<\/strong> \u00e4r ocks\u00e5 uppskattat f\u00f6r sin rika, komplexa smakprofil. Den avger toner av <strong>diesel<\/strong> och kryddiga \u00f6rter, med inslag av citron och bittra smaker som dr\u00f6jer sig kvar i gommen. Doften \u00e4r intensiv och jordig, med inslag av <strong>citron<\/strong> och br\u00e4nsle som avsl\u00f6jas allteftersom vi g\u00e5r vidare.<\/p>\n<ul>\n<li><strong>Smaker<\/strong> : Diesel, Citrus, Citron, Kryddig, Sur<\/li>\n<li><strong>Dofter<\/strong> Jordig, Diesel, Citron, Kryddig, Sur<\/li>\n<\/ul>\n<h3>Utseende av Sour Bubba Cannabis Strain<\/h3>\n<p>Knopparna p\u00e5 <strong>Sour Bubba<\/strong> \u00e4r t\u00e4ta och t\u00e4ckta med ett fint lager av kristallina trikomer. De \u00e4r prickade med ljusorange pistiller och \u00e5terspeglar kraften i denna sort. Dess k\u00e5drika utseende och kraftfulla doft g\u00f6r den till en favorit bland finsmakare.<\/p>\n<h3>Best\u00e4ll Sour Bubba Cannabis Strain online fr\u00e5n Pressure Zone Shop<\/h3>\n<p>Redo att uppt\u00e4cka den lugnande effekten av <strong>Sour Bubba<\/strong> ? Best\u00e4ll nu p\u00e5 <a href=\"https:\/\/pressurezone.shop\/sv\/\" target=\"_new\" rel=\"noopener\">Tryckzonsbutik<\/a> och njut av denna 100% indica-sort, perfekt f\u00f6r nattlig avkoppling. Oavsett om du vill bek\u00e4mpa s\u00f6mnl\u00f6shet, lindra sm\u00e4rta eller bara koppla av, <strong>Sour Bubba Cannabis-sort<\/strong> \u00e4r ett viktigt val f\u00f6r en \u00f6verl\u00e4gsen upplevelse.<\/p>","protected":false},"excerpt":{"rendered":"<p>Indica THC: 22-24%<\/p>","protected":false},"featured_media":3195,"comment_status":"closed","ping_status":"closed","template":"","meta":{"_uag_custom_page_level_css":"","site-sidebar-layout":"default","site-content-layout":"","ast-site-content-layout":"default","site-content-style":"default","site-sidebar-style":"default","ast-global-header-display":"","ast-banner-title-visibility":"","ast-main-header-display":"","ast-hfb-above-header-display":"","ast-hfb-below-header-display":"","ast-hfb-mobile-header-display":"","site-post-title":"","ast-breadcrumbs-content":"","ast-featured-img":"","footer-sml-layout":"","theme-transparent-header-meta":"default","adv-header-id-meta":"","stick-header-meta":"","header-above-stick-meta":"","header-main-stick-meta":"","header-below-stick-meta":"","astra-migrate-meta-layouts":"set","ast-page-background-enabled":"default","ast-page-background-meta":{"desktop":{"background-color":"","background-image":"","background-repeat":"repeat","background-position":"center center","background-size":"auto","background-attachment":"scroll","background-type":"","background-media":"","overlay-type":"","overlay-color":"","overlay-opacity":"","overlay-gradient":""},"tablet":{"background-color":"","background-image":"","background-repeat":"repeat","background-position":"center center","background-size":"auto","background-attachment":"scroll","background-type":"","background-media":"","overlay-type":"","overlay-color":"","overlay-opacity":"","overlay-gradient":""},"mobile":{"background-color":"","background-image":"","background-repeat":"repeat","background-position":"center center","background-size":"auto","background-attachment":"scroll","background-type":"","background-media":"","overlay-type":"","overlay-color":"","overlay-opacity":"","overlay-gradient":""}},"ast-content-background-meta":{"desktop":{"background-color":"var(--ast-global-color-5)","background-image":"","background-repeat":"repeat","background-position":"center center","background-size":"auto","background-attachment":"scroll","background-type":"","background-media":"","overlay-type":"","overlay-color":"","overlay-opacity":"","overlay-gradient":""},"tablet":{"background-color":"var(--ast-global-color-5)","background-image":"","background-repeat":"repeat","background-position":"center center","background-size":"auto","background-attachment":"scroll","background-type":"","background-media":"","overlay-type":"","overlay-color":"","overlay-opacity":"","overlay-gradient":""},"mobile":{"background-color":"var(--ast-global-color-5)","background-image":"","background-repeat":"repeat","background-position":"center center","background-size":"auto","background-attachment":"scroll","background-type":"","background-media":"","overlay-type":"","overlay-color":"","overlay-opacity":"","overlay-gradient":""}}},"product_brand":[],"product_cat":[28,278],"product_tag":[332],"class_list":{"0":"post-3112","1":"product","2":"type-product","3":"status-publish","4":"has-post-thumbnail","6":"product_cat-varietes-de-cannabis","7":"product_cat-varietes-de-marijuana-indica","8":"product_tag-buy-sour-bubba-cannabis-strain-europe","9":"desktop-align-left","10":"tablet-align-left","11":"mobile-align-left","13":"first","14":"instock","15":"shipping-taxable","16":"purchasable","17":"product-type-variable"},"uagb_featured_image_src":{"full":["https:\/\/pressurezone.shop\/wp-content\/uploads\/2024\/10\/Sour-Bubba-Cannabis-Strain.jpg",2560,1707,false],"thumbnail":["https:\/\/pressurezone.shop\/wp-content\/uploads\/2024\/10\/Sour-Bubba-Cannabis-Strain-150x150.jpg",150,150,true],"medium":["https:\/\/pressurezone.shop\/wp-content\/uploads\/2024\/10\/Sour-Bubba-Cannabis-Strain-300x200.jpg",300,200,true],"medium_large":["https:\/\/pressurezone.shop\/wp-content\/uploads\/2024\/10\/Sour-Bubba-Cannabis-Strain-768x512.jpg",768,512,true],"large":["https:\/\/pressurezone.shop\/wp-content\/uploads\/2024\/10\/Sour-Bubba-Cannabis-Strain-1024x683.jpg",1024,683,true],"1536x1536":["https:\/\/pressurezone.shop\/wp-content\/uploads\/2024\/10\/Sour-Bubba-Cannabis-Strain-1536x1024.jpg",1536,1024,true],"2048x2048":["https:\/\/pressurezone.shop\/wp-content\/uploads\/2024\/10\/Sour-Bubba-Cannabis-Strain-2048x1366.jpg",2048,1366,true],"trp-custom-language-flag":["https:\/\/pressurezone.shop\/wp-content\/uploads\/2024\/10\/Sour-Bubba-Cannabis-Strain-18x12.jpg",18,12,true],"woocommerce_thumbnail":["https:\/\/pressurezone.shop\/wp-content\/uploads\/2024\/10\/Sour-Bubba-Cannabis-Strain-300x300.jpg",300,300,true],"woocommerce_single":["https:\/\/pressurezone.shop\/wp-content\/uploads\/2024\/10\/Sour-Bubba-Cannabis-Strain-600x400.jpg",600,400,true],"woocommerce_gallery_thumbnail":["https:\/\/pressurezone.shop\/wp-content\/uploads\/2024\/10\/Sour-Bubba-Cannabis-Strain-100x100.jpg",100,100,true]},"uagb_author_info":{"display_name":"pressurezone.shop","author_link":"https:\/\/pressurezone.shop\/sv\/author\/"},"uagb_comment_info":0,"uagb_excerpt":"Indica THC: 22-24%","_links":{"self":[{"href":"https:\/\/pressurezone.shop\/sv\/wp-json\/wp\/v2\/product\/3112"}],"collection":[{"href":"https:\/\/pressurezone.shop\/sv\/wp-json\/wp\/v2\/product"}],"about":[{"href":"https:\/\/pressurezone.shop\/sv\/wp-json\/wp\/v2\/types\/product"}],"replies":[{"embeddable":true,"href":"https:\/\/pressurezone.shop\/sv\/wp-json\/wp\/v2\/comments?post=3112"}],"version-history":[{"count":3,"href":"https:\/\/pressurezone.shop\/sv\/wp-json\/wp\/v2\/product\/3112\/revisions"}],"predecessor-version":[{"id":3855,"href":"https:\/\/pressurezone.shop\/sv\/wp-json\/wp\/v2\/product\/3112\/revisions\/3855"}],"wp:featuredmedia":[{"embeddable":true,"href":"https:\/\/pressurezone.shop\/sv\/wp-json\/wp\/v2\/media\/3195"}],"wp:attachment":[{"href":"https:\/\/pressurezone.shop\/sv\/wp-json\/wp\/v2\/media?parent=3112"}],"wp:term":[{"taxonomy":"product_brand","embeddable":true,"href":"https:\/\/pressurezone.shop\/sv\/wp-json\/wp\/v2\/product_brand?post=3112"},{"taxonomy":"product_cat","embeddable":true,"href":"https:\/\/pressurezone.shop\/sv\/wp-json\/wp\/v2\/product_cat?post=3112"},{"taxonomy":"product_tag","embeddable":true,"href":"https:\/\/pressurezone.shop\/sv\/wp-json\/wp\/v2\/product_tag?post=3112"}],"curies":[{"name":"wp","href":"https:\/\/api.w.org\/{rel}","templated":true}]}}