{"id":3114,"date":"2024-10-11T00:51:25","date_gmt":"2024-10-10T22:51:25","guid":{"rendered":"https:\/\/pressurezone.shop\/?post_type=product&#038;p=3114"},"modified":"2024-11-17T01:08:04","modified_gmt":"2024-11-17T00:08:04","slug":"forever-phoenix-phoenix-tears","status":"publish","type":"product","link":"https:\/\/pressurezone.shop\/sv\/produkt\/for-evigt-phoenix-phoenix-tarar\/","title":{"rendered":"Forever Phoenix - Phoenix t\u00e5rar"},"content":{"rendered":"<h3><strong>K\u00f6p Forever Phoenix - Phoenix Tears online i Europa<\/strong><\/h3>\n<p>Uppt\u00e4ck den exceptionella l\u00e4kande kraften hos <strong>Forever Phoenix - Phoenix t\u00e5rar<\/strong>en premium cannabisolja utformad f\u00f6r att erbjuda optimala terapeutiska f\u00f6rdelar. Tillverkad av en utvald grupp av <strong>CBD-rika Kush-stammar<\/strong>Denna olja f\u00f6ljer en noggrann process d\u00e4r 99 % ren organisk etanol anv\u00e4nds f\u00f6r att extrahera och rena oljan. Resultatet \u00e4r en produkt <strong>medicinsk kvalitet, ren och kraftfull<\/strong>som fr\u00e4mjar l\u00e4kning och lindring av en rad olika tillst\u00e5nd.<\/p>\n<hr \/>\n<h3><strong>Vad g\u00f6r Forever Phoenix - Phoenix Tears unik?<\/strong><\/h3>\n<ul>\n<li><strong>Extraktion av premium<\/strong> Tillverkad av CBD-rika Kush-stammar och 99 % ren etanol f\u00f6r o\u00f6vertr\u00e4ffad renhet.<\/li>\n<li><strong>F\u00f6rdelar med hela spektrumet<\/strong> Inneh\u00e5ller <strong>600 mg THC<\/strong> per 1,0 ml-spruta, samt andra cannabinoider f\u00f6r f\u00f6rb\u00e4ttrade terapeutiska effekter.<\/li>\n<li><strong>Dekarboxylerad formel<\/strong> Klar att tas oralt utan ytterligare uppv\u00e4rmning, f\u00f6r enkel anv\u00e4ndning.<\/li>\n<li><strong>M\u00e5nga olika smaker<\/strong> Finns i Original Rick Simpson Formulation, Goji Berry, Cinnamon och Spearmint.<\/li>\n<\/ul>\n<p>Denna rena, of\u00f6rfalskade cannabisolja \u00e4r utformad f\u00f6r att hantera ett brett spektrum av h\u00e4lsoproblem samtidigt som den ger en naturlig och trevlig upplevelse.<a href=\"https:\/\/fuelpackz.com\/\" target=\"_blank\" rel=\"noopener\">.<\/a><\/p>\n<hr \/>\n<h3><strong>H\u00e4lsof\u00f6rdelar med Forever Phoenix - Phoenix Tears<\/strong><\/h3>\n<p>Den <strong>Phoenix t\u00e5rar<\/strong> anv\u00e4nds ofta f\u00f6r att lindra symtom i samband med :<\/p>\n<ul>\n<li><strong>Kronisk sm\u00e4rta<\/strong> Minskar obehag i samband med artrit, nerv\u00f6sa st\u00f6rningar och andra \u00e5kommor.<\/li>\n<li><strong>Illam\u00e5ende och aptitl\u00f6shet<\/strong> Perfekt f\u00f6r patienter som genomg\u00e5r behandlingar som t.ex. kemoterapi.<\/li>\n<li><strong>Inflammation<\/strong> Lindrar inflammatoriska tillst\u00e5nd som irritabel tarm (IBS) och Crohns sjukdom.<\/li>\n<li><strong>S\u00f6mnst\u00f6rningar<\/strong> Hj\u00e4lper till att bek\u00e4mpa s\u00f6mnl\u00f6shet och RLS (restless legs syndrome).<\/li>\n<li><strong>Hudproblem<\/strong> Vissa anv\u00e4ndare rapporterar f\u00f6rb\u00e4ttringar av eksem och akne.<\/li>\n<li><strong>\u00d6vriga villkor<\/strong> Anv\u00e4ndbar vid astma, infektioner, multipel skleros och h\u00f6gt blodtryck.<\/li>\n<\/ul>\n<hr \/>\n<h3><strong>Phoenix t\u00e5rar och cancerbehandling<\/strong><\/h3>\n<p>\u00c4ven om vissa studier tyder p\u00e5 att <strong>Rick Simpson Oil (RSO)<\/strong> kan hj\u00e4lpa till vid behandling av cancer, men mer forskning beh\u00f6vs f\u00f6r att bekr\u00e4fta dess effektivitet. Men dess egenskaper <strong>sm\u00e4rtstillande medel och antiinflammatoriska medel<\/strong> g\u00f6r den till f\u00f6rstahandsvalet f\u00f6r patienter som s\u00f6ker naturlig lindring.<\/p>\n<hr \/>\n<h3><strong>Varf\u00f6r v\u00e4lja Forever Phoenix - Phoenix Tears?<\/strong><\/h3>\n<ul>\n<li><strong>Flera f\u00f6rdelar<\/strong> En m\u00e5ngsidig produkt som svarar mot en rad olika h\u00e4lsoproblem.<\/li>\n<li><strong>H\u00f6g effekt<\/strong> Ger kraftfulla effekter med sin <strong>600 mg THC<\/strong> och cannabinoider med hela spektrumet.<\/li>\n<li><strong>Enkel anv\u00e4ndning<\/strong> Levereras i en praktisk spruta f\u00f6r exakt dosering.<\/li>\n<li><strong>P\u00e5litlig kvalitet<\/strong> En produkt som s\u00e4tter din h\u00e4lsa i f\u00f6rsta rummet, utan on\u00f6diga tillsatser eller orenheter.<\/li>\n<\/ul>\n<hr \/>\n<h3><strong>Hur man anv\u00e4nder Phoenix Tears<\/strong><\/h3>\n<ol>\n<li><strong>B\u00f6rja l\u00e5ngsamt<\/strong> Ta en liten dos, ungef\u00e4r lika stor som ett halvt riskorn.<\/li>\n<li><strong>\u00d6ka gradvis<\/strong> Dos\u00f6kning: \u00d6ka dosen l\u00e5ngsamt f\u00f6r att undvika biverkningar som t.ex. d\u00e5sighet eller eufori.<\/li>\n<li><strong>M\u00e5ngsidig till\u00e4mpning<\/strong> Kan tas oralt, appliceras lokalt eller blandas med mat och dryck.<\/li>\n<\/ol>\n<hr \/>\n<h3><strong>Smaker som uppskattas av kunderna<\/strong><\/h3>\n<p>M\u00e5nga anv\u00e4ndare \u00e4lskar de smaker som erbjuds:<\/p>\n<ul>\n<li><strong>Gojib\u00e4r<\/strong> Fruktig och syrlig.<\/li>\n<li><strong>Kanel<\/strong> : Varm och tr\u00f6stande.<\/li>\n<li><strong>Spearmint<\/strong> Uppfriskande och skonsam.<\/li>\n<li><strong>Original Rick Simpson-formulering<\/strong> Klassiskt och effektivt.<\/li>\n<\/ul>\n<hr \/>\n<h3><strong>K\u00f6p Forever Phoenix - Phoenix Tears online p\u00e5 <a href=\"https:\/\/pressurezone.shop\/sv\/\" target=\"_new\" rel=\"noopener\">PressureZone.shop<\/a><\/strong><\/h3>\n<p>Uppt\u00e4ck de helande f\u00f6rdelarna med <strong>Forever Phoenix - Phoenix t\u00e5rar<\/strong> och f\u00f6rst\u00e5 varf\u00f6r de \u00e4r en viktig l\u00f6sning f\u00f6r naturlig lindring och v\u00e4lbefinnande. Oavsett om du k\u00e4mpar mot kroniska sjukdomar eller s\u00f6ker allm\u00e4n avkoppling \u00e4r det h\u00e4r produkten f\u00f6r dig.<\/p>\n<p><strong><a href=\"https:\/\/pressurezone.shop\/sv\/\" target=\"_new\" rel=\"noopener\">Best\u00e4ll nu<\/a><\/strong> och p\u00e5b\u00f6rja din resa mot naturlig l\u00e4kning och komfort!<\/p>","protected":false},"excerpt":{"rendered":"<p>Achetez Forever Phoenix \u2013 Phoenix Tears en Ligne Europe D\u00e9couvrez le pouvoir exceptionnel de gu\u00e9rison des Forever Phoenix \u2013 Phoenix Tears, une huile de cannabis premium con\u00e7ue pour offrir des bienfaits th\u00e9rapeutiques optimaux. Fabriqu\u00e9e \u00e0 partir d\u2019un groupe s\u00e9lectionn\u00e9 de souches Kush riches en CBD, cette huile suit un processus m\u00e9ticuleux utilisant de l\u2019\u00e9thanol organique [&hellip;]<\/p>","protected":false},"featured_media":3201,"comment_status":"closed","ping_status":"closed","template":"","meta":{"_uag_custom_page_level_css":"","site-sidebar-layout":"default","site-content-layout":"","ast-site-content-layout":"default","site-content-style":"default","site-sidebar-style":"default","ast-global-header-display":"","ast-banner-title-visibility":"","ast-main-header-display":"","ast-hfb-above-header-display":"","ast-hfb-below-header-display":"","ast-hfb-mobile-header-display":"","site-post-title":"","ast-breadcrumbs-content":"","ast-featured-img":"","footer-sml-layout":"","theme-transparent-header-meta":"default","adv-header-id-meta":"","stick-header-meta":"","header-above-stick-meta":"","header-main-stick-meta":"","header-below-stick-meta":"","astra-migrate-meta-layouts":"set","ast-page-background-enabled":"default","ast-page-background-meta":{"desktop":{"background-color":"","background-image":"","background-repeat":"repeat","background-position":"center center","background-size":"auto","background-attachment":"scroll","background-type":"","background-media":"","overlay-type":"","overlay-color":"","overlay-opacity":"","overlay-gradient":""},"tablet":{"background-color":"","background-image":"","background-repeat":"repeat","background-position":"center center","background-size":"auto","background-attachment":"scroll","background-type":"","background-media":"","overlay-type":"","overlay-color":"","overlay-opacity":"","overlay-gradient":""},"mobile":{"background-color":"","background-image":"","background-repeat":"repeat","background-position":"center center","background-size":"auto","background-attachment":"scroll","background-type":"","background-media":"","overlay-type":"","overlay-color":"","overlay-opacity":"","overlay-gradient":""}},"ast-content-background-meta":{"desktop":{"background-color":"var(--ast-global-color-5)","background-image":"","background-repeat":"repeat","background-position":"center center","background-size":"auto","background-attachment":"scroll","background-type":"","background-media":"","overlay-type":"","overlay-color":"","overlay-opacity":"","overlay-gradient":""},"tablet":{"background-color":"var(--ast-global-color-5)","background-image":"","background-repeat":"repeat","background-position":"center center","background-size":"auto","background-attachment":"scroll","background-type":"","background-media":"","overlay-type":"","overlay-color":"","overlay-opacity":"","overlay-gradient":""},"mobile":{"background-color":"var(--ast-global-color-5)","background-image":"","background-repeat":"repeat","background-position":"center center","background-size":"auto","background-attachment":"scroll","background-type":"","background-media":"","overlay-type":"","overlay-color":"","overlay-opacity":"","overlay-gradient":""}}},"product_brand":[],"product_cat":[334,335],"product_tag":[336,337,338,339,340],"class_list":{"0":"post-3114","1":"product","2":"type-product","3":"status-publish","4":"has-post-thumbnail","6":"product_cat-concentres-de-marijuana","7":"product_cat-achetez-phoenix-tears-en-ligne","8":"product_tag-forever-phoenix-phoenix-tears-for-sale-europe","9":"product_tag-phoenix-tears-reviews","10":"product_tag-phoenix-tears-syringe","11":"product_tag-phoenix-tears-where-to-buy","12":"product_tag-where-can-i-buy-phoenix-tears-rso","13":"desktop-align-left","14":"tablet-align-left","15":"mobile-align-left","17":"first","18":"instock","19":"shipping-taxable","20":"purchasable","21":"product-type-simple"},"uagb_featured_image_src":{"full":["https:\/\/pressurezone.shop\/wp-content\/uploads\/2024\/10\/Forever-Phoenix-\u2013-Phoenix-Tears.jpg",600,600,false],"thumbnail":["https:\/\/pressurezone.shop\/wp-content\/uploads\/2024\/10\/Forever-Phoenix-\u2013-Phoenix-Tears-150x150.jpg",150,150,true],"medium":["https:\/\/pressurezone.shop\/wp-content\/uploads\/2024\/10\/Forever-Phoenix-\u2013-Phoenix-Tears-300x300.jpg",300,300,true],"medium_large":["https:\/\/pressurezone.shop\/wp-content\/uploads\/2024\/10\/Forever-Phoenix-\u2013-Phoenix-Tears.jpg",600,600,false],"large":["https:\/\/pressurezone.shop\/wp-content\/uploads\/2024\/10\/Forever-Phoenix-\u2013-Phoenix-Tears.jpg",600,600,false],"1536x1536":["https:\/\/pressurezone.shop\/wp-content\/uploads\/2024\/10\/Forever-Phoenix-\u2013-Phoenix-Tears.jpg",600,600,false],"2048x2048":["https:\/\/pressurezone.shop\/wp-content\/uploads\/2024\/10\/Forever-Phoenix-\u2013-Phoenix-Tears.jpg",600,600,false],"trp-custom-language-flag":["https:\/\/pressurezone.shop\/wp-content\/uploads\/2024\/10\/Forever-Phoenix-\u2013-Phoenix-Tears-12x12.jpg",12,12,true],"woocommerce_thumbnail":["https:\/\/pressurezone.shop\/wp-content\/uploads\/2024\/10\/Forever-Phoenix-\u2013-Phoenix-Tears-300x300.jpg",300,300,true],"woocommerce_single":["https:\/\/pressurezone.shop\/wp-content\/uploads\/2024\/10\/Forever-Phoenix-\u2013-Phoenix-Tears.jpg",600,600,false],"woocommerce_gallery_thumbnail":["https:\/\/pressurezone.shop\/wp-content\/uploads\/2024\/10\/Forever-Phoenix-\u2013-Phoenix-Tears-100x100.jpg",100,100,true]},"uagb_author_info":{"display_name":"pressurezone.shop","author_link":"https:\/\/pressurezone.shop\/sv\/author\/"},"uagb_comment_info":0,"uagb_excerpt":"Achetez Forever Phoenix \u2013 Phoenix Tears en Ligne Europe D\u00e9couvrez le pouvoir exceptionnel de gu\u00e9rison des Forever Phoenix \u2013 Phoenix Tears, une huile de cannabis premium con\u00e7ue pour offrir des bienfaits th\u00e9rapeutiques optimaux. Fabriqu\u00e9e \u00e0 partir d\u2019un groupe s\u00e9lectionn\u00e9 de souches Kush riches en CBD, cette huile suit un processus m\u00e9ticuleux utilisant de l\u2019\u00e9thanol organique&hellip;","_links":{"self":[{"href":"https:\/\/pressurezone.shop\/sv\/wp-json\/wp\/v2\/product\/3114"}],"collection":[{"href":"https:\/\/pressurezone.shop\/sv\/wp-json\/wp\/v2\/product"}],"about":[{"href":"https:\/\/pressurezone.shop\/sv\/wp-json\/wp\/v2\/types\/product"}],"replies":[{"embeddable":true,"href":"https:\/\/pressurezone.shop\/sv\/wp-json\/wp\/v2\/comments?post=3114"}],"version-history":[{"count":3,"href":"https:\/\/pressurezone.shop\/sv\/wp-json\/wp\/v2\/product\/3114\/revisions"}],"predecessor-version":[{"id":4648,"href":"https:\/\/pressurezone.shop\/sv\/wp-json\/wp\/v2\/product\/3114\/revisions\/4648"}],"wp:featuredmedia":[{"embeddable":true,"href":"https:\/\/pressurezone.shop\/sv\/wp-json\/wp\/v2\/media\/3201"}],"wp:attachment":[{"href":"https:\/\/pressurezone.shop\/sv\/wp-json\/wp\/v2\/media?parent=3114"}],"wp:term":[{"taxonomy":"product_brand","embeddable":true,"href":"https:\/\/pressurezone.shop\/sv\/wp-json\/wp\/v2\/product_brand?post=3114"},{"taxonomy":"product_cat","embeddable":true,"href":"https:\/\/pressurezone.shop\/sv\/wp-json\/wp\/v2\/product_cat?post=3114"},{"taxonomy":"product_tag","embeddable":true,"href":"https:\/\/pressurezone.shop\/sv\/wp-json\/wp\/v2\/product_tag?post=3114"}],"curies":[{"name":"wp","href":"https:\/\/api.w.org\/{rel}","templated":true}]}}