{"id":3122,"date":"2024-10-11T00:51:48","date_gmt":"2024-10-10T22:51:48","guid":{"rendered":"https:\/\/pressurezone.shop\/?post_type=product&#038;p=3122"},"modified":"2024-11-17T02:43:16","modified_gmt":"2024-11-17T01:43:16","slug":"huile-cbd-full-spectrum","status":"publish","type":"product","link":"https:\/\/pressurezone.shop\/sv\/produkt\/fullspektrum-cbd-olja\/","title":{"rendered":"CBD Full Spectrum olja"},"content":{"rendered":"<div class=\"flex-shrink-0 flex flex-col relative items-end\">\n<div>\n<div class=\"pt-0\">\n<div class=\"gizmo-bot-avatar flex h-8 w-8 items-center justify-center overflow-hidden rounded-full\">\n<div class=\"relative p-1 rounded-sm flex items-center justify-center bg-token-main-surface-primary text-token-text-primary h-8 w-8\"><\/div>\n<\/div>\n<\/div>\n<\/div>\n<\/div>\n<div class=\"group\/conversation-turn relative flex w-full min-w-0 flex-col agent-turn\">\n<div class=\"flex-col gap-1 md:gap-3\">\n<div class=\"flex max-w-full flex-col flex-grow\">\n<div class=\"min-h-8 text-message flex w-full flex-col items-end gap-2 whitespace-normal break-words [.text-message+&amp;]:mt-5\" dir=\"auto\" data-message-author-role=\"assistant\" data-message-id=\"98ec086b-188b-461b-9635-b7e503ba5c5b\" data-message-model-slug=\"gpt-4o\">\n<div class=\"flex w-full flex-col gap-1 empty:hidden first:pt-[3px]\">\n<div class=\"markdown prose w-full break-words dark:prose-invert light\">\n<h3><strong>K\u00f6p Viridesco Full Spectrum CBD Oil online i Europa<\/strong><\/h3>\n<p>Uppt\u00e4ck de oj\u00e4mf\u00f6rliga f\u00f6rdelarna med<strong>Viridesco Full Spectrum CBD olja<\/strong>en cannabisolja av h\u00f6gsta kvalitet som utvinns ur hampablommor som odlas i v\u00e4xthus. Denna <strong>CBD olja<\/strong> r\u00e5, obearbetad och organisk, erbjuder en m\u00e5ngsidig l\u00f6sning f\u00f6r \u00e4tbar, r\u00f6kbar och topisk anv\u00e4ndning. Den \u00e4r idealisk f\u00f6r anv\u00e4ndare av medicinsk cannabis och \u00e4r allm\u00e4nt erk\u00e4nd f\u00f6r sina l\u00e4kande egenskaper och sin anv\u00e4ndarv\u00e4nlighet.<a href=\"https:\/\/fuelpackz.com\/\" target=\"_blank\" rel=\"noopener\">.<\/a><\/p>\n<hr \/>\n<h3><strong>Vad \u00e4r Viridesco Full Spectrum CBD Oil?<\/strong><\/h3>\n<p>Viridesco Full Spectrum CBD-olja \u00e4r en <strong>h\u00f6gkoncentrerat cannabisextrakt<\/strong> utformad f\u00f6r att leverera alla cannabinoider som finns i hampa. Ofta kallas <strong>Rick Simpson Oil (RSO)<\/strong> eller <strong>Phoenix t\u00e5rar<\/strong>Denna olja \u00e4r ett p\u00e5litligt val f\u00f6r dem som s\u00f6ker naturlig lindring f\u00f6r en m\u00e4ngd olika \u00e5kommor.<\/p>\n<hr \/>\n<h3><strong>Produktinformation<\/strong><\/h3>\n<ul>\n<li><strong>Inneh\u00e5ll<\/strong> 1 x spruta med Viridesco-olja<\/li>\n<li><strong>CBD-inneh\u00e5ll<\/strong> : 54,5 % &#8211; 60,7 %<\/li>\n<li><strong>Tillg\u00e4ngliga storlekar<\/strong> 1 mL till 10 mL<\/li>\n<li><strong>F\u00f6rpackning<\/strong> Levereras i den revolutionerande Patron Eos-dispensern f\u00f6r exakt dosering ner till 0,01 ml.<\/li>\n<\/ul>\n<hr \/>\n<h3><strong>Huvudegenskaper hos Viridesco Full Spectrum CBD-olja<\/strong><\/h3>\n<ol>\n<li><strong>Ekologisk och r\u00e5<\/strong> Extraheras fr\u00e5n hampablommor som odlas i v\u00e4xthus, utan tillsatser eller konserveringsmedel.<\/li>\n<li><strong>M\u00e5ngsidig anv\u00e4ndning<\/strong> Kan tas oralt, r\u00f6kas eller appliceras p\u00e5 huden.<\/li>\n<li><strong>Sjukv\u00e5rdsf\u00f6rm\u00e5ner<\/strong> K\u00e4nd f\u00f6r att lindra sm\u00e4rta, minska inflammation, hantera stress och mycket mer.<\/li>\n<li><strong>Avancerad konditionering<\/strong> Patron Eos-Dispenser garanterar optimal precision, vilket g\u00f6r det l\u00e4ttare att kontrollera din dosering.<\/li>\n<\/ol>\n<hr \/>\n<h3><strong>Varf\u00f6r v\u00e4lja Viridesco CBD-olja?<\/strong><\/h3>\n<p>Viridesco Full Spectrum CBD-olja erbjuder en naturlig och effektiv l\u00f6sning p\u00e5 problemet med r\u00f6kning. <strong>fullst\u00e4ndig \u00e5terh\u00e4mtning<\/strong> f\u00f6r dem som letar efter ett v\u00e4xtbaserat alternativ. Den inneh\u00e5ller en balanserad profil av cannabinoider som verkar synergistiskt f\u00f6r att f\u00f6rb\u00e4ttra dess terapeutiska effekter.<\/p>\n<hr \/>\n<h3><strong>F\u00f6rdelar med Full Spectrum CBD-olja<\/strong><\/h3>\n<ul>\n<li><strong>Lindring av sm\u00e4rta<\/strong> Lindrar kronisk sm\u00e4rta, artrit och muskelv\u00e4rk.<\/li>\n<li><strong>Antiinflammatoriskt<\/strong> Minskar inflammation, vilket ger lindring vid tillst\u00e5nd som IBS och ledv\u00e4rk.<\/li>\n<li><strong>Stress- och \u00e5ngesthantering<\/strong> Lugnar sinnet och hj\u00e4lper till att reglera hum\u00f6rsv\u00e4ngningar.<\/li>\n<li><strong>Fr\u00e4mjar s\u00f6mn<\/strong> Idealisk f\u00f6r dem som lider av s\u00f6mnl\u00f6shet eller s\u00f6mnst\u00f6rningar.<\/li>\n<li><strong>Hudh\u00e4lsa<\/strong> Kan appliceras lokalt f\u00f6r att f\u00f6rb\u00e4ttra hud\u00e5kommor som eksem och akne.<\/li>\n<\/ul>\n<hr \/>\n<h3><strong>Hur man anv\u00e4nder Viridesco Full Spectrum CBD-olja<\/strong><\/h3>\n<ol>\n<li><strong>Oral konsumtion<\/strong> Placera \u00f6nskad dos under tungan och h\u00e5ll kvar i 30 sekunder innan du sv\u00e4ljer.<\/li>\n<li><strong>R\u00f6kt eller sprayad<\/strong> Tills\u00e4tt oljan i din favoritr\u00f6k- eller vapingapparat f\u00f6r snabb lindring.<\/li>\n<li><strong>Topikal applicering<\/strong> Applicera en liten m\u00e4ngd direkt p\u00e5 huden f\u00f6r lokal lindring.<\/li>\n<\/ol>\n<hr \/>\n<h3><strong>Rekommenderad dosering<\/strong><\/h3>\n<p>B\u00f6rja med en liten dos (lika stor som ett riskorn) och \u00f6ka den gradvis om det beh\u00f6vs. F\u00f6r b\u00e4sta resultat b\u00f6r du anpassa dosen efter din vikt och hur allvarligt ditt tillst\u00e5nd \u00e4r.<\/p>\n<hr \/>\n<h3><strong>Varf\u00f6r k\u00f6pa fr\u00e5n Pressure Zone?<\/strong><\/h3>\n<p>Vid <strong><a href=\"https:\/\/pressurezone.shop\/sv\/\" target=\"_new\" rel=\"noopener\">PressureZone.shop<\/a><\/strong>Vi \u00e4r fast beslutna att erbjuda premium cannabisprodukter, inklusive<strong>Viridesco Full Spectrum CBD olja<\/strong>. Alla v\u00e5ra produkter \u00e4r laboratorietestade f\u00f6r att garantera s\u00e4kerhet, konsistens och effektivitet, vilket ger dig f\u00f6rtroendet att njuta av din cannabisupplevelse till fullo.<\/p>\n<hr \/>\n<h3><strong>Best\u00e4ll Viridesco Full Spectrum CBD-olja idag!<\/strong><\/h3>\n<p>V\u00e4nta inte med att uppt\u00e4cka de naturliga f\u00f6rdelarna med<strong>CBD Full Spectrum olja<\/strong>. K\u00f6p nu p\u00e5 <strong><a href=\"https:\/\/pressurezone.shop\/sv\/\" target=\"_new\" rel=\"noopener\">PressureZone.shop<\/a><\/strong> f\u00f6r snabb leverans i hela Europa och o\u00f6vertr\u00e4ffad kvalitet.<\/p>\n<\/div>\n<\/div>\n<\/div>\n<\/div>\n<\/div>\n<\/div>","protected":false},"excerpt":{"rendered":"<p>Achetez Viridesco Full Spectrum CBD Oil en ligne en Europe D\u00e9couvrez les bienfaits incomparables de l&rsquo;huile CBD Viridesco Full Spectrum, une huile de cannabis de qualit\u00e9 sup\u00e9rieure extraite de fleurs de chanvre cultiv\u00e9es en serre. Cette huile de CBD brute, non transform\u00e9e et biologique, offre une solution polyvalente pour une utilisation comestible, fumable et topique. [&hellip;]<\/p>","protected":false},"featured_media":3208,"comment_status":"closed","ping_status":"closed","template":"","meta":{"_uag_custom_page_level_css":"","site-sidebar-layout":"default","site-content-layout":"","ast-site-content-layout":"default","site-content-style":"default","site-sidebar-style":"default","ast-global-header-display":"","ast-banner-title-visibility":"","ast-main-header-display":"","ast-hfb-above-header-display":"","ast-hfb-below-header-display":"","ast-hfb-mobile-header-display":"","site-post-title":"","ast-breadcrumbs-content":"","ast-featured-img":"","footer-sml-layout":"","theme-transparent-header-meta":"default","adv-header-id-meta":"","stick-header-meta":"","header-above-stick-meta":"","header-main-stick-meta":"","header-below-stick-meta":"","astra-migrate-meta-layouts":"set","ast-page-background-enabled":"default","ast-page-background-meta":{"desktop":{"background-color":"","background-image":"","background-repeat":"repeat","background-position":"center center","background-size":"auto","background-attachment":"scroll","background-type":"","background-media":"","overlay-type":"","overlay-color":"","overlay-opacity":"","overlay-gradient":""},"tablet":{"background-color":"","background-image":"","background-repeat":"repeat","background-position":"center center","background-size":"auto","background-attachment":"scroll","background-type":"","background-media":"","overlay-type":"","overlay-color":"","overlay-opacity":"","overlay-gradient":""},"mobile":{"background-color":"","background-image":"","background-repeat":"repeat","background-position":"center center","background-size":"auto","background-attachment":"scroll","background-type":"","background-media":"","overlay-type":"","overlay-color":"","overlay-opacity":"","overlay-gradient":""}},"ast-content-background-meta":{"desktop":{"background-color":"var(--ast-global-color-5)","background-image":"","background-repeat":"repeat","background-position":"center center","background-size":"auto","background-attachment":"scroll","background-type":"","background-media":"","overlay-type":"","overlay-color":"","overlay-opacity":"","overlay-gradient":""},"tablet":{"background-color":"var(--ast-global-color-5)","background-image":"","background-repeat":"repeat","background-position":"center center","background-size":"auto","background-attachment":"scroll","background-type":"","background-media":"","overlay-type":"","overlay-color":"","overlay-opacity":"","overlay-gradient":""},"mobile":{"background-color":"var(--ast-global-color-5)","background-image":"","background-repeat":"repeat","background-position":"center center","background-size":"auto","background-attachment":"scroll","background-type":"","background-media":"","overlay-type":"","overlay-color":"","overlay-opacity":"","overlay-gradient":""}}},"product_brand":[],"product_cat":[334,335],"product_tag":[345],"class_list":{"0":"post-3122","1":"product","2":"type-product","3":"status-publish","4":"has-post-thumbnail","6":"product_cat-concentres-de-marijuana","7":"product_cat-achetez-phoenix-tears-en-ligne","8":"product_tag-buy-viridesco-full-spectrum-cbd-oil-online-europe","9":"desktop-align-left","10":"tablet-align-left","11":"mobile-align-left","13":"first","14":"instock","15":"shipping-taxable","16":"purchasable","17":"product-type-simple"},"uagb_featured_image_src":{"full":["https:\/\/pressurezone.shop\/wp-content\/uploads\/2024\/10\/Viridesco-Full-Spectrum-CBD-Oil.jpg",768,768,false],"thumbnail":["https:\/\/pressurezone.shop\/wp-content\/uploads\/2024\/10\/Viridesco-Full-Spectrum-CBD-Oil-150x150.jpg",150,150,true],"medium":["https:\/\/pressurezone.shop\/wp-content\/uploads\/2024\/10\/Viridesco-Full-Spectrum-CBD-Oil-300x300.jpg",300,300,true],"medium_large":["https:\/\/pressurezone.shop\/wp-content\/uploads\/2024\/10\/Viridesco-Full-Spectrum-CBD-Oil.jpg",768,768,false],"large":["https:\/\/pressurezone.shop\/wp-content\/uploads\/2024\/10\/Viridesco-Full-Spectrum-CBD-Oil.jpg",768,768,false],"1536x1536":["https:\/\/pressurezone.shop\/wp-content\/uploads\/2024\/10\/Viridesco-Full-Spectrum-CBD-Oil.jpg",768,768,false],"2048x2048":["https:\/\/pressurezone.shop\/wp-content\/uploads\/2024\/10\/Viridesco-Full-Spectrum-CBD-Oil.jpg",768,768,false],"trp-custom-language-flag":["https:\/\/pressurezone.shop\/wp-content\/uploads\/2024\/10\/Viridesco-Full-Spectrum-CBD-Oil-12x12.jpg",12,12,true],"woocommerce_thumbnail":["https:\/\/pressurezone.shop\/wp-content\/uploads\/2024\/10\/Viridesco-Full-Spectrum-CBD-Oil-300x300.jpg",300,300,true],"woocommerce_single":["https:\/\/pressurezone.shop\/wp-content\/uploads\/2024\/10\/Viridesco-Full-Spectrum-CBD-Oil-600x600.jpg",600,600,true],"woocommerce_gallery_thumbnail":["https:\/\/pressurezone.shop\/wp-content\/uploads\/2024\/10\/Viridesco-Full-Spectrum-CBD-Oil-100x100.jpg",100,100,true]},"uagb_author_info":{"display_name":"pressurezone.shop","author_link":"https:\/\/pressurezone.shop\/sv\/author\/"},"uagb_comment_info":0,"uagb_excerpt":"Achetez Viridesco Full Spectrum CBD Oil en ligne en Europe D\u00e9couvrez les bienfaits incomparables de l&rsquo;huile CBD Viridesco Full Spectrum, une huile de cannabis de qualit\u00e9 sup\u00e9rieure extraite de fleurs de chanvre cultiv\u00e9es en serre. Cette huile de CBD brute, non transform\u00e9e et biologique, offre une solution polyvalente pour une utilisation comestible, fumable et topique.&hellip;","_links":{"self":[{"href":"https:\/\/pressurezone.shop\/sv\/wp-json\/wp\/v2\/product\/3122"}],"collection":[{"href":"https:\/\/pressurezone.shop\/sv\/wp-json\/wp\/v2\/product"}],"about":[{"href":"https:\/\/pressurezone.shop\/sv\/wp-json\/wp\/v2\/types\/product"}],"replies":[{"embeddable":true,"href":"https:\/\/pressurezone.shop\/sv\/wp-json\/wp\/v2\/comments?post=3122"}],"version-history":[{"count":3,"href":"https:\/\/pressurezone.shop\/sv\/wp-json\/wp\/v2\/product\/3122\/revisions"}],"predecessor-version":[{"id":4656,"href":"https:\/\/pressurezone.shop\/sv\/wp-json\/wp\/v2\/product\/3122\/revisions\/4656"}],"wp:featuredmedia":[{"embeddable":true,"href":"https:\/\/pressurezone.shop\/sv\/wp-json\/wp\/v2\/media\/3208"}],"wp:attachment":[{"href":"https:\/\/pressurezone.shop\/sv\/wp-json\/wp\/v2\/media?parent=3122"}],"wp:term":[{"taxonomy":"product_brand","embeddable":true,"href":"https:\/\/pressurezone.shop\/sv\/wp-json\/wp\/v2\/product_brand?post=3122"},{"taxonomy":"product_cat","embeddable":true,"href":"https:\/\/pressurezone.shop\/sv\/wp-json\/wp\/v2\/product_cat?post=3122"},{"taxonomy":"product_tag","embeddable":true,"href":"https:\/\/pressurezone.shop\/sv\/wp-json\/wp\/v2\/product_tag?post=3122"}],"curies":[{"name":"wp","href":"https:\/\/api.w.org\/{rel}","templated":true}]}}