{"id":3130,"date":"2024-10-11T00:52:15","date_gmt":"2024-10-10T22:52:15","guid":{"rendered":"https:\/\/pressurezone.shop\/?post_type=product&#038;p=3130"},"modified":"2024-11-16T00:14:19","modified_gmt":"2024-11-15T23:14:19","slug":"honey-oil-de-faded-extracts","status":"publish","type":"product","link":"https:\/\/pressurezone.shop\/sv\/produkt\/honungsolja-fran-blekta-extrakt\/","title":{"rendered":"Honungsolja fr\u00e5n blekta extrakt"},"content":{"rendered":"<h3>K\u00f6p Honey Oil - Faded Extracts online i Europa: En m\u00e5ngsidig cannabisinfusion f\u00f6r ditt vardagliga liv<\/h3>\n<p>Uppt\u00e4ck f\u00f6rdelarna med <strong>Honungsolja fr\u00e5n blekta extrakt<\/strong>ett premium cannabiskoncentrat utformat f\u00f6r h\u00e4lsomedvetna cannabis\u00e4lskare. Perfekt f\u00f6r dem som letar efter ett r\u00f6kfritt alternativ, detta <strong>Honungsolja<\/strong> ger bekv\u00e4mlighet och m\u00e5ngsidighet till din dagliga rutin<a href=\"https:\/\/fuelpackz.com\/\" target=\"_blank\" rel=\"noopener\">.<\/a><\/p>\n<hr \/>\n<h3><strong>Vad \u00e4r honungsolja fr\u00e5n bleka extrakt?<\/strong><\/h3>\n<p>Honey Oil fr\u00e5n Faded Extracts \u00e4r ett h\u00f6gkvalitativt cannabiskoncentrat speciellt formulerat f\u00f6r en l\u00e5ngvarig effekt. <strong>oral konsumtion<\/strong>. Till skillnad fr\u00e5n traditionella cannabisoljor som \u00e4r utformade f\u00f6r att r\u00f6kas eller f\u00f6r\u00e5ngas, erbjuder denna olja en <strong>innovativ metod<\/strong> att g\u00f6ra cannabis till en del av din h\u00e4lsorutin.<\/p>\n<ul>\n<li><strong>R\u00f6kfritt alternativ<\/strong> : Idealisk f\u00f6r h\u00e4lsomedvetna anv\u00e4ndare<\/li>\n<li><strong>M\u00e5ngsidig till\u00e4mpning<\/strong> F\u00f6r att blanda i drycker eller matr\u00e4tter eller ta direkt fr\u00e5n munnen<\/li>\n<li><strong>H\u00f6gsta kvalitet<\/strong> Exakt extraktion f\u00f6r optimal effekt och renhet<\/li>\n<\/ul>\n<hr \/>\n<h3><strong>Varf\u00f6r v\u00e4lja Honey Oil fr\u00e5n Faded Extracts?<\/strong><\/h3>\n<p>Faded Extracts omdefinierar cannabiskoncentrat med sina <strong>signatur honungsolja<\/strong>utformad f\u00f6r att ge en s\u00f6ml\u00f6s upplevelse f\u00f6r anv\u00e4ndare som f\u00f6redrar en mer intuitiv anv\u00e4ndarupplevelse. <strong>ett diskret och v\u00e4lsmakande alternativ<\/strong>.<\/p>\n<h4><strong>Funktioner<\/strong><\/h4>\n<ul>\n<li><strong>Formulerad f\u00f6r oral anv\u00e4ndning<\/strong> Inget behov av att r\u00f6ka eller vaporisera<\/li>\n<li><strong>Rik p\u00e5 cannabinoider<\/strong> Kraftfull och effektiv f\u00f6r en m\u00e4ngd olika terapeutiska till\u00e4mpningar<\/li>\n<li><strong>V\u00e4tskans konsistens<\/strong> Perfekt f\u00f6r att blanda i drinkar eller matr\u00e4tter<\/li>\n<\/ul>\n<h4><strong>F\u00f6rdelar<\/strong><\/h4>\n<ul>\n<li><strong>H\u00e4lsosam<\/strong> : Undviker de irriterande \u00e4mnen som f\u00f6rknippas med r\u00f6k<\/li>\n<li><strong>Diskret<\/strong> : Perfekt f\u00f6r en aktiv livsstil p\u00e5 resande fot<\/li>\n<li><strong>Anpassningsbara doser<\/strong> Anpassa efter dina behov<\/li>\n<\/ul>\n<hr \/>\n<h3><strong>Hur anv\u00e4nder jag Faded Extracts Honey Oil?<\/strong><\/h3>\n<p>Detta <strong>cannabis honungsolja<\/strong> kan integreras i din dagliga rutin p\u00e5 m\u00e5nga olika s\u00e4tt. Oavsett om du letar efter terapeutisk lindring eller en kreativ kulinarisk infusion, <strong>Honungsolja fr\u00e5n blekta extrakt<\/strong> f\u00f6renklar allt.<\/p>\n<ol>\n<li><strong>Som dryckesf\u00f6rst\u00e4rkare<\/strong>\n<ul>\n<li>Tills\u00e4tt en liten m\u00e4ngd i te, kaffe eller smoothies f\u00f6r en avkopplande dryck.<\/li>\n<\/ul>\n<\/li>\n<li><strong>Tillagad mat<\/strong>\n<ul>\n<li>Anv\u00e4nd den som s\u00f6tningsmedel i bakverk som kakor eller muffins.<\/li>\n<\/ul>\n<\/li>\n<li><strong>Direkt oral konsumtion<\/strong>\n<ul>\n<li>Ta det sublingualt eller direkt f\u00f6r snabb och bekv\u00e4m effekt.<\/li>\n<\/ul>\n<\/li>\n<li><strong>Topiska till\u00e4mpningar<\/strong>\n<ul>\n<li>Applicera en liten m\u00e4ngd p\u00e5 huden f\u00f6r lokal lindring.<\/li>\n<\/ul>\n<\/li>\n<\/ol>\n<hr \/>\n<h3><strong>Varf\u00f6r Faded Extracts Honey Oil \u00e4r unik<\/strong><\/h3>\n<ul>\n<li><strong>H\u00f6g effekt<\/strong> Rik p\u00e5 THC och andra nyttiga cannabinoider.<\/li>\n<li><strong>Garanterad kvalitet<\/strong> Framst\u00e4lld med avancerade extraktionsmetoder f\u00f6r optimal renhet.<\/li>\n<li><strong>Ekologiskt ansvarstagande<\/strong> H\u00e5llbara, milj\u00f6v\u00e4nliga f\u00f6rpackningar.<\/li>\n<\/ul>\n<hr \/>\n<h3><strong>Vem \u00e4r Honey Oil f\u00f6r?<\/strong><\/h3>\n<p>Faded Extracts Honey Oil \u00e4r idealisk f\u00f6r :<\/p>\n<ul>\n<li><strong>Medicinska patienter<\/strong> s\u00f6ker alternativ till r\u00f6kning<\/li>\n<li><strong>Wellness-entusiaster<\/strong> inf\u00f6rlivar cannabis i sina dagliga rutiner<\/li>\n<li><strong>De kulinariska kreat\u00f6rerna<\/strong> som vill experimentera med recept som inneh\u00e5ller cannabis<\/li>\n<\/ul>\n<hr \/>\n<h3><strong>Produktinformation<\/strong><\/h3>\n<ul>\n<li><strong>Typ<\/strong> : Premium cannabisolja<\/li>\n<li><strong>Anv\u00e4ndning<\/strong> Oral, \u00e4tbar eller topikal<\/li>\n<li><strong>F\u00f6rpackning<\/strong> Flaska med pipett f\u00f6r exakt dosering<\/li>\n<li><strong>K\u00e4lla<\/strong> Tillverkad av premium cannabisstammar<\/li>\n<\/ul>\n<hr \/>\n<h3><strong>Best\u00e4ll honungsolja online i Europa<\/strong><\/h3>\n<p>Uppt\u00e4ck m\u00e5ngsidigheten hos <strong>Honungsolja fr\u00e5n blekta extrakt<\/strong> och ta kontroll \u00f6ver din cannabisupplevelse. Oavsett om du vill f\u00f6rb\u00e4ttra ditt morgonkaffe eller l\u00e4gga till en terapeutisk touch i din rutin, \u00e4r denna olja det perfekta valet.<\/p>\n<p><strong>K\u00f6p nu p\u00e5 <a href=\"https:\/\/pressurezone.shop\/sv\/\" target=\"_new\" rel=\"noopener\">Tryckzonsbutik<\/a><\/strong> och njut av diskret leverans i hela Europa. Missa inte denna r\u00f6kfria cannabisl\u00f6sning av h\u00f6gsta kvalitet.<\/p>","protected":false},"excerpt":{"rendered":"<table id=\"tg-SPY5c\" class=\"tg\">\n<thead>\n<tr>\n<th class=\"tg-ul38\"><\/th>\n<th class=\"tg-ul38\"><\/th>\n<\/tr>\n<\/thead>\n<tbody>\n<tr>\n<td class=\"tg-0lax\"><strong>INNEH\u00c5LL<\/strong><\/td>\n<td class=\"tg-0lax\">1,0 mL eller 3,0 mL<\/td>\n<\/tr>\n<tr>\n<td class=\"tg-0lax\"><strong>THC-KONCENTRATION<\/strong><\/td>\n<td class=\"tg-0lax\">50-60% THC<\/td>\n<\/tr>\n<tr>\n<td class=\"tg-0lax\"><b>CBD-KONCENTRATION<\/b><\/td>\n<td class=\"tg-0lax\">&lt;1% CBD<\/td>\n<\/tr>\n<tr>\n<td class=\"tg-0lax\"><strong>KONSISTENS<\/strong><\/td>\n<td class=\"tg-0lax\">Gelato 33 x Br\u00f6llopst\u00e5rta<\/td>\n<\/tr>\n<\/tbody>\n<\/table>","protected":false},"featured_media":3212,"comment_status":"closed","ping_status":"closed","template":"","meta":{"_uag_custom_page_level_css":"","site-sidebar-layout":"default","site-content-layout":"","ast-site-content-layout":"default","site-content-style":"default","site-sidebar-style":"default","ast-global-header-display":"","ast-banner-title-visibility":"","ast-main-header-display":"","ast-hfb-above-header-display":"","ast-hfb-below-header-display":"","ast-hfb-mobile-header-display":"","site-post-title":"","ast-breadcrumbs-content":"","ast-featured-img":"","footer-sml-layout":"","theme-transparent-header-meta":"default","adv-header-id-meta":"","stick-header-meta":"","header-above-stick-meta":"","header-main-stick-meta":"","header-below-stick-meta":"","astra-migrate-meta-layouts":"set","ast-page-background-enabled":"default","ast-page-background-meta":{"desktop":{"background-color":"","background-image":"","background-repeat":"repeat","background-position":"center center","background-size":"auto","background-attachment":"scroll","background-type":"","background-media":"","overlay-type":"","overlay-color":"","overlay-opacity":"","overlay-gradient":""},"tablet":{"background-color":"","background-image":"","background-repeat":"repeat","background-position":"center center","background-size":"auto","background-attachment":"scroll","background-type":"","background-media":"","overlay-type":"","overlay-color":"","overlay-opacity":"","overlay-gradient":""},"mobile":{"background-color":"","background-image":"","background-repeat":"repeat","background-position":"center center","background-size":"auto","background-attachment":"scroll","background-type":"","background-media":"","overlay-type":"","overlay-color":"","overlay-opacity":"","overlay-gradient":""}},"ast-content-background-meta":{"desktop":{"background-color":"var(--ast-global-color-5)","background-image":"","background-repeat":"repeat","background-position":"center center","background-size":"auto","background-attachment":"scroll","background-type":"","background-media":"","overlay-type":"","overlay-color":"","overlay-opacity":"","overlay-gradient":""},"tablet":{"background-color":"var(--ast-global-color-5)","background-image":"","background-repeat":"repeat","background-position":"center center","background-size":"auto","background-attachment":"scroll","background-type":"","background-media":"","overlay-type":"","overlay-color":"","overlay-opacity":"","overlay-gradient":""},"mobile":{"background-color":"var(--ast-global-color-5)","background-image":"","background-repeat":"repeat","background-position":"center center","background-size":"auto","background-attachment":"scroll","background-type":"","background-media":"","overlay-type":"","overlay-color":"","overlay-opacity":"","overlay-gradient":""}}},"product_brand":[],"product_cat":[334,335],"product_tag":[347],"class_list":{"0":"post-3130","1":"product","2":"type-product","3":"status-publish","4":"has-post-thumbnail","6":"product_cat-concentres-de-marijuana","7":"product_cat-achetez-phoenix-tears-en-ligne","8":"product_tag-buy-honey-oil-faded-extracts-europe","9":"desktop-align-left","10":"tablet-align-left","11":"mobile-align-left","13":"first","14":"instock","15":"shipping-taxable","16":"purchasable","17":"product-type-simple"},"uagb_featured_image_src":{"full":["https:\/\/pressurezone.shop\/wp-content\/uploads\/2024\/10\/Buy-Honey-Oil-\u2013-Faded-Extracts.webp",1000,1000,false],"thumbnail":["https:\/\/pressurezone.shop\/wp-content\/uploads\/2024\/10\/Buy-Honey-Oil-\u2013-Faded-Extracts-150x150.webp",150,150,true],"medium":["https:\/\/pressurezone.shop\/wp-content\/uploads\/2024\/10\/Buy-Honey-Oil-\u2013-Faded-Extracts-300x300.webp",300,300,true],"medium_large":["https:\/\/pressurezone.shop\/wp-content\/uploads\/2024\/10\/Buy-Honey-Oil-\u2013-Faded-Extracts-768x768.webp",768,768,true],"large":["https:\/\/pressurezone.shop\/wp-content\/uploads\/2024\/10\/Buy-Honey-Oil-\u2013-Faded-Extracts.webp",1000,1000,false],"1536x1536":["https:\/\/pressurezone.shop\/wp-content\/uploads\/2024\/10\/Buy-Honey-Oil-\u2013-Faded-Extracts.webp",1000,1000,false],"2048x2048":["https:\/\/pressurezone.shop\/wp-content\/uploads\/2024\/10\/Buy-Honey-Oil-\u2013-Faded-Extracts.webp",1000,1000,false],"trp-custom-language-flag":["https:\/\/pressurezone.shop\/wp-content\/uploads\/2024\/10\/Buy-Honey-Oil-\u2013-Faded-Extracts-12x12.webp",12,12,true],"woocommerce_thumbnail":["https:\/\/pressurezone.shop\/wp-content\/uploads\/2024\/10\/Buy-Honey-Oil-\u2013-Faded-Extracts-300x300.webp",300,300,true],"woocommerce_single":["https:\/\/pressurezone.shop\/wp-content\/uploads\/2024\/10\/Buy-Honey-Oil-\u2013-Faded-Extracts-600x600.webp",600,600,true],"woocommerce_gallery_thumbnail":["https:\/\/pressurezone.shop\/wp-content\/uploads\/2024\/10\/Buy-Honey-Oil-\u2013-Faded-Extracts-100x100.webp",100,100,true]},"uagb_author_info":{"display_name":"pressurezone.shop","author_link":"https:\/\/pressurezone.shop\/sv\/author\/"},"uagb_comment_info":0,"uagb_excerpt":"CONTENTS 1.0mL or 3.0mL THC CONCENTRATION 50-60% THC CBD CONCENTRATION &lt;1% CBD CONSISTENCY Gelato 33 x Wedding Cake","_links":{"self":[{"href":"https:\/\/pressurezone.shop\/sv\/wp-json\/wp\/v2\/product\/3130"}],"collection":[{"href":"https:\/\/pressurezone.shop\/sv\/wp-json\/wp\/v2\/product"}],"about":[{"href":"https:\/\/pressurezone.shop\/sv\/wp-json\/wp\/v2\/types\/product"}],"replies":[{"embeddable":true,"href":"https:\/\/pressurezone.shop\/sv\/wp-json\/wp\/v2\/comments?post=3130"}],"version-history":[{"count":3,"href":"https:\/\/pressurezone.shop\/sv\/wp-json\/wp\/v2\/product\/3130\/revisions"}],"predecessor-version":[{"id":4543,"href":"https:\/\/pressurezone.shop\/sv\/wp-json\/wp\/v2\/product\/3130\/revisions\/4543"}],"wp:featuredmedia":[{"embeddable":true,"href":"https:\/\/pressurezone.shop\/sv\/wp-json\/wp\/v2\/media\/3212"}],"wp:attachment":[{"href":"https:\/\/pressurezone.shop\/sv\/wp-json\/wp\/v2\/media?parent=3130"}],"wp:term":[{"taxonomy":"product_brand","embeddable":true,"href":"https:\/\/pressurezone.shop\/sv\/wp-json\/wp\/v2\/product_brand?post=3130"},{"taxonomy":"product_cat","embeddable":true,"href":"https:\/\/pressurezone.shop\/sv\/wp-json\/wp\/v2\/product_cat?post=3130"},{"taxonomy":"product_tag","embeddable":true,"href":"https:\/\/pressurezone.shop\/sv\/wp-json\/wp\/v2\/product_tag?post=3130"}],"curies":[{"name":"wp","href":"https:\/\/api.w.org\/{rel}","templated":true}]}}