{"id":3132,"date":"2024-10-11T00:52:15","date_gmt":"2024-10-10T22:52:15","guid":{"rendered":"https:\/\/pressurezone.shop\/?post_type=product&#038;p=3132"},"modified":"2024-11-17T01:13:03","modified_gmt":"2024-11-17T00:13:03","slug":"house-brand-phoenix-tears-1ml","status":"publish","type":"product","link":"https:\/\/pressurezone.shop\/sv\/produkt\/husmarke-phoenix-tarar-1ml\/","title":{"rendered":"House Brand - Phoenix t\u00e5rar (1ml)"},"content":{"rendered":"<div class=\"flex-shrink-0 flex flex-col relative items-end\">\n<div>\n<div class=\"pt-0\">\n<div class=\"gizmo-bot-avatar flex h-8 w-8 items-center justify-center overflow-hidden rounded-full\">\n<div class=\"relative p-1 rounded-sm flex items-center justify-center bg-token-main-surface-primary text-token-text-primary h-8 w-8\"><\/div>\n<\/div>\n<\/div>\n<\/div>\n<\/div>\n<div class=\"group\/conversation-turn relative flex w-full min-w-0 flex-col agent-turn\">\n<div class=\"flex-col gap-1 md:gap-3\">\n<div class=\"flex max-w-full flex-col flex-grow\">\n<div class=\"min-h-8 text-message flex w-full flex-col items-end gap-2 whitespace-normal break-words [.text-message+&amp;]:mt-5\" dir=\"auto\" data-message-author-role=\"assistant\" data-message-id=\"ba1973de-84c5-4b14-8f6a-d1a6067bc269\" data-message-model-slug=\"gpt-4o\">\n<div class=\"flex w-full flex-col gap-1 empty:hidden first:pt-[3px]\">\n<div class=\"markdown prose w-full break-words dark:prose-invert light\">\n<h3><strong>K\u00f6p Phoenix Tears - House Brand (1ml) online i Europa<\/strong><\/h3>\n<p>Uppt\u00e4ck de <strong>Phoenix t\u00e5rar - husets varum\u00e4rke (1ml)<\/strong>ett h\u00f6gkvalitativt cannabisextrakt som inneh\u00e5ller THC (tetrahydrocannabinol) med hela spektrumet. Denna produkt \u00e4r s\u00e4rskilt utformad f\u00f6r sm\u00e4rtlindring och \u00e4r gjord av f\u00f6ljande blommor <strong>indica<\/strong> och inneh\u00e5ller inga tillsatser, bara rent extrakt. Varje parti \u00e4r <strong>laboratorietestad<\/strong> f\u00f6r att garantera kvalitet och konsekvens och erbjuda en tillf\u00f6rlitlig l\u00f6sning f\u00f6r terapeutisk anv\u00e4ndning<a href=\"https:\/\/fuelpackz.com\/\" target=\"_blank\" rel=\"noopener\">.<\/a><\/p>\n<hr \/>\n<h3><strong>Produktfunktioner och detaljer<\/strong><\/h3>\n<ul>\n<li><strong>Portionens storlek<\/strong> 1 ml<\/li>\n<li><strong>Portioner per beh\u00e5llare<\/strong> : 10<\/li>\n<li><strong>M\u00e4ngd THC per portion<\/strong> 100 mg THC<\/li>\n<li><strong>THC Totalt<\/strong> 1000 mg THC per spruta<\/li>\n<li><strong>Ingredienser<\/strong> Cannabis-extrakt med fullt spektrum<\/li>\n<li><strong>Smak<\/strong> Neutral, utan tillsatta smak\u00e4mnen<\/li>\n<\/ul>\n<p><strong>Vad g\u00f6r Phoenix Tears unik?<\/strong><br \/>\nPhoenix t\u00e5rar \u00e4r en <strong>m\u00e5ngsidigt, h\u00f6gkoncentrerat cannabisextrakt<\/strong> k\u00e4nd f\u00f6r sina exceptionella medicinska egenskaper. Denna produkt \u00e4r idealisk f\u00f6r att hantera sm\u00e4rta, inflammation och kroniska tillst\u00e5nd som cancer, epilepsi eller multipel skleros och ger tillf\u00f6rlitliga och konsekventa resultat.<\/p>\n<hr \/>\n<h3><strong>Vad \u00e4r Phoenix-t\u00e5rar?<\/strong><\/h3>\n<p>\u00c4ven k\u00e4nd som <strong>Rick Simpson Oil (RSO)<\/strong>Phoenix Tears \u00e4r en h\u00f6gkoncentrerad cannabisolja som traditionellt konsumeras oralt. Dess medicinska f\u00f6rdelar inkluderar :<\/p>\n<ul>\n<li><strong>Sm\u00e4rtlindring<\/strong> Lindrar kronisk och akut sm\u00e4rta.<\/li>\n<li><strong>Antiinflammatorisk effekt<\/strong> Minskar svullnad och irritation.<\/li>\n<li><strong>Sjukdomshantering<\/strong> Effektivt vid tillst\u00e5nd som multipel skleros, epilepsi och cancer.<\/li>\n<\/ul>\n<p>Detta l\u00e4ttanv\u00e4nda format g\u00f6r att du kan anpassa doseringen exakt efter dina behov.<\/p>\n<hr \/>\n<h3><strong>Hur man \u00e4ter Phoenix Tears<\/strong><\/h3>\n<ol>\n<li><strong>B\u00f6rja med en liten dos<\/strong> :\n<ul>\n<li>Fenix t\u00e5rar \u00e4r mycket kraftfulla. B\u00f6rja med en dos som \u00e4r lika stor som en <strong>riskorn<\/strong>.<\/li>\n<li>\u00d6ka dosen gradvis enligt dina behov.<\/li>\n<\/ul>\n<\/li>\n<li><strong>Plats under spr\u00e5k<\/strong> :\n<ul>\n<li>Anv\u00e4nd en tandpetare eller ett litet verktyg f\u00f6r att placera oljan <strong>under din tunga<\/strong>.<\/li>\n<li>H\u00e5ll den f\u00f6r <strong>30 sekunder till 1 minut<\/strong> f\u00f6r optimal absorption.<\/li>\n<\/ul>\n<\/li>\n<li><strong>Sv\u00e4lj oljan<\/strong> :\n<ul>\n<li>Om du inte tycker om smaken kan du blanda den i en drink eller tills\u00e4tta den i maten.<\/li>\n<\/ul>\n<\/li>\n<li><strong>Upprepa vid behov<\/strong> :\n<ul>\n<li>Beroende p\u00e5 din tolerans och de \u00f6nskade effekterna, upprepa dosen flera g\u00e5nger om dagen.<\/li>\n<\/ul>\n<\/li>\n<\/ol>\n<hr \/>\n<h3><strong>Varf\u00f6r v\u00e4lja House Brand Phoenix Tears?<\/strong><\/h3>\n<ul>\n<li><strong>Fullspektrumextrakt<\/strong> Bevarar alla cannabinoider och terpener f\u00f6r en f\u00f6rb\u00e4ttrad terapeutisk effekt.<\/li>\n<li><strong>Laboratorietestad<\/strong> Garanterad kvalitet och effekt.<\/li>\n<li><strong>Indica-baserad formel<\/strong> Idealisk f\u00f6r sm\u00e4rtlindring och avslappning.<\/li>\n<li><strong>L\u00e4tt att anv\u00e4nda<\/strong> : F\u00f6rpackad i <strong>praktisk spruta<\/strong> f\u00f6r exakt dosering.<\/li>\n<\/ul>\n<hr \/>\n<h3><strong>Medicinska f\u00f6rdelar<\/strong><\/h3>\n<p>Phoenix Tears \u00e4r allm\u00e4nt erk\u00e4nda f\u00f6r sin f\u00f6rm\u00e5ga att behandla en m\u00e4ngd olika h\u00e4lsoproblem, inklusive :<\/p>\n<ul>\n<li><strong>Sm\u00e4rta och inflammation<\/strong> Lindrar obehag och minskar svullnad.<\/li>\n<li><strong>Kroniska sjukdomar<\/strong> Hj\u00e4lper till att lindra symtomen vid cancer, epilepsi och multipel skleros.<\/li>\n<li><strong>Psykisk h\u00e4lsa<\/strong> Fr\u00e4mjar avslappning och minskar stress och \u00e5ngest.<\/li>\n<li><strong>S\u00f6mnst\u00f6rningar<\/strong> Fr\u00e4mjar vilsam s\u00f6mn, perfekt f\u00f6r anv\u00e4ndning nattetid.<\/li>\n<\/ul>\n<hr \/>\n<h3><strong>Best\u00e4ll Phoenix Tears House Brand online idag<\/strong><\/h3>\n<p>Uppt\u00e4ck f\u00f6rdelarna med <strong>Phoenix Tears - Husets varum\u00e4rke<\/strong> och g\u00e5 med i de m\u00e5nga anv\u00e4ndare som har funnit l\u00e4ttnad med detta kraftfulla cannabisextrakt. Oavsett om du \u00e4r en nyb\u00f6rjare eller en erfaren anv\u00e4ndare \u00e4r den h\u00e4r produkten ett m\u00e5ste f\u00f6r terapeutisk och medicinsk anv\u00e4ndning.<\/p>\n<p>Bes\u00f6k <strong><a href=\"https:\/\/pressurezone.shop\/sv\/\" target=\"_new\" rel=\"noopener\">PressureZone.shop<\/a><\/strong> f\u00f6r <strong><a href=\"https:\/\/pressurezone.shop\/sv\/\" target=\"_new\" rel=\"noopener\">k\u00f6pa Phoenix Tears online<\/a><\/strong> idag och njut av ett h\u00f6gkvalitativt cannabisextrakt skr\u00e4ddarsytt efter dina behov.<\/p>\n<\/div>\n<\/div>\n<\/div>\n<\/div>\n<\/div>\n<\/div>","protected":false},"excerpt":{"rendered":"<p>Acheter Phoenix Tears \u2013 House Brand (1ml) en ligne en Europe D\u00e9couvrez les Phoenix Tears \u2013 House Brand (1ml), un extrait de cannabis de qualit\u00e9 sup\u00e9rieure contenant du THC (t\u00e9trahydrocannabinol) \u00e0 spectre complet. Con\u00e7u sp\u00e9cifiquement pour la gestion de la douleur, ce produit est \u00e9labor\u00e9 \u00e0 partir de fleurs indica et ne contient aucun additif, [&hellip;]<\/p>","protected":false},"featured_media":3223,"comment_status":"closed","ping_status":"closed","template":"","meta":{"_uag_custom_page_level_css":"","site-sidebar-layout":"default","site-content-layout":"","ast-site-content-layout":"default","site-content-style":"default","site-sidebar-style":"default","ast-global-header-display":"","ast-banner-title-visibility":"","ast-main-header-display":"","ast-hfb-above-header-display":"","ast-hfb-below-header-display":"","ast-hfb-mobile-header-display":"","site-post-title":"","ast-breadcrumbs-content":"","ast-featured-img":"","footer-sml-layout":"","theme-transparent-header-meta":"default","adv-header-id-meta":"","stick-header-meta":"","header-above-stick-meta":"","header-main-stick-meta":"","header-below-stick-meta":"","astra-migrate-meta-layouts":"set","ast-page-background-enabled":"default","ast-page-background-meta":{"desktop":{"background-color":"","background-image":"","background-repeat":"repeat","background-position":"center center","background-size":"auto","background-attachment":"scroll","background-type":"","background-media":"","overlay-type":"","overlay-color":"","overlay-opacity":"","overlay-gradient":""},"tablet":{"background-color":"","background-image":"","background-repeat":"repeat","background-position":"center center","background-size":"auto","background-attachment":"scroll","background-type":"","background-media":"","overlay-type":"","overlay-color":"","overlay-opacity":"","overlay-gradient":""},"mobile":{"background-color":"","background-image":"","background-repeat":"repeat","background-position":"center center","background-size":"auto","background-attachment":"scroll","background-type":"","background-media":"","overlay-type":"","overlay-color":"","overlay-opacity":"","overlay-gradient":""}},"ast-content-background-meta":{"desktop":{"background-color":"var(--ast-global-color-5)","background-image":"","background-repeat":"repeat","background-position":"center center","background-size":"auto","background-attachment":"scroll","background-type":"","background-media":"","overlay-type":"","overlay-color":"","overlay-opacity":"","overlay-gradient":""},"tablet":{"background-color":"var(--ast-global-color-5)","background-image":"","background-repeat":"repeat","background-position":"center center","background-size":"auto","background-attachment":"scroll","background-type":"","background-media":"","overlay-type":"","overlay-color":"","overlay-opacity":"","overlay-gradient":""},"mobile":{"background-color":"var(--ast-global-color-5)","background-image":"","background-repeat":"repeat","background-position":"center center","background-size":"auto","background-attachment":"scroll","background-type":"","background-media":"","overlay-type":"","overlay-color":"","overlay-opacity":"","overlay-gradient":""}}},"product_brand":[],"product_cat":[334,335],"product_tag":[349],"class_list":{"0":"post-3132","1":"product","2":"type-product","3":"status-publish","4":"has-post-thumbnail","6":"product_cat-concentres-de-marijuana","7":"product_cat-achetez-phoenix-tears-en-ligne","8":"product_tag-420-mail-order-house-brand-phoenix-tears-1ml-europe","9":"desktop-align-left","10":"tablet-align-left","11":"mobile-align-left","13":"first","14":"instock","15":"shipping-taxable","16":"purchasable","17":"product-type-simple"},"uagb_featured_image_src":{"full":["https:\/\/pressurezone.shop\/wp-content\/uploads\/2024\/10\/House-Brand-\u2013-Phoenix-Tears-1ml.webp",1200,800,false],"thumbnail":["https:\/\/pressurezone.shop\/wp-content\/uploads\/2024\/10\/House-Brand-\u2013-Phoenix-Tears-1ml-150x150.webp",150,150,true],"medium":["https:\/\/pressurezone.shop\/wp-content\/uploads\/2024\/10\/House-Brand-\u2013-Phoenix-Tears-1ml-300x200.webp",300,200,true],"medium_large":["https:\/\/pressurezone.shop\/wp-content\/uploads\/2024\/10\/House-Brand-\u2013-Phoenix-Tears-1ml-768x512.webp",768,512,true],"large":["https:\/\/pressurezone.shop\/wp-content\/uploads\/2024\/10\/House-Brand-\u2013-Phoenix-Tears-1ml-1024x683.webp",1024,683,true],"1536x1536":["https:\/\/pressurezone.shop\/wp-content\/uploads\/2024\/10\/House-Brand-\u2013-Phoenix-Tears-1ml.webp",1200,800,false],"2048x2048":["https:\/\/pressurezone.shop\/wp-content\/uploads\/2024\/10\/House-Brand-\u2013-Phoenix-Tears-1ml.webp",1200,800,false],"trp-custom-language-flag":["https:\/\/pressurezone.shop\/wp-content\/uploads\/2024\/10\/House-Brand-\u2013-Phoenix-Tears-1ml-18x12.webp",18,12,true],"woocommerce_thumbnail":["https:\/\/pressurezone.shop\/wp-content\/uploads\/2024\/10\/House-Brand-\u2013-Phoenix-Tears-1ml-300x300.webp",300,300,true],"woocommerce_single":["https:\/\/pressurezone.shop\/wp-content\/uploads\/2024\/10\/House-Brand-\u2013-Phoenix-Tears-1ml-600x400.webp",600,400,true],"woocommerce_gallery_thumbnail":["https:\/\/pressurezone.shop\/wp-content\/uploads\/2024\/10\/House-Brand-\u2013-Phoenix-Tears-1ml-100x100.webp",100,100,true]},"uagb_author_info":{"display_name":"pressurezone.shop","author_link":"https:\/\/pressurezone.shop\/sv\/author\/"},"uagb_comment_info":0,"uagb_excerpt":"Acheter Phoenix Tears \u2013 House Brand (1ml) en ligne en Europe D\u00e9couvrez les Phoenix Tears \u2013 House Brand (1ml), un extrait de cannabis de qualit\u00e9 sup\u00e9rieure contenant du THC (t\u00e9trahydrocannabinol) \u00e0 spectre complet. Con\u00e7u sp\u00e9cifiquement pour la gestion de la douleur, ce produit est \u00e9labor\u00e9 \u00e0 partir de fleurs indica et ne contient aucun additif,&hellip;","_links":{"self":[{"href":"https:\/\/pressurezone.shop\/sv\/wp-json\/wp\/v2\/product\/3132"}],"collection":[{"href":"https:\/\/pressurezone.shop\/sv\/wp-json\/wp\/v2\/product"}],"about":[{"href":"https:\/\/pressurezone.shop\/sv\/wp-json\/wp\/v2\/types\/product"}],"replies":[{"embeddable":true,"href":"https:\/\/pressurezone.shop\/sv\/wp-json\/wp\/v2\/comments?post=3132"}],"version-history":[{"count":3,"href":"https:\/\/pressurezone.shop\/sv\/wp-json\/wp\/v2\/product\/3132\/revisions"}],"predecessor-version":[{"id":4650,"href":"https:\/\/pressurezone.shop\/sv\/wp-json\/wp\/v2\/product\/3132\/revisions\/4650"}],"wp:featuredmedia":[{"embeddable":true,"href":"https:\/\/pressurezone.shop\/sv\/wp-json\/wp\/v2\/media\/3223"}],"wp:attachment":[{"href":"https:\/\/pressurezone.shop\/sv\/wp-json\/wp\/v2\/media?parent=3132"}],"wp:term":[{"taxonomy":"product_brand","embeddable":true,"href":"https:\/\/pressurezone.shop\/sv\/wp-json\/wp\/v2\/product_brand?post=3132"},{"taxonomy":"product_cat","embeddable":true,"href":"https:\/\/pressurezone.shop\/sv\/wp-json\/wp\/v2\/product_cat?post=3132"},{"taxonomy":"product_tag","embeddable":true,"href":"https:\/\/pressurezone.shop\/sv\/wp-json\/wp\/v2\/product_tag?post=3132"}],"curies":[{"name":"wp","href":"https:\/\/api.w.org\/{rel}","templated":true}]}}