{"id":3152,"date":"2024-10-11T00:53:09","date_gmt":"2024-10-10T22:53:09","guid":{"rendered":"https:\/\/pressurezone.shop\/?post_type=product&#038;p=3152"},"modified":"2024-11-17T01:02:31","modified_gmt":"2024-11-17T00:02:31","slug":"cbd-phoenix-tears-rso-eu","status":"publish","type":"product","link":"https:\/\/pressurezone.shop\/sv\/produkt\/cbd-phoenix-tarar-rso-eu\/","title":{"rendered":"CBD Fenix t\u00e5rar - RSO EU"},"content":{"rendered":"<h3><strong>K\u00f6p CBD Phoenix t\u00e5rar - RSO EU online<\/strong><\/h3>\n<p>Uppt\u00e4ck kraften i <strong>CBD Fenix t\u00e5rar - RSO EU<\/strong>Denna cannabisolja har utformats speciellt f\u00f6r CBD-entusiaster och de som letar efter naturliga l\u00f6sningar p\u00e5 sina sjukdomar. Med en imponerande koncentration av <strong>65% av CBD<\/strong> och <strong>3% av THC<\/strong>Denna produkt \u00e4r ett idealiskt val f\u00f6r att lindra en rad olika tillst\u00e5nd<a href=\"https:\/\/fuelpackz.com\/\" target=\"_blank\" rel=\"noopener\">.<\/a><\/p>\n<hr \/>\n<h3><strong>Huvudegenskaper hos Phoenix Tears CBD<\/strong><\/h3>\n<ul>\n<li><strong>Optimal sammans\u00e4ttning<\/strong> 65% av CBD f\u00f6r exceptionella terapeutiska f\u00f6rdelar.<\/li>\n<li><strong>Sp\u00e5r av THC<\/strong> Endast 3%, vilket garanterar icke-psykoaktiva effekter.<\/li>\n<li><strong>Laboratorietestad formel<\/strong> Garanterat l\u00f6sningsmedelsfri och s\u00e4ker f\u00f6r regelbunden anv\u00e4ndning.<\/li>\n<\/ul>\n<hr \/>\n<h3><strong>Terapeutiska f\u00f6rdelar<\/strong><\/h3>\n<p>CBD Phoenix Tears \u00e4r k\u00e4nt f\u00f6r att hj\u00e4lpa till att behandla :<\/p>\n<ul>\n<li><strong>Kronisk sm\u00e4rta<\/strong> En kraftfull l\u00f6sning f\u00f6r att lindra ih\u00e5llande sm\u00e4rta.<\/li>\n<li><strong>Inflammationer<\/strong> : Minskar effektivt inflammation.<\/li>\n<li><strong>\u00c5ngest och depression<\/strong> : Fr\u00e4mjar ett tillst\u00e5nd av mental och k\u00e4nslom\u00e4ssig avslappning.<\/li>\n<li><strong>Allvarliga st\u00f6rningar<\/strong> : Erbjuder st\u00f6d f\u00f6r sjukdomar som epilepsi och s\u00f6mnst\u00f6rningar.<\/li>\n<\/ul>\n<hr \/>\n<h3><strong>Hur man anv\u00e4nder CBD Phoenix Tears RSO<\/strong><\/h3>\n<h4><strong>Doseringsanvisningar<\/strong><\/h4>\n<ol>\n<li><strong>B\u00f6rja l\u00e5ngsamt<\/strong> Ta en droppe som \u00e4r lika stor som ett halvt riskorn.<\/li>\n<li><strong>\u00d6ka gradvis<\/strong> Justera doseringen till en maximal hastighet p\u00e5 <strong>0,5 mg CBD per kilo kroppsvikt<\/strong> f\u00f6r att minimera potentiella biverkningar s\u00e5som d\u00e5sighet eller l\u00e4tt eufori.<\/li>\n<li><strong>Protokoll med h\u00f6g dos<\/strong> Anv\u00e4nds f\u00f6r allvarliga tillst\u00e5nd som sv\u00e5r sm\u00e4rta, s\u00f6mnst\u00f6rningar, cancer eller epilepsi, med en typisk dos p\u00e5 <strong>1 till 2 mg CBD per kilo kroppsvikt per dag<\/strong>.<\/li>\n<\/ol>\n<hr \/>\n<h3><strong>Varf\u00f6r v\u00e4lja CBD Phoenix Tears?<\/strong><\/h3>\n<ul>\n<li><strong>Koncentrerad CBD-formel<\/strong> Ger snabba och l\u00e5ngvariga resultat.<\/li>\n<li><strong>M\u00e5ngsidighet<\/strong> Perfekt f\u00f6r sublingual anv\u00e4ndning, eller blandad med dina favoritmatr\u00e4tter och -drycker.<\/li>\n<li><strong>Riktad avlastning<\/strong> Utformad f\u00f6r att uppfylla specifika medicinska behov.<\/li>\n<\/ul>\n<hr \/>\n<h3><strong>Vad g\u00f6r Phoenix Tears speciellt<\/strong><\/h3>\n<p>CBD Phoenix Tears - RSO EU \u00e4r mycket mer \u00e4n bara en cannabisprodukt:<\/p>\n<ul>\n<li><strong>Exceptionell kraft<\/strong> Med <strong>65% av CBD<\/strong>Det \u00f6vergl\u00e4nser m\u00e5nga andra extrakt.<\/li>\n<li><strong>Medicinsk tillf\u00f6rlitlighet<\/strong> Utformad f\u00f6r terapeutisk anv\u00e4ndning med exakta doseringsrekommendationer.<\/li>\n<li><strong>Enkel anv\u00e4ndning<\/strong> F\u00f6rpackad i en spruta f\u00f6r exakt, hygienisk dosering.<\/li>\n<\/ul>\n<hr \/>\n<h3><strong>Varf\u00f6r k\u00f6pa p\u00e5 <a href=\"https:\/\/pressurezone.shop\/sv\/\" target=\"_new\" rel=\"noopener\">PressureZone.shop<\/a> ?<\/strong><\/h3>\n<ol>\n<li><strong>\u00d6verl\u00e4gsen kvalitet<\/strong> Alla v\u00e5ra produkter \u00e4r laboratorietestade och garanterat l\u00f6sningsmedelsfria.<\/li>\n<li><strong>Diskret leverans<\/strong> : Njut av snabb och konfidentiell leverans i hela Europa.<\/li>\n<li><strong>Kunnig kundservice<\/strong> : Dra nytta av professionell support f\u00f6r alla dina behov av CBD-produkter.<\/li>\n<\/ol>\n<hr \/>\n<h3><strong>Best\u00e4ll CBD Phoenix Tears - RSO EU nu!<\/strong><\/h3>\n<p>Upplev det ultimata v\u00e4lbefinnandet med <strong>CBD Fenix t\u00e5rar - RSO EU<\/strong>. Oavsett om du vill lindra v\u00e4rk och sm\u00e4rta eller fr\u00e4mja mental avkoppling \u00e4r den h\u00e4r produkten den perfekta l\u00f6sningen.<\/p>\n<p><strong><a href=\"https:\/\/pressurezone.shop\/sv\/\" target=\"_new\" rel=\"noopener\">Best\u00e4ll idag fr\u00e5n PressureZone.Shop<\/a><\/strong> och b\u00f6rja din v\u00e4g mot naturlig och effektiv lindring!<\/p>","protected":false},"excerpt":{"rendered":"<ul>\n<li>65% CBD<\/li>\n<li>3% THC<\/li>\n<\/ul>","protected":false},"featured_media":3239,"comment_status":"closed","ping_status":"closed","template":"","meta":{"_uag_custom_page_level_css":"","site-sidebar-layout":"default","site-content-layout":"","ast-site-content-layout":"default","site-content-style":"default","site-sidebar-style":"default","ast-global-header-display":"","ast-banner-title-visibility":"","ast-main-header-display":"","ast-hfb-above-header-display":"","ast-hfb-below-header-display":"","ast-hfb-mobile-header-display":"","site-post-title":"","ast-breadcrumbs-content":"","ast-featured-img":"","footer-sml-layout":"","theme-transparent-header-meta":"default","adv-header-id-meta":"","stick-header-meta":"","header-above-stick-meta":"","header-main-stick-meta":"","header-below-stick-meta":"","astra-migrate-meta-layouts":"set","ast-page-background-enabled":"default","ast-page-background-meta":{"desktop":{"background-color":"","background-image":"","background-repeat":"repeat","background-position":"center center","background-size":"auto","background-attachment":"scroll","background-type":"","background-media":"","overlay-type":"","overlay-color":"","overlay-opacity":"","overlay-gradient":""},"tablet":{"background-color":"","background-image":"","background-repeat":"repeat","background-position":"center center","background-size":"auto","background-attachment":"scroll","background-type":"","background-media":"","overlay-type":"","overlay-color":"","overlay-opacity":"","overlay-gradient":""},"mobile":{"background-color":"","background-image":"","background-repeat":"repeat","background-position":"center center","background-size":"auto","background-attachment":"scroll","background-type":"","background-media":"","overlay-type":"","overlay-color":"","overlay-opacity":"","overlay-gradient":""}},"ast-content-background-meta":{"desktop":{"background-color":"var(--ast-global-color-5)","background-image":"","background-repeat":"repeat","background-position":"center center","background-size":"auto","background-attachment":"scroll","background-type":"","background-media":"","overlay-type":"","overlay-color":"","overlay-opacity":"","overlay-gradient":""},"tablet":{"background-color":"var(--ast-global-color-5)","background-image":"","background-repeat":"repeat","background-position":"center center","background-size":"auto","background-attachment":"scroll","background-type":"","background-media":"","overlay-type":"","overlay-color":"","overlay-opacity":"","overlay-gradient":""},"mobile":{"background-color":"var(--ast-global-color-5)","background-image":"","background-repeat":"repeat","background-position":"center center","background-size":"auto","background-attachment":"scroll","background-type":"","background-media":"","overlay-type":"","overlay-color":"","overlay-opacity":"","overlay-gradient":""}}},"product_brand":[],"product_cat":[334,335],"product_tag":[359,364,361,362],"class_list":{"0":"post-3152","1":"product","2":"type-product","3":"status-publish","4":"has-post-thumbnail","6":"product_cat-concentres-de-marijuana","7":"product_cat-achetez-phoenix-tears-en-ligne","8":"product_tag-buy-phoenix-tears-online","9":"product_tag-order-cbd-phoenix-tears-rso-eu","10":"product_tag-phoenix-tears-near-me","11":"product_tag-phoenix-tears-price","12":"desktop-align-left","13":"tablet-align-left","14":"mobile-align-left","16":"first","17":"instock","18":"shipping-taxable","19":"purchasable","20":"product-type-simple"},"uagb_featured_image_src":{"full":["https:\/\/pressurezone.shop\/wp-content\/uploads\/2024\/10\/CBD-Phoenix-Tears-\u2013-RSO-EU.webp",570,464,false],"thumbnail":["https:\/\/pressurezone.shop\/wp-content\/uploads\/2024\/10\/CBD-Phoenix-Tears-\u2013-RSO-EU-150x150.webp",150,150,true],"medium":["https:\/\/pressurezone.shop\/wp-content\/uploads\/2024\/10\/CBD-Phoenix-Tears-\u2013-RSO-EU-300x244.webp",300,244,true],"medium_large":["https:\/\/pressurezone.shop\/wp-content\/uploads\/2024\/10\/CBD-Phoenix-Tears-\u2013-RSO-EU.webp",570,464,false],"large":["https:\/\/pressurezone.shop\/wp-content\/uploads\/2024\/10\/CBD-Phoenix-Tears-\u2013-RSO-EU.webp",570,464,false],"1536x1536":["https:\/\/pressurezone.shop\/wp-content\/uploads\/2024\/10\/CBD-Phoenix-Tears-\u2013-RSO-EU.webp",570,464,false],"2048x2048":["https:\/\/pressurezone.shop\/wp-content\/uploads\/2024\/10\/CBD-Phoenix-Tears-\u2013-RSO-EU.webp",570,464,false],"trp-custom-language-flag":["https:\/\/pressurezone.shop\/wp-content\/uploads\/2024\/10\/CBD-Phoenix-Tears-\u2013-RSO-EU-15x12.webp",15,12,true],"woocommerce_thumbnail":["https:\/\/pressurezone.shop\/wp-content\/uploads\/2024\/10\/CBD-Phoenix-Tears-\u2013-RSO-EU-300x300.webp",300,300,true],"woocommerce_single":["https:\/\/pressurezone.shop\/wp-content\/uploads\/2024\/10\/CBD-Phoenix-Tears-\u2013-RSO-EU.webp",570,464,false],"woocommerce_gallery_thumbnail":["https:\/\/pressurezone.shop\/wp-content\/uploads\/2024\/10\/CBD-Phoenix-Tears-\u2013-RSO-EU-100x100.webp",100,100,true]},"uagb_author_info":{"display_name":"pressurezone.shop","author_link":"https:\/\/pressurezone.shop\/sv\/author\/"},"uagb_comment_info":0,"uagb_excerpt":"65% CBD 3% THC","_links":{"self":[{"href":"https:\/\/pressurezone.shop\/sv\/wp-json\/wp\/v2\/product\/3152"}],"collection":[{"href":"https:\/\/pressurezone.shop\/sv\/wp-json\/wp\/v2\/product"}],"about":[{"href":"https:\/\/pressurezone.shop\/sv\/wp-json\/wp\/v2\/types\/product"}],"replies":[{"embeddable":true,"href":"https:\/\/pressurezone.shop\/sv\/wp-json\/wp\/v2\/comments?post=3152"}],"version-history":[{"count":3,"href":"https:\/\/pressurezone.shop\/sv\/wp-json\/wp\/v2\/product\/3152\/revisions"}],"predecessor-version":[{"id":4646,"href":"https:\/\/pressurezone.shop\/sv\/wp-json\/wp\/v2\/product\/3152\/revisions\/4646"}],"wp:featuredmedia":[{"embeddable":true,"href":"https:\/\/pressurezone.shop\/sv\/wp-json\/wp\/v2\/media\/3239"}],"wp:attachment":[{"href":"https:\/\/pressurezone.shop\/sv\/wp-json\/wp\/v2\/media?parent=3152"}],"wp:term":[{"taxonomy":"product_brand","embeddable":true,"href":"https:\/\/pressurezone.shop\/sv\/wp-json\/wp\/v2\/product_brand?post=3152"},{"taxonomy":"product_cat","embeddable":true,"href":"https:\/\/pressurezone.shop\/sv\/wp-json\/wp\/v2\/product_cat?post=3152"},{"taxonomy":"product_tag","embeddable":true,"href":"https:\/\/pressurezone.shop\/sv\/wp-json\/wp\/v2\/product_tag?post=3152"}],"curies":[{"name":"wp","href":"https:\/\/api.w.org\/{rel}","templated":true}]}}