{"id":3158,"date":"2024-10-11T00:53:35","date_gmt":"2024-10-10T22:53:35","guid":{"rendered":"https:\/\/pressurezone.shop\/?post_type=product&#038;p=3158"},"modified":"2024-11-17T02:36:02","modified_gmt":"2024-11-17T01:36:02","slug":"phoenix-tears-rso-rick-simpson-oil","status":"publish","type":"product","link":"https:\/\/pressurezone.shop\/sv\/produkt\/phoenix-tears-rso-rick-simpson-oil\/","title":{"rendered":"Phoenix Tears - RSO (Rick Simpson Oil)"},"content":{"rendered":"<h3><strong>K\u00f6p Phoenix Tears - RSO Europe online<\/strong><\/h3>\n<p>Den <strong>Phoenix Tears - RSO (Rick Simpson Oil)<\/strong> \u00e4r ett av de mest kraftfulla och eftertraktade cannabisextrakten, k\u00e4nt f\u00f6r sin <strong>terapeutiska f\u00f6rdelar<\/strong> och deras h\u00f6gkvalitativa formulering. Finns i en l\u00e4ttanv\u00e4nd oral spruta, den <strong>Phoenix t\u00e5rar<\/strong> erbjuder o\u00f6vertr\u00e4ffad precision och bekv\u00e4mlighet f\u00f6r b\u00e5de nyb\u00f6rjare och erfarna anv\u00e4ndare av medicinsk cannabis.<\/p>\n<hr \/>\n<h3><strong>Vad \u00e4r Phoenix-t\u00e5rar?<\/strong><\/h3>\n<p>Phoenix Tears \u00e4r h\u00f6gpotenta cannabisoljor som \u00e4r s\u00e4rskilt utformade f\u00f6r att anv\u00e4ndas i ett brett spektrum av <strong>oral och \u00e4tbar anv\u00e4ndning<\/strong>erbjuder en koncentrerad dos av <strong>rent cannabisdestillat<\/strong>utvinns fr\u00e5n \u00f6verv\u00e4gande indica-sorter. K\u00e4nda f\u00f6r sina <strong>Medicinska egenskaper<\/strong>De \u00e4r idealiska f\u00f6r anv\u00e4ndare som letar efter naturliga l\u00f6sningar f\u00f6r att hantera sm\u00e4rta, s\u00f6mnl\u00f6shet och andra sjukdomar.<\/p>\n<p><strong>Varf\u00f6r v\u00e4lja Phoenix Tears - RSO Europe?<\/strong><\/p>\n<ul>\n<li><strong>Enkel applicering<\/strong> Applicera direkt p\u00e5 ett finger, ett kex eller under tungan.<\/li>\n<li><strong>H\u00f6gsta kvalitet<\/strong> Tillverkad av de finaste cannabisknopparna, noggrant extraherade f\u00f6r optimal renhet.<\/li>\n<li><strong>M\u00e5ngsidig anv\u00e4ndning<\/strong> L\u00e4mplig f\u00f6r sublingual applicering eller inblandning i mat eller dryck.<\/li>\n<li><strong>Medicinska f\u00f6rdelar<\/strong> Utformad f\u00f6r att ge maximal lindring av sm\u00e4rta, s\u00f6mnst\u00f6rningar och kroniska tillst\u00e5nd.<\/li>\n<\/ul>\n<hr \/>\n<h3><strong>Produktens egenskaper<\/strong><\/h3>\n<ul>\n<li><strong>Format<\/strong> 1 ml oral spruta f\u00f6r exakt dosering.<\/li>\n<li><strong>Viktiga ingredienser<\/strong> Rent cannabisdestillat extraherat fr\u00e5n \u00f6verv\u00e4gande indica-sorter.<\/li>\n<li><strong>Anv\u00e4ndning<\/strong> Idealisk f\u00f6r medicinska anv\u00e4ndare som s\u00f6ker h\u00f6gpotenta oljor<a href=\"https:\/\/fuelpackz.com\/\" target=\"_blank\" rel=\"noopener\">.<\/a><\/li>\n<\/ul>\n<hr \/>\n<h3><strong>Effekter och f\u00f6rdelar<\/strong><\/h3>\n<p>Phoenix Tears erbjuder en <strong>en djupt avslappnande och terapeutisk upplevelse<\/strong>. Tack vare deras <strong>indica cannabisextrakt<\/strong>Denna produkt \u00e4r s\u00e4rskilt utformad f\u00f6r att ge effektiv lindring och lugna sinnet, perfekt f\u00f6r :<\/p>\n<ul>\n<li><strong>Sm\u00e4rtlindring<\/strong> Lindrar kronisk sm\u00e4rta, muskelsp\u00e4nningar och sv\u00e5ra \u00e5kommor.<\/li>\n<li><strong>Lindring av s\u00f6mnl\u00f6shet<\/strong> : Fr\u00e4mjar djup och vilsam s\u00f6mn.<\/li>\n<li><strong>Minskad stress och \u00e5ngest<\/strong> Lugnar sinnet och minskar stress.<\/li>\n<li><strong>Stimulering av aptiten<\/strong> : Hj\u00e4lper personer som lider av aptitl\u00f6shet.<\/li>\n<\/ul>\n<hr \/>\n<h3><strong>Hur anv\u00e4nder jag Phoenix Tears?<\/strong><\/h3>\n<ol>\n<li><strong>B\u00f6rja i liten skala<\/strong> L\u00e4gg 1 eller 2 droppar under tungan eller p\u00e5 ett kex.<\/li>\n<li><strong>V\u00e4nta och se<\/strong> L\u00e5t verka i 1 till 2 timmar innan du \u00f6kar dosen.<\/li>\n<li><strong>\u00d6ka gradvis<\/strong> Justera dosen l\u00e5ngsamt f\u00f6r att hitta den perfekta lindringen.<\/li>\n<\/ol>\n<hr \/>\n<h3><strong>Rekommenderas f\u00f6r<\/strong><\/h3>\n<ul>\n<li>M\u00e4nniskor som lider av kronisk sm\u00e4rta.<\/li>\n<li>Personer som lider av s\u00f6mnl\u00f6shet eller s\u00f6mnst\u00f6rningar.<\/li>\n<li>Patienter som lider av \u00e5ngest, stress eller depression.<\/li>\n<li>Anv\u00e4ndare som s\u00f6ker ett alternativ till traditionella l\u00e4kemedelsbehandlingar.<\/li>\n<\/ul>\n<hr \/>\n<h3><strong>Varf\u00f6r k\u00f6pa Phoenix Tears - RSO Europe fr\u00e5n oss?<\/strong><\/h3>\n<p>V\u00e5r <strong>Phoenix t\u00e5rar<\/strong> \u00e4r tillverkade av <strong>premium cannabisdestillat<\/strong>vilket garanterar en ren, s\u00e4ker och effektiv produkt. Tack vare en <strong>laboratorietestad renhet<\/strong>Du kan lita p\u00e5 kvaliteten och kraften i varje dos.<\/p>\n<p><strong>V\u00e4nta inte l\u00e4ngre - uppt\u00e4ck de naturliga f\u00f6rdelarna med Phoenix Tears redan idag!<\/strong><\/p>\n<hr \/>\n<h3><strong>Best\u00e4ll Phoenix Tears - RSO Europe nu!<\/strong><\/h3>\n<p>K\u00f6p med f\u00f6rtroende p\u00e5 <strong><a href=\"https:\/\/pressurezone.shop\/sv\/\" target=\"_new\" rel=\"noopener\">PressureZone.shop<\/a><\/strong>cannabis, din p\u00e5litliga k\u00e4lla f\u00f6r premium cannabiskoncentrat och medicinska produkter. Oavsett om du letar efter sm\u00e4rtlindring eller en b\u00e4ttre s\u00f6mnkvalitet, \u00e4r <strong>Phoenix t\u00e5rar<\/strong> \u00e4r den perfekta l\u00f6sningen du har v\u00e4ntat p\u00e5.<\/p>","protected":false},"excerpt":{"rendered":"<p>Achetez Phoenix Tears \u2013 RSO Europe en ligne Les Phoenix Tears \u2013 RSO (Rick Simpson Oil) sont l&rsquo;un des extraits de cannabis les plus puissants et les plus recherch\u00e9s, reconnus pour leurs b\u00e9n\u00e9fices th\u00e9rapeutiques et leur formulation de haute qualit\u00e9. Disponibles dans une seringue orale facile \u00e0 utiliser, les Phoenix Tears offrent une pr\u00e9cision et [&hellip;]<\/p>","protected":false},"featured_media":3247,"comment_status":"closed","ping_status":"closed","template":"","meta":{"_uag_custom_page_level_css":"","site-sidebar-layout":"default","site-content-layout":"","ast-site-content-layout":"default","site-content-style":"default","site-sidebar-style":"default","ast-global-header-display":"","ast-banner-title-visibility":"","ast-main-header-display":"","ast-hfb-above-header-display":"","ast-hfb-below-header-display":"","ast-hfb-mobile-header-display":"","site-post-title":"","ast-breadcrumbs-content":"","ast-featured-img":"","footer-sml-layout":"","theme-transparent-header-meta":"default","adv-header-id-meta":"","stick-header-meta":"","header-above-stick-meta":"","header-main-stick-meta":"","header-below-stick-meta":"","astra-migrate-meta-layouts":"set","ast-page-background-enabled":"default","ast-page-background-meta":{"desktop":{"background-color":"","background-image":"","background-repeat":"repeat","background-position":"center center","background-size":"auto","background-attachment":"scroll","background-type":"","background-media":"","overlay-type":"","overlay-color":"","overlay-opacity":"","overlay-gradient":""},"tablet":{"background-color":"","background-image":"","background-repeat":"repeat","background-position":"center center","background-size":"auto","background-attachment":"scroll","background-type":"","background-media":"","overlay-type":"","overlay-color":"","overlay-opacity":"","overlay-gradient":""},"mobile":{"background-color":"","background-image":"","background-repeat":"repeat","background-position":"center center","background-size":"auto","background-attachment":"scroll","background-type":"","background-media":"","overlay-type":"","overlay-color":"","overlay-opacity":"","overlay-gradient":""}},"ast-content-background-meta":{"desktop":{"background-color":"var(--ast-global-color-5)","background-image":"","background-repeat":"repeat","background-position":"center center","background-size":"auto","background-attachment":"scroll","background-type":"","background-media":"","overlay-type":"","overlay-color":"","overlay-opacity":"","overlay-gradient":""},"tablet":{"background-color":"var(--ast-global-color-5)","background-image":"","background-repeat":"repeat","background-position":"center center","background-size":"auto","background-attachment":"scroll","background-type":"","background-media":"","overlay-type":"","overlay-color":"","overlay-opacity":"","overlay-gradient":""},"mobile":{"background-color":"var(--ast-global-color-5)","background-image":"","background-repeat":"repeat","background-position":"center center","background-size":"auto","background-attachment":"scroll","background-type":"","background-media":"","overlay-type":"","overlay-color":"","overlay-opacity":"","overlay-gradient":""}}},"product_brand":[],"product_cat":[334,335],"product_tag":[366],"class_list":{"0":"post-3158","1":"product","2":"type-product","3":"status-publish","4":"has-post-thumbnail","6":"product_cat-concentres-de-marijuana","7":"product_cat-achetez-phoenix-tears-en-ligne","8":"product_tag-buy-phoenix-tears-rso-europe","9":"desktop-align-left","10":"tablet-align-left","11":"mobile-align-left","13":"first","14":"instock","15":"shipping-taxable","16":"purchasable","17":"product-type-simple"},"uagb_featured_image_src":{"full":["https:\/\/pressurezone.shop\/wp-content\/uploads\/2024\/10\/Phoenix-Tears-\u2013-RSO-Europe.webp",2048,1365,false],"thumbnail":["https:\/\/pressurezone.shop\/wp-content\/uploads\/2024\/10\/Phoenix-Tears-\u2013-RSO-Europe-150x150.webp",150,150,true],"medium":["https:\/\/pressurezone.shop\/wp-content\/uploads\/2024\/10\/Phoenix-Tears-\u2013-RSO-Europe-300x200.webp",300,200,true],"medium_large":["https:\/\/pressurezone.shop\/wp-content\/uploads\/2024\/10\/Phoenix-Tears-\u2013-RSO-Europe-768x512.webp",768,512,true],"large":["https:\/\/pressurezone.shop\/wp-content\/uploads\/2024\/10\/Phoenix-Tears-\u2013-RSO-Europe-1024x683.webp",1024,683,true],"1536x1536":["https:\/\/pressurezone.shop\/wp-content\/uploads\/2024\/10\/Phoenix-Tears-\u2013-RSO-Europe-1536x1024.webp",1536,1024,true],"2048x2048":["https:\/\/pressurezone.shop\/wp-content\/uploads\/2024\/10\/Phoenix-Tears-\u2013-RSO-Europe.webp",2048,1365,false],"trp-custom-language-flag":["https:\/\/pressurezone.shop\/wp-content\/uploads\/2024\/10\/Phoenix-Tears-\u2013-RSO-Europe-18x12.webp",18,12,true],"woocommerce_thumbnail":["https:\/\/pressurezone.shop\/wp-content\/uploads\/2024\/10\/Phoenix-Tears-\u2013-RSO-Europe-300x300.webp",300,300,true],"woocommerce_single":["https:\/\/pressurezone.shop\/wp-content\/uploads\/2024\/10\/Phoenix-Tears-\u2013-RSO-Europe-600x400.webp",600,400,true],"woocommerce_gallery_thumbnail":["https:\/\/pressurezone.shop\/wp-content\/uploads\/2024\/10\/Phoenix-Tears-\u2013-RSO-Europe-100x100.webp",100,100,true]},"uagb_author_info":{"display_name":"pressurezone.shop","author_link":"https:\/\/pressurezone.shop\/sv\/author\/"},"uagb_comment_info":0,"uagb_excerpt":"Achetez Phoenix Tears \u2013 RSO Europe en ligne Les Phoenix Tears \u2013 RSO (Rick Simpson Oil) sont l&rsquo;un des extraits de cannabis les plus puissants et les plus recherch\u00e9s, reconnus pour leurs b\u00e9n\u00e9fices th\u00e9rapeutiques et leur formulation de haute qualit\u00e9. Disponibles dans une seringue orale facile \u00e0 utiliser, les Phoenix Tears offrent une pr\u00e9cision et&hellip;","_links":{"self":[{"href":"https:\/\/pressurezone.shop\/sv\/wp-json\/wp\/v2\/product\/3158"}],"collection":[{"href":"https:\/\/pressurezone.shop\/sv\/wp-json\/wp\/v2\/product"}],"about":[{"href":"https:\/\/pressurezone.shop\/sv\/wp-json\/wp\/v2\/types\/product"}],"replies":[{"embeddable":true,"href":"https:\/\/pressurezone.shop\/sv\/wp-json\/wp\/v2\/comments?post=3158"}],"version-history":[{"count":3,"href":"https:\/\/pressurezone.shop\/sv\/wp-json\/wp\/v2\/product\/3158\/revisions"}],"predecessor-version":[{"id":4654,"href":"https:\/\/pressurezone.shop\/sv\/wp-json\/wp\/v2\/product\/3158\/revisions\/4654"}],"wp:featuredmedia":[{"embeddable":true,"href":"https:\/\/pressurezone.shop\/sv\/wp-json\/wp\/v2\/media\/3247"}],"wp:attachment":[{"href":"https:\/\/pressurezone.shop\/sv\/wp-json\/wp\/v2\/media?parent=3158"}],"wp:term":[{"taxonomy":"product_brand","embeddable":true,"href":"https:\/\/pressurezone.shop\/sv\/wp-json\/wp\/v2\/product_brand?post=3158"},{"taxonomy":"product_cat","embeddable":true,"href":"https:\/\/pressurezone.shop\/sv\/wp-json\/wp\/v2\/product_cat?post=3158"},{"taxonomy":"product_tag","embeddable":true,"href":"https:\/\/pressurezone.shop\/sv\/wp-json\/wp\/v2\/product_tag?post=3158"}],"curies":[{"name":"wp","href":"https:\/\/api.w.org\/{rel}","templated":true}]}}