{"id":3159,"date":"2024-10-11T00:53:35","date_gmt":"2024-10-10T22:53:35","guid":{"rendered":"https:\/\/pressurezone.shop\/?post_type=product&#038;p=3159"},"modified":"2024-11-04T01:01:58","modified_gmt":"2024-11-04T00:01:58","slug":"raw-thc-sativa-distillate-syringes","status":"publish","type":"product","link":"https:\/\/pressurezone.shop\/sv\/produkt\/ra-thc-sativa-destillat-sprutor\/","title":{"rendered":"RAW THC Sativa Destillat sprutor"},"content":{"rendered":"<div class=\"flex-shrink-0 flex flex-col relative items-end\">\n<div>\n<div class=\"pt-0\">\n<div class=\"gizmo-bot-avatar flex h-8 w-8 items-center justify-center overflow-hidden rounded-full\">\n<div class=\"relative p-1 rounded-sm flex items-center justify-center bg-token-main-surface-primary text-token-text-primary h-8 w-8\"><\/div>\n<\/div>\n<\/div>\n<\/div>\n<\/div>\n<div class=\"group\/conversation-turn relative flex w-full min-w-0 flex-col agent-turn\">\n<div class=\"flex-col gap-1 md:gap-3\">\n<div class=\"flex max-w-full flex-col flex-grow\">\n<div class=\"min-h-8 text-message flex w-full flex-col items-end gap-2 whitespace-normal break-words [.text-message+&amp;]:mt-5\" dir=\"auto\" data-message-author-role=\"assistant\" data-message-id=\"b870d3cd-2aba-43fd-bfd2-897311b4d153\" data-message-model-slug=\"gpt-4o\">\n<div class=\"flex w-full flex-col gap-1 empty:hidden first:pt-[3px]\">\n<div class=\"markdown prose w-full break-words dark:prose-invert light\">\n<h3><strong>K\u00f6p RAW THC Sativa Destillatsprutor online p\u00e5 <a href=\"https:\/\/pressurezone.shop\/sv\/\" target=\"_new\" rel=\"noopener\">Tryckzonsbutik<\/a><\/strong><\/h3>\n<p>Uppt\u00e4ck de <strong>RAW THC Sativa Destillat sprutor<\/strong>Dessa sprutor \u00e4r ett praktiskt och m\u00e5ngsidigt s\u00e4tt att njuta av den rena kraften hos THC i destillatform. Dessa sprutor \u00e4r utformade f\u00f6r sativa-entusiaster som letar efter en energigivande, stimulerande h\u00f6g och \u00e4r fyllda med rent, outsp\u00e4tt THC-destillat, vilket ger optimal flexibilitet vid anv\u00e4ndning.<a href=\"https:\/\/fuelpackz.com\/\" target=\"_blank\" rel=\"noopener\">.<\/a><\/p>\n<h3>Varf\u00f6r v\u00e4lja RAW THC Sativa Destillatsprutor?<\/h3>\n<p>Den <strong>RAW THC Sativa Destillat sprutor<\/strong> g\u00f6r THC-konsumtionen enkel, exakt och personlig. Med sitt rena destillat \u00e4r dessa sprutor perfekta f\u00f6r dem som vill ha en snabb uppbyggnad av effekter samtidigt som de fortfarande har friheten att l\u00e4gga till detta koncentrat i en m\u00e4ngd olika produkter eller snacks. Oavsett om du letar efter en rak dos eller vill tills\u00e4tta dina egna produkter \u00e4r dessa sprutor ett f\u00f6rstklassigt val.<\/p>\n<ul>\n<li><strong>Typ<\/strong> Rent Sativa-destillat f\u00f6r en energigivande upplevelse<\/li>\n<li><strong>Anv\u00e4ndning<\/strong> M\u00e5ngsidig och enkel att dosera<\/li>\n<\/ul>\n<h3>Id\u00e9er f\u00f6r anv\u00e4ndning av RAW THC Sativa destillatsprutor<\/h3>\n<p>Den <strong>RAW THC Sativa Destillat sprutor<\/strong> \u00e4r otroligt anpassningsbara och till\u00e5ter en m\u00e4ngd olika konsumtionsmetoder. H\u00e4r \u00e4r bara n\u00e5gra av de popul\u00e4ra s\u00e4tten att njuta av dem:<\/p>\n<ol>\n<li><strong>L\u00e4gg till det i snacks<\/strong> L\u00e4gg en dos p\u00e5 ett kex, en bit torkad frukt eller n\u00e5got annat livsmedel.<\/li>\n<li><strong>Frys doser<\/strong> L\u00e4gg portionerna p\u00e5 sm\u00f6rpapper och frys in f\u00f6r framtida anv\u00e4ndning.<\/li>\n<li><strong>Fyll en kapsel<\/strong> L\u00e4gg en dos i en tom kapsel f\u00f6r diskret intag.<\/li>\n<li><strong>Blanda det i dina recept<\/strong> Perfekt f\u00f6r att skapa dina egna \u00e4tbara produkter hemma.<\/li>\n<li><strong>Fyll p\u00e5 dina patroner<\/strong> Anv\u00e4nd den f\u00f6r att fylla en p\u00e5fyllningsbar patron eller penna f\u00f6r vaping.<\/li>\n<li><strong>Anv\u00e4nd den i en dab-rigg eller bong<\/strong> F\u00f6r en mer intensiv upplevelse kan du l\u00e4gga till den i din rigg eller bong.<\/li>\n<li><strong>Tills\u00e4tt det till en joint eller blunt<\/strong> Linda den runt dina pre-rolls f\u00f6r extra kraft.<\/li>\n<\/ol>\n<h3>Effekter och f\u00f6rdelar med RAW THC Sativa-destillatsprutor<\/h3>\n<p>Med sitt rena THC-inneh\u00e5ll <strong>RAW THC Sativa Destillat sprutor<\/strong> erbjuder en snabb, intensiv h\u00f6g. Perfekt f\u00f6r att \u00f6ka energi och kreativitet, de h\u00e5ller dig fokuserad och ger dig en k\u00e4nsla av eufori.<\/p>\n<ul>\n<li><strong>Effekter<\/strong> Stimulerande, euforisk, mental klarhet, fokus<\/li>\n<li><strong>Perfekt f\u00f6r<\/strong> Kreativa stunder, Koncentration, Energi under dagen<\/li>\n<\/ul>\n<h3>S\u00e4ker anv\u00e4ndning av RAW THC Sativa-destillatsprutor<\/h3>\n<p>Den <strong>RAW THC Sativa Destillat sprutor<\/strong> inneh\u00e5ller ett mycket kraftfullt destillat, s\u00e5 b\u00f6rja med en liten dos f\u00f6r att bed\u00f6ma din tolerans, s\u00e4rskilt om du \u00e4r nyb\u00f6rjare. De \u00e4r praktiska att anv\u00e4nda och m\u00f6jligg\u00f6r exakt dosering, men kom alltid ih\u00e5g produktens styrka.<\/p>\n<h3>Best\u00e4ll RAW THC Sativa Destillatsprutor online fr\u00e5n Pressure Zone Shop<\/h3>\n<p>\u00c4r du redo att uppt\u00e4cka kraften och flexibiliteten hos <strong>RAW THC Sativa Destillat sprutor<\/strong> ? Best\u00e4ll nu p\u00e5 <a href=\"https:\/\/pressurezone.shop\/sv\/\" target=\"_new\" rel=\"noopener\">Tryckzonsbutik<\/a> f\u00f6r en ren, anpassningsbar THC-upplevelse. Oavsett om du anv\u00e4nder dem f\u00f6r snacks, \u00e5ngor eller matvaror \u00e4r dessa sprutor det perfekta valet f\u00f6r THC-entusiaster som letar efter en intensiv och m\u00e5ngsidig upplevelse.<\/p>\n<\/div>\n<\/div>\n<\/div>\n<\/div>\n<\/div>\n<\/div>","protected":false},"excerpt":{"rendered":"<p>Achetez des RAW THC Sativa Distillate Syringes en Ligne sur Pressure Zone Shop D\u00e9couvrez les RAW THC Sativa Distillate Syringes, une m\u00e9thode pratique et polyvalente pour profiter de la puissance pure du THC sous forme de distillat. Con\u00e7ues pour les amateurs de sativa \u00e0 la recherche d&rsquo;un high \u00e9nergisant et stimulant, ces seringues sont remplies [&hellip;]<\/p>","protected":false},"featured_media":3249,"comment_status":"closed","ping_status":"closed","template":"","meta":{"_uag_custom_page_level_css":"","site-sidebar-layout":"default","site-content-layout":"","ast-site-content-layout":"default","site-content-style":"default","site-sidebar-style":"default","ast-global-header-display":"","ast-banner-title-visibility":"","ast-main-header-display":"","ast-hfb-above-header-display":"","ast-hfb-below-header-display":"","ast-hfb-mobile-header-display":"","site-post-title":"","ast-breadcrumbs-content":"","ast-featured-img":"","footer-sml-layout":"","theme-transparent-header-meta":"default","adv-header-id-meta":"","stick-header-meta":"","header-above-stick-meta":"","header-main-stick-meta":"","header-below-stick-meta":"","astra-migrate-meta-layouts":"set","ast-page-background-enabled":"default","ast-page-background-meta":{"desktop":{"background-color":"","background-image":"","background-repeat":"repeat","background-position":"center center","background-size":"auto","background-attachment":"scroll","background-type":"","background-media":"","overlay-type":"","overlay-color":"","overlay-opacity":"","overlay-gradient":""},"tablet":{"background-color":"","background-image":"","background-repeat":"repeat","background-position":"center center","background-size":"auto","background-attachment":"scroll","background-type":"","background-media":"","overlay-type":"","overlay-color":"","overlay-opacity":"","overlay-gradient":""},"mobile":{"background-color":"","background-image":"","background-repeat":"repeat","background-position":"center center","background-size":"auto","background-attachment":"scroll","background-type":"","background-media":"","overlay-type":"","overlay-color":"","overlay-opacity":"","overlay-gradient":""}},"ast-content-background-meta":{"desktop":{"background-color":"var(--ast-global-color-5)","background-image":"","background-repeat":"repeat","background-position":"center center","background-size":"auto","background-attachment":"scroll","background-type":"","background-media":"","overlay-type":"","overlay-color":"","overlay-opacity":"","overlay-gradient":""},"tablet":{"background-color":"var(--ast-global-color-5)","background-image":"","background-repeat":"repeat","background-position":"center center","background-size":"auto","background-attachment":"scroll","background-type":"","background-media":"","overlay-type":"","overlay-color":"","overlay-opacity":"","overlay-gradient":""},"mobile":{"background-color":"var(--ast-global-color-5)","background-image":"","background-repeat":"repeat","background-position":"center center","background-size":"auto","background-attachment":"scroll","background-type":"","background-media":"","overlay-type":"","overlay-color":"","overlay-opacity":"","overlay-gradient":""}}},"product_brand":[],"product_cat":[334,367],"product_tag":[368],"class_list":{"0":"post-3159","1":"product","2":"type-product","3":"status-publish","4":"has-post-thumbnail","6":"product_cat-concentres-de-marijuana","7":"product_cat-thc-distillates","8":"product_tag-buy-raw-thc-sativa-distillate-syringes-europe","9":"desktop-align-left","10":"tablet-align-left","11":"mobile-align-left","13":"first","14":"instock","15":"shipping-taxable","16":"purchasable","17":"product-type-variable"},"uagb_featured_image_src":{"full":["https:\/\/pressurezone.shop\/wp-content\/uploads\/2024\/10\/Buy-RAW-THC-Sativa-Distillate-Syringes.jpg",1000,1000,false],"thumbnail":["https:\/\/pressurezone.shop\/wp-content\/uploads\/2024\/10\/Buy-RAW-THC-Sativa-Distillate-Syringes-150x150.jpg",150,150,true],"medium":["https:\/\/pressurezone.shop\/wp-content\/uploads\/2024\/10\/Buy-RAW-THC-Sativa-Distillate-Syringes-300x300.jpg",300,300,true],"medium_large":["https:\/\/pressurezone.shop\/wp-content\/uploads\/2024\/10\/Buy-RAW-THC-Sativa-Distillate-Syringes-768x768.jpg",768,768,true],"large":["https:\/\/pressurezone.shop\/wp-content\/uploads\/2024\/10\/Buy-RAW-THC-Sativa-Distillate-Syringes.jpg",1000,1000,false],"1536x1536":["https:\/\/pressurezone.shop\/wp-content\/uploads\/2024\/10\/Buy-RAW-THC-Sativa-Distillate-Syringes.jpg",1000,1000,false],"2048x2048":["https:\/\/pressurezone.shop\/wp-content\/uploads\/2024\/10\/Buy-RAW-THC-Sativa-Distillate-Syringes.jpg",1000,1000,false],"trp-custom-language-flag":["https:\/\/pressurezone.shop\/wp-content\/uploads\/2024\/10\/Buy-RAW-THC-Sativa-Distillate-Syringes-12x12.jpg",12,12,true],"woocommerce_thumbnail":["https:\/\/pressurezone.shop\/wp-content\/uploads\/2024\/10\/Buy-RAW-THC-Sativa-Distillate-Syringes-300x300.jpg",300,300,true],"woocommerce_single":["https:\/\/pressurezone.shop\/wp-content\/uploads\/2024\/10\/Buy-RAW-THC-Sativa-Distillate-Syringes-600x600.jpg",600,600,true],"woocommerce_gallery_thumbnail":["https:\/\/pressurezone.shop\/wp-content\/uploads\/2024\/10\/Buy-RAW-THC-Sativa-Distillate-Syringes-100x100.jpg",100,100,true]},"uagb_author_info":{"display_name":"pressurezone.shop","author_link":"https:\/\/pressurezone.shop\/sv\/author\/"},"uagb_comment_info":0,"uagb_excerpt":"Achetez des RAW THC Sativa Distillate Syringes en Ligne sur Pressure Zone Shop D\u00e9couvrez les RAW THC Sativa Distillate Syringes, une m\u00e9thode pratique et polyvalente pour profiter de la puissance pure du THC sous forme de distillat. Con\u00e7ues pour les amateurs de sativa \u00e0 la recherche d&rsquo;un high \u00e9nergisant et stimulant, ces seringues sont remplies&hellip;","_links":{"self":[{"href":"https:\/\/pressurezone.shop\/sv\/wp-json\/wp\/v2\/product\/3159"}],"collection":[{"href":"https:\/\/pressurezone.shop\/sv\/wp-json\/wp\/v2\/product"}],"about":[{"href":"https:\/\/pressurezone.shop\/sv\/wp-json\/wp\/v2\/types\/product"}],"replies":[{"embeddable":true,"href":"https:\/\/pressurezone.shop\/sv\/wp-json\/wp\/v2\/comments?post=3159"}],"version-history":[{"count":3,"href":"https:\/\/pressurezone.shop\/sv\/wp-json\/wp\/v2\/product\/3159\/revisions"}],"predecessor-version":[{"id":4086,"href":"https:\/\/pressurezone.shop\/sv\/wp-json\/wp\/v2\/product\/3159\/revisions\/4086"}],"wp:featuredmedia":[{"embeddable":true,"href":"https:\/\/pressurezone.shop\/sv\/wp-json\/wp\/v2\/media\/3249"}],"wp:attachment":[{"href":"https:\/\/pressurezone.shop\/sv\/wp-json\/wp\/v2\/media?parent=3159"}],"wp:term":[{"taxonomy":"product_brand","embeddable":true,"href":"https:\/\/pressurezone.shop\/sv\/wp-json\/wp\/v2\/product_brand?post=3159"},{"taxonomy":"product_cat","embeddable":true,"href":"https:\/\/pressurezone.shop\/sv\/wp-json\/wp\/v2\/product_cat?post=3159"},{"taxonomy":"product_tag","embeddable":true,"href":"https:\/\/pressurezone.shop\/sv\/wp-json\/wp\/v2\/product_tag?post=3159"}],"curies":[{"name":"wp","href":"https:\/\/api.w.org\/{rel}","templated":true}]}}