{"id":3173,"date":"2024-10-11T00:54:27","date_gmt":"2024-10-10T22:54:27","guid":{"rendered":"https:\/\/pressurezone.shop\/?post_type=product&#038;p=3173"},"modified":"2024-11-04T01:35:34","modified_gmt":"2024-11-04T00:35:34","slug":"raw-thc-hybrid-distillate-syringes","status":"publish","type":"product","link":"https:\/\/pressurezone.shop\/sv\/produkt\/sprutor-for-hybriddestillat-av-ra-thc\/","title":{"rendered":"RAW THC Hybrid Destillat sprutor"},"content":{"rendered":"<h3><strong>K\u00f6p RAW THC Hybrid Destillate Syringes online i Europa p\u00e5 <a href=\"https:\/\/pressurezone.shop\/sv\/\" target=\"_new\" rel=\"noopener\">Tryckzonsbutik<\/a><\/strong><\/h3>\n<p>Uppt\u00e4ck de <strong>RAW THC Hybrid Destillat sprutor<\/strong>Dessa sprutor med rent, m\u00e5ngsidigt hybriddestillat \u00e4r perfekta f\u00f6r en m\u00e4ngd olika konsumtionsmetoder. Oavsett om du vill l\u00e4gga till lite punch till dina snacks, skapa dina egna \u00e4tbara saker eller helt enkelt fylla p\u00e5 din patron, erbjuder dessa sprutor dig en kraftfull och bekv\u00e4m dos THC.<\/p>\n<h3>Varf\u00f6r v\u00e4lja RAW THC Hybrid Destillate Syringes?<\/h3>\n<p>Den <strong>RAW THC Hybrid Destillat sprutor<\/strong> \u00e4r utformade f\u00f6r flexibel, personlig konsumtion. Med ett rent hybriddestillat erbjuder dessa sprutor en balanserad h\u00f6g, perfekt f\u00f6r dem som vill njuta av de avslappnande och stimulerande f\u00f6rdelarna med THC utan kompromisser. Tack vare den h\u00f6ga koncentrationen kan de anv\u00e4ndas f\u00f6r exakt dosering.<a href=\"https:\/\/fuelpackz.com\/\" target=\"_blank\" rel=\"noopener\">.<\/a><\/p>\n<ul>\n<li><strong>Typ<\/strong> Rent hybriddestillat<\/li>\n<li><strong>Anv\u00e4ndning<\/strong> : M\u00e5ngsidig och l\u00e4tt att anpassa<\/li>\n<\/ul>\n<h3>S\u00e4tt att anv\u00e4nda RAW THC Hybrid Destillate Syring<\/h3>\n<p>Den <strong>RAW THC Hybrid Destillat sprutor<\/strong> erbjuder en m\u00e4ngd olika s\u00e4tt att anv\u00e4nda dem. H\u00e4r \u00e4r n\u00e5gra id\u00e9er f\u00f6r att f\u00e5 ut mesta m\u00f6jliga av dessa sprutor:<\/p>\n<ol>\n<li><strong>P\u00e5 snacks<\/strong> L\u00e4gg en dos p\u00e5 ett kex eller torkad frukt.<\/li>\n<li><strong>Frysning<\/strong> L\u00e4gg portionerna p\u00e5 bakpl\u00e5tspapper och frys in till senare.<\/li>\n<li><strong>Kapslar<\/strong> Fyll en tom kapsel f\u00f6r diskret och enkel dosering.<\/li>\n<li><strong>\u00c4tbar<\/strong> Blanda destillatet i dina favoritrecept.<\/li>\n<li><strong>Refiller f\u00f6r patroner<\/strong> Anv\u00e4nd destillatet f\u00f6r att fylla en patron eller en p\u00e5fyllningsbar penna.<\/li>\n<li><strong>Dab-rigg eller bong<\/strong> L\u00e4gg till den i din rigg f\u00f6r en mer intensiv upplevelse.<\/li>\n<li><strong>Inneslutning i leder eller stumpar<\/strong> Linda den runt dina pre-rolls f\u00f6r extra kraft.<\/li>\n<\/ol>\n<h3>Effekter och f\u00f6rdelar med RAW THC hybriddestillatsprutor<\/h3>\n<p>Le <strong>RAW THC Hybrid Destillat<\/strong> ger en balanserad upplevelse med b\u00e5de en stimulerande mental kick och en lugnande fysisk avslappning. Perfekt f\u00f6r stunder av avkoppling eller en kreativ boost.<\/p>\n<ul>\n<li><strong>Effekter<\/strong> Avslappning, Mental stimulering, Eufori, Koncentration<\/li>\n<li><strong>Perfekt f\u00f6r<\/strong> Stress, Kronisk sm\u00e4rta, \u00c5ngest, Tr\u00f6tthet, Aptitl\u00f6shet<\/li>\n<\/ul>\n<h3>S\u00e4ker anv\u00e4ndning av RAW THC Hybrid Destillate-sprutor<\/h3>\n<p>Med en h\u00f6g koncentration av THC \u00e4r det tillr\u00e5dligt att dosera noggrant f\u00f6r att s\u00e4kerst\u00e4lla en trevlig upplevelse. B\u00f6rja med en l\u00e5g dos, s\u00e4rskilt om du \u00e4r nyb\u00f6rjare, och justera sedan efter dina preferenser och tolerans.<\/p>\n<h3>Best\u00e4ll RAW THC Hybrid Destillate Syringes online p\u00e5 Pressure Zone Shop<\/h3>\n<p>\u00c4r du redo att uppt\u00e4cka m\u00e5ngsidigheten och kraften hos <strong>RAW THC Hybrid Destillat sprutor<\/strong> ? Best\u00e4ll nu p\u00e5 <a href=\"https:\/\/pressurezone.shop\/sv\/\" target=\"_new\" rel=\"noopener\">Tryckzonsbutik<\/a> f\u00f6r att njuta av den ultimata flexibiliteten hos destillerad THC, perfekt f\u00f6r dina behov och \u00f6nskningar. Oavsett om det g\u00e4ller \u00e4tbart eller ett \u00f6gonblick av avkoppling, <strong>RAW THC Hybrid Destillat sprutor<\/strong> \u00e4r det perfekta valet f\u00f6r en skr\u00e4ddarsydd cannabisupplevelse.<\/p>","protected":false},"excerpt":{"rendered":"<p>Achetez des RAW THC Hybrid Distillate Syringes en Ligne en Europe sur Pressure Zone Shop D\u00e9couvrez les RAW THC Hybrid Distillate Syringes, des seringues de distillat hybride pur et polyvalent, parfaites pour divers modes de consommation. Que vous souhaitiez ajouter un peu de punch \u00e0 vos snacks, cr\u00e9er vos propres comestibles, ou simplement remplir votre [&hellip;]<\/p>","protected":false},"featured_media":3253,"comment_status":"closed","ping_status":"closed","template":"","meta":{"_uag_custom_page_level_css":"","site-sidebar-layout":"default","site-content-layout":"","ast-site-content-layout":"default","site-content-style":"default","site-sidebar-style":"default","ast-global-header-display":"","ast-banner-title-visibility":"","ast-main-header-display":"","ast-hfb-above-header-display":"","ast-hfb-below-header-display":"","ast-hfb-mobile-header-display":"","site-post-title":"","ast-breadcrumbs-content":"","ast-featured-img":"","footer-sml-layout":"","theme-transparent-header-meta":"default","adv-header-id-meta":"","stick-header-meta":"","header-above-stick-meta":"","header-main-stick-meta":"","header-below-stick-meta":"","astra-migrate-meta-layouts":"set","ast-page-background-enabled":"default","ast-page-background-meta":{"desktop":{"background-color":"","background-image":"","background-repeat":"repeat","background-position":"center center","background-size":"auto","background-attachment":"scroll","background-type":"","background-media":"","overlay-type":"","overlay-color":"","overlay-opacity":"","overlay-gradient":""},"tablet":{"background-color":"","background-image":"","background-repeat":"repeat","background-position":"center center","background-size":"auto","background-attachment":"scroll","background-type":"","background-media":"","overlay-type":"","overlay-color":"","overlay-opacity":"","overlay-gradient":""},"mobile":{"background-color":"","background-image":"","background-repeat":"repeat","background-position":"center center","background-size":"auto","background-attachment":"scroll","background-type":"","background-media":"","overlay-type":"","overlay-color":"","overlay-opacity":"","overlay-gradient":""}},"ast-content-background-meta":{"desktop":{"background-color":"var(--ast-global-color-5)","background-image":"","background-repeat":"repeat","background-position":"center center","background-size":"auto","background-attachment":"scroll","background-type":"","background-media":"","overlay-type":"","overlay-color":"","overlay-opacity":"","overlay-gradient":""},"tablet":{"background-color":"var(--ast-global-color-5)","background-image":"","background-repeat":"repeat","background-position":"center center","background-size":"auto","background-attachment":"scroll","background-type":"","background-media":"","overlay-type":"","overlay-color":"","overlay-opacity":"","overlay-gradient":""},"mobile":{"background-color":"var(--ast-global-color-5)","background-image":"","background-repeat":"repeat","background-position":"center center","background-size":"auto","background-attachment":"scroll","background-type":"","background-media":"","overlay-type":"","overlay-color":"","overlay-opacity":"","overlay-gradient":""}}},"product_brand":[],"product_cat":[334,367],"product_tag":[370],"class_list":{"0":"post-3173","1":"product","2":"type-product","3":"status-publish","4":"has-post-thumbnail","6":"product_cat-concentres-de-marijuana","7":"product_cat-thc-distillates","8":"product_tag-order-raw-thc-hybrid-distillate-syringes-europe","9":"desktop-align-left","10":"tablet-align-left","11":"mobile-align-left","13":"first","14":"instock","15":"shipping-taxable","16":"purchasable","17":"product-type-variable"},"uagb_featured_image_src":{"full":["https:\/\/pressurezone.shop\/wp-content\/uploads\/2024\/10\/RAW-THC-Hybrid-Distillate-Syringes.jpg",1000,1000,false],"thumbnail":["https:\/\/pressurezone.shop\/wp-content\/uploads\/2024\/10\/RAW-THC-Hybrid-Distillate-Syringes-150x150.jpg",150,150,true],"medium":["https:\/\/pressurezone.shop\/wp-content\/uploads\/2024\/10\/RAW-THC-Hybrid-Distillate-Syringes-300x300.jpg",300,300,true],"medium_large":["https:\/\/pressurezone.shop\/wp-content\/uploads\/2024\/10\/RAW-THC-Hybrid-Distillate-Syringes-768x768.jpg",768,768,true],"large":["https:\/\/pressurezone.shop\/wp-content\/uploads\/2024\/10\/RAW-THC-Hybrid-Distillate-Syringes.jpg",1000,1000,false],"1536x1536":["https:\/\/pressurezone.shop\/wp-content\/uploads\/2024\/10\/RAW-THC-Hybrid-Distillate-Syringes.jpg",1000,1000,false],"2048x2048":["https:\/\/pressurezone.shop\/wp-content\/uploads\/2024\/10\/RAW-THC-Hybrid-Distillate-Syringes.jpg",1000,1000,false],"trp-custom-language-flag":["https:\/\/pressurezone.shop\/wp-content\/uploads\/2024\/10\/RAW-THC-Hybrid-Distillate-Syringes-12x12.jpg",12,12,true],"woocommerce_thumbnail":["https:\/\/pressurezone.shop\/wp-content\/uploads\/2024\/10\/RAW-THC-Hybrid-Distillate-Syringes-300x300.jpg",300,300,true],"woocommerce_single":["https:\/\/pressurezone.shop\/wp-content\/uploads\/2024\/10\/RAW-THC-Hybrid-Distillate-Syringes-600x600.jpg",600,600,true],"woocommerce_gallery_thumbnail":["https:\/\/pressurezone.shop\/wp-content\/uploads\/2024\/10\/RAW-THC-Hybrid-Distillate-Syringes-100x100.jpg",100,100,true]},"uagb_author_info":{"display_name":"pressurezone.shop","author_link":"https:\/\/pressurezone.shop\/sv\/author\/"},"uagb_comment_info":0,"uagb_excerpt":"Achetez des RAW THC Hybrid Distillate Syringes en Ligne en Europe sur Pressure Zone Shop D\u00e9couvrez les RAW THC Hybrid Distillate Syringes, des seringues de distillat hybride pur et polyvalent, parfaites pour divers modes de consommation. Que vous souhaitiez ajouter un peu de punch \u00e0 vos snacks, cr\u00e9er vos propres comestibles, ou simplement remplir votre&hellip;","_links":{"self":[{"href":"https:\/\/pressurezone.shop\/sv\/wp-json\/wp\/v2\/product\/3173"}],"collection":[{"href":"https:\/\/pressurezone.shop\/sv\/wp-json\/wp\/v2\/product"}],"about":[{"href":"https:\/\/pressurezone.shop\/sv\/wp-json\/wp\/v2\/types\/product"}],"replies":[{"embeddable":true,"href":"https:\/\/pressurezone.shop\/sv\/wp-json\/wp\/v2\/comments?post=3173"}],"version-history":[{"count":2,"href":"https:\/\/pressurezone.shop\/sv\/wp-json\/wp\/v2\/product\/3173\/revisions"}],"predecessor-version":[{"id":4099,"href":"https:\/\/pressurezone.shop\/sv\/wp-json\/wp\/v2\/product\/3173\/revisions\/4099"}],"wp:featuredmedia":[{"embeddable":true,"href":"https:\/\/pressurezone.shop\/sv\/wp-json\/wp\/v2\/media\/3253"}],"wp:attachment":[{"href":"https:\/\/pressurezone.shop\/sv\/wp-json\/wp\/v2\/media?parent=3173"}],"wp:term":[{"taxonomy":"product_brand","embeddable":true,"href":"https:\/\/pressurezone.shop\/sv\/wp-json\/wp\/v2\/product_brand?post=3173"},{"taxonomy":"product_cat","embeddable":true,"href":"https:\/\/pressurezone.shop\/sv\/wp-json\/wp\/v2\/product_cat?post=3173"},{"taxonomy":"product_tag","embeddable":true,"href":"https:\/\/pressurezone.shop\/sv\/wp-json\/wp\/v2\/product_tag?post=3173"}],"curies":[{"name":"wp","href":"https:\/\/api.w.org\/{rel}","templated":true}]}}