{"id":3187,"date":"2024-10-11T00:54:53","date_gmt":"2024-10-10T22:54:53","guid":{"rendered":"https:\/\/pressurezone.shop\/?post_type=product&#038;p=3187"},"modified":"2024-11-04T01:24:26","modified_gmt":"2024-11-04T00:24:26","slug":"commandez-du-thc-distillate","status":"publish","type":"product","link":"https:\/\/pressurezone.shop\/sv\/produkt\/bestalla-thc-destillat\/","title":{"rendered":"Best\u00e4ll THC Destillat"},"content":{"rendered":"<div class=\"flex-shrink-0 flex flex-col relative items-end\">\n<div>\n<div class=\"pt-0\">\n<div class=\"gizmo-bot-avatar flex h-8 w-8 items-center justify-center overflow-hidden rounded-full\">\n<div><\/div>\n<h4 class=\"relative p-1 rounded-sm flex items-center justify-center bg-token-main-surface-primary text-token-text-primary h-8 w-8\"><strong style=\"font-size: 1.5em;\">Best\u00e4ll THC-destillat online i Europa p\u00e5 <a href=\"https:\/\/pressurezone.shop\/sv\/\" target=\"_new\" rel=\"noopener\">Tryckzonsbutik<\/a><\/strong><\/h4>\n<\/div>\n<\/div>\n<\/div>\n<\/div>\n<div class=\"group\/conversation-turn relative flex w-full min-w-0 flex-col agent-turn\">\n<div class=\"flex-col gap-1 md:gap-3\">\n<div class=\"flex max-w-full flex-col flex-grow\">\n<div class=\"min-h-8 text-message flex w-full flex-col items-end gap-2 whitespace-normal break-words [.text-message+&amp;]:mt-5\" dir=\"auto\" data-message-author-role=\"assistant\" data-message-id=\"8db23d52-615c-485f-bec6-b78f69bfc040\" data-message-model-slug=\"gpt-4o\">\n<div class=\"flex w-full flex-col gap-1 empty:hidden first:pt-[3px]\">\n<div class=\"markdown prose w-full break-words dark:prose-invert light\">\n<p>Utforska renheten hos <strong>THC-destillat<\/strong>ett raffinerat, l\u00f6sningsmedelsfritt cannabisextrakt med en THC-koncentration p\u00e5 95%. Detta klara, gyllene koncentrat \u00e4r en av de mest potenta formerna av THC, perfekt f\u00f6r m\u00e5ngsidig anv\u00e4ndning. Oavsett om du vill konsumera det som en<strong>mat<\/strong>, <strong>aktuell<\/strong> eller f\u00f6r <strong>r\u00f6kning\/sprutning<\/strong>V\u00e5rt THC-destillat \u00e4r utformat f\u00f6r att tillgodose dina medicinska eller rekreationsbehov.<\/p>\n<h3>Varf\u00f6r best\u00e4lla THC Destillate?<\/h3>\n<p><strong>Best\u00e4llning av THC-destillat i Europa<\/strong> \u00e4r den perfekta l\u00f6sningen f\u00f6r dem som letar efter en ren, potent cannabisupplevelse. V\u00e5rt destillat, inneslutet i en praktisk glasspruta, \u00e4r redo att anv\u00e4ndas. F\u00f6r enkel applicering, v\u00e4rm sprutan l\u00e4tt f\u00f6re anv\u00e4ndning f\u00f6r j\u00e4mnare f\u00f6rdelning av detta tjocka koncentrat.<a href=\"https:\/\/fuelpackz.com\/\" target=\"_blank\" rel=\"noopener\">.<\/a><\/p>\n<ul>\n<li><strong>Typ<\/strong> Renat THC-extrakt<\/li>\n<li><strong>THC<\/strong> 95%, f\u00f6r en intensiv och l\u00e5ngvarig upplevelse<\/li>\n<\/ul>\n<h3>Hur man anv\u00e4nder THC Distillate<\/h3>\n<p>Le <strong>THC-destillat<\/strong> \u00e4r ett av de mest m\u00e5ngsidiga koncentraten, vilket m\u00f6jligg\u00f6r en m\u00e4ngd olika konsumtionsmetoder. H\u00e4r \u00e4r n\u00e5gra popul\u00e4ra s\u00e4tt att njuta av dess renhet:<\/p>\n<ol>\n<li><strong>R\u00f6k eller spray<\/strong> Perfekt f\u00f6r en omedelbar h\u00f6g.<\/li>\n<li><strong>Dabbing<\/strong> F\u00f6r en intensiv upplevelse, perfekt f\u00f6r avancerade anv\u00e4ndare.<\/li>\n<li><strong>Inf\u00f6rliva i komestibler<\/strong> L\u00e4gg till det i dina recept f\u00f6r att f\u00e5 best\u00e5ende effekter.<\/li>\n<li><strong>Aktuellt<\/strong> Applicera lokalt f\u00f6r riktad lindring.<\/li>\n<\/ol>\n<h3>F\u00f6rdelar och effekter av THC-destillat<\/h3>\n<p>Le <strong>THC-destillat<\/strong> \u00e4r uppskattad f\u00f6r sin styrka och snabbverkande effekter, perfekt f\u00f6r dem som s\u00f6ker en omedelbar h\u00f6g eller l\u00e5ngvarig l\u00e4ttnad. Det ger intensiv avslappning och l\u00e5ngvarig eufori, perfekt f\u00f6r b\u00e5de medicinska och fritidsanv\u00e4ndare.<\/p>\n<ul>\n<li><strong>Effekter<\/strong> Eufori, avslappning, h\u00f6g absorptionsniv\u00e5<\/li>\n<li><strong>Perfekt f\u00f6r<\/strong> Sm\u00e4rtlindring, \u00c5ngest, S\u00f6mnl\u00f6shet, Stress<\/li>\n<\/ul>\n<h3>Varf\u00f6r v\u00e4lja THC Distillate?<\/h3>\n<p>Med en komplex isoleringsprocess \u00e4r <strong>THC-destillat<\/strong> destilleras f\u00f6r att f\u00e5 det renaste extraktet, med endast de \u00f6nskade cannabinoiderna kvar. Denna avancerade extraktionsprocess s\u00e4kerst\u00e4ller en h\u00f6g koncentration av THC utan f\u00f6roreningar, samtidigt som de naturliga terpenerna och flavonoiderna i cannabis bevaras.<\/p>\n<h3>Best\u00e4ll ditt THC-destillat i Europa via Pressure Zone Shop<\/h3>\n<p>Redo att uppt\u00e4cka renheten i <strong>THC-destillat<\/strong> ? Best\u00e4ll nu p\u00e5 <a href=\"https:\/\/pressurezone.shop\/sv\/\" target=\"_new\" rel=\"noopener\">Tryckzonsbutik<\/a> f\u00f6r att f\u00e5 tillg\u00e5ng till ett ultrarent cannabisextrakt, perfekt f\u00f6r alla dina THC-behov. Oavsett om du \u00e4r en rekreations- eller medicinsk anv\u00e4ndare, \u00e4r <strong>THC-destillat<\/strong> \u00e4r det perfekta valet f\u00f6r en kraftfull och flexibel cannabisupplevelse.<\/p>\n<\/div>\n<\/div>\n<\/div>\n<\/div>\n<\/div>\n<\/div>","protected":false},"excerpt":{"rendered":"<h3>Best\u00e4ll THC-destillat i Europa via Pressure Zone Shop<\/h3>\n<p>Redo att uppt\u00e4cka renheten i <strong>THC-destillat<\/strong> ? Best\u00e4ll nu p\u00e5 <a href=\"https:\/\/pressurezone.shop\/sv\/\" target=\"_new\" rel=\"noopener\">Tryckzonsbutik<\/a> f\u00f6r ett ultrarent cannabisextrakt, perfekt f\u00f6r alla dina THC-behov.<\/p>","protected":false},"featured_media":3255,"comment_status":"closed","ping_status":"closed","template":"","meta":{"_uag_custom_page_level_css":"","site-sidebar-layout":"default","site-content-layout":"","ast-site-content-layout":"default","site-content-style":"default","site-sidebar-style":"default","ast-global-header-display":"","ast-banner-title-visibility":"","ast-main-header-display":"","ast-hfb-above-header-display":"","ast-hfb-below-header-display":"","ast-hfb-mobile-header-display":"","site-post-title":"","ast-breadcrumbs-content":"","ast-featured-img":"","footer-sml-layout":"","theme-transparent-header-meta":"default","adv-header-id-meta":"","stick-header-meta":"","header-above-stick-meta":"","header-main-stick-meta":"","header-below-stick-meta":"","astra-migrate-meta-layouts":"set","ast-page-background-enabled":"default","ast-page-background-meta":{"desktop":{"background-color":"","background-image":"","background-repeat":"repeat","background-position":"center center","background-size":"auto","background-attachment":"scroll","background-type":"","background-media":"","overlay-type":"","overlay-color":"","overlay-opacity":"","overlay-gradient":""},"tablet":{"background-color":"","background-image":"","background-repeat":"repeat","background-position":"center center","background-size":"auto","background-attachment":"scroll","background-type":"","background-media":"","overlay-type":"","overlay-color":"","overlay-opacity":"","overlay-gradient":""},"mobile":{"background-color":"","background-image":"","background-repeat":"repeat","background-position":"center center","background-size":"auto","background-attachment":"scroll","background-type":"","background-media":"","overlay-type":"","overlay-color":"","overlay-opacity":"","overlay-gradient":""}},"ast-content-background-meta":{"desktop":{"background-color":"var(--ast-global-color-5)","background-image":"","background-repeat":"repeat","background-position":"center center","background-size":"auto","background-attachment":"scroll","background-type":"","background-media":"","overlay-type":"","overlay-color":"","overlay-opacity":"","overlay-gradient":""},"tablet":{"background-color":"var(--ast-global-color-5)","background-image":"","background-repeat":"repeat","background-position":"center center","background-size":"auto","background-attachment":"scroll","background-type":"","background-media":"","overlay-type":"","overlay-color":"","overlay-opacity":"","overlay-gradient":""},"mobile":{"background-color":"var(--ast-global-color-5)","background-image":"","background-repeat":"repeat","background-position":"center center","background-size":"auto","background-attachment":"scroll","background-type":"","background-media":"","overlay-type":"","overlay-color":"","overlay-opacity":"","overlay-gradient":""}}},"product_brand":[],"product_cat":[334,367],"product_tag":[371,372,373],"class_list":{"0":"post-3187","1":"product","2":"type-product","3":"status-publish","4":"has-post-thumbnail","6":"product_cat-concentres-de-marijuana","7":"product_cat-thc-distillates","8":"product_tag-1g-thc-distillates-for-sale-in-bulk","9":"product_tag-1ml-cannabis-oil-distillates-for-sale-europe","10":"product_tag-order-thc-distillate-europe","11":"desktop-align-left","12":"tablet-align-left","13":"mobile-align-left","15":"first","16":"instock","17":"shipping-taxable","18":"purchasable","19":"product-type-simple"},"uagb_featured_image_src":{"full":["https:\/\/pressurezone.shop\/wp-content\/uploads\/2024\/10\/Order-THC-Distillate-Europe.webp",570,464,false],"thumbnail":["https:\/\/pressurezone.shop\/wp-content\/uploads\/2024\/10\/Order-THC-Distillate-Europe-150x150.webp",150,150,true],"medium":["https:\/\/pressurezone.shop\/wp-content\/uploads\/2024\/10\/Order-THC-Distillate-Europe-300x244.webp",300,244,true],"medium_large":["https:\/\/pressurezone.shop\/wp-content\/uploads\/2024\/10\/Order-THC-Distillate-Europe.webp",570,464,false],"large":["https:\/\/pressurezone.shop\/wp-content\/uploads\/2024\/10\/Order-THC-Distillate-Europe.webp",570,464,false],"1536x1536":["https:\/\/pressurezone.shop\/wp-content\/uploads\/2024\/10\/Order-THC-Distillate-Europe.webp",570,464,false],"2048x2048":["https:\/\/pressurezone.shop\/wp-content\/uploads\/2024\/10\/Order-THC-Distillate-Europe.webp",570,464,false],"trp-custom-language-flag":["https:\/\/pressurezone.shop\/wp-content\/uploads\/2024\/10\/Order-THC-Distillate-Europe-15x12.webp",15,12,true],"woocommerce_thumbnail":["https:\/\/pressurezone.shop\/wp-content\/uploads\/2024\/10\/Order-THC-Distillate-Europe-300x300.webp",300,300,true],"woocommerce_single":["https:\/\/pressurezone.shop\/wp-content\/uploads\/2024\/10\/Order-THC-Distillate-Europe.webp",570,464,false],"woocommerce_gallery_thumbnail":["https:\/\/pressurezone.shop\/wp-content\/uploads\/2024\/10\/Order-THC-Distillate-Europe-100x100.webp",100,100,true]},"uagb_author_info":{"display_name":"pressurezone.shop","author_link":"https:\/\/pressurezone.shop\/sv\/author\/"},"uagb_comment_info":0,"uagb_excerpt":"Commandez du THC Distillate en Europe via Pressure Zone Shop Pr\u00eat \u00e0 d\u00e9couvrir la puret\u00e9 du THC Distillate ? Commandez d\u00e8s maintenant sur Pressure Zone Shop pour acc\u00e9der \u00e0 un extrait de cannabis ultra-pur, parfait pour r\u00e9pondre \u00e0 tous vos besoins en THC.","_links":{"self":[{"href":"https:\/\/pressurezone.shop\/sv\/wp-json\/wp\/v2\/product\/3187"}],"collection":[{"href":"https:\/\/pressurezone.shop\/sv\/wp-json\/wp\/v2\/product"}],"about":[{"href":"https:\/\/pressurezone.shop\/sv\/wp-json\/wp\/v2\/types\/product"}],"replies":[{"embeddable":true,"href":"https:\/\/pressurezone.shop\/sv\/wp-json\/wp\/v2\/comments?post=3187"}],"version-history":[{"count":3,"href":"https:\/\/pressurezone.shop\/sv\/wp-json\/wp\/v2\/product\/3187\/revisions"}],"predecessor-version":[{"id":4094,"href":"https:\/\/pressurezone.shop\/sv\/wp-json\/wp\/v2\/product\/3187\/revisions\/4094"}],"wp:featuredmedia":[{"embeddable":true,"href":"https:\/\/pressurezone.shop\/sv\/wp-json\/wp\/v2\/media\/3255"}],"wp:attachment":[{"href":"https:\/\/pressurezone.shop\/sv\/wp-json\/wp\/v2\/media?parent=3187"}],"wp:term":[{"taxonomy":"product_brand","embeddable":true,"href":"https:\/\/pressurezone.shop\/sv\/wp-json\/wp\/v2\/product_brand?post=3187"},{"taxonomy":"product_cat","embeddable":true,"href":"https:\/\/pressurezone.shop\/sv\/wp-json\/wp\/v2\/product_cat?post=3187"},{"taxonomy":"product_tag","embeddable":true,"href":"https:\/\/pressurezone.shop\/sv\/wp-json\/wp\/v2\/product_tag?post=3187"}],"curies":[{"name":"wp","href":"https:\/\/api.w.org\/{rel}","templated":true}]}}