{"id":3188,"date":"2024-10-11T00:54:53","date_gmt":"2024-10-10T22:54:53","guid":{"rendered":"https:\/\/pressurezone.shop\/?post_type=product&#038;p=3188"},"modified":"2024-11-04T00:54:47","modified_gmt":"2024-11-03T23:54:47","slug":"delta-8-thc-distillate","status":"publish","type":"product","link":"https:\/\/pressurezone.shop\/sv\/produkt\/delta-8-thc-destillat\/","title":{"rendered":"Delta 8 THC Destillat"},"content":{"rendered":"<h3><strong>K\u00f6p Delta 8 THC-destillat av h\u00f6g kvalitet online i Europa p\u00e5 <a href=\"https:\/\/pressurezone.shop\/sv\/\" target=\"_new\" rel=\"noopener\">Tryckzonsbutik<\/a><\/strong><\/h3>\n<p>Uppt\u00e4ck de <strong>Delta 8 THC Destillat<\/strong>Delta 8 \u00e4r ett alltmer popul\u00e4rt destillat av rena cannabinoider, ofta bara kallat \"Delta 8\". H\u00e4rr\u00f6r fr\u00e5n cannabisv\u00e4xten, <strong>Delta 8 THC<\/strong> erbjuder en smidig, lugnande h\u00f6g, perfekt f\u00f6r dem som letar efter en mer funktionell och mindre intensiv upplevelse \u00e4n klassisk THC.<\/p>\n<h3>Varf\u00f6r v\u00e4lja Delta 8 THC Destillat?<\/h3>\n<p>Le <strong>Delta 8 THC Destillat<\/strong> erbjuder ett subtilt, avkopplande alternativ till traditionell THC. \u00c4ven om det har psykoaktiva effekter \u00e4r dessa mildare och p\u00e5minner mer om lugnet hos CBD. Detta g\u00f6r <strong>Delta 8 THC<\/strong> Ett utm\u00e4rkt val f\u00f6r dem som vill undvika o\u00f6nskade effekter som sofflock eller green-outs. Det \u00e4r perfekt f\u00f6r anv\u00e4ndare som s\u00f6ker mental klarhet samtidigt som de njuter av f\u00f6rdelarna med THC.<\/p>\n<ul>\n<li><strong>Typ<\/strong> Cannabinoid med milda psykoaktiva effekter<\/li>\n<li><strong>Renhet<\/strong> H\u00f6gkvalitativt destillat f\u00f6r en j\u00e4mn och behaglig upplevelse<\/li>\n<\/ul>\n<h3>Effekter och f\u00f6rdelar med Delta 8 THC-destillat<\/h3>\n<p>Le <strong>Delta 8 THC Destillat<\/strong> ger ett l\u00e4tt, funktionellt rus som kan avnjutas hela dagen utan den intensitet som klassisk THC ger. Effekterna \u00e4r subtila men tillr\u00e4ckliga f\u00f6r att lugna sinnet och kroppen, perfekt f\u00f6r att f\u00f6rb\u00e4ttra koncentrationen samtidigt som den ger mild avkoppling.<\/p>\n<ul>\n<li><strong>Effekter<\/strong> : Lugnande, mental klarhet, avslappning, l\u00e4tt surr<\/li>\n<li><strong>Perfekt f\u00f6r<\/strong> Dagtid, Arbete, Minskad \u00e5ngest, Koncentration utan \u00f6verdriven f\u00f6rs\u00e4mring<\/li>\n<\/ul>\n<h3>Varf\u00f6r v\u00e4lja Delta 8 THC f\u00f6r h\u00f6g funktionalitet?<\/h3>\n<p>Till skillnad fr\u00e5n konventionell THC <strong>Delta 8 THC<\/strong> h\u00e5ller dig fokuserad och funktionell, vilket g\u00f6r det till ett idealiskt val f\u00f6r konsumtion p\u00e5 dagtid. Om du vill njuta av en l\u00e4tt h\u00f6g samtidigt som du beh\u00e5ller ditt ansvar, <strong>Delta 8 THC Destillat<\/strong> \u00e4r en perfekt allierad. Detta destillat \u00e4r s\u00e4rskilt uppskattat av dem som s\u00f6ker en balans mellan avkoppling och produktivitet.<a href=\"https:\/\/fuelpackz.com\/\" target=\"_blank\" rel=\"noopener\">.<\/a><\/p>\n<h3>Hur man anv\u00e4nder Delta 8 THC Distillate<\/h3>\n<p>Den <strong>Delta 8 THC Destillat<\/strong> \u00e4r m\u00e5ngsidiga och kan anv\u00e4ndas i en m\u00e4ngd olika applikationer:<\/p>\n<ul>\n<li><strong>Vape<\/strong> F\u00f6r snabbt upptag och n\u00e4stan omedelbar effekt.<\/li>\n<li><strong>\u00c4tbar<\/strong> Perfekt f\u00f6r infusering i dina recept.<\/li>\n<li><strong>Aktuella fr\u00e5gor<\/strong> Anv\u00e4nd den i oljor f\u00f6r lokalt lugnande effekter.<\/li>\n<\/ul>\n<h3>Best\u00e4ll ditt Delta 8 THC-destillat online fr\u00e5n Pressure Zone Shop<\/h3>\n<p>Redo att uppleva det mjuka, funktionella ruset av <strong>Delta 8 THC Destillat<\/strong> ? Best\u00e4ll nu p\u00e5 <a href=\"https:\/\/pressurezone.shop\/sv\/\" target=\"_new\" rel=\"noopener\">Tryckzonsbutik<\/a> f\u00f6r en lugnande cannabisupplevelse, perfekt f\u00f6r dem som s\u00f6ker en subtil balans mellan v\u00e4lbefinnande och mental klarhet. <strong>Delta 8 THC Destillat<\/strong> \u00e4r det perfekta valet f\u00f6r en produktiv dag utan de \u00f6verv\u00e4ldigande effekterna av traditionell THC.<\/p>","protected":false},"excerpt":{"rendered":"<p>Achetez du Delta 8 THC Distillate de Haute Qualit\u00e9 en Ligne en Europe sur Pressure Zone Shop D\u00e9couvrez le Delta 8 THC Distillate, un distillat de cannabino\u00efde pur et de plus en plus populaire, souvent appel\u00e9 simplement \u00ab\u00a0Delta 8\u00a0\u00bb. Issu de la plante de cannabis, Delta 8 THC offre un high doux et apaisant, id\u00e9al [&hellip;]<\/p>","protected":false},"featured_media":3257,"comment_status":"closed","ping_status":"closed","template":"","meta":{"_uag_custom_page_level_css":"","site-sidebar-layout":"default","site-content-layout":"","ast-site-content-layout":"default","site-content-style":"default","site-sidebar-style":"default","ast-global-header-display":"","ast-banner-title-visibility":"","ast-main-header-display":"","ast-hfb-above-header-display":"","ast-hfb-below-header-display":"","ast-hfb-mobile-header-display":"","site-post-title":"","ast-breadcrumbs-content":"","ast-featured-img":"","footer-sml-layout":"","theme-transparent-header-meta":"default","adv-header-id-meta":"","stick-header-meta":"","header-above-stick-meta":"","header-main-stick-meta":"","header-below-stick-meta":"","astra-migrate-meta-layouts":"set","ast-page-background-enabled":"default","ast-page-background-meta":{"desktop":{"background-color":"","background-image":"","background-repeat":"repeat","background-position":"center center","background-size":"auto","background-attachment":"scroll","background-type":"","background-media":"","overlay-type":"","overlay-color":"","overlay-opacity":"","overlay-gradient":""},"tablet":{"background-color":"","background-image":"","background-repeat":"repeat","background-position":"center center","background-size":"auto","background-attachment":"scroll","background-type":"","background-media":"","overlay-type":"","overlay-color":"","overlay-opacity":"","overlay-gradient":""},"mobile":{"background-color":"","background-image":"","background-repeat":"repeat","background-position":"center center","background-size":"auto","background-attachment":"scroll","background-type":"","background-media":"","overlay-type":"","overlay-color":"","overlay-opacity":"","overlay-gradient":""}},"ast-content-background-meta":{"desktop":{"background-color":"var(--ast-global-color-5)","background-image":"","background-repeat":"repeat","background-position":"center center","background-size":"auto","background-attachment":"scroll","background-type":"","background-media":"","overlay-type":"","overlay-color":"","overlay-opacity":"","overlay-gradient":""},"tablet":{"background-color":"var(--ast-global-color-5)","background-image":"","background-repeat":"repeat","background-position":"center center","background-size":"auto","background-attachment":"scroll","background-type":"","background-media":"","overlay-type":"","overlay-color":"","overlay-opacity":"","overlay-gradient":""},"mobile":{"background-color":"var(--ast-global-color-5)","background-image":"","background-repeat":"repeat","background-position":"center center","background-size":"auto","background-attachment":"scroll","background-type":"","background-media":"","overlay-type":"","overlay-color":"","overlay-opacity":"","overlay-gradient":""}}},"product_brand":[],"product_cat":[334,374,375,367],"product_tag":[376],"class_list":{"0":"post-3188","1":"product","2":"type-product","3":"status-publish","4":"has-post-thumbnail","6":"product_cat-concentres-de-marijuana","7":"product_cat-delta-8-thc-distillate-europe","8":"product_cat-delta-8-thc-products","9":"product_cat-thc-distillates","10":"product_tag-buy-high-quality-delta-8-thc-distillate-europe","11":"desktop-align-left","12":"tablet-align-left","13":"mobile-align-left","15":"first","16":"instock","17":"shipping-taxable","18":"purchasable","19":"product-type-simple"},"uagb_featured_image_src":{"full":["https:\/\/pressurezone.shop\/wp-content\/uploads\/2024\/10\/Buy-High-Quality-Delta-8-THC-Distillate.webp",570,427,false],"thumbnail":["https:\/\/pressurezone.shop\/wp-content\/uploads\/2024\/10\/Buy-High-Quality-Delta-8-THC-Distillate-150x150.webp",150,150,true],"medium":["https:\/\/pressurezone.shop\/wp-content\/uploads\/2024\/10\/Buy-High-Quality-Delta-8-THC-Distillate-300x225.webp",300,225,true],"medium_large":["https:\/\/pressurezone.shop\/wp-content\/uploads\/2024\/10\/Buy-High-Quality-Delta-8-THC-Distillate.webp",570,427,false],"large":["https:\/\/pressurezone.shop\/wp-content\/uploads\/2024\/10\/Buy-High-Quality-Delta-8-THC-Distillate.webp",570,427,false],"1536x1536":["https:\/\/pressurezone.shop\/wp-content\/uploads\/2024\/10\/Buy-High-Quality-Delta-8-THC-Distillate.webp",570,427,false],"2048x2048":["https:\/\/pressurezone.shop\/wp-content\/uploads\/2024\/10\/Buy-High-Quality-Delta-8-THC-Distillate.webp",570,427,false],"trp-custom-language-flag":["https:\/\/pressurezone.shop\/wp-content\/uploads\/2024\/10\/Buy-High-Quality-Delta-8-THC-Distillate-16x12.webp",16,12,true],"woocommerce_thumbnail":["https:\/\/pressurezone.shop\/wp-content\/uploads\/2024\/10\/Buy-High-Quality-Delta-8-THC-Distillate-300x300.webp",300,300,true],"woocommerce_single":["https:\/\/pressurezone.shop\/wp-content\/uploads\/2024\/10\/Buy-High-Quality-Delta-8-THC-Distillate.webp",570,427,false],"woocommerce_gallery_thumbnail":["https:\/\/pressurezone.shop\/wp-content\/uploads\/2024\/10\/Buy-High-Quality-Delta-8-THC-Distillate-100x100.webp",100,100,true]},"uagb_author_info":{"display_name":"pressurezone.shop","author_link":"https:\/\/pressurezone.shop\/sv\/author\/"},"uagb_comment_info":0,"uagb_excerpt":"Achetez du Delta 8 THC Distillate de Haute Qualit\u00e9 en Ligne en Europe sur Pressure Zone Shop D\u00e9couvrez le Delta 8 THC Distillate, un distillat de cannabino\u00efde pur et de plus en plus populaire, souvent appel\u00e9 simplement \u00ab\u00a0Delta 8\u00a0\u00bb. Issu de la plante de cannabis, Delta 8 THC offre un high doux et apaisant, id\u00e9al&hellip;","_links":{"self":[{"href":"https:\/\/pressurezone.shop\/sv\/wp-json\/wp\/v2\/product\/3188"}],"collection":[{"href":"https:\/\/pressurezone.shop\/sv\/wp-json\/wp\/v2\/product"}],"about":[{"href":"https:\/\/pressurezone.shop\/sv\/wp-json\/wp\/v2\/types\/product"}],"replies":[{"embeddable":true,"href":"https:\/\/pressurezone.shop\/sv\/wp-json\/wp\/v2\/comments?post=3188"}],"version-history":[{"count":4,"href":"https:\/\/pressurezone.shop\/sv\/wp-json\/wp\/v2\/product\/3188\/revisions"}],"predecessor-version":[{"id":4082,"href":"https:\/\/pressurezone.shop\/sv\/wp-json\/wp\/v2\/product\/3188\/revisions\/4082"}],"wp:featuredmedia":[{"embeddable":true,"href":"https:\/\/pressurezone.shop\/sv\/wp-json\/wp\/v2\/media\/3257"}],"wp:attachment":[{"href":"https:\/\/pressurezone.shop\/sv\/wp-json\/wp\/v2\/media?parent=3188"}],"wp:term":[{"taxonomy":"product_brand","embeddable":true,"href":"https:\/\/pressurezone.shop\/sv\/wp-json\/wp\/v2\/product_brand?post=3188"},{"taxonomy":"product_cat","embeddable":true,"href":"https:\/\/pressurezone.shop\/sv\/wp-json\/wp\/v2\/product_cat?post=3188"},{"taxonomy":"product_tag","embeddable":true,"href":"https:\/\/pressurezone.shop\/sv\/wp-json\/wp\/v2\/product_tag?post=3188"}],"curies":[{"name":"wp","href":"https:\/\/api.w.org\/{rel}","templated":true}]}}