{"id":3189,"date":"2024-10-11T00:54:54","date_gmt":"2024-10-10T22:54:54","guid":{"rendered":"https:\/\/pressurezone.shop\/?post_type=product&#038;p=3189"},"modified":"2024-11-04T01:09:45","modified_gmt":"2024-11-04T00:09:45","slug":"cherry-zkittlez-weed-thc-distillate","status":"publish","type":"product","link":"https:\/\/pressurezone.shop\/sv\/produkt\/korsbar-zkittlez-gras-thc-destillat\/","title":{"rendered":"Cherry Zkittlez Weed THC Destillat"},"content":{"rendered":"<h3><strong>K\u00f6p Cherry Zkittlez Weed THC Destillate online i Europa p\u00e5 <a href=\"https:\/\/pressurezone.shop\/sv\/\" target=\"_new\" rel=\"noopener\">Tryckzonsbutik<\/a><\/strong><\/h3>\n<p>Uppt\u00e4ck de <strong>Cherry Zkittlez Weed THC Destillat<\/strong>ett exceptionellt v\u00e4lbalanserat och smakrikt destillat, framst\u00e4llt genom korsning av de ber\u00f6mda stammarna <strong>Zkittlez<\/strong> och <strong>K\u00f6rsb\u00e4rspaj<\/strong>. Cherry Zkittlez \u00e4r perfekt f\u00f6r cannabis\u00e4lskare som letar efter ett h\u00f6gkvalitativt destillat och kombinerar en fruktig, s\u00f6t smak med kraftfulla, balanserade effekter.<\/p>\n<h3>Varf\u00f6r v\u00e4lja Cherry Zkittlez Weed THC Distillate?<\/h3>\n<p>Le <strong>Cherry Zkittlez THC Destillat<\/strong> sticker ut f\u00f6r sin unika smakprofil och styrka. Detta THC-destillat erbjuder en blandning av s\u00f6ta k\u00f6rsb\u00e4r och tropiska fruktnoter, tillsammans med en s\u00f6t godisliknande arom. Oavsett om du f\u00f6r\u00e5ngar den, l\u00e4gger till den i \u00e4tbara produkter eller anv\u00e4nder den i en dab-rigg \u00e4r Cherry Zkittlez ett perfekt val f\u00f6r en god och intensiv cannabisupplevelse.<a href=\"https:\/\/fuelpackz.com\/\" target=\"_blank\" rel=\"noopener\">.<\/a><\/p>\n<ul>\n<li><strong>Typ<\/strong> : Balanserad hybrid<\/li>\n<li><strong>Ursprung<\/strong> Korsning mellan Zkittlez och Cherry Pie<\/li>\n<\/ul>\n<h3>Effekter och f\u00f6rdelar med Cherry Zkittlez Weed THC Destillate<\/h3>\n<p>Le <strong>Cherry Zkittlez THC Destillat<\/strong> ger en snabb, euforisk kick som stimulerar kreativiteten och hum\u00f6ret. Detta destillat \u00e4r perfekt f\u00f6r att umg\u00e5s eller \u00f6ka motivationen och g\u00f6r dig avslappnad men \u00e4nd\u00e5 fokuserad och inspirerad.<\/p>\n<ul>\n<li><strong>Effekter<\/strong> Kreativitet, eufori, fokus, s\u00e4llskaplighet, hum\u00f6rh\u00f6jning<\/li>\n<li><strong>Perfekt f\u00f6r<\/strong> \u00c5ngest, Kronisk sm\u00e4rta, Kramper, Fibromyalgi, Insomnia, Muskelspasmer, Stress<\/li>\n<\/ul>\n<h3>Tillst\u00e5nd som lindras av Cherry Zkittlez Cannabis-destillat<\/h3>\n<p>Med sina balanserade effekter och h\u00f6ga THC-inneh\u00e5ll, <strong>K\u00f6rsb\u00e4r Zkittlez Destillat<\/strong> rekommenderas ofta f\u00f6r att hantera olika fysiska och psykiska st\u00f6rningar:<\/p>\n<ul>\n<li><strong>Kronisk sm\u00e4rta och muskelspasmer<\/strong> Lindrar ih\u00e5llande sm\u00e4rta och minskar sp\u00e4nningar i kroppen.<\/li>\n<li><strong>Stress och \u00e5ngest<\/strong> : Fr\u00e4mjar en k\u00e4nsla av v\u00e4lbefinnande och lugnar sinnet.<\/li>\n<li><strong>S\u00f6mnl\u00f6shet och fibromyalgi<\/strong> Bidrar till att f\u00f6rb\u00e4ttra s\u00f6mnkvaliteten och lindra sm\u00e4rtan i samband med fibromyalgi.<\/li>\n<\/ul>\n<h3>Smaker och aromer av Cherry Zkittlez THC Destillate<\/h3>\n<p>Le <strong>Cherry Zkittlez THC Destillat<\/strong> njuter av sinnena med smaker fr\u00e5n <strong>b\u00e4r<\/strong>av <strong>k\u00f6rsb\u00e4r<\/strong> och <strong>tropiska frukter<\/strong>En s\u00f6t och fruktig smakupplevelse. Doften \u00e4r lika tilltalande och kombinerar toner av s\u00f6ta k\u00f6rsb\u00e4r med \u00f6rtiga, jordiga och kryddiga nyanser.<\/p>\n<ul>\n<li><strong>Smaker<\/strong> : B\u00e4r, Godis, K\u00f6rsb\u00e4r, Fruktig, S\u00f6t, Tropisk<\/li>\n<li><strong>Dofter<\/strong> K\u00f6rsb\u00e4r, jordig, \u00f6rtartad, kryddig, s\u00f6t, tropisk<\/li>\n<\/ul>\n<h3>Anv\u00e4ndning och dosering av Cherry Zkittlez THC Destillate<\/h3>\n<p>Le <strong>Cherry Zkittlez THC Destillat<\/strong> \u00e4r kraftfullt och perfekt f\u00f6r erfarna anv\u00e4ndare. Oavsett om du anv\u00e4nder den i en vaporiser, dabrigg eller \u00e4tbart, b\u00f6rja med en liten dos och justera n\u00e4r din tolerans till\u00e5ter. Dra nytta av dess m\u00e5ngsidighet f\u00f6r diskret, personlig konsumtion.<\/p>\n<h3>Best\u00e4ll Cherry Zkittlez Weed THC Destillate online fr\u00e5n Pressure Zone Shop<\/h3>\n<p>Redo att uppt\u00e4cka den fruktiga, euforiska upplevelsen av <strong>Cherry Zkittlez Weed THC Destillat<\/strong> ? Best\u00e4ll nu p\u00e5 <a href=\"https:\/\/pressurezone.shop\/sv\/\" target=\"_new\" rel=\"noopener\">Tryckzonsbutik<\/a> f\u00f6r en of\u00f6rgl\u00f6mlig cannabisupplevelse, perfekt f\u00f6r att lindra v\u00e4rk och sm\u00e4rta samtidigt som du njuter av en s\u00f6t, tropisk smakprofil. <strong>Cherry Zkittlez THC Destillat<\/strong> \u00e4r det perfekta valet f\u00f6r s\u00e4llskaplig och kreativ avkoppling.<\/p>","protected":false},"excerpt":{"rendered":"<p>Achetez le Cherry Zkittlez Weed THC Distillate en Ligne en Europe sur Pressure Zone Shop D\u00e9couvrez le Cherry Zkittlez Weed THC Distillate, un distillat exceptionnel \u00e9quilibr\u00e9 et savoureux, issu du croisement entre les c\u00e9l\u00e8bres souches Zkittlez et Cherry Pie. Parfait pour les amateurs de cannabis cherchant un distillat de haute qualit\u00e9, Cherry Zkittlez allie une [&hellip;]<\/p>","protected":false},"featured_media":3259,"comment_status":"closed","ping_status":"closed","template":"","meta":{"_uag_custom_page_level_css":"","site-sidebar-layout":"default","site-content-layout":"","ast-site-content-layout":"default","site-content-style":"default","site-sidebar-style":"default","ast-global-header-display":"","ast-banner-title-visibility":"","ast-main-header-display":"","ast-hfb-above-header-display":"","ast-hfb-below-header-display":"","ast-hfb-mobile-header-display":"","site-post-title":"","ast-breadcrumbs-content":"","ast-featured-img":"","footer-sml-layout":"","theme-transparent-header-meta":"default","adv-header-id-meta":"","stick-header-meta":"","header-above-stick-meta":"","header-main-stick-meta":"","header-below-stick-meta":"","astra-migrate-meta-layouts":"set","ast-page-background-enabled":"default","ast-page-background-meta":{"desktop":{"background-color":"","background-image":"","background-repeat":"repeat","background-position":"center center","background-size":"auto","background-attachment":"scroll","background-type":"","background-media":"","overlay-type":"","overlay-color":"","overlay-opacity":"","overlay-gradient":""},"tablet":{"background-color":"","background-image":"","background-repeat":"repeat","background-position":"center center","background-size":"auto","background-attachment":"scroll","background-type":"","background-media":"","overlay-type":"","overlay-color":"","overlay-opacity":"","overlay-gradient":""},"mobile":{"background-color":"","background-image":"","background-repeat":"repeat","background-position":"center center","background-size":"auto","background-attachment":"scroll","background-type":"","background-media":"","overlay-type":"","overlay-color":"","overlay-opacity":"","overlay-gradient":""}},"ast-content-background-meta":{"desktop":{"background-color":"var(--ast-global-color-5)","background-image":"","background-repeat":"repeat","background-position":"center center","background-size":"auto","background-attachment":"scroll","background-type":"","background-media":"","overlay-type":"","overlay-color":"","overlay-opacity":"","overlay-gradient":""},"tablet":{"background-color":"var(--ast-global-color-5)","background-image":"","background-repeat":"repeat","background-position":"center center","background-size":"auto","background-attachment":"scroll","background-type":"","background-media":"","overlay-type":"","overlay-color":"","overlay-opacity":"","overlay-gradient":""},"mobile":{"background-color":"var(--ast-global-color-5)","background-image":"","background-repeat":"repeat","background-position":"center center","background-size":"auto","background-attachment":"scroll","background-type":"","background-media":"","overlay-type":"","overlay-color":"","overlay-opacity":"","overlay-gradient":""}}},"product_brand":[],"product_cat":[334,367],"product_tag":[377,378,379,380],"class_list":{"0":"post-3189","1":"product","2":"type-product","3":"status-publish","4":"has-post-thumbnail","6":"product_cat-concentres-de-marijuana","7":"product_cat-thc-distillates","8":"product_tag-buy-cherry-zkittlez-weed-thc-distillate-eu","9":"product_tag-cannabis-distillates-for-sale-uk","10":"product_tag-order-thc-distillates-europe","11":"product_tag-shop-1g-distillates-online","12":"desktop-align-left","13":"tablet-align-left","14":"mobile-align-left","16":"first","17":"instock","18":"shipping-taxable","19":"purchasable","20":"product-type-simple"},"uagb_featured_image_src":{"full":["https:\/\/pressurezone.shop\/wp-content\/uploads\/2024\/10\/Cherry-Zkittlez-Weed-THC-Distillate-EU.webp",2560,1707,false],"thumbnail":["https:\/\/pressurezone.shop\/wp-content\/uploads\/2024\/10\/Cherry-Zkittlez-Weed-THC-Distillate-EU-150x150.webp",150,150,true],"medium":["https:\/\/pressurezone.shop\/wp-content\/uploads\/2024\/10\/Cherry-Zkittlez-Weed-THC-Distillate-EU-300x200.webp",300,200,true],"medium_large":["https:\/\/pressurezone.shop\/wp-content\/uploads\/2024\/10\/Cherry-Zkittlez-Weed-THC-Distillate-EU-768x512.webp",768,512,true],"large":["https:\/\/pressurezone.shop\/wp-content\/uploads\/2024\/10\/Cherry-Zkittlez-Weed-THC-Distillate-EU-1024x683.webp",1024,683,true],"1536x1536":["https:\/\/pressurezone.shop\/wp-content\/uploads\/2024\/10\/Cherry-Zkittlez-Weed-THC-Distillate-EU-1536x1024.webp",1536,1024,true],"2048x2048":["https:\/\/pressurezone.shop\/wp-content\/uploads\/2024\/10\/Cherry-Zkittlez-Weed-THC-Distillate-EU-2048x1366.webp",2048,1366,true],"trp-custom-language-flag":["https:\/\/pressurezone.shop\/wp-content\/uploads\/2024\/10\/Cherry-Zkittlez-Weed-THC-Distillate-EU-18x12.webp",18,12,true],"woocommerce_thumbnail":["https:\/\/pressurezone.shop\/wp-content\/uploads\/2024\/10\/Cherry-Zkittlez-Weed-THC-Distillate-EU-300x300.webp",300,300,true],"woocommerce_single":["https:\/\/pressurezone.shop\/wp-content\/uploads\/2024\/10\/Cherry-Zkittlez-Weed-THC-Distillate-EU-600x400.webp",600,400,true],"woocommerce_gallery_thumbnail":["https:\/\/pressurezone.shop\/wp-content\/uploads\/2024\/10\/Cherry-Zkittlez-Weed-THC-Distillate-EU-100x100.webp",100,100,true]},"uagb_author_info":{"display_name":"pressurezone.shop","author_link":"https:\/\/pressurezone.shop\/sv\/author\/"},"uagb_comment_info":0,"uagb_excerpt":"Achetez le Cherry Zkittlez Weed THC Distillate en Ligne en Europe sur Pressure Zone Shop D\u00e9couvrez le Cherry Zkittlez Weed THC Distillate, un distillat exceptionnel \u00e9quilibr\u00e9 et savoureux, issu du croisement entre les c\u00e9l\u00e8bres souches Zkittlez et Cherry Pie. Parfait pour les amateurs de cannabis cherchant un distillat de haute qualit\u00e9, Cherry Zkittlez allie une&hellip;","_links":{"self":[{"href":"https:\/\/pressurezone.shop\/sv\/wp-json\/wp\/v2\/product\/3189"}],"collection":[{"href":"https:\/\/pressurezone.shop\/sv\/wp-json\/wp\/v2\/product"}],"about":[{"href":"https:\/\/pressurezone.shop\/sv\/wp-json\/wp\/v2\/types\/product"}],"replies":[{"embeddable":true,"href":"https:\/\/pressurezone.shop\/sv\/wp-json\/wp\/v2\/comments?post=3189"}],"version-history":[{"count":3,"href":"https:\/\/pressurezone.shop\/sv\/wp-json\/wp\/v2\/product\/3189\/revisions"}],"predecessor-version":[{"id":4090,"href":"https:\/\/pressurezone.shop\/sv\/wp-json\/wp\/v2\/product\/3189\/revisions\/4090"}],"wp:featuredmedia":[{"embeddable":true,"href":"https:\/\/pressurezone.shop\/sv\/wp-json\/wp\/v2\/media\/3259"}],"wp:attachment":[{"href":"https:\/\/pressurezone.shop\/sv\/wp-json\/wp\/v2\/media?parent=3189"}],"wp:term":[{"taxonomy":"product_brand","embeddable":true,"href":"https:\/\/pressurezone.shop\/sv\/wp-json\/wp\/v2\/product_brand?post=3189"},{"taxonomy":"product_cat","embeddable":true,"href":"https:\/\/pressurezone.shop\/sv\/wp-json\/wp\/v2\/product_cat?post=3189"},{"taxonomy":"product_tag","embeddable":true,"href":"https:\/\/pressurezone.shop\/sv\/wp-json\/wp\/v2\/product_tag?post=3189"}],"curies":[{"name":"wp","href":"https:\/\/api.w.org\/{rel}","templated":true}]}}