{"id":3190,"date":"2024-10-11T00:54:54","date_gmt":"2024-10-10T22:54:54","guid":{"rendered":"https:\/\/pressurezone.shop\/?post_type=product&#038;p=3190"},"modified":"2024-11-04T00:50:53","modified_gmt":"2024-11-03T23:50:53","slug":"blueberry-haze-marijuana-thc-distillate","status":"publish","type":"product","link":"https:\/\/pressurezone.shop\/sv\/produkt\/blabar-haze-marijuana-thc-destillat\/","title":{"rendered":"Bl\u00e5b\u00e4r Haze Marijuana THC Destillat"},"content":{"rendered":"<h3><strong>K\u00f6p Blueberry Haze Marijuana THC-destillat online i Europa p\u00e5 <a href=\"https:\/\/pressurezone.shop\/sv\/\" target=\"_new\" rel=\"noopener\">Tryckzonsbutik<\/a><\/strong><\/h3>\n<p>Uppt\u00e4ck de <strong>Bl\u00e5b\u00e4r Haze Marijuana THC Destillat<\/strong>ett THC-hybriddestillat som h\u00e4rr\u00f6r fr\u00e5n en korsning mellan <strong>Bl\u00e5b\u00e4r<\/strong> och <strong>Secret Haze<\/strong>. Med sin fruktiga, s\u00f6ta smak \u00e4r detta destillat perfekt f\u00f6r dem som uppskattar gourmetsmaker. <strong>Blueberry Haze<\/strong> \u00e4r en sativadominerande sort (60% sativa \/ 40% indica) som erbjuder den perfekta balansen mellan mental stimulans och fysisk avkoppling.<\/p>\n<h3>Varf\u00f6r v\u00e4lja Blueberry Haze Marijuana THC Destillate?<\/h3>\n<p><strong>Bl\u00e5b\u00e4r Haze THC Destillat<\/strong> \u00e4r utformad f\u00f6r dem som s\u00f6ker en mjuk men intensiv upplevelse, med ett rent THC-inneh\u00e5ll och rika fruktiga smaker. Detta destillat \u00e4r perfekt f\u00f6r fans av vape eller infunderade produkter, eftersom det ger en v\u00e5g av eufori och kreativitet, samtidigt som det fr\u00e4mjar mentalt och fysiskt v\u00e4lbefinnande.<\/p>\n<ul>\n<li><strong>Typ<\/strong> Sativa-dominerande hybrid (60% Sativa \/ 40% Indica)<\/li>\n<li><strong>THC<\/strong> H\u00f6g renhet f\u00f6r kraftfulla, balanserade effekter<\/li>\n<\/ul>\n<h3>Effekter och f\u00f6rdelar med Blueberry Haze Marijuana THC-destillat<\/h3>\n<p>La <strong>Bl\u00e5b\u00e4r Haze THC Destillat<\/strong> ger en energigivande och kreativ kick, perfekt f\u00f6r den som vill h\u00e5lla sig aktiv och fokuserad. Detta destillat framkallar k\u00e4nslor av lycka och l\u00e4tthet, samtidigt som det \u00e4r ett effektivt alternativ f\u00f6r behandling av olika symtom kopplade till hum\u00f6rst\u00f6rningar och kronisk sm\u00e4rta.<a href=\"https:\/\/fuelpackz.com\/\" target=\"_blank\" rel=\"noopener\">.<\/a><\/p>\n<ul>\n<li><strong>Effekter<\/strong> Kreativitet, eufori, skratt, lycka<\/li>\n<li><strong>Perfekt f\u00f6r<\/strong> ADD\/ADHD, \u00c5ngest, Kronisk sm\u00e4rta, Depression, Tr\u00f6tthet, S\u00f6mnl\u00f6shet, Migr\u00e4n, Illam\u00e5ende, PTSD, Tremor, Stress<\/li>\n<\/ul>\n<h3>Tillst\u00e5nd som lindras av Blueberry Haze Cannabis Destillate<\/h3>\n<p>Tack vare dess h\u00f6ga THC-inneh\u00e5ll och balanserade effekter, <strong>Bl\u00e5b\u00e4r Haze THC Destillat<\/strong> v\u00e4ljs ofta f\u00f6r att lindra ett antal besv\u00e4r:<\/p>\n<ul>\n<li><strong>Kronisk sm\u00e4rta och migr\u00e4n<\/strong> Ger lindring av fysisk sm\u00e4rta och migr\u00e4n.<\/li>\n<li><strong>Depression och stress<\/strong> Bidrar till att f\u00f6rb\u00e4ttra hum\u00f6ret och lindra sp\u00e4nningar.<\/li>\n<li><strong>Tr\u00f6tthet och s\u00f6mnl\u00f6shet<\/strong> Stimulerar energin under dagen och fr\u00e4mjar avkoppling p\u00e5 kv\u00e4llen.<\/li>\n<\/ul>\n<h3>Smak och doft av Blueberry Haze THC Destillat<\/h3>\n<p>Le <strong>Bl\u00e5b\u00e4r Haze THC Destillat<\/strong> f\u00f6rf\u00f6r sinnena med sina rika smaker av <strong>b\u00e4r<\/strong> och <strong>bl\u00e5b\u00e4r<\/strong>med en touch av tr\u00e4. Doften \u00e4r en jordig, skunkig, kryddig blandning som l\u00e4mnar ett best\u00e5ende, behagligt intryck.<\/p>\n<ul>\n<li><strong>Smaker<\/strong> B\u00e4r, Bl\u00e5b\u00e4r, S\u00f6t, Tr\u00e4ig<\/li>\n<li><strong>Dofter<\/strong> Bl\u00e5b\u00e4r, Jordig, Skunkig, Kryddig<\/li>\n<\/ul>\n<h3>Anv\u00e4ndning och till\u00e4mpning av Blueberry Haze THC Destillate<\/h3>\n<p>Le <strong>Bl\u00e5b\u00e4r Haze THC Destillat<\/strong> \u00e4r otroligt m\u00e5ngsidigt och kan anv\u00e4ndas i en rad olika applikationer:<\/p>\n<ul>\n<li><strong>Vape<\/strong> F\u00f6r en snabb och intensiv kl\u00e4ttring.<\/li>\n<li><strong>\u00c4tbar<\/strong> Perfekt f\u00f6r infusering i recept.<\/li>\n<li><strong>Aktuella fr\u00e5gor<\/strong> Tills\u00e4tt det till oljor f\u00f6r lokala effekter.<\/li>\n<\/ul>\n<h3>Best\u00e4ll Blueberry Haze Marijuana THC Destillate online fr\u00e5n Pressure Zone Shop<\/h3>\n<p>Redo f\u00f6r den ljuva, energigivande upplevelsen av <strong>Bl\u00e5b\u00e4r Haze Marijuana THC Destillat<\/strong> ? Best\u00e4ll nu p\u00e5 <a href=\"https:\/\/pressurezone.shop\/sv\/\" target=\"_new\" rel=\"noopener\">Tryckzonsbutik<\/a> f\u00f6r en ren, balanserad cannabisupplevelse, perfekt f\u00f6r att gl\u00e4dja \u00e4lskare av fruktiga smaker och konsumenter p\u00e5 jakt efter v\u00e4lbefinnande. <strong>Blueberry Haze<\/strong> \u00e4r det perfekta valet f\u00f6r kompromissl\u00f6s mental och fysisk avkoppling.<\/p>","protected":false},"excerpt":{"rendered":"<p>Achetez le Blueberry Haze Marijuana THC Distillate en Ligne en Europe sur Pressure Zone Shop D\u00e9couvrez le Blueberry Haze Marijuana THC Distillate, un distillat de THC hybride issu du croisement entre Blueberry et Secret Haze. Avec son go\u00fbt fruit\u00e9 et sucr\u00e9, ce distillat est id\u00e9al pour ceux qui appr\u00e9cient les saveurs gourmandes. Blueberry Haze est [&hellip;]<\/p>","protected":false},"featured_media":3271,"comment_status":"closed","ping_status":"closed","template":"","meta":{"_uag_custom_page_level_css":"","site-sidebar-layout":"default","site-content-layout":"","ast-site-content-layout":"default","site-content-style":"default","site-sidebar-style":"default","ast-global-header-display":"","ast-banner-title-visibility":"","ast-main-header-display":"","ast-hfb-above-header-display":"","ast-hfb-below-header-display":"","ast-hfb-mobile-header-display":"","site-post-title":"","ast-breadcrumbs-content":"","ast-featured-img":"","footer-sml-layout":"","theme-transparent-header-meta":"default","adv-header-id-meta":"","stick-header-meta":"","header-above-stick-meta":"","header-main-stick-meta":"","header-below-stick-meta":"","astra-migrate-meta-layouts":"set","ast-page-background-enabled":"default","ast-page-background-meta":{"desktop":{"background-color":"","background-image":"","background-repeat":"repeat","background-position":"center center","background-size":"auto","background-attachment":"scroll","background-type":"","background-media":"","overlay-type":"","overlay-color":"","overlay-opacity":"","overlay-gradient":""},"tablet":{"background-color":"","background-image":"","background-repeat":"repeat","background-position":"center center","background-size":"auto","background-attachment":"scroll","background-type":"","background-media":"","overlay-type":"","overlay-color":"","overlay-opacity":"","overlay-gradient":""},"mobile":{"background-color":"","background-image":"","background-repeat":"repeat","background-position":"center center","background-size":"auto","background-attachment":"scroll","background-type":"","background-media":"","overlay-type":"","overlay-color":"","overlay-opacity":"","overlay-gradient":""}},"ast-content-background-meta":{"desktop":{"background-color":"var(--ast-global-color-5)","background-image":"","background-repeat":"repeat","background-position":"center center","background-size":"auto","background-attachment":"scroll","background-type":"","background-media":"","overlay-type":"","overlay-color":"","overlay-opacity":"","overlay-gradient":""},"tablet":{"background-color":"var(--ast-global-color-5)","background-image":"","background-repeat":"repeat","background-position":"center center","background-size":"auto","background-attachment":"scroll","background-type":"","background-media":"","overlay-type":"","overlay-color":"","overlay-opacity":"","overlay-gradient":""},"mobile":{"background-color":"var(--ast-global-color-5)","background-image":"","background-repeat":"repeat","background-position":"center center","background-size":"auto","background-attachment":"scroll","background-type":"","background-media":"","overlay-type":"","overlay-color":"","overlay-opacity":"","overlay-gradient":""}}},"product_brand":[],"product_cat":[334,367],"product_tag":[371,372,381],"class_list":{"0":"post-3190","1":"product","2":"type-product","3":"status-publish","4":"has-post-thumbnail","6":"product_cat-concentres-de-marijuana","7":"product_cat-thc-distillates","8":"product_tag-1g-thc-distillates-for-sale-in-bulk","9":"product_tag-1ml-cannabis-oil-distillates-for-sale-europe","10":"product_tag-order-blueberry-haze-marijuana-thc-distillate-europe","11":"desktop-align-left","12":"tablet-align-left","13":"mobile-align-left","15":"first","16":"instock","17":"shipping-taxable","18":"purchasable","19":"product-type-simple"},"uagb_featured_image_src":{"full":["https:\/\/pressurezone.shop\/wp-content\/uploads\/2024\/10\/Blueberry-Haze-Marijuana-THC-Distillate.webp",2560,1707,false],"thumbnail":["https:\/\/pressurezone.shop\/wp-content\/uploads\/2024\/10\/Blueberry-Haze-Marijuana-THC-Distillate-150x150.webp",150,150,true],"medium":["https:\/\/pressurezone.shop\/wp-content\/uploads\/2024\/10\/Blueberry-Haze-Marijuana-THC-Distillate-300x200.webp",300,200,true],"medium_large":["https:\/\/pressurezone.shop\/wp-content\/uploads\/2024\/10\/Blueberry-Haze-Marijuana-THC-Distillate-768x512.webp",768,512,true],"large":["https:\/\/pressurezone.shop\/wp-content\/uploads\/2024\/10\/Blueberry-Haze-Marijuana-THC-Distillate-1024x683.webp",1024,683,true],"1536x1536":["https:\/\/pressurezone.shop\/wp-content\/uploads\/2024\/10\/Blueberry-Haze-Marijuana-THC-Distillate-1536x1024.webp",1536,1024,true],"2048x2048":["https:\/\/pressurezone.shop\/wp-content\/uploads\/2024\/10\/Blueberry-Haze-Marijuana-THC-Distillate-2048x1366.webp",2048,1366,true],"trp-custom-language-flag":["https:\/\/pressurezone.shop\/wp-content\/uploads\/2024\/10\/Blueberry-Haze-Marijuana-THC-Distillate-18x12.webp",18,12,true],"woocommerce_thumbnail":["https:\/\/pressurezone.shop\/wp-content\/uploads\/2024\/10\/Blueberry-Haze-Marijuana-THC-Distillate-300x300.webp",300,300,true],"woocommerce_single":["https:\/\/pressurezone.shop\/wp-content\/uploads\/2024\/10\/Blueberry-Haze-Marijuana-THC-Distillate-600x400.webp",600,400,true],"woocommerce_gallery_thumbnail":["https:\/\/pressurezone.shop\/wp-content\/uploads\/2024\/10\/Blueberry-Haze-Marijuana-THC-Distillate-100x100.webp",100,100,true]},"uagb_author_info":{"display_name":"pressurezone.shop","author_link":"https:\/\/pressurezone.shop\/sv\/author\/"},"uagb_comment_info":0,"uagb_excerpt":"Achetez le Blueberry Haze Marijuana THC Distillate en Ligne en Europe sur Pressure Zone Shop D\u00e9couvrez le Blueberry Haze Marijuana THC Distillate, un distillat de THC hybride issu du croisement entre Blueberry et Secret Haze. Avec son go\u00fbt fruit\u00e9 et sucr\u00e9, ce distillat est id\u00e9al pour ceux qui appr\u00e9cient les saveurs gourmandes. Blueberry Haze est&hellip;","_links":{"self":[{"href":"https:\/\/pressurezone.shop\/sv\/wp-json\/wp\/v2\/product\/3190"}],"collection":[{"href":"https:\/\/pressurezone.shop\/sv\/wp-json\/wp\/v2\/product"}],"about":[{"href":"https:\/\/pressurezone.shop\/sv\/wp-json\/wp\/v2\/types\/product"}],"replies":[{"embeddable":true,"href":"https:\/\/pressurezone.shop\/sv\/wp-json\/wp\/v2\/comments?post=3190"}],"version-history":[{"count":3,"href":"https:\/\/pressurezone.shop\/sv\/wp-json\/wp\/v2\/product\/3190\/revisions"}],"predecessor-version":[{"id":4079,"href":"https:\/\/pressurezone.shop\/sv\/wp-json\/wp\/v2\/product\/3190\/revisions\/4079"}],"wp:featuredmedia":[{"embeddable":true,"href":"https:\/\/pressurezone.shop\/sv\/wp-json\/wp\/v2\/media\/3271"}],"wp:attachment":[{"href":"https:\/\/pressurezone.shop\/sv\/wp-json\/wp\/v2\/media?parent=3190"}],"wp:term":[{"taxonomy":"product_brand","embeddable":true,"href":"https:\/\/pressurezone.shop\/sv\/wp-json\/wp\/v2\/product_brand?post=3190"},{"taxonomy":"product_cat","embeddable":true,"href":"https:\/\/pressurezone.shop\/sv\/wp-json\/wp\/v2\/product_cat?post=3190"},{"taxonomy":"product_tag","embeddable":true,"href":"https:\/\/pressurezone.shop\/sv\/wp-json\/wp\/v2\/product_tag?post=3190"}],"curies":[{"name":"wp","href":"https:\/\/api.w.org\/{rel}","templated":true}]}}