{"id":3191,"date":"2024-10-11T00:54:54","date_gmt":"2024-10-10T22:54:54","guid":{"rendered":"https:\/\/pressurezone.shop\/?post_type=product&#038;p=3191"},"modified":"2024-11-04T01:42:22","modified_gmt":"2024-11-04T00:42:22","slug":"purple-kush-cannabis-thc-distillate","status":"publish","type":"product","link":"https:\/\/pressurezone.shop\/sv\/produkt\/purple-kush-cannabis-thc-destillat\/","title":{"rendered":"Purple Kush Cannabis THC Destillat"},"content":{"rendered":"<div class=\"flex-shrink-0 flex flex-col relative items-end\">\n<div>\n<div class=\"pt-0\">\n<div class=\"gizmo-bot-avatar flex h-8 w-8 items-center justify-center overflow-hidden rounded-full\">\n<div class=\"relative p-1 rounded-sm flex items-center justify-center bg-token-main-surface-primary text-token-text-primary h-8 w-8\"><\/div>\n<\/div>\n<\/div>\n<\/div>\n<\/div>\n<div class=\"group\/conversation-turn relative flex w-full min-w-0 flex-col agent-turn\">\n<div class=\"flex-col gap-1 md:gap-3\">\n<div class=\"flex max-w-full flex-col flex-grow\">\n<div class=\"min-h-8 text-message flex w-full flex-col items-end gap-2 whitespace-normal break-words [.text-message+&amp;]:mt-5\" dir=\"auto\" data-message-author-role=\"assistant\" data-message-id=\"dc55798f-4b19-4cb3-9e1d-a0ba9bf2e14c\" data-message-model-slug=\"gpt-4o\">\n<div class=\"flex w-full flex-col gap-1 empty:hidden first:pt-[3px]\">\n<div class=\"markdown prose w-full break-words dark:prose-invert light\">\n<h3><strong>K\u00f6p Purple Kush Cannabis THC-destillat online i Europa p\u00e5 <a href=\"https:\/\/pressurezone.shop\/sv\/\" target=\"_new\" rel=\"noopener\">Tryckzonsbutik<\/a><\/strong><\/h3>\n<p>Uppt\u00e4ck de <strong>Purple Kush Cannabis THC Destillat<\/strong>ett destillat av THC 100% indica, skapat fr\u00e5n en kraftfull korsning mellan de popul\u00e4ra sorterna <strong>Hindu Kush<\/strong> och <strong>Lila Afghani<\/strong>. Detta destillat \u00e4r eftertraktat f\u00f6r sina djupt avslappnande effekter och \u00e4r idealiskt f\u00f6r dem som s\u00f6ker fullst\u00e4ndig och varaktig avkoppling, perfekt f\u00f6r slutet av dagen.<\/p>\n<h3>Varf\u00f6r v\u00e4lja Purple Kush THC Destillate?<\/h3>\n<p>Le <strong>Purple Kush THC Destillat<\/strong> \u00e4r ett rent cannabiskoncentrat som ger ett varmt, lugnande kroppsrus, som b\u00f6rjar med en k\u00e4nsla av v\u00e4lbefinnande i huvudet innan det sprider sig i hela kroppen. Detta destillat \u00e4r perfekt f\u00f6r intensiv avslappning och erbjuder en lugnande effekt som kan hj\u00e4lpa till att lindra en m\u00e4ngd olika v\u00e4rk och obehag.<a href=\"https:\/\/fuelpackz.com\/\" target=\"_blank\" rel=\"noopener\">.<\/a><\/p>\n<ul>\n<li><strong>Typ<\/strong> Ren indica<\/li>\n<li><strong>Ursprung<\/strong> Korsning mellan Hindu Kush och Purple Afghani<\/li>\n<\/ul>\n<h3>Effekter och f\u00f6rdelar med Purple Kush THC Destillate<\/h3>\n<p>Le <strong>Purple Kush THC Destillat<\/strong> ger en euforisk, avkopplande h\u00f6g, \u00e5tf\u00f6ljd av en djup k\u00e4nsla av fysiskt v\u00e4lbefinnande. Denna intensiva avslappning \u00e4r perfekt f\u00f6r anv\u00e4ndare som vill lindra muskelsp\u00e4nningar och fr\u00e4mja s\u00f6mn.<\/p>\n<ul>\n<li><strong>Effekter<\/strong> Eufori, Lycka, Avslappning, S\u00f6mnighet, Stimulerad aptit<\/li>\n<li><strong>Perfekt f\u00f6r<\/strong> \u00c5ngest, Kronisk sm\u00e4rta, S\u00f6mnl\u00f6shet, Depression, Aptitl\u00f6shet, PTSD, Stress<\/li>\n<\/ul>\n<h3>Tillst\u00e5nd som lindras av Purple Kush Cannabis Destillate<\/h3>\n<p>Med sin h\u00f6ga THC-inneh\u00e5ll <strong>Purple Kush THC Destillat<\/strong> \u00e4r ett utm\u00e4rkt val f\u00f6r behandling av en rad olika fysiska och psykiska sjukdomar:<\/p>\n<ul>\n<li><strong>S\u00f6mnl\u00f6shet och kronisk sm\u00e4rta<\/strong> Lindrar ih\u00e5llande sm\u00e4rta och fr\u00e4mjar vilsam s\u00f6mn.<\/li>\n<li><strong>\u00c5ngest och stress<\/strong> : Ger en k\u00e4nsla av lugn och minskar mental ansp\u00e4nning.<\/li>\n<li><strong>Aptitl\u00f6shet<\/strong> Stimulerar aptiten, perfekt f\u00f6r dem som lider av aptitl\u00f6shet.<\/li>\n<\/ul>\n<h3>Smak och doft av Purple Kush THC Destillat<\/h3>\n<p>Le <strong>Purple Kush THC Destillat<\/strong> erbjuder en unik smakupplevelse, med s\u00f6ta smaker fr\u00e5n <strong>b\u00e4r<\/strong> och <strong>vindruvor<\/strong> p\u00e5minner om ett jordn\u00e4ra r\u00f6tt vin. Doften \u00e4r lika f\u00f6rtrollande och kombinerar jordiga druvnoter med kryddiga och s\u00f6ta nyanser f\u00f6r en minnesv\u00e4rd doftprofil.<\/p>\n<ul>\n<li><strong>Smaker<\/strong> B\u00e4r, Druva, S\u00f6t<\/li>\n<li><strong>Dofter<\/strong> Jordig, Druva, Kryddig, Het, S\u00f6t<\/li>\n<\/ul>\n<h3>Anv\u00e4ndning och dosering av Purple Kush THC Destillate<\/h3>\n<p>Med sin kraft \u00e4r det l\u00e4mpligt att b\u00f6rja med en l\u00e5g dos av <strong>Purple Kush THC Destillat<\/strong> och justera efter din tolerans. Detta destillat \u00e4r idealiskt f\u00f6r konsumtion p\u00e5 kv\u00e4llen eller f\u00f6re s\u00e4ngg\u00e5endet, vilket ger maximal avkoppling och en djup s\u00f6mn.<\/p>\n<h3>Best\u00e4ll Purple Kush Cannabis THC Destillate online fr\u00e5n Pressure Zone Shop<\/h3>\n<p>Redo att njuta av de lugnande f\u00f6rdelarna med <strong>Purple Kush THC Destillat<\/strong> ? Best\u00e4ll nu p\u00e5 <a href=\"https:\/\/pressurezone.shop\/sv\/\" target=\"_new\" rel=\"noopener\">Tryckzonsbutik<\/a> f\u00f6r en o\u00f6vertr\u00e4ffad cannabisupplevelse, perfekt f\u00f6r muskelavslappning och \u00e5ngestlindring. <strong>Purple Kush THC Destillat<\/strong> \u00e4r det perfekta valet f\u00f6r intensiv avkoppling och f\u00f6rb\u00e4ttrat allm\u00e4nt v\u00e4lbefinnande.<\/p>\n<\/div>\n<\/div>\n<\/div>\n<\/div>\n<\/div>\n<\/div>","protected":false},"excerpt":{"rendered":"<p>Achetez le Purple Kush Cannabis THC Distillate en Ligne en Europe sur Pressure Zone Shop D\u00e9couvrez le Purple Kush Cannabis THC Distillate, un distillat de THC 100% indica, con\u00e7u \u00e0 partir du puissant croisement entre les souches populaires Hindu Kush et Purple Afghani. Recherch\u00e9 pour ses effets relaxants profonds, ce distillat est id\u00e9al pour ceux [&hellip;]<\/p>","protected":false},"featured_media":3273,"comment_status":"closed","ping_status":"closed","template":"","meta":{"_uag_custom_page_level_css":"","site-sidebar-layout":"default","site-content-layout":"","ast-site-content-layout":"default","site-content-style":"default","site-sidebar-style":"default","ast-global-header-display":"","ast-banner-title-visibility":"","ast-main-header-display":"","ast-hfb-above-header-display":"","ast-hfb-below-header-display":"","ast-hfb-mobile-header-display":"","site-post-title":"","ast-breadcrumbs-content":"","ast-featured-img":"","footer-sml-layout":"","theme-transparent-header-meta":"default","adv-header-id-meta":"","stick-header-meta":"","header-above-stick-meta":"","header-main-stick-meta":"","header-below-stick-meta":"","astra-migrate-meta-layouts":"set","ast-page-background-enabled":"default","ast-page-background-meta":{"desktop":{"background-color":"","background-image":"","background-repeat":"repeat","background-position":"center center","background-size":"auto","background-attachment":"scroll","background-type":"","background-media":"","overlay-type":"","overlay-color":"","overlay-opacity":"","overlay-gradient":""},"tablet":{"background-color":"","background-image":"","background-repeat":"repeat","background-position":"center center","background-size":"auto","background-attachment":"scroll","background-type":"","background-media":"","overlay-type":"","overlay-color":"","overlay-opacity":"","overlay-gradient":""},"mobile":{"background-color":"","background-image":"","background-repeat":"repeat","background-position":"center center","background-size":"auto","background-attachment":"scroll","background-type":"","background-media":"","overlay-type":"","overlay-color":"","overlay-opacity":"","overlay-gradient":""}},"ast-content-background-meta":{"desktop":{"background-color":"var(--ast-global-color-5)","background-image":"","background-repeat":"repeat","background-position":"center center","background-size":"auto","background-attachment":"scroll","background-type":"","background-media":"","overlay-type":"","overlay-color":"","overlay-opacity":"","overlay-gradient":""},"tablet":{"background-color":"var(--ast-global-color-5)","background-image":"","background-repeat":"repeat","background-position":"center center","background-size":"auto","background-attachment":"scroll","background-type":"","background-media":"","overlay-type":"","overlay-color":"","overlay-opacity":"","overlay-gradient":""},"mobile":{"background-color":"var(--ast-global-color-5)","background-image":"","background-repeat":"repeat","background-position":"center center","background-size":"auto","background-attachment":"scroll","background-type":"","background-media":"","overlay-type":"","overlay-color":"","overlay-opacity":"","overlay-gradient":""}}},"product_brand":[],"product_cat":[334,367],"product_tag":[372,382,378,379,380],"class_list":{"0":"post-3191","1":"product","2":"type-product","3":"status-publish","4":"has-post-thumbnail","6":"product_cat-concentres-de-marijuana","7":"product_cat-thc-distillates","8":"product_tag-1ml-cannabis-oil-distillates-for-sale-europe","9":"product_tag-buy-purple-kush-cannabis-thc-distillate-online-europe","10":"product_tag-cannabis-distillates-for-sale-uk","11":"product_tag-order-thc-distillates-europe","12":"product_tag-shop-1g-distillates-online","13":"desktop-align-left","14":"tablet-align-left","15":"mobile-align-left","17":"first","18":"instock","19":"shipping-taxable","20":"purchasable","21":"product-type-simple"},"uagb_featured_image_src":{"full":["https:\/\/pressurezone.shop\/wp-content\/uploads\/2024\/10\/Purple-Kush-Cannabis-THC-Distillate.webp",2560,1707,false],"thumbnail":["https:\/\/pressurezone.shop\/wp-content\/uploads\/2024\/10\/Purple-Kush-Cannabis-THC-Distillate-150x150.webp",150,150,true],"medium":["https:\/\/pressurezone.shop\/wp-content\/uploads\/2024\/10\/Purple-Kush-Cannabis-THC-Distillate-300x200.webp",300,200,true],"medium_large":["https:\/\/pressurezone.shop\/wp-content\/uploads\/2024\/10\/Purple-Kush-Cannabis-THC-Distillate-768x512.webp",768,512,true],"large":["https:\/\/pressurezone.shop\/wp-content\/uploads\/2024\/10\/Purple-Kush-Cannabis-THC-Distillate-1024x683.webp",1024,683,true],"1536x1536":["https:\/\/pressurezone.shop\/wp-content\/uploads\/2024\/10\/Purple-Kush-Cannabis-THC-Distillate-1536x1024.webp",1536,1024,true],"2048x2048":["https:\/\/pressurezone.shop\/wp-content\/uploads\/2024\/10\/Purple-Kush-Cannabis-THC-Distillate-2048x1366.webp",2048,1366,true],"trp-custom-language-flag":["https:\/\/pressurezone.shop\/wp-content\/uploads\/2024\/10\/Purple-Kush-Cannabis-THC-Distillate-18x12.webp",18,12,true],"woocommerce_thumbnail":["https:\/\/pressurezone.shop\/wp-content\/uploads\/2024\/10\/Purple-Kush-Cannabis-THC-Distillate-300x300.webp",300,300,true],"woocommerce_single":["https:\/\/pressurezone.shop\/wp-content\/uploads\/2024\/10\/Purple-Kush-Cannabis-THC-Distillate-600x400.webp",600,400,true],"woocommerce_gallery_thumbnail":["https:\/\/pressurezone.shop\/wp-content\/uploads\/2024\/10\/Purple-Kush-Cannabis-THC-Distillate-100x100.webp",100,100,true]},"uagb_author_info":{"display_name":"pressurezone.shop","author_link":"https:\/\/pressurezone.shop\/sv\/author\/"},"uagb_comment_info":0,"uagb_excerpt":"Achetez le Purple Kush Cannabis THC Distillate en Ligne en Europe sur Pressure Zone Shop D\u00e9couvrez le Purple Kush Cannabis THC Distillate, un distillat de THC 100% indica, con\u00e7u \u00e0 partir du puissant croisement entre les souches populaires Hindu Kush et Purple Afghani. Recherch\u00e9 pour ses effets relaxants profonds, ce distillat est id\u00e9al pour ceux&hellip;","_links":{"self":[{"href":"https:\/\/pressurezone.shop\/sv\/wp-json\/wp\/v2\/product\/3191"}],"collection":[{"href":"https:\/\/pressurezone.shop\/sv\/wp-json\/wp\/v2\/product"}],"about":[{"href":"https:\/\/pressurezone.shop\/sv\/wp-json\/wp\/v2\/types\/product"}],"replies":[{"embeddable":true,"href":"https:\/\/pressurezone.shop\/sv\/wp-json\/wp\/v2\/comments?post=3191"}],"version-history":[{"count":3,"href":"https:\/\/pressurezone.shop\/sv\/wp-json\/wp\/v2\/product\/3191\/revisions"}],"predecessor-version":[{"id":4102,"href":"https:\/\/pressurezone.shop\/sv\/wp-json\/wp\/v2\/product\/3191\/revisions\/4102"}],"wp:featuredmedia":[{"embeddable":true,"href":"https:\/\/pressurezone.shop\/sv\/wp-json\/wp\/v2\/media\/3273"}],"wp:attachment":[{"href":"https:\/\/pressurezone.shop\/sv\/wp-json\/wp\/v2\/media?parent=3191"}],"wp:term":[{"taxonomy":"product_brand","embeddable":true,"href":"https:\/\/pressurezone.shop\/sv\/wp-json\/wp\/v2\/product_brand?post=3191"},{"taxonomy":"product_cat","embeddable":true,"href":"https:\/\/pressurezone.shop\/sv\/wp-json\/wp\/v2\/product_cat?post=3191"},{"taxonomy":"product_tag","embeddable":true,"href":"https:\/\/pressurezone.shop\/sv\/wp-json\/wp\/v2\/product_tag?post=3191"}],"curies":[{"name":"wp","href":"https:\/\/api.w.org\/{rel}","templated":true}]}}